{"id":1603,"date":"2025-11-29T10:13:00","date_gmt":"2025-11-29T09:13:00","guid":{"rendered":"http:\/\/sw-themes.com\/porto_dummy\/?page_id=1603"},"modified":"2026-02-16T17:10:59","modified_gmt":"2026-02-16T16:10:59","slug":"transparencia","status":"publish","type":"page","link":"https:\/\/www.aspanaex.org\/gl\/transparencia\/","title":{"rendered":"Transparencia"},"content":{"rendered":"<div class=\"wpb-content-wrapper\"><div class=\"vc_row wpb_row row top-row porto_stretch_css stretch_row_content_css wpb_custom_034b39d9bc6c6b310d69e39f0ccf274f\"><div class=\"vc_column_container col-md-12 vc_custom_1766410138838\"><div class=\"wpb_wrapper vc_column-inner\"><div class=\"porto-ibanner interactive-banner-wrap-07dd21040fa50768c9d370ae74e47015 vc_custom_1766606584313\" style=\"min-height:250px;\"><img loading=\"lazy\" decoding=\"async\" alt=\"\" width=\"1760\" height=\"825\" class=\"porto-ibanner-img\" src=\"https:\/\/www.aspanaex.org\/wp-content\/uploads\/2025\/12\/36.webp\" srcset=\"https:\/\/www.aspanaex.org\/wp-content\/uploads\/2025\/12\/36.webp 1760w, https:\/\/www.aspanaex.org\/wp-content\/uploads\/2025\/12\/36-1024x480.webp 1024w, https:\/\/www.aspanaex.org\/wp-content\/uploads\/2025\/12\/36-768x360.webp 768w, https:\/\/www.aspanaex.org\/wp-content\/uploads\/2025\/12\/36-1536x720.webp 1536w, https:\/\/www.aspanaex.org\/wp-content\/uploads\/2025\/12\/36-640x300.webp 640w, https:\/\/www.aspanaex.org\/wp-content\/uploads\/2025\/12\/36-600x281.webp 600w\" sizes=\"auto, (max-width: 1760px) 100vw, 1760px\"><div class=\"porto-ibanner-desc no-padding d-flex\"><div class=\"porto-ibanner-layer wpb_custom_2c5109c031829f9c54153ed0e6239ff6 banner-pos-f6356757d4f73384a3f5bc65723ae83a\" style=\"width:100%;\"><h1 style=\"font-size: 3.24em;color: var(--porto-light-color);line-height: 1.1;text-align: center;font-weight:700;letter-spacing:-.5px\" class=\"vc_custom_heading vc_do_custom_heading wpb_custom_aa365bd5046e8294520b4e73732b9d15\" >Transparencia<\/h1><style>.banner-pos-f6356757d4f73384a3f5bc65723ae83a {left: 50%;right: unset;top: 50%;bottom: unset;transform: translate(-50%, -50%);}<\/style><\/div><\/div><\/div><\/div><\/div><\/div><div class=\"vc_row wpb_row top-row p-t-xxl row-align-items-center porto-inner-container wpb_custom_034b39d9bc6c6b310d69e39f0ccf274f\"><div class=\"porto-wrap-container container\"><div class=\"row\"><div class=\"vc_column_container col-md-12\"><div class=\"wpb_wrapper vc_column-inner\"><div class=\"vc_row wpb_row vc_inner row\"><div class=\"vc_column_container col-md-12\"><div class=\"wpb_wrapper vc_column-inner\">\r\n\t<div class=\"wpb_text_column wpb_content_element wpb_custom_7c91d232724f73626cc933bd95b25ff0\" >\r\n\t\t<div class=\"wpb_wrapper\">\r\n\t\t\t<div class=\"lectura_facil\">\n<p><a href=\"\/gl\/\">Inicio<\/a> &gt; <a href=\"\/gl\/transparencia\/\">Transparencia<\/a><\/div>\n\r\n\t\t<\/div>\r\n\t<\/div>\r\n<h2 style=\"font-size: 25px;line-height: 1\" class=\"vc_custom_heading vc_do_custom_heading mb-3 wpb_custom_aa365bd5046e8294520b4e73732b9d15 align-left\" >La Transparencia <b>de como trabaja Aspanaex<\/b><\/h2><\/div><\/div><\/div><div class=\"vc_row wpb_row vc_inner row vc_custom_1766605736036\"><div class=\"vc_column_container col-md-6\"><div class=\"wpb_wrapper vc_column-inner\"><h3 style=\"font-size: 1.4em;color: var(--porto-dark-color);line-height: 26px;font-weight:600;letter-spacing:-.5px\" class=\"vc_custom_heading vc_do_custom_heading d-inline mb-0 m-r-xs wpb_custom_aa365bd5046e8294520b4e73732b9d15 align-left\" >Memorias de actividades<\/h3>\r\n\t<div class=\"wpb_text_column wpb_content_element wpb_animate_when_almost_visible wpb_fadeInUp fadeInUp vc_custom_1771257848451 featured lead wpb_custom_643a9752c5c533c328bfa78f5467e024\" >\r\n\t\t<div class=\"wpb_wrapper\">\r\n\t\t\t<div class=\"lectura_facil\">\n<div>La memoria de actividades es un resumen de todo lo que hacemos durante el a\u00f1o. Refleja nuestro compromiso con el desarrollo integral. Los objetivos son: Informar a socios y colaboradores, informar y concienciar a la sociedad y que nos conozcan las personas y las entidades que nos financia.<\/div>\n<\/div>\n<div><\/div>\n<div>Esta Memoria anual resume nuestra actividad y compromiso como Asociaci\u00f3n que promueve el desarrollo integral de las Personas con Discapacidad Intelectual y tiene un compromiso con la Sociedad.<\/div>\n<div><\/div>\n<div>Con la presentaci\u00f3n de la memoria queremos:<\/div>\n<ul>\n<li>Informar a nuestros socios y colaboradores<\/li>\n<li>Informar a la sociedad sobre nuestro fin social<\/li>\n<li>Presentaci\u00f3n hacia nuestros financiadores p\u00fablicos y privados.<\/li>\n<\/ul>\n\r\n\t\t<\/div>\r\n\t<\/div>\r\n<a aria-label=\"Memoria de actividades 2024\" class=\"porto-sicon-box-link\" href=\"https:\/\/www.aspanaex.org\/wp-content\/uploads\/2026\/02\/Memoria-de-actividades-2024-ASPANAEX.pdf\" target='_blank'><div class=\"porto-sicon-box  vc_custom_1771258143302  wpb_custom_a71ee73bf48a2a0aed7728702feed3bf style_1 default-icon\"><div class=\"porto-sicon-default\"><div class=\"porto-just-icon-wrapper porto-icon none\" style=\"color:var(--porto-primary-color);font-size:48px;\"><i class=\"fas fa-download\"><\/i><\/div><\/div><div class=\"porto-sicon-header\"><h3 class=\"porto-sicon-title\" style=\"color:var(--porto-primary-color);\">Memoria de actividades 2024<\/h3><p>Descarga la memoria de actividades de Aspanaex del a\u00f1o 2024<\/p><\/div> <!-- header --><\/div><!-- porto-sicon-box --><\/a>\r\n\t<div class=\"wpb_text_column wpb_content_element wpb_animate_when_almost_visible wpb_fadeInUp fadeInUp vc_custom_1771258006205 featured lead wpb_custom_643a9752c5c533c328bfa78f5467e024\" >\r\n\t\t<div class=\"wpb_wrapper\">\r\n\t\t\t<div class=\"lectura_facil\"><\/div>\n<p><strong>Memoria de Actividades (hist\u00f3rico):<\/strong> <a href=\"\/wp-content\/uploads\/2025\/12\/28-9-8-53.admin_.MEMORIA_ACTIVIDADES_ASPANAEX_2018-1.pdf\">2018<\/a>, <a href=\"\/wp-content\/uploads\/2025\/12\/25-13-32-30.admin_.MEMORIA_ACTIVIDADES__A_NtildeO_2020-1.pdf\">2020<\/a>, <a href=\"\/wp-content\/uploads\/2025\/12\/27-12-45-37.admin_.aspanaex@grupo-duplex.com_20230227_105604-1.pdf\">2021<\/a><\/p>\n\r\n\t\t<\/div>\r\n\t<\/div>\r\n<\/div><\/div><div class=\"m-auto vc_column_container col-md-6\"><div class=\"wpb_wrapper vc_column-inner\">\r\n\t<div class=\"wpb_single_image wpb_content_element vc_align_left wpb_content_element  vc_custom_1766606539939 wpb_custom_81a4f7ef9830bf958462581aa01150fb\" data-appear-animation=\"zoomIn\" data-appear-animation-delay=\"100\"><div class=\"wpb_wrapper\">\r\n\t\t\t\r\n\t\t\t<div class=\"vc_single_image-wrapper vc_box_rounded  vc_box_border_grey\"><img loading=\"lazy\" decoding=\"async\" width=\"1440\" height=\"1078\" src=\"https:\/\/www.aspanaex.org\/wp-content\/uploads\/2025\/12\/IMG-20251210-WA0001.webp\" class=\"vc_single_image-img attachment-full\" alt=\"\" title=\"transparencia-con-aspanaex-memoria-de-calidades\" srcset=\"https:\/\/www.aspanaex.org\/wp-content\/uploads\/2025\/12\/IMG-20251210-WA0001.webp 1440w, https:\/\/www.aspanaex.org\/wp-content\/uploads\/2025\/12\/IMG-20251210-WA0001-1024x767.webp 1024w, https:\/\/www.aspanaex.org\/wp-content\/uploads\/2025\/12\/IMG-20251210-WA0001-768x575.webp 768w, https:\/\/www.aspanaex.org\/wp-content\/uploads\/2025\/12\/IMG-20251210-WA0001-463x348.webp 463w, https:\/\/www.aspanaex.org\/wp-content\/uploads\/2025\/12\/IMG-20251210-WA0001-640x480.webp 640w, https:\/\/www.aspanaex.org\/wp-content\/uploads\/2025\/12\/IMG-20251210-WA0001-400x300.webp 400w, https:\/\/www.aspanaex.org\/wp-content\/uploads\/2025\/12\/IMG-20251210-WA0001-367x275.webp 367w, https:\/\/www.aspanaex.org\/wp-content\/uploads\/2025\/12\/IMG-20251210-WA0001-600x449.webp 600w\" sizes=\"auto, (max-width: 1440px) 100vw, 1440px\" \/><\/div>\r\n\t\t<\/div>\r\n\t<\/div>\r\n<\/div><\/div><\/div><div class=\"vc_row wpb_row vc_inner row vc_custom_1766605732027\"><div class=\"m-auto vc_column_container col-md-6\"><div class=\"wpb_wrapper vc_column-inner\">\r\n\t<div class=\"wpb_single_image wpb_content_element vc_align_left wpb_content_element  vc_custom_1766605566518 wpb_custom_81a4f7ef9830bf958462581aa01150fb\" data-appear-animation=\"zoomIn\" data-appear-animation-delay=\"100\"><div class=\"wpb_wrapper\">\r\n\t\t\t\r\n\t\t\t<div class=\"vc_single_image-wrapper vc_box_rounded  vc_box_border_grey\"><img loading=\"lazy\" decoding=\"async\" width=\"442\" height=\"267\" src=\"https:\/\/www.aspanaex.org\/wp-content\/uploads\/2025\/12\/2-0-8-57.admin_.Autogestores_1.webp\" class=\"vc_single_image-img attachment-full\" alt=\"\" title=\"transparencia-aspanaex\" srcset=\"https:\/\/www.aspanaex.org\/wp-content\/uploads\/2025\/12\/2-0-8-57.admin_.Autogestores_1.webp 442w, https:\/\/www.aspanaex.org\/wp-content\/uploads\/2025\/12\/2-0-8-57.admin_.Autogestores_1-400x242.webp 400w, https:\/\/www.aspanaex.org\/wp-content\/uploads\/2025\/12\/2-0-8-57.admin_.Autogestores_1-367x222.webp 367w\" sizes=\"auto, (max-width: 442px) 100vw, 442px\" \/><\/div>\r\n\t\t<\/div>\r\n\t<\/div>\r\n<\/div><\/div><div class=\"vc_column_container col-md-6\"><div class=\"wpb_wrapper vc_column-inner\"><h3 style=\"font-size: 1.4em;color: var(--porto-dark-color);line-height: 26px;font-weight:600;letter-spacing:-.5px\" class=\"vc_custom_heading vc_do_custom_heading d-inline mb-0 m-r-xs wpb_custom_aa365bd5046e8294520b4e73732b9d15 align-left\" >D\u00f3nde va tu dinero<\/h3>\r\n\t<div class=\"wpb_text_column wpb_content_element wpb_animate_when_almost_visible wpb_fadeInUp fadeInUp vc_custom_1766446968570 featured lead wpb_custom_643a9752c5c533c328bfa78f5467e024\" >\r\n\t\t<div class=\"wpb_wrapper\">\r\n\t\t\t<div class=\"lectura_facil\">\n<div class=\"lectura_facil\">\n<div>El dinero que recibe la Asociaci\u00f3n por las donaciones \u00a0va dirigido a diferentes centros y servicios. Cada persona o entidad que hace una donaci\u00f3n elige a donde quiere que vaya ese dinero: centro educativo, centro ocupacional, centro de dia, vivienda u otros fines.<\/div>\n<\/div>\n<div><\/div>\n<div>Todo el dinero conseguido va destinado al funcionamiento y mantenimiento de los diferentes Centros de nuestra Asociaci\u00f3n y de su cartera de servicios, as\u00ed como a\u00a0 la puesta en marcha de nuevas iniciativas.<\/div>\n<\/div>\n\r\n\t\t<\/div>\r\n\t<\/div>\r\n<\/div><\/div><\/div><div class=\"vc_row wpb_row vc_inner row vc_custom_1766605736036\"><div class=\"vc_column_container col-md-6\"><div class=\"wpb_wrapper vc_column-inner\"><h3 style=\"font-size: 1.4em;color: var(--porto-dark-color);line-height: 26px;font-weight:600;letter-spacing:-.5px\" class=\"vc_custom_heading vc_do_custom_heading d-inline mb-0 m-r-xs wpb_custom_aa365bd5046e8294520b4e73732b9d15 align-left\" >Cuentas Anuales<\/h3>\r\n\t<div class=\"wpb_text_column wpb_content_element wpb_animate_when_almost_visible wpb_fadeInUp fadeInUp vc_custom_1771258196502 featured lead wpb_custom_643a9752c5c533c328bfa78f5467e024\" >\r\n\t\t<div class=\"wpb_wrapper\">\r\n\t\t\t<div class=\"lectura_facil\">\n<div class=\"lectura_facil\">\n<p>Con la obligatoriedad&nbsp; de la rendici\u00f3n de cuentas anuales tanto a los socios como a diferentes Organismos, se consigue que las personas f\u00edsicas o jur\u00eddicas que han realizado una aportaci\u00f3n, beneficiarios y otros interesados en la actividad desarrollada por nuestra Entidad, puedan conocer la imagen fiel del patrimoio y de la situaci\u00f3n financiera.<\/p>\n<p>Pod\u00e9is consultar las cuentas de los \u00faltimos a\u00f1os y el informe de los auditores externos pinchando en los documentos adjuntos abajo.<\/p>\n<\/div>\n<\/div>\n\r\n\t\t<\/div>\r\n\t<\/div>\r\n<a aria-label=\"Cuentas Anuales 2024\" class=\"porto-sicon-box-link\" href=\"https:\/\/www.aspanaex.org\/wp-content\/uploads\/2026\/02\/Cuentas-Anuales-2024-ASPANAEX.pdf\" target='_blank'><div class=\"porto-sicon-box  vc_custom_1771258256228  wpb_custom_a71ee73bf48a2a0aed7728702feed3bf style_1 default-icon\"><div class=\"porto-sicon-default\"><div class=\"porto-just-icon-wrapper porto-icon none\" style=\"color:var(--porto-primary-color);font-size:48px;\"><i class=\"fas fa-download\"><\/i><\/div><\/div><div class=\"porto-sicon-header\"><h3 class=\"porto-sicon-title\" style=\"color:var(--porto-primary-color);\">Cuentas Anuales 2024<\/h3><p>Descarga las Cuentas Anuales de Aspanaex del a\u00f1o 2024<\/p><\/div> <!-- header --><\/div><!-- porto-sicon-box --><\/a>\r\n\t<div class=\"wpb_text_column wpb_content_element wpb_animate_when_almost_visible wpb_fadeInUp fadeInUp vc_custom_1771258214842 featured lead wpb_custom_643a9752c5c533c328bfa78f5467e024\" >\r\n\t\t<div class=\"wpb_wrapper\">\r\n\t\t\t<div class=\"lectura_facil\">\n<div class=\"lectura_facil\">\n<p><strong>Cuentas Anuales (hist\u00f3rico):<\/strong> <a href=\"\/wp-content\/uploads\/2025\/12\/28-9-8-53.admin_.MEMORIA_ACTIVIDADES_ASPANAEX_2018-1.pdf\">2018<\/a>, <a href=\"\/wp-content\/uploads\/2025\/12\/15-14-30-47.admin_.INFORME_BDO_CUENTAS_2019_AUDITADAS_compressed.pdf\">2019<\/a>, <a href=\"\/wp-content\/uploads\/2025\/12\/16-13-32-26.admin_.AUDITORIA_EXTERNA_BDO_-_CUENTAS_2020_compressed.pdf\">2020<\/a>, <a href=\"\/wp-content\/uploads\/2025\/12\/21-15-8-51.admin_.CERTIFICADO_AUDITORIA_EXTERNA_BDO_-2022_compressed_compressed.pdf\">2022<\/a>.<\/p>\n<\/div>\n<\/div>\n\r\n\t\t<\/div>\r\n\t<\/div>\r\n<\/div><\/div><div class=\"m-auto vc_column_container col-md-6\"><div class=\"wpb_wrapper vc_column-inner\">\r\n\t<div class=\"wpb_single_image wpb_content_element vc_align_left wpb_content_element  vc_custom_1766605942019 wpb_custom_81a4f7ef9830bf958462581aa01150fb\" data-appear-animation=\"zoomIn\" data-appear-animation-delay=\"100\"><div class=\"wpb_wrapper\">\r\n\t\t\t\r\n\t\t\t<div class=\"vc_single_image-wrapper vc_box_rounded  vc_box_border_grey\"><img loading=\"lazy\" decoding=\"async\" width=\"800\" height=\"600\" src=\"https:\/\/www.aspanaex.org\/wp-content\/uploads\/2025\/12\/17-15-22-10.admin_.papel-reciclado-pliegos-secado.webp\" class=\"vc_single_image-img attachment-full\" alt=\"\" title=\"transporte-con-aspanaex (2)\" srcset=\"https:\/\/www.aspanaex.org\/wp-content\/uploads\/2025\/12\/17-15-22-10.admin_.papel-reciclado-pliegos-secado.webp 800w, https:\/\/www.aspanaex.org\/wp-content\/uploads\/2025\/12\/17-15-22-10.admin_.papel-reciclado-pliegos-secado-768x576.webp 768w, https:\/\/www.aspanaex.org\/wp-content\/uploads\/2025\/12\/17-15-22-10.admin_.papel-reciclado-pliegos-secado-463x348.webp 463w, https:\/\/www.aspanaex.org\/wp-content\/uploads\/2025\/12\/17-15-22-10.admin_.papel-reciclado-pliegos-secado-640x480.webp 640w, https:\/\/www.aspanaex.org\/wp-content\/uploads\/2025\/12\/17-15-22-10.admin_.papel-reciclado-pliegos-secado-400x300.webp 400w, https:\/\/www.aspanaex.org\/wp-content\/uploads\/2025\/12\/17-15-22-10.admin_.papel-reciclado-pliegos-secado-367x275.webp 367w, https:\/\/www.aspanaex.org\/wp-content\/uploads\/2025\/12\/17-15-22-10.admin_.papel-reciclado-pliegos-secado-600x450.webp 600w\" sizes=\"auto, (max-width: 800px) 100vw, 800px\" \/><\/div>\r\n\t\t<\/div>\r\n\t<\/div>\r\n<\/div><\/div><\/div><div class=\"vc_row wpb_row vc_inner row vc_custom_1766605732027\"><div class=\"m-auto vc_column_container col-md-6\"><div class=\"wpb_wrapper vc_column-inner\">\r\n\t<div class=\"wpb_single_image wpb_content_element vc_align_left wpb_content_element  vc_custom_1766606421941 wpb_custom_81a4f7ef9830bf958462581aa01150fb\" data-appear-animation=\"zoomIn\" data-appear-animation-delay=\"100\"><div class=\"wpb_wrapper\">\r\n\t\t\t\r\n\t\t\t<div class=\"vc_single_image-wrapper vc_box_rounded  vc_box_border_grey\"><img loading=\"lazy\" decoding=\"async\" width=\"442\" height=\"295\" src=\"https:\/\/www.aspanaex.org\/wp-content\/uploads\/2025\/12\/24-22-59-44.admin_.2.webp\" class=\"vc_single_image-img attachment-full\" alt=\"\" title=\"transporte-con-aspanaex (4)\" srcset=\"https:\/\/www.aspanaex.org\/wp-content\/uploads\/2025\/12\/24-22-59-44.admin_.2.webp 442w, https:\/\/www.aspanaex.org\/wp-content\/uploads\/2025\/12\/24-22-59-44.admin_.2-400x267.webp 400w, https:\/\/www.aspanaex.org\/wp-content\/uploads\/2025\/12\/24-22-59-44.admin_.2-367x245.webp 367w\" sizes=\"auto, (max-width: 442px) 100vw, 442px\" \/><\/div>\r\n\t\t<\/div>\r\n\t<\/div>\r\n<\/div><\/div><div class=\"vc_column_container col-md-6\"><div class=\"wpb_wrapper vc_column-inner\"><h3 style=\"font-size: 1.4em;color: var(--porto-dark-color);line-height: 26px;font-weight:600;letter-spacing:-.5px\" class=\"vc_custom_heading vc_do_custom_heading d-inline mb-0 m-r-xs wpb_custom_aa365bd5046e8294520b4e73732b9d15 align-left\" >Presupuesto<\/h3>\r\n\t<div class=\"wpb_text_column wpb_content_element wpb_animate_when_almost_visible wpb_fadeInUp fadeInUp vc_custom_1766606066539 featured lead wpb_custom_643a9752c5c533c328bfa78f5467e024\" >\r\n\t\t<div class=\"wpb_wrapper\">\r\n\t\t\t<div class=\"lectura_facil\">\n<div class=\"lectura_facil\">\n<div>En la Asamblea General Ordinaria de la Asociaci\u00f3n celebrada el pasado d\u00eda 20 de mayo de 2019, se presentaron los presupuestos elaborados para el a\u00f1o 2019, siendo aprobados por unanimidad.<\/div>\n<div><\/div>\n<div>Si quieres consultar los de los \u00faltimos a\u00f1os, puedes hacerlo en la parte abajo.<\/div>\n<\/div>\n<div><\/div>\n<div><strong>Presupuesto:<\/strong> <a href=\"\/wp-content\/uploads\/2025\/12\/17-14-36-18.admin_.Presupuesto_a_ntildeo_2018.pdf\">2018<\/a>, <a href=\"\/wp-content\/uploads\/2025\/12\/28-9-20-17.admin_.Presupuesto_a_ntildeo_2018.pdf\">2019<\/a><\/div>\n<\/div>\n\r\n\t\t<\/div>\r\n\t<\/div>\r\n<\/div><\/div><\/div><div class=\"vc_row wpb_row vc_inner row vc_custom_1766605736036\"><div class=\"vc_column_container col-md-6\"><div class=\"wpb_wrapper vc_column-inner\"><h3 style=\"font-size: 1.4em;color: var(--porto-dark-color);line-height: 26px;font-weight:600;letter-spacing:-.5px\" class=\"vc_custom_heading vc_do_custom_heading d-inline mb-0 m-r-xs wpb_custom_aa365bd5046e8294520b4e73732b9d15 align-left\" >Plan Estrat\u00e9gico<\/h3>\r\n\t<div class=\"wpb_text_column wpb_content_element wpb_animate_when_almost_visible wpb_fadeInUp fadeInUp vc_custom_1766606157857 featured lead wpb_custom_643a9752c5c533c328bfa78f5467e024\" >\r\n\t\t<div class=\"wpb_wrapper\">\r\n\t\t\t<div class=\"lectura_facil\">\n<div class=\"lectura_facil\">\n<p>El Plan Estrat\u00e9gico 2012 &#8211; 2014 tiene por objeto:<\/p>\n<p>Contar con una herramienta que nos ayude a aglutinar todos los sistemas de gesti\u00f3n, tener una visi\u00f3n alineada, que nos indique hacia donde queremos ir, marcando metas y asegurando sostenibilidad; de dicho Plan Estrat\u00e9gico se extrae el plan anual de cada a\u00f1o.<\/p>\n<p>Para la elaboraci\u00f3n del este Plan Estrat\u00e9gico contamos con\u00a0 la\u00a0 participaci\u00f3n de\u00a0 los profesionales que lo desearon\u00a0 y que representaban\u00a0 a los diferentes centros con los que cuenta ASPANAEX, junto con un familiar que tambi\u00e9n es miembro de Junta Directiva. En total 8 personas conforman el grupo, guiados por el asesor de la Obra Social de Novagalicia Banco. (ahora\u00a0<a href=\"http:\/\/www.obrasocialncg.com\/es\/\" target=\"_blank\" rel=\"noopener nofollow\">AFUNDACI\u00d3N\u00a0<\/a>obra social de\u00a0<a href=\"http:\/\/www.abanca.com\/es\/\" target=\"_blank\" rel=\"noopener nofollow\">ABANCA<\/a>)<\/p>\n<p><strong>Plan Estrat\u00e9gico:<\/strong> <a href=\"\/wp-content\/uploads\/2025\/12\/30-11-46-51.admin_.Plan_Anual_Aspanaex_2014.pdf\">2014<\/a><\/div>\n<\/div>\n\r\n\t\t<\/div>\r\n\t<\/div>\r\n<\/div><\/div><div class=\"m-auto vc_column_container col-md-6\"><div class=\"wpb_wrapper vc_column-inner\">\r\n\t<div class=\"wpb_single_image wpb_content_element vc_align_left wpb_content_element  vc_custom_1766606453680 wpb_custom_81a4f7ef9830bf958462581aa01150fb\" data-appear-animation=\"zoomIn\" data-appear-animation-delay=\"100\"><div class=\"wpb_wrapper\">\r\n\t\t\t\r\n\t\t\t<div class=\"vc_single_image-wrapper vc_box_rounded  vc_box_border_grey\"><img loading=\"lazy\" decoding=\"async\" width=\"800\" height=\"450\" src=\"https:\/\/www.aspanaex.org\/wp-content\/uploads\/2025\/12\/5-23-43-15.admin_.junta_2_800.webp\" class=\"vc_single_image-img attachment-full\" alt=\"\" title=\"transporte-con-aspanaex (5)\" srcset=\"https:\/\/www.aspanaex.org\/wp-content\/uploads\/2025\/12\/5-23-43-15.admin_.junta_2_800.webp 800w, https:\/\/www.aspanaex.org\/wp-content\/uploads\/2025\/12\/5-23-43-15.admin_.junta_2_800-768x432.webp 768w, https:\/\/www.aspanaex.org\/wp-content\/uploads\/2025\/12\/5-23-43-15.admin_.junta_2_800-640x360.webp 640w, https:\/\/www.aspanaex.org\/wp-content\/uploads\/2025\/12\/5-23-43-15.admin_.junta_2_800-400x225.webp 400w, https:\/\/www.aspanaex.org\/wp-content\/uploads\/2025\/12\/5-23-43-15.admin_.junta_2_800-367x206.webp 367w, https:\/\/www.aspanaex.org\/wp-content\/uploads\/2025\/12\/5-23-43-15.admin_.junta_2_800-600x338.webp 600w\" sizes=\"auto, (max-width: 800px) 100vw, 800px\" \/><\/div>\r\n\t\t<\/div>\r\n\t<\/div>\r\n<\/div><\/div><\/div><div class=\"vc_row wpb_row vc_inner row vc_custom_1766605732027\"><div class=\"m-auto vc_column_container col-md-6\"><div class=\"wpb_wrapper vc_column-inner\">\r\n\t<div class=\"wpb_single_image wpb_content_element vc_align_left wpb_content_element  vc_custom_1766606473550 wpb_custom_81a4f7ef9830bf958462581aa01150fb\" data-appear-animation=\"zoomIn\" data-appear-animation-delay=\"100\"><div class=\"wpb_wrapper\">\r\n\t\t\t\r\n\t\t\t<div class=\"vc_single_image-wrapper vc_box_rounded  vc_box_border_grey\"><img loading=\"lazy\" decoding=\"async\" width=\"800\" height=\"600\" src=\"https:\/\/www.aspanaex.org\/wp-content\/uploads\/2025\/12\/17-14-23-40.admin_.Mantenimiento_3.webp\" class=\"vc_single_image-img attachment-full\" alt=\"\" title=\"transporte-con-aspanaex (6)\" srcset=\"https:\/\/www.aspanaex.org\/wp-content\/uploads\/2025\/12\/17-14-23-40.admin_.Mantenimiento_3.webp 800w, https:\/\/www.aspanaex.org\/wp-content\/uploads\/2025\/12\/17-14-23-40.admin_.Mantenimiento_3-768x576.webp 768w, https:\/\/www.aspanaex.org\/wp-content\/uploads\/2025\/12\/17-14-23-40.admin_.Mantenimiento_3-463x348.webp 463w, https:\/\/www.aspanaex.org\/wp-content\/uploads\/2025\/12\/17-14-23-40.admin_.Mantenimiento_3-640x480.webp 640w, https:\/\/www.aspanaex.org\/wp-content\/uploads\/2025\/12\/17-14-23-40.admin_.Mantenimiento_3-400x300.webp 400w, https:\/\/www.aspanaex.org\/wp-content\/uploads\/2025\/12\/17-14-23-40.admin_.Mantenimiento_3-367x275.webp 367w, https:\/\/www.aspanaex.org\/wp-content\/uploads\/2025\/12\/17-14-23-40.admin_.Mantenimiento_3-600x450.webp 600w\" sizes=\"auto, (max-width: 800px) 100vw, 800px\" \/><\/div>\r\n\t\t<\/div>\r\n\t<\/div>\r\n<\/div><\/div><div class=\"vc_column_container col-md-6\"><div class=\"wpb_wrapper vc_column-inner\"><h3 style=\"font-size: 1.4em;color: var(--porto-dark-color);line-height: 26px;font-weight:600;letter-spacing:-.5px\" class=\"vc_custom_heading vc_do_custom_heading d-inline mb-0 m-r-xs wpb_custom_aa365bd5046e8294520b4e73732b9d15 align-left\" >Estatutos<\/h3>\r\n\t<div class=\"wpb_text_column wpb_content_element wpb_animate_when_almost_visible wpb_fadeInUp fadeInUp vc_custom_1766606236752 featured lead wpb_custom_643a9752c5c533c328bfa78f5467e024\" >\r\n\t\t<div class=\"wpb_wrapper\">\r\n\t\t\t<div class=\"lectura_facil\">\n<div class=\"lectura_facil\">\n<p>Fueron aprobados en la Asamblea General Extraordinaria celebrada el 19\/05\/2002,\u00a0 seg\u00fan la disposici\u00f3n transitoria primera de la Ley org\u00e1nica 1\/2002, del 22 de marzo, reguladora del Derecho de Asociaci\u00f3n, mediante la modificaci\u00f3n y revisi\u00f3n de la totalidad de los art\u00edculos.<\/p>\n<p>Se pueden consultar pinchando en la parte de abajo.<\/p>\n<p><strong>Estatutos:<\/strong> <a href=\"\/wp-content\/uploads\/2025\/12\/30-11-2-10.admin_.Estatutos_Aspanaex.pdf\">2014<\/a><\/div>\n<\/div>\n\r\n\t\t<\/div>\r\n\t<\/div>\r\n<\/div><\/div><\/div><\/div><\/div><\/div><\/div><\/div>\n<\/div>","protected":false},"excerpt":{"rendered":"Transparencia Inicio &gt; Transparencia La Transparencia de como trabaja AspanaexMemorias de actividades La memoria de actividades es un resumen de todo lo que hacemos durante el a\u00f1o. Refleja nuestro compromiso con el desarrollo integral. Los objetivos son: Informar a socios y colaboradores, informar y concienciar a la sociedad y que nos conozcan las personas y [...]","protected":false},"author":5,"featured_media":0,"parent":0,"menu_order":0,"comment_status":"closed","ping_status":"closed","template":"","meta":{"footnotes":""},"class_list":["post-1603","page","type-page","status-publish","hentry"],"_links":{"self":[{"href":"https:\/\/www.aspanaex.org\/gl\/wp-json\/wp\/v2\/pages\/1603","targetHints":{"allow":["GET"]}}],"collection":[{"href":"https:\/\/www.aspanaex.org\/gl\/wp-json\/wp\/v2\/pages"}],"about":[{"href":"https:\/\/www.aspanaex.org\/gl\/wp-json\/wp\/v2\/types\/page"}],"author":[{"embeddable":true,"href":"https:\/\/www.aspanaex.org\/gl\/wp-json\/wp\/v2\/users\/5"}],"replies":[{"embeddable":true,"href":"https:\/\/www.aspanaex.org\/gl\/wp-json\/wp\/v2\/comments?post=1603"}],"version-history":[{"count":53,"href":"https:\/\/www.aspanaex.org\/gl\/wp-json\/wp\/v2\/pages\/1603\/revisions"}],"predecessor-version":[{"id":4554,"href":"https:\/\/www.aspanaex.org\/gl\/wp-json\/wp\/v2\/pages\/1603\/revisions\/4554"}],"wp:attachment":[{"href":"https:\/\/www.aspanaex.org\/gl\/wp-json\/wp\/v2\/media?parent=1603"}],"curies":[{"name":"wp","href":"https:\/\/api.w.org\/{rel}","templated":true}]}}