{"id":1658,"date":"2025-11-30T05:06:21","date_gmt":"2025-11-30T04:06:21","guid":{"rendered":"http:\/\/sw-themes.com\/porto_dummy\/?page_id=1658"},"modified":"2025-12-30T11:39:58","modified_gmt":"2025-12-30T10:39:58","slug":"centro-educativo","status":"publish","type":"page","link":"https:\/\/www.aspanaex.org\/gl\/centros\/centro-educativo\/","title":{"rendered":"Centro Educativo"},"content":{"rendered":"<div class=\"wpb-content-wrapper\"><div class=\"vc_row wpb_row row top-row porto_stretch_css stretch_row_content_css wpb_custom_034b39d9bc6c6b310d69e39f0ccf274f\"><div class=\"vc_column_container col-md-12 vc_custom_1766410138838\"><div class=\"wpb_wrapper vc_column-inner\"><div class=\"porto-ibanner interactive-banner-wrap-07dd21040fa50768c9d370ae74e47015 vc_custom_1766510852891\" style=\"min-height:250px;\"><img loading=\"lazy\" decoding=\"async\" alt=\"\" width=\"1760\" height=\"825\" class=\"porto-ibanner-img\" src=\"https:\/\/www.aspanaex.org\/wp-content\/uploads\/2025\/12\/centro-educativo-banner.webp\" srcset=\"https:\/\/www.aspanaex.org\/wp-content\/uploads\/2025\/12\/centro-educativo-banner.webp 1760w, https:\/\/www.aspanaex.org\/wp-content\/uploads\/2025\/12\/centro-educativo-banner-1024x480.webp 1024w, https:\/\/www.aspanaex.org\/wp-content\/uploads\/2025\/12\/centro-educativo-banner-768x360.webp 768w, https:\/\/www.aspanaex.org\/wp-content\/uploads\/2025\/12\/centro-educativo-banner-1536x720.webp 1536w, https:\/\/www.aspanaex.org\/wp-content\/uploads\/2025\/12\/centro-educativo-banner-640x300.webp 640w, https:\/\/www.aspanaex.org\/wp-content\/uploads\/2025\/12\/centro-educativo-banner-600x281.webp 600w\" sizes=\"auto, (max-width: 1760px) 100vw, 1760px\"><div class=\"porto-ibanner-desc no-padding d-flex\"><div class=\"porto-ibanner-layer wpb_custom_2c5109c031829f9c54153ed0e6239ff6 banner-pos-f6356757d4f73384a3f5bc65723ae83a\" style=\"width:100%;\"><h1 style=\"font-size: 3.24em;color: var(--porto-light-color);line-height: 1.1;text-align: center;font-weight:700;letter-spacing:-.5px\" class=\"vc_custom_heading vc_do_custom_heading wpb_custom_aa365bd5046e8294520b4e73732b9d15\" >Centro Educativo<\/h1><style>.banner-pos-f6356757d4f73384a3f5bc65723ae83a {left: 50%;right: unset;top: 50%;bottom: unset;transform: translate(-50%, -50%);}<\/style><\/div><\/div><\/div><\/div><\/div><\/div><div class=\"vc_row wpb_row top-row vc_custom_1766427468062 porto-inner-container wpb_custom_034b39d9bc6c6b310d69e39f0ccf274f\"><div class=\"porto-wrap-container container\"><div class=\"row\"><div class=\"vc_column_container col-md-6\"><div class=\"wpb_wrapper vc_column-inner\">\r\n\t<div class=\"wpb_text_column wpb_content_element wpb_custom_7c91d232724f73626cc933bd95b25ff0\" >\r\n\t\t<div class=\"wpb_wrapper\">\r\n\t\t\t<p><a href=\"\/gl\/\">Inicio<\/a> &gt; <a href=\"\/gl\/centros\/\">Centros<\/a> &gt; <a href=\"\/gl\/centros\/centro-educativo\/\">Centro Educativo<\/a><\/p>\n\r\n\t\t<\/div>\r\n\t<\/div>\r\n<h2 style=\"font-size: 28px\" class=\"vc_custom_heading vc_do_custom_heading mb-3 wpb_custom_aa365bd5046e8294520b4e73732b9d15 align-left\" >Centro Educativo<\/h2><div class=\"porto-separator\"><hr class=\"separator-line  wpb_content_element align_center solid\" style=\"background-color:grey;\"><\/div>\r\n\t<div class=\"wpb_text_column wpb_content_element wpb_animate_when_almost_visible wpb_fadeInUp fadeInUp lead mb-4 wpb_custom_7c91d232724f73626cc933bd95b25ff0\" >\r\n\t\t<div class=\"wpb_wrapper\">\r\n\t\t\t<p>Somos un\u00a0<a href=\"http:\/\/www.aspanaex.org\/index.php?V_dir=MSC&amp;V_mod=showart&amp;id=34\" target=\"_blank\" rel=\"noopener\"><strong>Centro de Educaci\u00f3n Especial<\/strong><strong> concertado con la\u00a0Conseller\u00eda de Cultura, Educaci\u00f3n, Formaci\u00f3n Profesional e Universidades de la Xunta de Galicia <\/strong><\/a>dedicado a atender a alumnos y alumnas con necesidades educativas especiales desde los 3 hasta los 21 a\u00f1os.<\/p>\n<p class=\"p1\">Nuestra misi\u00f3n es promover la igualdad de oportunidades y contribuir a mejorar la calidad de vida del alumnado y sus familias, ofreciendo una respuesta educativa integral y de calidad. Nos enfocamos en desarrollar al m\u00e1ximo las capacidades personales de cada uno, brind\u00e1ndoles herramientas y habilidades que faciliten su participaci\u00f3n activa en la sociedad.<\/p>\n\r\n\t\t<\/div>\r\n\t<\/div>\r\n<\/div><\/div><div class=\"m-auto vc_column_container col-md-6\"><div class=\"wpb_wrapper vc_column-inner\">\r\n\t<div class=\"wpb_single_image wpb_content_element vc_align_center wpb_content_element   m-display-none wpb_custom_81a4f7ef9830bf958462581aa01150fb\"><div class=\"wpb_wrapper\">\r\n\t\t\t\r\n\t\t\t<a class=\"porto-vc-zoom\" data-gallery=\"false\" data-title=\"\" href=\"https:\/\/www.aspanaex.org\/wp-content\/uploads\/2025\/12\/29-11-36-17.admin_.Foto_cole_web.jpg\" target=\"_self\" aria-label=\"Zoom the image\"><div class=\"vc_single_image-wrapper vc_box_rounded  vc_box_border_grey\"><img loading=\"lazy\" decoding=\"async\" width=\"1000\" height=\"750\" src=\"https:\/\/www.aspanaex.org\/wp-content\/uploads\/2025\/12\/29-11-36-17.admin_.Foto_cole_web.jpg\" class=\"vc_single_image-img attachment-full\" alt=\"\" title=\"Centro-Educativo-aspanaex\" srcset=\"https:\/\/www.aspanaex.org\/wp-content\/uploads\/2025\/12\/29-11-36-17.admin_.Foto_cole_web.jpg 1000w, https:\/\/www.aspanaex.org\/wp-content\/uploads\/2025\/12\/29-11-36-17.admin_.Foto_cole_web-768x576.jpg 768w, https:\/\/www.aspanaex.org\/wp-content\/uploads\/2025\/12\/29-11-36-17.admin_.Foto_cole_web-463x348.jpg 463w, https:\/\/www.aspanaex.org\/wp-content\/uploads\/2025\/12\/29-11-36-17.admin_.Foto_cole_web-640x480.jpg 640w, https:\/\/www.aspanaex.org\/wp-content\/uploads\/2025\/12\/29-11-36-17.admin_.Foto_cole_web-400x300.jpg 400w, https:\/\/www.aspanaex.org\/wp-content\/uploads\/2025\/12\/29-11-36-17.admin_.Foto_cole_web-367x275.jpg 367w\" sizes=\"auto, (max-width: 1000px) 100vw, 1000px\" \/><div class=\"zoom-icon\"><\/div><\/div><\/a>\r\n\t\t<\/div>\r\n\t<\/div>\r\n<\/div><\/div><div class=\"vc_column_container col-md-12 vc_custom_1766511077470\"><div class=\"wpb_wrapper vc_column-inner\">\r\n\t<div class=\"wpb_text_column wpb_content_element wpb_animate_when_almost_visible wpb_fadeInUp fadeInUp lead mb-4 wpb_custom_7c91d232724f73626cc933bd95b25ff0\" >\r\n\t\t<div class=\"wpb_wrapper\">\r\n\t\t\t<p class=\"p1\">Trabajamos en equipo y desde una perspectiva multidisciplinar, esforz\u00e1ndonos por ser un centro educativo comprometido, innovador y reconocido por su capacidad para responder a las necesidades de nuestro colectivo.<\/p>\n<p class=\"p1\">Contamos con un equipo docente experimentado y con una amplia trayectoria en el \u00e1mbito de la intervenci\u00f3n educativa que nos convierte en un referente. Acompa\u00f1amos y apoyamos tanto a nuestro alumnado como a sus familias durante todo su proceso formativo.<\/p>\n\r\n\t\t<\/div>\r\n\t<\/div>\r\n<h3 style=\"font-size: 28px\" class=\"vc_custom_heading vc_do_custom_heading mb-3 wpb_custom_aa365bd5046e8294520b4e73732b9d15 align-left\" >Proyecto Educativo<\/h3>\r\n\t<div class=\"wpb_text_column wpb_content_element wpb_animate_when_almost_visible wpb_fadeInUp fadeInUp lead mb-4 wpb_custom_7c91d232724f73626cc933bd95b25ff0\" >\r\n\t\t<div class=\"wpb_wrapper\">\r\n\t\t\t<p class=\"p1\">Nuestro principal prop\u00f3sito es fomentar el desarrollo integral del alumnado, abarcando aspectos madurativos, psicopedag\u00f3gicos, afectivos y de personalidad, adapt\u00e1ndonos a sus necesidades y capacidades para que logren alcanzar una mejor calidad de vida.<\/p>\n<p class=\"p1\">Promovemos una educaci\u00f3n personalizada, integradora y basada en valores, respetando los distintos ritmos de aprendizaje y propiciando un entorno afectivo y estimulante.<\/p>\n<p class=\"p1\">Nuestra metodolog\u00eda diaria se sustenta en dos pilares esenciales: el trabajo en ambientes naturales de aprendizaje y la adaptaci\u00f3n de los contenidos acad\u00e9micos.<\/p>\n<p class=\"p1\">A trav\u00e9s del desarrollo de programas educativos personalizados, que incorporen herramientas y metodolog\u00edas especializadas y probadas, aseguramos que nuestras intervenciones est\u00e9n sustentadas en resultados basados en la evidencia.<\/p>\n<p class=\"p1\">Para lograrlo, utilizamos programas y modelos como TEACCH (estructuraci\u00f3n del entorno), SAAC (sistemas de comunicaci\u00f3n alternativa y aumentativa), estimulaci\u00f3n basal y multisensorial, integraci\u00f3n de TIC con preferencia por formatos digitales, relaciones afectivas enriquecedoras, y t\u00e9cnicas de aprendizaje sin error, entre otras estrategias.<\/p>\n\r\n\t\t<\/div>\r\n\t<\/div>\r\n<h3 style=\"font-size: 28px\" class=\"vc_custom_heading vc_do_custom_heading mb-3 wpb_custom_aa365bd5046e8294520b4e73732b9d15 align-left\" >Etapas Educativas<\/h3>\r\n\t<div class=\"wpb_text_column wpb_content_element wpb_animate_when_almost_visible wpb_fadeInUp fadeInUp lead mb-4 wpb_custom_7c91d232724f73626cc933bd95b25ff0\" >\r\n\t\t<div class=\"wpb_wrapper\">\r\n\t\t\t<div class=\"lectura_facil\">\n<p class=\"p1\"><b>Educaci\u00f3n Infantil Especial (3-6 a\u00f1os) <\/b><\/p>\n<p class=\"p1\">La educaci\u00f3n infantil desempe\u00f1a un rol esencial en el desarrollo integral de los ni\u00f1os, actuando como el punto de partida para su futuro proceso de aprendizaje, maduraci\u00f3n y crecimiento. Se enfoca especialmente en fomentar la autonom\u00eda, el cuidado personal, la comunicaci\u00f3n y el lenguaje, las habilidades sociales, y en promover una adecuada gesti\u00f3n de las emociones.<\/p>\n<\/div>\n\r\n\t\t<\/div>\r\n\t<\/div>\r\n\r\n\t<div class=\"wpb_text_column wpb_content_element wpb_animate_when_almost_visible wpb_fadeInUp fadeInUp lead mb-4 wpb_custom_7c91d232724f73626cc933bd95b25ff0\" >\r\n\t\t<div class=\"wpb_wrapper\">\r\n\t\t\t<div class=\"lectura_facil\">\n<p class=\"p1\"><b>Ense\u00f1anza B\u00e1sica Obligatoria (6-16\/18 a\u00f1os) <\/b><\/p>\n<p class=\"p1\">La etapa de Educaci\u00f3n B\u00e1sica Obligatoria, al abarcar un rango tan amplio, engloba objetivos, contenidos y un desarrollo considerablemente extenso. Sin embargo, esta amplitud se personaliza en funci\u00f3n de cada alumno, adaptando el proceso de aprendizaje al momento particular que atraviesa, gracias al trabajo continuo del tutor con cada estudiante en el aula. Se destacan especialmente los programas enfocados en las competencias de lectoescritura y l\u00f3gico-matem\u00e1ticas, as\u00ed como aquellos orientados al desarrollo de habilidades adaptativas. Estas incluyen destrezas sociales y emocionales, capacidades comunicativas, h\u00e1bitos de autocuidado, gesti\u00f3n del tiempo libre, pr\u00e1ctica deportiva y aprovechamiento de los recursos comunitarios.<\/p>\n<\/div>\n\r\n\t\t<\/div>\r\n\t<\/div>\r\n\r\n\t<div class=\"wpb_text_column wpb_content_element wpb_animate_when_almost_visible wpb_fadeInUp fadeInUp lead mb-4 wpb_custom_7c91d232724f73626cc933bd95b25ff0\" >\r\n\t\t<div class=\"wpb_wrapper\">\r\n\t\t\t<div class=\"lectura_facil\">\n<p class=\"p1\"><b>Talleres Formativos (TVA) (16\/18-21 a\u00f1os) <\/b><\/p>\n<p class=\"p1\">A partir de los 16 a\u00f1os, los estudiantes comienzan a transitar hacia la vida adulta. Esto implica que, adem\u00e1s de continuar con los aprendizajes curriculares, los cuales adquieren un enfoque cada vez m\u00e1s pr\u00e1ctico, se integran nuevos contenidos destinados a maximizar sus capacidades y explorar su potencial al m\u00e1ximo.<\/p>\n<p class=\"p1\">El programa busca desarrollar las habilidades y destrezas de los alumnos en tres \u00e1mbitos fundamentales:<\/p>\n<p class=\"p1\">\u2022 \u00c1mbito personal<\/p>\n<p class=\"p1\">\u2022 \u00c1mbito social<\/p>\n<p class=\"p1\">\u2022 \u00c1mbito laboral y profesional<\/p>\n<p class=\"p1\">Estos \u00e1mbitos permiten un aprendizaje integral gracias a la interconexi\u00f3n de todos los m\u00f3dulos impartidos. Se hace especial \u00e9nfasis en programas que promueven la autonom\u00eda del alumnado, priorizando actividades funcionales que refuercen las habilidades adaptativas aplicables a su vida cotidiana.<\/p>\n<\/div>\n\r\n\t\t<\/div>\r\n\t<\/div>\r\n<div class=\"vc_row wpb_row vc_inner row\"><div class=\"vc_column_container col-md-12\"><div class=\"wpb_wrapper vc_column-inner\"><div class=\"vc_btn3-container vc_btn3-inline vc_custom_1766511108560 vc_do_btn\" >\r\n\t<a class=\"vc_btn3 vc_btn3-shape-default wpb_custom_6687b26f39488ddbb85ddb3c1ce8e111 btn btn-modern btn-md btn-dark\" href=\"\/wp-content\/uploads\/2025\/12\/2-16-12-41.admin_.Calendario_Aspanaex_25_26.pdf\" title=\"\" target=\"_blank\" rel=\"nofollow\">Calendario Escolar 2025-26<\/a>\t<\/div>\r\n<div class=\"vc_btn3-container vc_btn3-inline vc_do_btn\" >\r\n\t<a class=\"vc_btn3 vc_btn3-shape-default wpb_custom_6687b26f39488ddbb85ddb3c1ce8e111 btn btn-modern btn-md btn-dark\" href=\"https:\/\/drive.google.com\/file\/d\/1A7bkQlzyJ9SPRIk3XhtKIz19O4ugabXv\/view?usp=sharing\" title=\"\" target=\"_blank\" rel=\"nofollow noopener\">V\u00eddeo Presentaci\u00f3n centro educativo<\/a>\t<\/div>\r\n<\/div><\/div><\/div><\/div><\/div><div class=\"vc_column_container col-md-12\"><div class=\"wpb_wrapper vc_column-inner\"><div class=\"vc_row wpb_row vc_inner row vc_custom_1766511120182\"><div class=\"vc_column_container col-md-3\"><div class=\"wpb_wrapper vc_column-inner\"><div class=\"porto-sicon-box  wpb_custom_1efe903570d178ff0a9b7bfa5febd3a4 style_1 left-icon\"><div class=\"porto-sicon-left\"><div class=\"porto-just-icon-wrapper porto-icon none\" style=\"color:var(--porto-primary-color);font-size:28px;\"><i class=\"far fa-calendar\"><\/i><\/div><\/div><div class=\"porto-sicon-body\"><div class=\"porto-sicon-header\"><h3 class=\"porto-sicon-title\" style=\"font-weight:700;font-size:16.8px;\">Programas<\/h3><\/div> <!-- header --><div class=\"porto-sicon-description\" style=\"\">\n<div>\n<table id=\"box-table-jrp\" class=\"sizeFull\">\n<tbody>\n<tr>\n<td>Estimulaci\u00f3n Multisensorial<\/td>\n<\/tr>\n<tr>\n<td>Psicomotricidad<\/td>\n<\/tr>\n<tr>\n<td>Taller de Cocina<\/td>\n<\/tr>\n<\/tbody>\n<\/table>\n<\/div>\n<p><\/div> <!-- description --><\/div><\/div><!-- porto-sicon-box --><\/div><\/div><div class=\"vc_column_container col-md-3\"><div class=\"wpb_wrapper vc_column-inner\"><div class=\"porto-sicon-box  wpb_custom_1efe903570d178ff0a9b7bfa5febd3a4 style_1 left-icon\"><div class=\"porto-sicon-left\"><div class=\"porto-just-icon-wrapper porto-icon none\" style=\"color:var(--porto-primary-color);font-size:28px;\"><i class=\"fas fa-running\"><\/i><\/div><\/div><div class=\"porto-sicon-body\"><div class=\"porto-sicon-header\"><h3 class=\"porto-sicon-title\" style=\"font-weight:700;font-size:16.8px;\">Actividades<\/h3><\/div> <!-- header --><div class=\"porto-sicon-description\" style=\"\">\n<div>\n<table id=\"box-table-jrp\" class=\"sizeFull\">\n<tbody>\n<tr>\n<td>Intercentros<\/td>\n<\/tr>\n<tr>\n<td>Salidas<\/td>\n<\/tr>\n<tr>\n<td>Fiestas y celebraciones<\/td>\n<\/tr>\n<\/tbody>\n<\/table>\n<\/div>\n<p><\/div> <!-- description --><\/div><\/div><!-- porto-sicon-box --><\/div><\/div><div class=\"vc_column_container col-md-6\"><div class=\"wpb_wrapper vc_column-inner\"><div class=\"porto-sicon-box  wpb_custom_1efe903570d178ff0a9b7bfa5febd3a4 style_1 left-icon\"><div class=\"porto-sicon-left\"><div class=\"porto-just-icon-wrapper porto-icon none\" style=\"color:var(--porto-primary-color);font-size:28px;\"><i class=\"fas fa-cog\"><\/i><\/div><\/div><div class=\"porto-sicon-body\"><div class=\"porto-sicon-header\"><h3 class=\"porto-sicon-title\" style=\"font-weight:700;font-size:16.8px;\">Servizos<\/h3><\/div> <!-- header --><div class=\"porto-sicon-description\" style=\"\">As\u00ed mismo, y de acuerdo con las valoraciones y necesidades individuales, participan en los siguientes SERVICIOS: Actividades f\u00edsico-deportivas, Fisioterapia, Logopedia, Psicolog\u00eda, Trabajo social, Ocio, Comedor y Transporte.<\/div> <!-- description --><\/div><\/div><!-- porto-sicon-box --><\/div><\/div><\/div><\/div><\/div><\/div><\/div><\/div><div class=\"vc_row wpb_row top-row call-to-action-in-footer vc_custom_1766465432914 vc_row-has-fill porto-inner-container wpb_custom_034b39d9bc6c6b310d69e39f0ccf274f\"><div class=\"porto-wrap-container container\"><div class=\"row\"><div class=\"vc_column_container col-md-8\"><div class=\"wpb_wrapper vc_column-inner\"><h3 style=\"font-size: 28px;color: var(--porto-light-color)\" class=\"vc_custom_heading vc_do_custom_heading mb-3 wpb_custom_aa365bd5046e8294520b4e73732b9d15 align-left\" >\u00bfNecesitas ayuda o quieres m\u00e1s informaci\u00f3n?<\/h3><\/div><\/div><div class=\"vc_column_container col-md-4\"><div class=\"wpb_wrapper vc_column-inner\"><div class=\"vc_btn3-container  mb-0 font-weight-semibold vc_btn3-inline vc_do_btn\" >\r\n\t<a class=\"vc_btn3 vc_btn3-shape-default wpb_custom_6687b26f39488ddbb85ddb3c1ce8e111 btn btn-lg btn-light\" style=\"letter-spacing:-.5px; padding:1.15em 1.75em;\" href=\"\/gl\/contacto\/\" title=\"\">Contacta Con Nosotros<\/a>\t<\/div>\r\n<\/div><\/div><\/div><\/div><\/div>\n<\/div>","protected":false},"excerpt":{"rendered":"Centro Educativo Inicio &gt; Centros &gt; Centro Educativo Centro Educativo Somos un\u00a0Centro de Educaci\u00f3n Especial concertado con la\u00a0Conseller\u00eda de Cultura, Educaci\u00f3n, Formaci\u00f3n Profesional e Universidades de la Xunta de Galicia dedicado a atender a alumnos y alumnas con necesidades educativas especiales desde los 3 hasta los 21 a\u00f1os. Nuestra misi\u00f3n es promover la igualdad de [...]","protected":false},"author":5,"featured_media":0,"parent":70,"menu_order":0,"comment_status":"closed","ping_status":"closed","template":"","meta":{"footnotes":""},"class_list":["post-1658","page","type-page","status-publish","hentry"],"_links":{"self":[{"href":"https:\/\/www.aspanaex.org\/gl\/wp-json\/wp\/v2\/pages\/1658","targetHints":{"allow":["GET"]}}],"collection":[{"href":"https:\/\/www.aspanaex.org\/gl\/wp-json\/wp\/v2\/pages"}],"about":[{"href":"https:\/\/www.aspanaex.org\/gl\/wp-json\/wp\/v2\/types\/page"}],"author":[{"embeddable":true,"href":"https:\/\/www.aspanaex.org\/gl\/wp-json\/wp\/v2\/users\/5"}],"replies":[{"embeddable":true,"href":"https:\/\/www.aspanaex.org\/gl\/wp-json\/wp\/v2\/comments?post=1658"}],"version-history":[{"count":51,"href":"https:\/\/www.aspanaex.org\/gl\/wp-json\/wp\/v2\/pages\/1658\/revisions"}],"predecessor-version":[{"id":4445,"href":"https:\/\/www.aspanaex.org\/gl\/wp-json\/wp\/v2\/pages\/1658\/revisions\/4445"}],"up":[{"embeddable":true,"href":"https:\/\/www.aspanaex.org\/gl\/wp-json\/wp\/v2\/pages\/70"}],"wp:attachment":[{"href":"https:\/\/www.aspanaex.org\/gl\/wp-json\/wp\/v2\/media?parent=1658"}],"curies":[{"name":"wp","href":"https:\/\/api.w.org\/{rel}","templated":true}]}}