{"id":3393,"date":"2025-09-13T16:11:07","date_gmt":"2025-09-13T14:11:07","guid":{"rendered":"https:\/\/www.aspanaex.org\/about-us-basic-2\/"},"modified":"2025-12-30T11:35:11","modified_gmt":"2025-12-30T10:35:11","slug":"politica-de-calidad","status":"publish","type":"page","link":"https:\/\/www.aspanaex.org\/gl\/aspanaex\/politica-de-calidad\/","title":{"rendered":"Pol\u00edtica de Calidad"},"content":{"rendered":"<div class=\"wpb-content-wrapper\"><div class=\"vc_row wpb_row row top-row porto_stretch_css stretch_row_content_css wpb_custom_034b39d9bc6c6b310d69e39f0ccf274f\"><div class=\"vc_column_container col-md-12 vc_custom_1766410138838\"><div class=\"wpb_wrapper vc_column-inner\"><div class=\"porto-ibanner interactive-banner-wrap-07dd21040fa50768c9d370ae74e47015 vc_custom_1766602583814\" style=\"min-height:250px;\"><img loading=\"lazy\" decoding=\"async\" alt=\"\" width=\"1760\" height=\"825\" class=\"porto-ibanner-img\" src=\"https:\/\/www.aspanaex.org\/wp-content\/uploads\/2025\/12\/38.webp\" srcset=\"https:\/\/www.aspanaex.org\/wp-content\/uploads\/2025\/12\/38.webp 1760w, https:\/\/www.aspanaex.org\/wp-content\/uploads\/2025\/12\/38-1024x480.webp 1024w, https:\/\/www.aspanaex.org\/wp-content\/uploads\/2025\/12\/38-768x360.webp 768w, https:\/\/www.aspanaex.org\/wp-content\/uploads\/2025\/12\/38-1536x720.webp 1536w, https:\/\/www.aspanaex.org\/wp-content\/uploads\/2025\/12\/38-640x300.webp 640w, https:\/\/www.aspanaex.org\/wp-content\/uploads\/2025\/12\/38-600x281.webp 600w\" sizes=\"auto, (max-width: 1760px) 100vw, 1760px\"><div class=\"porto-ibanner-desc no-padding d-flex\"><div class=\"porto-ibanner-layer wpb_custom_2c5109c031829f9c54153ed0e6239ff6 banner-pos-f6356757d4f73384a3f5bc65723ae83a\" style=\"width:100%;\"><h1 style=\"font-size: 3.24em;color: var(--porto-light-color);line-height: 1.1;text-align: center;font-weight:700;letter-spacing:-.5px\" class=\"vc_custom_heading vc_do_custom_heading wpb_custom_aa365bd5046e8294520b4e73732b9d15\" >Pol\u00edtica de Calidad<\/h1><style>.banner-pos-f6356757d4f73384a3f5bc65723ae83a {left: 50%;right: unset;top: 50%;bottom: unset;transform: translate(-50%, -50%);}<\/style><\/div><\/div><\/div><\/div><\/div><\/div><div class=\"vc_row wpb_row top-row vc_custom_1766493016556 porto-inner-container wpb_custom_034b39d9bc6c6b310d69e39f0ccf274f\"><div class=\"porto-wrap-container container\"><div class=\"row\"><div class=\"vc_column_container col-md-12\"><div class=\"wpb_wrapper vc_column-inner\">\r\n\t<div class=\"wpb_text_column wpb_content_element wpb_custom_7c91d232724f73626cc933bd95b25ff0\" >\r\n\t\t<div class=\"wpb_wrapper\">\r\n\t\t\t<div class=\"lectura_facil\">\n<p><a href=\"\/gl\/\">Inicio<\/a> &gt; <a href=\"\/gl\/aspanaex\/\">Aspanaex<\/a> &gt; <a href=\"\/gl\/aspanaex\/politica-de-calidad\/\">Pol\u00edtica de Calidad<\/a><\/p>\n<\/div>\n\r\n\t\t<\/div>\r\n\t<\/div>\r\n<h2 style=\"font-size: 25px\" class=\"vc_custom_heading vc_do_custom_heading vc_custom_1766604518474 wpb_custom_aa365bd5046e8294520b4e73732b9d15 align-left\" ><a href=\"\/wp-content\/uploads\/2025\/12\/8-10-45-47.admin_.politica_de_calidad.pdf\" title=\"Pol\u00edtica de Calidad\">Nuestra <u><b>Pol\u00edtica de Calidad<\/b><\/u><\/a><\/h2>\r\n\t<div class=\"wpb_text_column wpb_content_element wpb_custom_7c91d232724f73626cc933bd95b25ff0\" >\r\n\t\t<div class=\"wpb_wrapper\">\r\n\t\t\t<div class=\"lectura_facil\">\n<p>ASPANAEX entiende que la calidad no es una cuesti\u00f3n de elecci\u00f3n organizacional, es fruto irremediable del derecho de las personas a una vida digna, una vida de calidad y plena ciudadan\u00eda, es un compromiso basado en la \u00e9tica.<\/p>\n<p>ASPANAEX entiende la calidad como una obligaci\u00f3n que emana del derecho de las personas a recibir, tras ser escuchadas y\/o captadas sus necesidades y expectativas, apoyos dignos y significativos para sus vidas, es por tanto el resultado de la interacci\u00f3n de tres componentes esenciales<\/p>\n<\/div>\n\r\n\t\t<\/div>\r\n\t<\/div>\r\n<\/div><\/div><\/div><\/div><\/div><div class=\"vc_row wpb_row top-row vc_custom_1766601879350 porto-inner-container wpb_custom_034b39d9bc6c6b310d69e39f0ccf274f\"><div class=\"porto-wrap-container container\"><div class=\"row\"><div class=\"vc_column_container col-md-12\"><div class=\"wpb_wrapper vc_column-inner\"><div class=\"vc_row wpb_row vc_inner row vc_custom_1766602306608\"><div class=\"m-auto vc_column_container col-md-6\" data-appear-animation=\"fadeInLeft\" data-appear-animation-delay=\"800\"><div class=\"wpb_wrapper vc_column-inner\"><div class=\"porto-sicon-box  wpb_custom_1efe903570d178ff0a9b7bfa5febd3a4 style_1 left-icon\"><div class=\"porto-sicon-left\"><div class=\"porto-just-icon-wrapper porto-icon none\" style=\"color:var(--porto-primary-color);font-size:28px;\"><i class=\"far fa-check-square\"><\/i><\/div><\/div><div class=\"porto-sicon-body\"><div class=\"porto-sicon-header\"><h3 class=\"porto-sicon-title\" style=\"font-weight:700;font-size:16.8px;\">Calidad de vida<\/h3><\/div> <!-- header --><div class=\"porto-sicon-description\" style=\"\">\n<p class=\"p1\">Entendida como la satisfacci\u00f3n de las necesidades y expectativas de los usuarios, familias, profesionales y otros grupos de inter\u00e9s; mejorando la calidad de los servicios a trav\u00e9s de las siguientes dimensiones de la persona: Bienestar emocional, desarrollo personal, relaciones interpersonales, bienestar f\u00edsico, bienestar material, autodeterminaci\u00f3n, inclusi\u00f3n y derechos. Este modelo de calidad de vida representa hoy una contribuci\u00f3n clave en el \u00e1mbito de la educaci\u00f3n, de la salud y de los servicios sociales.<\/p>\n<p><\/div> <!-- description --><\/div><\/div><!-- porto-sicon-box --><\/div><\/div><div class=\"vc_column_container col-md-6\" data-appear-animation=\"fadeIn\" data-appear-animation-delay=\"600\"><div class=\"wpb_wrapper vc_column-inner\">\r\n\t<div class=\"wpb_single_image wpb_content_element vc_align_center wpb_content_element   m-display-none wpb_custom_fff2f5ada858ee2720ea8d6db22ef899\"><div class=\"wpb_wrapper\">\r\n\t\t\t\r\n\t\t\t<a class=\"porto-vc-zoom\" data-gallery=\"false\" data-title=\"\" href=\"https:\/\/www.aspanaex.org\/wp-content\/uploads\/2025\/12\/18-12-53-58.admin_.transporte-adaptado-2.webp\" target=\"_self\" aria-label=\"Zoom the image\"><div class=\"vc_single_image-wrapper vc_box_rounded  vc_box_border_grey\"><img loading=\"lazy\" decoding=\"async\" width=\"800\" height=\"600\" src=\"https:\/\/www.aspanaex.org\/wp-content\/uploads\/2025\/12\/18-12-53-58.admin_.transporte-adaptado-2.webp\" class=\"vc_single_image-img attachment-full\" alt=\"\" title=\"politica-de-calidad\" srcset=\"https:\/\/www.aspanaex.org\/wp-content\/uploads\/2025\/12\/18-12-53-58.admin_.transporte-adaptado-2.webp 800w, https:\/\/www.aspanaex.org\/wp-content\/uploads\/2025\/12\/18-12-53-58.admin_.transporte-adaptado-2-768x576.webp 768w, https:\/\/www.aspanaex.org\/wp-content\/uploads\/2025\/12\/18-12-53-58.admin_.transporte-adaptado-2-463x348.webp 463w, https:\/\/www.aspanaex.org\/wp-content\/uploads\/2025\/12\/18-12-53-58.admin_.transporte-adaptado-2-640x480.webp 640w, https:\/\/www.aspanaex.org\/wp-content\/uploads\/2025\/12\/18-12-53-58.admin_.transporte-adaptado-2-400x300.webp 400w, https:\/\/www.aspanaex.org\/wp-content\/uploads\/2025\/12\/18-12-53-58.admin_.transporte-adaptado-2-367x275.webp 367w, https:\/\/www.aspanaex.org\/wp-content\/uploads\/2025\/12\/18-12-53-58.admin_.transporte-adaptado-2-600x450.webp 600w\" sizes=\"auto, (max-width: 800px) 100vw, 800px\" \/><div class=\"zoom-icon\"><\/div><\/div><\/a>\r\n\t\t<\/div>\r\n\t<\/div>\r\n<\/div><\/div><\/div><div class=\"vc_row wpb_row vc_inner row vc_custom_1766602317056\"><div class=\"vc_column_container col-md-6\" data-appear-animation=\"fadeInLeft\" data-appear-animation-delay=\"800\"><div class=\"wpb_wrapper vc_column-inner\">\r\n\t<div class=\"wpb_single_image wpb_content_element vc_align_center wpb_content_element   m-display-none wpb_custom_fff2f5ada858ee2720ea8d6db22ef899\"><div class=\"wpb_wrapper\">\r\n\t\t\t\r\n\t\t\t<a class=\"porto-vc-zoom\" data-gallery=\"false\" data-title=\"\" href=\"https:\/\/www.aspanaex.org\/wp-content\/uploads\/2025\/12\/26-0-43-19.admin_.E_Vial_3.webp\" target=\"_self\" aria-label=\"Zoom the image\"><div class=\"vc_single_image-wrapper vc_box_rounded  vc_box_border_grey\"><img loading=\"lazy\" decoding=\"async\" width=\"442\" height=\"332\" src=\"https:\/\/www.aspanaex.org\/wp-content\/uploads\/2025\/12\/26-0-43-19.admin_.E_Vial_3.webp\" class=\"vc_single_image-img attachment-full\" alt=\"\" title=\"politica-de-calidad\" srcset=\"https:\/\/www.aspanaex.org\/wp-content\/uploads\/2025\/12\/26-0-43-19.admin_.E_Vial_3.webp 442w, https:\/\/www.aspanaex.org\/wp-content\/uploads\/2025\/12\/26-0-43-19.admin_.E_Vial_3-400x300.webp 400w, https:\/\/www.aspanaex.org\/wp-content\/uploads\/2025\/12\/26-0-43-19.admin_.E_Vial_3-367x276.webp 367w\" sizes=\"auto, (max-width: 442px) 100vw, 442px\" \/><div class=\"zoom-icon\"><\/div><\/div><\/a>\r\n\t\t<\/div>\r\n\t<\/div>\r\n<\/div><\/div><div class=\"m-auto vc_column_container col-md-6\" data-appear-animation=\"fadeIn\" data-appear-animation-delay=\"600\"><div class=\"wpb_wrapper vc_column-inner\"><div class=\"porto-sicon-box  wpb_custom_1efe903570d178ff0a9b7bfa5febd3a4 style_1 left-icon\"><div class=\"porto-sicon-left\"><div class=\"porto-just-icon-wrapper porto-icon none\" style=\"color:var(--porto-primary-color);font-size:28px;\"><i class=\"far fa-check-square\"><\/i><\/div><\/div><div class=\"porto-sicon-body\"><div class=\"porto-sicon-header\"><h3 class=\"porto-sicon-title\" style=\"font-weight:700;font-size:16.8px;\">Calidad en la gesti\u00f3n<\/h3><\/div> <!-- header --><div class=\"porto-sicon-description\" style=\"\">\n<p class=\"p1\">Construir calidad de vida no debe ser meramente fruto de una intenci\u00f3n,\u00a0 a la intenci\u00f3n debe vincularse la gesti\u00f3n necesaria para su logro y, con ella, los principios fundamentales de la calidad total: liderazgo y constancia de objetivos, orientaci\u00f3n al cliente, orientaci\u00f3n a los resultados, desarrollo e implicaci\u00f3n de las personas, aprendizaje e innovaci\u00f3n y mejora continuos, desarrollo de alianzas, gesti\u00f3n por procesos y hechos, responsabilidad social; garantizando la conformidad de los requisitos de las administraciones p\u00fablicas y clientes o beneficiarios finales.<\/p>\n<p><\/div> <!-- description --><\/div><\/div><!-- porto-sicon-box --><\/div><\/div><\/div><div class=\"vc_row wpb_row vc_inner row vc_custom_1766495195387\"><div class=\"m-auto vc_column_container col-md-6\" data-appear-animation=\"fadeInLeft\" data-appear-animation-delay=\"800\"><div class=\"wpb_wrapper vc_column-inner\"><div class=\"porto-sicon-box  wpb_custom_1efe903570d178ff0a9b7bfa5febd3a4 style_1 left-icon\"><div class=\"porto-sicon-left\"><div class=\"porto-just-icon-wrapper porto-icon none\" style=\"color:var(--porto-primary-color);font-size:28px;\"><i class=\"far fa-check-square\"><\/i><\/div><\/div><div class=\"porto-sicon-body\"><div class=\"porto-sicon-header\"><h3 class=\"porto-sicon-title\" style=\"font-weight:700;font-size:16.8px;\">Compromiso \u00e9tico<\/h3><\/div> <!-- header --><div class=\"porto-sicon-description\" style=\"\">\n<p class=\"p1\">Se<span class=\"Apple-converted-space\">\u00a0 <\/span>adopta el paradigma de la calidad no s\u00f3lo como un referente t\u00e9cnico para mejorar los apoyos y los servicios que presta, sino como un valor que, con su aplicaci\u00f3n pr\u00e1ctica, se favorecen los comportamientos \u00e9ticos con las personas; un valor que ofrece m\u00e1s garant\u00edas de tratos y actitudes de respeto y de dignidad de la persona.<\/p>\n<p><\/div> <!-- description --><\/div><\/div><!-- porto-sicon-box --><\/div><\/div><div class=\"vc_column_container col-md-6\" data-appear-animation=\"fadeIn\" data-appear-animation-delay=\"600\"><div class=\"wpb_wrapper vc_column-inner\">\r\n\t<div class=\"wpb_single_image wpb_content_element vc_align_center wpb_content_element   m-display-none wpb_custom_fff2f5ada858ee2720ea8d6db22ef899\"><div class=\"wpb_wrapper\">\r\n\t\t\t\r\n\t\t\t<a class=\"porto-vc-zoom\" data-gallery=\"false\" data-title=\"\" href=\"https:\/\/www.aspanaex.org\/wp-content\/uploads\/2025\/12\/17-12-37-47.admin_.fisio-barras.webp\" target=\"_self\" aria-label=\"Zoom the image\"><div class=\"vc_single_image-wrapper vc_box_rounded  vc_box_border_grey\"><img loading=\"lazy\" decoding=\"async\" width=\"800\" height=\"600\" src=\"https:\/\/www.aspanaex.org\/wp-content\/uploads\/2025\/12\/17-12-37-47.admin_.fisio-barras.webp\" class=\"vc_single_image-img attachment-full\" alt=\"\" title=\"compromiso-etico-aspanaex\" srcset=\"https:\/\/www.aspanaex.org\/wp-content\/uploads\/2025\/12\/17-12-37-47.admin_.fisio-barras.webp 800w, https:\/\/www.aspanaex.org\/wp-content\/uploads\/2025\/12\/17-12-37-47.admin_.fisio-barras-768x576.webp 768w, https:\/\/www.aspanaex.org\/wp-content\/uploads\/2025\/12\/17-12-37-47.admin_.fisio-barras-463x348.webp 463w, https:\/\/www.aspanaex.org\/wp-content\/uploads\/2025\/12\/17-12-37-47.admin_.fisio-barras-640x480.webp 640w, https:\/\/www.aspanaex.org\/wp-content\/uploads\/2025\/12\/17-12-37-47.admin_.fisio-barras-400x300.webp 400w, https:\/\/www.aspanaex.org\/wp-content\/uploads\/2025\/12\/17-12-37-47.admin_.fisio-barras-367x275.webp 367w, https:\/\/www.aspanaex.org\/wp-content\/uploads\/2025\/12\/17-12-37-47.admin_.fisio-barras-600x450.webp 600w\" sizes=\"auto, (max-width: 800px) 100vw, 800px\" \/><div class=\"zoom-icon\"><\/div><\/div><\/a>\r\n\t\t<\/div>\r\n\t<\/div>\r\n<\/div><\/div><\/div><div class=\"vc_row wpb_row vc_inner row vc_custom_1766604626742\"><div class=\"vc_column_container col-md-12\" data-appear-animation=\"fadeInLeft\" data-appear-animation-delay=\"800\"><div class=\"wpb_wrapper vc_column-inner\">\r\n\t<div class=\"wpb_text_column wpb_content_element vc_custom_1766604585729 wpb_custom_7c91d232724f73626cc933bd95b25ff0\" >\r\n\t\t<div class=\"wpb_wrapper\">\r\n\t\t\t<div class=\"lectura_facil\">\n<p class=\"p1\" style=\"text-align: left;\"><b>En concreto, ASPANAEX asume, a modo de pol\u00edtica<span class=\"Apple-converted-space\">\u00a0 <\/span>de calidad, los siguientes principios: <\/b><\/p>\n<ul class=\"ul1\">\n<li class=\"li2\" style=\"text-align: left;\">Una concepci\u00f3n de la discapacidad intelectual que afirma el valor de toda persona por encima de sus perfiles de capacidad y limitaci\u00f3n.<\/li>\n<li class=\"li2\" style=\"text-align: left;\">Cualquier persona puede permanentemente progresar si cuenta con los apoyos adecuados.<\/li>\n<li class=\"li2\" style=\"text-align: left;\">El papel del entorno es esencial.<\/li>\n<li class=\"li2\" style=\"text-align: left;\">La familia es la base de inclusi\u00f3n social.<\/li>\n<li class=\"li2\" style=\"text-align: left;\">La persona debe ser agente esencial en la construcci\u00f3n de su destino y en la planificaci\u00f3n de su futuro.<\/li>\n<\/ul>\n<\/div>\n\r\n\t\t<\/div>\r\n\t<\/div>\r\n<\/div><\/div><\/div><\/div><\/div><\/div><\/div><\/div>\n<\/div>","protected":false},"excerpt":{"rendered":"Pol\u00edtica de Calidad Inicio &gt; Aspanaex &gt; Pol\u00edtica de Calidad Nuestra Pol\u00edtica de Calidad ASPANAEX entiende que la calidad no es una cuesti\u00f3n de elecci\u00f3n organizacional, es fruto irremediable del derecho de las personas a una vida digna, una vida de calidad y plena ciudadan\u00eda, es un compromiso basado en la \u00e9tica. ASPANAEX entiende la [...]","protected":false},"author":5,"featured_media":0,"parent":58,"menu_order":0,"comment_status":"closed","ping_status":"closed","template":"","meta":{"footnotes":""},"class_list":["post-3393","page","type-page","status-publish","hentry"],"_links":{"self":[{"href":"https:\/\/www.aspanaex.org\/gl\/wp-json\/wp\/v2\/pages\/3393","targetHints":{"allow":["GET"]}}],"collection":[{"href":"https:\/\/www.aspanaex.org\/gl\/wp-json\/wp\/v2\/pages"}],"about":[{"href":"https:\/\/www.aspanaex.org\/gl\/wp-json\/wp\/v2\/types\/page"}],"author":[{"embeddable":true,"href":"https:\/\/www.aspanaex.org\/gl\/wp-json\/wp\/v2\/users\/5"}],"replies":[{"embeddable":true,"href":"https:\/\/www.aspanaex.org\/gl\/wp-json\/wp\/v2\/comments?post=3393"}],"version-history":[{"count":42,"href":"https:\/\/www.aspanaex.org\/gl\/wp-json\/wp\/v2\/pages\/3393\/revisions"}],"predecessor-version":[{"id":4456,"href":"https:\/\/www.aspanaex.org\/gl\/wp-json\/wp\/v2\/pages\/3393\/revisions\/4456"}],"up":[{"embeddable":true,"href":"https:\/\/www.aspanaex.org\/gl\/wp-json\/wp\/v2\/pages\/58"}],"wp:attachment":[{"href":"https:\/\/www.aspanaex.org\/gl\/wp-json\/wp\/v2\/media?parent=3393"}],"curies":[{"name":"wp","href":"https:\/\/api.w.org\/{rel}","templated":true}]}}