{"id":3407,"date":"2025-11-13T16:11:07","date_gmt":"2025-11-13T15:11:07","guid":{"rendered":"https:\/\/www.aspanaex.org\/about-us-basic\/politica-de-calidad-2\/"},"modified":"2025-12-30T11:35:05","modified_gmt":"2025-12-30T10:35:05","slug":"nuestra-organizacion","status":"publish","type":"page","link":"https:\/\/www.aspanaex.org\/gl\/aspanaex\/nuestra-organizacion\/","title":{"rendered":"A nosa organizaci\u00f3n"},"content":{"rendered":"<div class=\"wpb-content-wrapper\"><div class=\"vc_row wpb_row row top-row porto_stretch_css stretch_row_content_css wpb_custom_034b39d9bc6c6b310d69e39f0ccf274f\"><div class=\"vc_column_container col-md-12 vc_custom_1766410138838\"><div class=\"wpb_wrapper vc_column-inner\"><div class=\"porto-ibanner interactive-banner-wrap-07dd21040fa50768c9d370ae74e47015 vc_custom_1766600388876\" style=\"min-height:250px;\"><img loading=\"lazy\" decoding=\"async\" alt=\"\" width=\"1760\" height=\"825\" class=\"porto-ibanner-img\" src=\"https:\/\/www.aspanaex.org\/wp-content\/uploads\/2025\/12\/38.webp\" srcset=\"https:\/\/www.aspanaex.org\/wp-content\/uploads\/2025\/12\/38.webp 1760w, https:\/\/www.aspanaex.org\/wp-content\/uploads\/2025\/12\/38-1024x480.webp 1024w, https:\/\/www.aspanaex.org\/wp-content\/uploads\/2025\/12\/38-768x360.webp 768w, https:\/\/www.aspanaex.org\/wp-content\/uploads\/2025\/12\/38-1536x720.webp 1536w, https:\/\/www.aspanaex.org\/wp-content\/uploads\/2025\/12\/38-640x300.webp 640w, https:\/\/www.aspanaex.org\/wp-content\/uploads\/2025\/12\/38-600x281.webp 600w\" sizes=\"auto, (max-width: 1760px) 100vw, 1760px\"><div class=\"porto-ibanner-desc no-padding d-flex\"><div class=\"porto-ibanner-layer wpb_custom_2c5109c031829f9c54153ed0e6239ff6 banner-pos-f6356757d4f73384a3f5bc65723ae83a\" style=\"width:100%;\"><h1 style=\"font-size: 3.24em;color: var(--porto-light-color);line-height: 1.1;text-align: center;font-weight:700;letter-spacing:-.5px\" class=\"vc_custom_heading vc_do_custom_heading wpb_custom_aa365bd5046e8294520b4e73732b9d15\" >A nosa organizaci\u00f3n<\/h1><style>.banner-pos-f6356757d4f73384a3f5bc65723ae83a {left: 50%;right: unset;top: 50%;bottom: unset;transform: translate(-50%, -50%);}<\/style><\/div><\/div><\/div><\/div><\/div><\/div><div class=\"vc_row wpb_row top-row vc_custom_1766493016556 porto-inner-container wpb_custom_034b39d9bc6c6b310d69e39f0ccf274f\"><div class=\"porto-wrap-container container\"><div class=\"row\"><div class=\"vc_column_container col-md-12\"><div class=\"wpb_wrapper vc_column-inner\">\r\n\t<div class=\"wpb_text_column wpb_content_element wpb_custom_7c91d232724f73626cc933bd95b25ff0\" >\r\n\t\t<div class=\"wpb_wrapper\">\r\n\t\t\t<div class=\"lectura_facil\">\n<p><a href=\"\/gl\/\">Inicio<\/a> &gt; <a href=\"\/gl\/aspanaex\/\">Aspanaex<\/a> &gt; <a href=\"\/gl\/aspanaex\/nuestra-organizacion\/\">A nosa organizaci\u00f3n<\/a><\/p>\n<\/div>\n\r\n\t\t<\/div>\r\n\t<\/div>\r\n<h2 style=\"font-size: 25px\" class=\"vc_custom_heading vc_do_custom_heading vc_custom_1766600538860 wpb_custom_aa365bd5046e8294520b4e73732b9d15 align-left\" >\u00d3rgano <b> de gobierno<\/b><\/h2>\r\n\t<div class=\"wpb_text_column wpb_content_element wpb_custom_7c91d232724f73626cc933bd95b25ff0\" >\r\n\t\t<div class=\"wpb_wrapper\">\r\n\t\t\t<div class=\"lectura_facil\">\n<p>Se regir\u00e1 por un sistema de autogobierno y el principio de representaci\u00f3n a trav\u00e9s de los siguientes \u00f3rganos:<\/p>\n<p><strong>ASAMBLEA GENERAL<\/strong>\u00a0 \u00a0Est\u00e1 constituida por todos los socios con derecho a voto y es el \u00f3rgano supremo de la Asoicaci\u00f3n. Sus acuerdos obligan a todos los socios, a\u00fan a los ausentes o disidentes.<\/p>\n<p><strong>JUNTA DIRECTIVA<\/strong>\u00a0 \u00a0Le corresponde el gobierno de la Asociaci\u00f3n. Este cargo es gratuito y honor\u00edfico. La duraci\u00f3n del mandato ser\u00e1 de cuatro a\u00f1os, pudiendo ser reelegidos. El cargo de Presidente no podr\u00e1 tener una duraci\u00f3n superior a ocho a\u00f1os consecutivos. En la \u00daltima Asamblea celebrada el 19-05-2025, se eligi\u00f3 una nueva junta directiva siendo su composici\u00f3n la siguiente:<\/p>\n<p class=\"p1\"><span class=\"s1\"><b>PRESIDENTE<\/b><\/span><\/p>\n<p class=\"p1\">Alberto<span class=\"Apple-converted-space\">\u00a0 <\/span>Bernardez<span class=\"Apple-converted-space\">\u00a0 <\/span>Correa<\/p>\n<p class=\"p1\"><span class=\"s1\"><b>VICEPRESIDENTE<\/b><\/span><\/p>\n<p class=\"p1\">Emilio Viana Rodriguez<\/p>\n<p class=\"p1\"><span class=\"s1\"><b>SECRETARIA<\/b><\/span><\/p>\n<p class=\"p1\">M\u00ba Isabel Miranda Ferreiro<\/p>\n<p class=\"p1\"><span class=\"s1\"><b>TESORERO<\/b><\/span><\/p>\n<p class=\"p1\">Cesar Blanco G\u00f3mez<\/p>\n<p class=\"p1\"><strong>VOCALES<\/strong><\/p>\n<p class=\"p1\">PAULA PICHEL PICHEL<\/p>\n<p class=\"p1\">PATRICIA GUISANDE ALONSO<\/p>\n<p class=\"p1\">JAVIER FANDI\u00d1O CARNERO<\/p>\n<p class=\"p1\">IGNACIO SANTAMARIA ALVAREZ<\/p>\n<p class=\"p1\">MARIA ASUNCION LEDO<span class=\"Apple-converted-space\">\u00a0 <\/span>LAMEIRO<\/p>\n<p class=\"p2\">PATRICIA LAGO ALONSO<\/p>\n<p><strong>COMISI\u00d3N PERMANENTE<\/strong>\u00a0 \u00a0Ten como misi\u00f3n todos aqueles asuntos que, polo seu car\u00e1cter especial, encom\u00e9ndalle a Xunta Directiva co fin de dar maior agilidad \u00e1s xesti\u00f3ns da Asociaci\u00f3n. Ser\u00e1n membros da mesma: Presidente, Vicepresidente, Secretario, Tesorero e un Vocal (elexido polo Presidente).<\/p>\n<p><strong>\u00d3RGANO CONSULTIVO<\/strong>\u00a0 \u00a0Se encarga de asesorar a la Junta Directiva en todos aquellos temas y ocasiones en que sean requeridos al efecto. Desde la Asamblea celebrada en mayo de 2025, obstentan este cargo,<span class=\"Apple-converted-space\">\u00a0 <\/span>M\u00aa TERESA GALISTEO DE LA FUENTE ( EX PRESIDENTA) Y D. JOSE MANUEL CARBALLO CABEZAS ( EX VICEPRESIDENTE). D. ANDR\u00c9S CADAH\u00cdA V\u00c1ZQUEZ<\/p>\n<\/div>\n\r\n\t\t<\/div>\r\n\t<\/div>\r\n<div class=\"vc_btn3-container vc_btn3-inline vc_do_btn\" >\r\n\t<a class=\"vc_general vc_btn3 vc_btn3-size-md vc_btn3-shape-default vc_btn3-style-classic wpb_custom_6687b26f39488ddbb85ddb3c1ce8e111 vc_btn3-color-grey btn\" href=\"\/wp-content\/uploads\/2025\/12\/ORGANIGRAMA-ASPANAEX-2025.pdf\" title=\"\">ORGANIGRAMA<\/a>\t<\/div>\r\n<\/div><\/div><\/div><\/div><\/div><div class=\"vc_row wpb_row top-row vc_custom_1766493008675 porto-inner-container wpb_custom_034b39d9bc6c6b310d69e39f0ccf274f\"><div class=\"porto-wrap-container container\"><div class=\"row\"><div class=\"vc_column_container col-md-12\"><div class=\"wpb_wrapper vc_column-inner\"><h2 style=\"font-size: 25px\" class=\"vc_custom_heading vc_do_custom_heading vc_custom_1766600584696 wpb_custom_aa365bd5046e8294520b4e73732b9d15 align-left\" >\u00d3rgano <b>ejecutivo<\/b><\/h2>\r\n\t<div class=\"wpb_text_column wpb_content_element wpb_custom_7c91d232724f73626cc933bd95b25ff0\" >\r\n\t\t<div class=\"wpb_wrapper\">\r\n\t\t\t<div class=\"lectura_facil\">\n<div><strong>Xerencia<\/strong>:\u00a0 BEATRIZ MAC\u00cdAS L\u00d3PEZ<\/div>\n<div><\/div>\n<div><a href=\"http:\/\/www.aspanaex.org\/index.php?V_dir=MSC&amp;V_mod=showproyecto&amp;idproyectocategoria=19\" target=\"_blank\" rel=\"noopener\"><strong>Servicios Comunes:<\/strong><\/a><\/div>\n<ul>\n<li>Administraci\u00f3n:\u00a0 M\u00aa Cruz M\u00e9ndez\u00a0 y M\u00aa Jes\u00fas Otero<\/li>\n<li>Responsable Calidad:\u00a0 Alfredo Sousa<\/li>\n<li>Trabajo Social:\u00a0 M\u00aa Jes\u00fas Varela<\/li>\n<li>Educadora social: Natalia Rivera<\/li>\n<li>Terapeuta ocupacional: Lara Cancio<\/li>\n<li>Fisioterapeuta:\u00a0 Alberto Rodal, Ana F. Barbosa<\/li>\n<li>Logopedas:\u00a0 Raquel P\u00e9rez , Judit Andrade<\/li>\n<li>Actividades F\u00edsico &#8211; Deportivas:\u00a0 Jes\u00fas Cadah\u00eda (Responsable), Javier Vidal, Jorge Mart\u00ednez<\/li>\n<li>Psic\u00f3logos:\u00a0 Juan Jos\u00e9 Fonseca, Judith Mart\u00ednez y Ant\u00eda S\u00e1nchez<\/li>\n<li>Mantenimiento:\u00a0 Aitor Ares<\/li>\n<\/ul>\n<p><a href=\"http:\/\/www.aspanaex.org\/gl\/educacion_especial.html\/\" target=\"_blank\" rel=\"noopener\"><strong>Centro\u00a0Educativo:<\/strong><\/a><\/p>\n<ul>\n<li>Directora:\u00a0 Ana Fern\u00e1ndez Cerecedo<\/li>\n<li>Jefe de Estudios: \u00a0\u00c1lvaro Rodr\u00edguez<\/li>\n<li>Profesores: Marta Sotelo, Ana Fern\u00e1ndez, \u00c1lvaro Rodr\u00edguez, Paloma Bandeira, Miguel \u00c1ngel Rodr\u00edguez<\/li>\n<li>Profesor de apoyo: Isaac Costas<\/li>\n<li>Atenci\u00f3n Directa: Xian Seoage, Maria Jes\u00fas Abalde, Sabina Loureiro, Sara L\u00f3pez, Laura Varela<\/li>\n<li>Personal auxiliar de atenci\u00f3n directa<\/li>\n<\/ul>\n<p><a href=\"http:\/\/www.aspanaex.org\/gl\/centro_dia.html\/\" target=\"_blank\" rel=\"noopener\"><strong>Centro de D\u00eda:<\/strong><\/a><\/p>\n<ul>\n<li>Direcci\u00f3n T\u00e9cnica:\u00a0Alfredo Sousa<\/li>\n<li>Atenci\u00f3n Directa: Fernanda Alonso, Jose L. J\u00e1come, Francisco J. Ferro,\u00a0Esther Carbajales, Anxo Martinez, Luisa Virulegio, M\u00aa F\u00e1tima Vidal, Itziar Camino Lorenzo, Brais Barreiro<\/li>\n<\/ul>\n<p><a href=\"http:\/\/www.aspanaex.org\/gl\/centro_ocupacional.html\/\" target=\"_blank\" rel=\"noopener\"><strong>Centro Ocupacional:<\/strong><\/a><\/p>\n<ul>\n<li>Direcci\u00f3n T\u00e9cnica:\u00a0\u00a0Alfredo Sousa<\/li>\n<li>Atenci\u00f3n Directa: Deolinda Caride, Ana Mart\u00ednez, M\u00aa Mar Estevez, Lorena Vilar, Concepci\u00f3n Lorenzo, Ana Trapero, Iago Chao, Luz Pumar, Itziar Lorenzo, Laura Varela, Montserrat Rial<\/li>\n<li>Trabajo Social<\/li>\n<li>Fisioterapeuta<\/li>\n<li>Logopeda<\/li>\n<\/ul>\n<p><a href=\"http:\/\/www.aspanaex.org\/gl\/piso_tutelado.html\/\" target=\"_blank\" rel=\"noopener\"><strong>Vivienda Tutelada:<\/strong><\/a><\/p>\n<ul>\n<li>Atenci\u00f3n Directa:\u00a0 Eva Refojos , Cristina Gonz\u00e1lez, Consuelo Gil<\/li>\n<\/ul>\n<\/div>\n\r\n\t\t<\/div>\r\n\t<\/div>\r\n<\/div><\/div><\/div><\/div><\/div>\n<\/div>","protected":false},"excerpt":{"rendered":"Nuestra Organizaci\u00f3n Inicio &gt; Aspanaex &gt; Nuestra Organizaci\u00f3n \u00d3rgano de gobierno Se regir\u00e1 por un sistema de autogobierno y el principio de representaci\u00f3n a trav\u00e9s de los siguientes \u00f3rganos: ASAMBLEA GENERAL\u00a0 \u00a0Est\u00e1 constituida por todos los socios con derecho a voto y es el \u00f3rgano supremo de la Asoicaci\u00f3n. Sus acuerdos obligan a todos los [...]","protected":false},"author":5,"featured_media":0,"parent":58,"menu_order":0,"comment_status":"closed","ping_status":"closed","template":"","meta":{"footnotes":""},"class_list":["post-3407","page","type-page","status-publish","hentry"],"_links":{"self":[{"href":"https:\/\/www.aspanaex.org\/gl\/wp-json\/wp\/v2\/pages\/3407","targetHints":{"allow":["GET"]}}],"collection":[{"href":"https:\/\/www.aspanaex.org\/gl\/wp-json\/wp\/v2\/pages"}],"about":[{"href":"https:\/\/www.aspanaex.org\/gl\/wp-json\/wp\/v2\/types\/page"}],"author":[{"embeddable":true,"href":"https:\/\/www.aspanaex.org\/gl\/wp-json\/wp\/v2\/users\/5"}],"replies":[{"embeddable":true,"href":"https:\/\/www.aspanaex.org\/gl\/wp-json\/wp\/v2\/comments?post=3407"}],"version-history":[{"count":20,"href":"https:\/\/www.aspanaex.org\/gl\/wp-json\/wp\/v2\/pages\/3407\/revisions"}],"predecessor-version":[{"id":4454,"href":"https:\/\/www.aspanaex.org\/gl\/wp-json\/wp\/v2\/pages\/3407\/revisions\/4454"}],"up":[{"embeddable":true,"href":"https:\/\/www.aspanaex.org\/gl\/wp-json\/wp\/v2\/pages\/58"}],"wp:attachment":[{"href":"https:\/\/www.aspanaex.org\/gl\/wp-json\/wp\/v2\/media?parent=3407"}],"curies":[{"name":"wp","href":"https:\/\/api.w.org\/{rel}","templated":true}]}}