{"id":3432,"date":"2025-11-13T16:11:07","date_gmt":"2025-11-13T15:11:07","guid":{"rendered":"https:\/\/www.aspanaex.org\/about-us-basic\/nuestra-organizacion-2\/"},"modified":"2025-12-30T11:34:31","modified_gmt":"2025-12-30T10:34:31","slug":"base-social","status":"publish","type":"page","link":"https:\/\/www.aspanaex.org\/gl\/aspanaex\/base-social\/","title":{"rendered":"Base Social"},"content":{"rendered":"<div class=\"wpb-content-wrapper\"><div class=\"vc_row wpb_row row top-row porto_stretch_css stretch_row_content_css wpb_custom_034b39d9bc6c6b310d69e39f0ccf274f\"><div class=\"vc_column_container col-md-12 vc_custom_1766410138838\"><div class=\"wpb_wrapper vc_column-inner\"><div class=\"porto-ibanner interactive-banner-wrap-07dd21040fa50768c9d370ae74e47015 vc_custom_1766602583814\" style=\"min-height:250px;\"><img loading=\"lazy\" decoding=\"async\" alt=\"\" width=\"1760\" height=\"825\" class=\"porto-ibanner-img\" src=\"https:\/\/www.aspanaex.org\/wp-content\/uploads\/2025\/12\/38.webp\" srcset=\"https:\/\/www.aspanaex.org\/wp-content\/uploads\/2025\/12\/38.webp 1760w, https:\/\/www.aspanaex.org\/wp-content\/uploads\/2025\/12\/38-1024x480.webp 1024w, https:\/\/www.aspanaex.org\/wp-content\/uploads\/2025\/12\/38-768x360.webp 768w, https:\/\/www.aspanaex.org\/wp-content\/uploads\/2025\/12\/38-1536x720.webp 1536w, https:\/\/www.aspanaex.org\/wp-content\/uploads\/2025\/12\/38-640x300.webp 640w, https:\/\/www.aspanaex.org\/wp-content\/uploads\/2025\/12\/38-600x281.webp 600w\" sizes=\"auto, (max-width: 1760px) 100vw, 1760px\"><div class=\"porto-ibanner-desc no-padding d-flex\"><div class=\"porto-ibanner-layer wpb_custom_2c5109c031829f9c54153ed0e6239ff6 banner-pos-f6356757d4f73384a3f5bc65723ae83a\" style=\"width:100%;\"><h1 style=\"font-size: 3.24em;color: var(--porto-light-color);line-height: 1.1;text-align: center;font-weight:700;letter-spacing:-.5px\" class=\"vc_custom_heading vc_do_custom_heading wpb_custom_aa365bd5046e8294520b4e73732b9d15\" >Base Social<\/h1><style>.banner-pos-f6356757d4f73384a3f5bc65723ae83a {left: 50%;right: unset;top: 50%;bottom: unset;transform: translate(-50%, -50%);}<\/style><\/div><\/div><\/div><\/div><\/div><\/div><div class=\"vc_row wpb_row top-row vc_custom_1766602848474 porto-inner-container wpb_custom_034b39d9bc6c6b310d69e39f0ccf274f\"><div class=\"porto-wrap-container container\"><div class=\"row\"><div class=\"vc_column_container col-md-12\"><div class=\"wpb_wrapper vc_column-inner\">\r\n\t<div class=\"wpb_text_column wpb_content_element wpb_custom_7c91d232724f73626cc933bd95b25ff0\" >\r\n\t\t<div class=\"wpb_wrapper\">\r\n\t\t\t<div class=\"lectura_facil\">\n<p><a href=\"\/gl\/\">Inicio<\/a> &gt; <a href=\"\/gl\/aspanaex\/\">Aspanaex<\/a> &gt; <a href=\"\/gl\/aspanaex\/base-social\/\">Base Social<\/a><\/p>\n<\/div>\n\r\n\t\t<\/div>\r\n\t<\/div>\r\n<h2 style=\"font-size: 25px\" class=\"vc_custom_heading vc_do_custom_heading vc_custom_1766602750088 wpb_custom_aa365bd5046e8294520b4e73732b9d15 align-left\" >Nuestra <b>Base Social<\/b><\/h2>\r\n\t<div class=\"wpb_text_column wpb_content_element wpb_custom_7c91d232724f73626cc933bd95b25ff0\" >\r\n\t\t<div class=\"wpb_wrapper\">\r\n\t\t\t<div class=\"lectura_facil\">Est\u00e1 formada por los\u00a0 colectivos\u00a0 que se implican\u00a0 con nuestra misi\u00f3n y nuestros valores.\u00a0<strong>Son los socios, los profesionales, los voluntarios, las empresas colaboradoras y las Fundaciones.<\/strong><\/div>\n\r\n\t\t<\/div>\r\n\t<\/div>\r\n\r\n\t<div class=\"wpb_text_column wpb_content_element wpb_custom_7c91d232724f73626cc933bd95b25ff0\" >\r\n\t\t<div class=\"wpb_wrapper\">\r\n\t\t\t<div class=\"lectura_facil\">\n<div>Est\u00e1 formada por aquellos colectivos que est\u00e1n implicados con nuestra misi\u00f3n y valores.<\/div>\n<div><\/div>\n<div><strong>SOCIOS\/AS:\u00a0<\/strong>Poder\u00e1n ser integrantes da Asociaci\u00f3n todas as persoas f\u00edsicas ou xur\u00eddicas, con plena capacidade de obrar, que re\u00fanan os requisitos legais e estatutariamente previstos.<\/div>\n<div><\/div>\n<p><strong>NUMERARIOS\/AS<\/strong>. Son padres, o quienes ostenten la representaci\u00f3n legal o la responsabilidad de hecho de la Persona con Discapacidad Intelectual, y que sean dados de alta en la Asociaci\u00f3n.<\/p>\n<p><strong>PROTECTORES\/AS<\/strong>. Son aquelllas personas f\u00edsicas o jur\u00eddicas que, no reuniendo los requisitos establecidos para ser socio numerario, contribuyen al sostenimiento de la Asociaci\u00f3n con cuotas, donativos, herencias\u00a0o legados.<\/p>\n<p><strong>COLABORADORES\/AS<\/strong>. Son los que NO teniendo bajo su patria potestad, tutela o cuidado a Personas con Discapacidad Intelectual, forman parte directa de la organizaci\u00f3n.<\/p>\n<p><strong>HONOR<\/strong>. Son las personas f\u00edsicas o jur\u00eddicas que hayan colaborado de manera extraordinaria en beneficio de la Asociaci\u00f3n y captan dicho nombramiento.<\/p>\n<p><strong>EQUIPO DE PROFESIONALES:<\/strong> Est\u00e1 formado por los diferentes t\u00e9cnicos, as\u00ed como el personal de atenci\u00f3n directa de los diferentes servicios. La labor individual en su puesto y el trabajo en equipo de estos profesionales da como resultado un grupo de personas encaminadas a mejorar la Calidad de Vida de las Personas atendidas.<\/p>\n<p><strong>VOLUNTARIOS\/AS:<\/strong> Son aquellas Personas que desarrollan dentro de nuestra Asociaci\u00f3n y de manera altruista y solidaria, una labor muy concreta en los diferentes servicios de la Entidad.<\/p>\n<p><strong>VOLUNTARIOS\/AS PUNTUALES:<\/strong>\u00a0Son aquellas personas que desarrollan dentro de nuestra Asociaci\u00f3n, de manera altruista y solidaria, una labor muy concreta cuando\u00a0organizamos el evento de la\u00a0<strong><a href=\"http:\/\/www.aspanaex.org\/index.php?V_dir=MSC&amp;V_mod=showproyecto&amp;idproyectocategoria=18&amp;idproyecto=9\" target=\"_blank\" rel=\"noopener\">Marcha Aspanaex<\/a><\/strong>\u00a0ou realizando un labor puntual nos\u00a0<strong><a href=\"http:\/\/www.aspanaex.org\/index.php?V_dir=MSC&amp;V_idmod=116&amp;V_mod=showproyecto\" target=\"_blank\" rel=\"noopener\">Centros\u00a0<\/a><\/strong>unha vez ao ano.<\/p>\n<p><strong>COLABORACIONES DE EMPRESAS Y FUNDACIONES:\u00a0<\/strong>Son todos aquellos que colaboran con nosotros, ya sea a trav\u00e9s de una ayuda econ\u00f3mica\u00a0o de una colaboraci\u00f3n en el \u00e1mbito formativo o de asesoramiento. Destaca la labor social de: Academia Postal, Fundaci\u00f3n Novacaixagalicia (ahora Afundaci\u00f3n), \u00a0Fundaci\u00f3n Barri\u00e9, \u00a0Fundaci\u00f3n Luis Vives Centrro Estudios Sociales, Medtronic, Obra Social\u00a0\u00abLa Caixa\u00bb, Fundaci\u00f3n Once, Fundaci\u00f3n Salvora, entre otros.<\/p>\n<\/div>\n\r\n\t\t<\/div>\r\n\t<\/div>\r\n<\/div><\/div><\/div><\/div><\/div>\n<\/div>","protected":false},"excerpt":{"rendered":"Base Social Inicio &gt; Aspanaex &gt; Base Social Nuestra Base Social Est\u00e1 formada por los\u00a0 colectivos\u00a0 que se implican\u00a0 con nuestra misi\u00f3n y nuestros valores.\u00a0Son los socios, los profesionales, los voluntarios, las empresas colaboradoras y las Fundaciones. Est\u00e1 formada por aquellos colectivos que est\u00e1n implicados con nuestra misi\u00f3n y valores. SOCIOS\/AS:\u00a0Podr\u00e1n ser integrantes de la [...]","protected":false},"author":5,"featured_media":0,"parent":58,"menu_order":0,"comment_status":"closed","ping_status":"closed","template":"","meta":{"footnotes":""},"class_list":["post-3432","page","type-page","status-publish","hentry"],"_links":{"self":[{"href":"https:\/\/www.aspanaex.org\/gl\/wp-json\/wp\/v2\/pages\/3432","targetHints":{"allow":["GET"]}}],"collection":[{"href":"https:\/\/www.aspanaex.org\/gl\/wp-json\/wp\/v2\/pages"}],"about":[{"href":"https:\/\/www.aspanaex.org\/gl\/wp-json\/wp\/v2\/types\/page"}],"author":[{"embeddable":true,"href":"https:\/\/www.aspanaex.org\/gl\/wp-json\/wp\/v2\/users\/5"}],"replies":[{"embeddable":true,"href":"https:\/\/www.aspanaex.org\/gl\/wp-json\/wp\/v2\/comments?post=3432"}],"version-history":[{"count":11,"href":"https:\/\/www.aspanaex.org\/gl\/wp-json\/wp\/v2\/pages\/3432\/revisions"}],"predecessor-version":[{"id":4362,"href":"https:\/\/www.aspanaex.org\/gl\/wp-json\/wp\/v2\/pages\/3432\/revisions\/4362"}],"up":[{"embeddable":true,"href":"https:\/\/www.aspanaex.org\/gl\/wp-json\/wp\/v2\/pages\/58"}],"wp:attachment":[{"href":"https:\/\/www.aspanaex.org\/gl\/wp-json\/wp\/v2\/media?parent=3432"}],"curies":[{"name":"wp","href":"https:\/\/api.w.org\/{rel}","templated":true}]}}