{"id":3434,"date":"2025-11-13T16:11:07","date_gmt":"2025-11-13T15:11:07","guid":{"rendered":"https:\/\/www.aspanaex.org\/about-us-basic\/base-social-2\/"},"modified":"2025-12-30T11:34:01","modified_gmt":"2025-12-30T10:34:01","slug":"alumnos-usuarios","status":"publish","type":"page","link":"https:\/\/www.aspanaex.org\/gl\/aspanaex\/alumnos-usuarios\/","title":{"rendered":"Alumnos\/Usuarios"},"content":{"rendered":"<div class=\"wpb-content-wrapper\"><div class=\"vc_row wpb_row row top-row porto_stretch_css stretch_row_content_css wpb_custom_034b39d9bc6c6b310d69e39f0ccf274f\"><div class=\"vc_column_container col-md-12 vc_custom_1766410138838\"><div class=\"wpb_wrapper vc_column-inner\"><div class=\"porto-ibanner interactive-banner-wrap-07dd21040fa50768c9d370ae74e47015 vc_custom_1766602666943\" style=\"min-height:250px;\"><img loading=\"lazy\" decoding=\"async\" alt=\"\" width=\"1760\" height=\"825\" class=\"porto-ibanner-img\" src=\"https:\/\/www.aspanaex.org\/wp-content\/uploads\/2025\/12\/44.webp\" srcset=\"https:\/\/www.aspanaex.org\/wp-content\/uploads\/2025\/12\/44.webp 1760w, https:\/\/www.aspanaex.org\/wp-content\/uploads\/2025\/12\/44-1024x480.webp 1024w, https:\/\/www.aspanaex.org\/wp-content\/uploads\/2025\/12\/44-768x360.webp 768w, https:\/\/www.aspanaex.org\/wp-content\/uploads\/2025\/12\/44-1536x720.webp 1536w, https:\/\/www.aspanaex.org\/wp-content\/uploads\/2025\/12\/44-640x300.webp 640w, https:\/\/www.aspanaex.org\/wp-content\/uploads\/2025\/12\/44-600x281.webp 600w\" sizes=\"auto, (max-width: 1760px) 100vw, 1760px\"><div class=\"porto-ibanner-desc no-padding d-flex\"><div class=\"porto-ibanner-layer wpb_custom_2c5109c031829f9c54153ed0e6239ff6 banner-pos-f6356757d4f73384a3f5bc65723ae83a\" style=\"width:100%;\"><h1 style=\"font-size: 3.24em;color: var(--porto-light-color);line-height: 1.1;text-align: center;font-weight:700;letter-spacing:-.5px\" class=\"vc_custom_heading vc_do_custom_heading wpb_custom_aa365bd5046e8294520b4e73732b9d15\" >Alumnos\/Usuarios<\/h1><style>.banner-pos-f6356757d4f73384a3f5bc65723ae83a {left: 50%;right: unset;top: 50%;bottom: unset;transform: translate(-50%, -50%);}<\/style><\/div><\/div><\/div><\/div><\/div><\/div><div class=\"vc_row wpb_row top-row vc_custom_1766468990566 porto-inner-container wpb_custom_034b39d9bc6c6b310d69e39f0ccf274f\"><div class=\"porto-wrap-container container\"><div class=\"row\"><div class=\"vc_column_container col-md-12\"><div class=\"wpb_wrapper vc_column-inner\"><div class=\"vc_row wpb_row vc_inner row\"><div class=\"vc_column_container col-md-12\"><div class=\"wpb_wrapper vc_column-inner\">\r\n\t<div class=\"wpb_text_column wpb_content_element wpb_custom_7c91d232724f73626cc933bd95b25ff0\" >\r\n\t\t<div class=\"wpb_wrapper\">\r\n\t\t\t<div class=\"lectura_facil\">\n<p><a href=\"\/gl\/\">Inicio<\/a> &gt; <a href=\"\/gl\/aspanaex\/\">Aspanaex<\/a> &gt; <a href=\"\/gl\/aspanaex\/alumnos-usuarios\/\">Alumnos\/Usuarios<\/a><\/p>\n<\/div>\n\r\n\t\t<\/div>\r\n\t<\/div>\r\n<h2 style=\"font-size: 25px\" class=\"vc_custom_heading vc_do_custom_heading vc_custom_1766602639853 wpb_custom_aa365bd5046e8294520b4e73732b9d15 align-left\" >Nuestra <b>Alumnos y Usuarios<\/b><\/h2>\r\n\t<div class=\"wpb_text_column wpb_content_element wpb_custom_7c91d232724f73626cc933bd95b25ff0\" >\r\n\t\t<div class=\"wpb_wrapper\">\r\n\t\t\t<div class=\"lectura_facil\">\n<div>Atendemos a 106 personas entre alumno\/as y usuarios\/as:<\/div>\n<div>Los alumnos\/as son ni\u00f1os y ni\u00f1as a partir de los 3 a\u00f1os y hasta los 21. Y nuestros usuarios\/as son personas mayores desde los 21 a\u00f1os hasta los 60.<\/div>\n<\/div>\n\r\n\t\t<\/div>\r\n\t<\/div>\r\n\r\n\t<div class=\"wpb_text_column wpb_content_element wpb_custom_7c91d232724f73626cc933bd95b25ff0\" >\r\n\t\t<div class=\"wpb_wrapper\">\r\n\t\t\t<div class=\"lectura_facil\">\n<div>Nuestros\u00a0<strong>ALUMNOS\/AS y USUARIOS\/AS<\/strong>\u00a0\u00a0son Personas con Discapacidad Intelectual.<\/div>\n<div><\/div>\n<div>Diferenciamos la terminolog\u00eda de\u00a0<strong>ALUMNOS\/AS\u00a0<\/strong>para los ni\u00f1os\/as a partir de los 3 a\u00f1os y de j\u00f3venes hasta los 21 a\u00f1os que es cuando finalizan la etapa educativa. Hablamos de\u00a0<strong>USUARIOS\/AS<\/strong>\u00a0\u00a0cuando hacemos referencia a\u00a0Personas mayores de 21 a\u00f1os y hasta los 60 a\u00f1os.<\/div>\n<div><\/div>\n<div>En la actualidad damos atenci\u00f3n a 106 Personas con Discapacidad Intelectual (103 familias y a la Fundaci\u00f3n Salvora, que tutela a tres usuarios de ASPANAEX).\u00a0Todos son residentes en la ciudad de Vigo y en su zona de influencia.<\/div>\n<div><\/div>\n<div>La atenci\u00f3n a ni\u00f1os\/as y j\u00f3venes entre 3 y 21 a\u00f1os , se corresponde al 22 %. La atenci\u00f3n a usuarios\/as mayores de 21 a\u00f1os es del 78%<\/div>\n<div><\/div>\n<div>En la Vivienda Tutelada residen 5 usuarios\/as que forman parte del Centro Ocupacional.<\/div>\n<\/div>\n\r\n\t\t<\/div>\r\n\t<\/div>\r\n<div class=\"vc_btn3-container vc_btn3-inline vc_do_btn\" >\r\n\t<a class=\"vc_general vc_btn3 vc_btn3-size-md vc_btn3-shape-default vc_btn3-style-classic wpb_custom_6687b26f39488ddbb85ddb3c1ce8e111 vc_btn3-color-grey btn\" href=\"\/wp-content\/uploads\/2025\/12\/18-10-52-21.admin_.Necesidades_sanitarias_de_las_Personas_con_Discapacidad_Intelectual_compressed.pdf\" title=\"\">Necesidades Sanitarias de Personas con Discapacidad - FEAPS<\/a>\t<\/div>\r\n<div class=\"vc_btn3-container vc_btn3-inline vc_do_btn\" >\r\n\t<a class=\"vc_general vc_btn3 vc_btn3-size-md vc_btn3-shape-default vc_btn3-style-classic wpb_custom_6687b26f39488ddbb85ddb3c1ce8e111 vc_btn3-color-grey btn\" href=\"\/wp-content\/uploads\/2025\/12\/25-11-28-3.admin_.Patrimonio_Protegido_1.pdf\" title=\"\">Informaci\u00f3n Patrimonio Protegido - FUAM<\/a>\t<\/div>\r\n<div class=\"vc_btn3-container vc_btn3-inline vc_do_btn\" >\r\n\t<a class=\"vc_general vc_btn3 vc_btn3-size-md vc_btn3-shape-default vc_btn3-style-classic wpb_custom_6687b26f39488ddbb85ddb3c1ce8e111 vc_btn3-color-grey btn\" href=\"\/wp-content\/uploads\/2025\/12\/25-11-19-31.admin_.Guia_familiares_salud.pdf\" title=\"\">Gu\u00eda de Salud para Familias - FEAPS<\/a>\t<\/div>\r\n<\/div><\/div><\/div><\/div><\/div><\/div><\/div><\/div>\n<\/div>","protected":false},"excerpt":{"rendered":"Alumnos\/Usuarios Inicio &gt; Aspanaex &gt; Alumnos\/Usuarios Nuestra Alumnos y Usuarios Atendemos a 106 personas entre alumno\/as y usuarios\/as: Los alumnos\/as son ni\u00f1os y ni\u00f1as a partir de los 3 a\u00f1os y hasta los 21. Y nuestros usuarios\/as son personas mayores desde los 21 a\u00f1os hasta los 60. Nuestros\u00a0ALUMNOS\/AS y USUARIOS\/AS\u00a0\u00a0son Personas con Discapacidad Intelectual. Diferenciamos [...]","protected":false},"author":5,"featured_media":0,"parent":58,"menu_order":0,"comment_status":"closed","ping_status":"closed","template":"","meta":{"footnotes":""},"class_list":["post-3434","page","type-page","status-publish","hentry"],"_links":{"self":[{"href":"https:\/\/www.aspanaex.org\/gl\/wp-json\/wp\/v2\/pages\/3434","targetHints":{"allow":["GET"]}}],"collection":[{"href":"https:\/\/www.aspanaex.org\/gl\/wp-json\/wp\/v2\/pages"}],"about":[{"href":"https:\/\/www.aspanaex.org\/gl\/wp-json\/wp\/v2\/types\/page"}],"author":[{"embeddable":true,"href":"https:\/\/www.aspanaex.org\/gl\/wp-json\/wp\/v2\/users\/5"}],"replies":[{"embeddable":true,"href":"https:\/\/www.aspanaex.org\/gl\/wp-json\/wp\/v2\/comments?post=3434"}],"version-history":[{"count":13,"href":"https:\/\/www.aspanaex.org\/gl\/wp-json\/wp\/v2\/pages\/3434\/revisions"}],"predecessor-version":[{"id":4439,"href":"https:\/\/www.aspanaex.org\/gl\/wp-json\/wp\/v2\/pages\/3434\/revisions\/4439"}],"up":[{"embeddable":true,"href":"https:\/\/www.aspanaex.org\/gl\/wp-json\/wp\/v2\/pages\/58"}],"wp:attachment":[{"href":"https:\/\/www.aspanaex.org\/gl\/wp-json\/wp\/v2\/media?parent=3434"}],"curies":[{"name":"wp","href":"https:\/\/api.w.org\/{rel}","templated":true}]}}