{"id":3436,"date":"2025-11-13T16:11:07","date_gmt":"2025-11-13T15:11:07","guid":{"rendered":"https:\/\/www.aspanaex.org\/about-us-basic\/alumnos-usuarios-2\/"},"modified":"2025-12-30T11:34:41","modified_gmt":"2025-12-30T10:34:41","slug":"certificaciones-y-reconocimientos","status":"publish","type":"page","link":"https:\/\/www.aspanaex.org\/gl\/aspanaex\/certificaciones-y-reconocimientos\/","title":{"rendered":"Certificaciones y reconocimientos"},"content":{"rendered":"<div class=\"wpb-content-wrapper\"><div class=\"vc_row wpb_row row top-row porto_stretch_css stretch_row_content_css wpb_custom_034b39d9bc6c6b310d69e39f0ccf274f\"><div class=\"vc_column_container col-md-12 vc_custom_1766410138838\"><div class=\"wpb_wrapper vc_column-inner\"><div class=\"porto-ibanner interactive-banner-wrap-07dd21040fa50768c9d370ae74e47015 vc_custom_1766600388876\" style=\"min-height:250px;\"><img loading=\"lazy\" decoding=\"async\" alt=\"\" width=\"1760\" height=\"825\" class=\"porto-ibanner-img\" src=\"https:\/\/www.aspanaex.org\/wp-content\/uploads\/2025\/12\/38.webp\" srcset=\"https:\/\/www.aspanaex.org\/wp-content\/uploads\/2025\/12\/38.webp 1760w, https:\/\/www.aspanaex.org\/wp-content\/uploads\/2025\/12\/38-1024x480.webp 1024w, https:\/\/www.aspanaex.org\/wp-content\/uploads\/2025\/12\/38-768x360.webp 768w, https:\/\/www.aspanaex.org\/wp-content\/uploads\/2025\/12\/38-1536x720.webp 1536w, https:\/\/www.aspanaex.org\/wp-content\/uploads\/2025\/12\/38-640x300.webp 640w, https:\/\/www.aspanaex.org\/wp-content\/uploads\/2025\/12\/38-600x281.webp 600w\" sizes=\"auto, (max-width: 1760px) 100vw, 1760px\"><div class=\"porto-ibanner-desc no-padding d-flex\"><div class=\"porto-ibanner-layer wpb_custom_2c5109c031829f9c54153ed0e6239ff6 banner-pos-f6356757d4f73384a3f5bc65723ae83a\" style=\"width:100%;\"><h1 style=\"font-size: 3.24em;color: var(--porto-light-color);line-height: 1.1;text-align: center;font-weight:700;letter-spacing:-.5px\" class=\"vc_custom_heading vc_do_custom_heading wpb_custom_aa365bd5046e8294520b4e73732b9d15\" >Certificaciones y Reconocimientos<\/h1><style>.banner-pos-f6356757d4f73384a3f5bc65723ae83a {left: 50%;right: unset;top: 50%;bottom: unset;transform: translate(-50%, -50%);}<\/style><\/div><\/div><\/div><\/div><\/div><\/div><div class=\"vc_row wpb_row top-row vc_custom_1766497284194 porto-inner-container wpb_custom_034b39d9bc6c6b310d69e39f0ccf274f\"><div class=\"porto-wrap-container container\"><div class=\"row\"><div class=\"vc_column_container col-md-12\"><div class=\"wpb_wrapper vc_column-inner\">\r\n\t<div class=\"wpb_text_column wpb_content_element wpb_custom_7c91d232724f73626cc933bd95b25ff0\" >\r\n\t\t<div class=\"wpb_wrapper\">\r\n\t\t\t<div class=\"lectura_facil\">\n<p><a href=\"\/gl\/\">Inicio<\/a> &gt; <a href=\"\/gl\/aspanaex\/\">Aspanaex<\/a> &gt; <a href=\"\/gl\/aspanaex\/certificaciones-y-reconocimientos\/\">Certificaciones y Reconocimientos<\/a><\/p>\n<\/div>\n\r\n\t\t<\/div>\r\n\t<\/div>\r\n<h2 style=\"font-size: 25px\" class=\"vc_custom_heading vc_do_custom_heading vc_custom_1766602951691 wpb_custom_aa365bd5046e8294520b4e73732b9d15 align-left\" >Certificaciones y <b>reconocimientos<\/b><\/h2>\r\n\t<div class=\"wpb_text_column wpb_content_element vc_custom_1766603914676 wpb_custom_7c91d232724f73626cc933bd95b25ff0\" >\r\n\t\t<div class=\"wpb_wrapper\">\r\n\t\t\t<div class=\"lectura_facil\">\n<p>ASPANAEX est\u00e1 inscrita en:<\/p>\n<ul>\n<li>Registro \u00fanico de Entidades prestadoras de Servicios Sociales\u00a0&#8211; Conseller\u00eda de Trabajo \u00a0&#8211; n\u00famero E-47<\/li>\n<li><a href=\"\/wp-content\/uploads\/2025\/12\/30-11-4-41.admin_.Registro_Xunta-Prestacion_Servicios.pdf\">Registro de Entidades Prestadoras de Serv. Sociales de Xunta &#8211; n\u00aa 047-PO-007-F-01<\/a><\/li>\n<li><a href=\"\/wp-content\/uploads\/2025\/12\/11-11-40-22.admin_.registro_de_entidades_prestadoras_de_servicio_sociales-1994.jpg\">Registro de Entidades de la Comunidad Aut\u00f3noma Gallega &#8211; n\u00ba 75<\/a><\/li>\n<li><a href=\"\/wp-content\/uploads\/2025\/12\/11-11-42-14.admin_.registro_nacional_de_asociaciones.jpg\">Registro Nacional de Asociaciones &#8211; Ministerio del Interior &#8211; n\u00fameros\u00a0 NN\/1261\u00a0 y\u00a0 NP\/46<\/a><\/li>\n<li><a href=\"\/wp-content\/uploads\/2025\/12\/11-11-44-25.admin_.registro_nacional_de_recuperacion_y_rehabilitacion-_a_ntildeo_1977.jpg\">Registro Nacional de Entidades de Recuperaci\u00f3n y Rehabilitacion de Minusv\u00e1lidos &#8211; n\u00famero 827<\/a><\/li>\n<li><a href=\"\/wp-content\/uploads\/2025\/12\/11-11-46-38.admin_.registro_provincial_de_asociaciones-_a_ntildeo_1966.jpg\">Registro Provincial de Asociaciones &#8211; Gobierno Civil &#8211; n\u00famero 46 &#8211; secci\u00f3n 1\u00ba<\/a><\/li>\n<\/ul>\n<p>&nbsp;<\/p>\n<p>Est\u00e1 declarada de\u00a0<strong>Utilidad P\u00fablica<\/strong> por el Ministerio del Interior del 10 de febrero de 1967<\/p>\n<p>Concedido el\u00a0<strong><a href=\"\/wp-content\/uploads\/2025\/12\/24-13-31-21.admin_.Vigueses_Distinguidos.pdf\" target=\"_blank\" rel=\"noopener\">T\u00edtulo de Viguesa Distinguida<\/a><\/strong>\u00a0por el\u00a0<strong><a href=\"http:\/\/hoxe.vigo.org\/\" target=\"_blank\" rel=\"noopener nofollow\">Concello de Vigo<\/a><\/strong>\u00a0el 21 de marzo de 2.007<\/p>\n<p>Concedida\u00a0la\u00a0<strong><a href=\"\/wp-content\/uploads\/2025\/12\/18-9-9-16.admin_.certificado_CALIDAD_FEAPS.pdf\" target=\"_blank\" rel=\"noopener\">Certificaci\u00f3n\u00a0 Calidad Feaps\u00a0<\/a><\/strong>en octubre de 2011 \u00a0en la etapa Compromiso.<\/p>\n<p>Obtenci\u00f3n de la\u00a0<strong><a href=\"\/wp-content\/uploads\/2025\/12\/24-13-28-33.admin_.Certificacion_Bureau_Veritas.pdf\" target=\"_blank\" rel=\"noopener\">Certificaci\u00f3n de Calidad ISO 9001<\/a><\/strong>\u00a0por Bureau Veritas el 14 de febrero de 2.013 para Centro Ocupacional y\u00a0 sus servicios transversales.<\/p>\n<p>Obtenci\u00f3n de la\u00a0<a href=\"\/wp-content\/uploads\/2025\/12\/6-12-52-6.admin_.ISO_9001_DEL_2016.pdf\"><u><strong>CERTIFICACION ISO 9001:2008<\/strong><\/u><\/a> por Bureau Veritas el 7 de marzo de 2.016 para el Centro Ocupacional, Centro de D\u00eda, Centro de Educaci\u00f3n Especial,\u00a0 y los servicios transversales.<\/p>\n<p>Obtenci\u00f3n de la\u00a0<u><strong><a href=\"\/wp-content\/uploads\/2025\/12\/23-11-1-47.admin_.ISO_90012015.pdf\">CERTIFICACION ISO 9001:2015<\/a>\u00a0<\/strong><\/u>por Bureau Veritas el 19 de septiembre de 2.017 para el Centro Ocupacional, Centro de D\u00eda, Centro de Educaci\u00f3n Especial y los servicios transversales.<\/p>\n<p>&nbsp;<\/p>\n<\/div>\n\r\n\t\t<\/div>\r\n\t<\/div>\r\n<\/div><\/div><\/div><\/div><\/div>\n<\/div>","protected":false},"excerpt":{"rendered":"Certificaciones y Reconocimientos Inicio &gt; Aspanaex &gt; Certificaciones y Reconocimientos Certificaciones y reconocimientos ASPANAEX est\u00e1 inscrita en: Registro \u00fanico de Entidades prestadoras de Servicios Sociales\u00a0- Conseller\u00eda de Trabajo \u00a0- n\u00famero E-47 Registro de Entidades Prestadoras de Serv. Sociales de Xunta - n\u00aa 047-PO-007-F-01 Registro de Entidades de la Comunidad Aut\u00f3noma Gallega - n\u00ba 75 Registro [...]","protected":false},"author":5,"featured_media":0,"parent":58,"menu_order":0,"comment_status":"closed","ping_status":"closed","template":"","meta":{"footnotes":""},"class_list":["post-3436","page","type-page","status-publish","hentry"],"_links":{"self":[{"href":"https:\/\/www.aspanaex.org\/gl\/wp-json\/wp\/v2\/pages\/3436","targetHints":{"allow":["GET"]}}],"collection":[{"href":"https:\/\/www.aspanaex.org\/gl\/wp-json\/wp\/v2\/pages"}],"about":[{"href":"https:\/\/www.aspanaex.org\/gl\/wp-json\/wp\/v2\/types\/page"}],"author":[{"embeddable":true,"href":"https:\/\/www.aspanaex.org\/gl\/wp-json\/wp\/v2\/users\/5"}],"replies":[{"embeddable":true,"href":"https:\/\/www.aspanaex.org\/gl\/wp-json\/wp\/v2\/comments?post=3436"}],"version-history":[{"count":15,"href":"https:\/\/www.aspanaex.org\/gl\/wp-json\/wp\/v2\/pages\/3436\/revisions"}],"predecessor-version":[{"id":4440,"href":"https:\/\/www.aspanaex.org\/gl\/wp-json\/wp\/v2\/pages\/3436\/revisions\/4440"}],"up":[{"embeddable":true,"href":"https:\/\/www.aspanaex.org\/gl\/wp-json\/wp\/v2\/pages\/58"}],"wp:attachment":[{"href":"https:\/\/www.aspanaex.org\/gl\/wp-json\/wp\/v2\/media?parent=3436"}],"curies":[{"name":"wp","href":"https:\/\/api.w.org\/{rel}","templated":true}]}}