{"id":3466,"date":"2025-11-14T05:24:19","date_gmt":"2025-11-14T04:24:19","guid":{"rendered":"https:\/\/www.aspanaex.org\/services\/fisioterapia-2\/"},"modified":"2025-12-30T11:36:09","modified_gmt":"2025-12-30T10:36:09","slug":"logopedia","status":"publish","type":"page","link":"https:\/\/www.aspanaex.org\/gl\/servicios\/logopedia\/","title":{"rendered":"Logopedia"},"content":{"rendered":"<div class=\"wpb-content-wrapper\"><div class=\"vc_row wpb_row row top-row vc_custom_1766503694637 porto_stretch_css stretch_row_content_css vc_row-has-fill wpb_custom_034b39d9bc6c6b310d69e39f0ccf274f\"><div class=\"vc_column_container col-md-12 vc_custom_1766410138838\"><div class=\"wpb_wrapper vc_column-inner\"><div class=\"porto-ibanner interactive-banner-wrap-07dd21040fa50768c9d370ae74e47015 vc_custom_1766505169581\" style=\"min-height:250px;\"><img loading=\"lazy\" decoding=\"async\" alt=\"\" width=\"1760\" height=\"825\" class=\"porto-ibanner-img\" src=\"https:\/\/www.aspanaex.org\/wp-content\/uploads\/2025\/12\/logopedia-banner.png\" srcset=\"https:\/\/www.aspanaex.org\/wp-content\/uploads\/2025\/12\/logopedia-banner.png 1760w, https:\/\/www.aspanaex.org\/wp-content\/uploads\/2025\/12\/logopedia-banner-1024x480.png 1024w, https:\/\/www.aspanaex.org\/wp-content\/uploads\/2025\/12\/logopedia-banner-768x360.png 768w, https:\/\/www.aspanaex.org\/wp-content\/uploads\/2025\/12\/logopedia-banner-1536x720.png 1536w, https:\/\/www.aspanaex.org\/wp-content\/uploads\/2025\/12\/logopedia-banner-640x300.png 640w, https:\/\/www.aspanaex.org\/wp-content\/uploads\/2025\/12\/logopedia-banner-600x281.png 600w\" sizes=\"auto, (max-width: 1760px) 100vw, 1760px\"><div class=\"porto-ibanner-desc no-padding d-flex\"><div class=\"porto-ibanner-layer wpb_custom_2c5109c031829f9c54153ed0e6239ff6 banner-pos-f6356757d4f73384a3f5bc65723ae83a\" style=\"width:100%;\"><h1 style=\"font-size: 3.24em;color: var(--porto-light-color);line-height: 1.1;text-align: center;font-weight:700;letter-spacing:-.5px\" class=\"vc_custom_heading vc_do_custom_heading wpb_custom_aa365bd5046e8294520b4e73732b9d15\" >Logopedia<\/h1><style>.banner-pos-f6356757d4f73384a3f5bc65723ae83a {left: 50%;right: unset;top: 50%;bottom: unset;transform: translate(-50%, -50%);}<\/style><\/div><\/div><\/div><\/div><\/div><\/div><div class=\"vc_row wpb_row top-row vc_custom_1766427468062 porto-inner-container wpb_custom_034b39d9bc6c6b310d69e39f0ccf274f\"><div class=\"porto-wrap-container container\"><div class=\"row\"><div class=\"vc_column_container col-md-6\"><div class=\"wpb_wrapper vc_column-inner\">\r\n\t<div class=\"wpb_text_column wpb_content_element wpb_custom_7c91d232724f73626cc933bd95b25ff0\" >\r\n\t\t<div class=\"wpb_wrapper\">\r\n\t\t\t<p><a href=\"\/gl\/\">Inicio<\/a> &gt; <a href=\"\/gl\/servicios\/\">Servizos<\/a> &gt; <a href=\"\/gl\/servicios\/logopedia\/\">Logopedia<\/a><\/p>\n\r\n\t\t<\/div>\r\n\t<\/div>\r\n<h2 style=\"font-size: 28px\" class=\"vc_custom_heading vc_do_custom_heading mb-3 wpb_custom_aa365bd5046e8294520b4e73732b9d15 align-left\" >Logopedia <b>con Aspanaex<\/b><\/h2><div class=\"porto-separator\"><hr class=\"separator-line  wpb_content_element align_center solid\" style=\"background-color:grey;\"><\/div>\r\n\t<div class=\"wpb_text_column wpb_content_element wpb_animate_when_almost_visible wpb_fadeInUp fadeInUp lead mb-4 wpb_custom_7c91d232724f73626cc933bd95b25ff0\" >\r\n\t\t<div class=\"wpb_wrapper\">\r\n\t\t\t<p class=\"p1\">El servicio de logopedia est\u00e1 formado por <b>especialistas<\/b> que atienden a alumnos\/as y<span class=\"Apple-converted-space\">\u00a0 <\/span>usuarios\/as tanto del Centro Educativo, como del Centro de D\u00eda, el Centro Ocupacional y de la Residencia.<\/p>\n<p class=\"p1\">Teniendo en cuenta las caracter\u00edsticas y necesidades de cada persona se dise\u00f1a un programa de intervenci\u00f3n personalizado. El objetivo principal de la intervenci\u00f3n <span class=\"s1\">es mejorar la funcionalidad en la comunicaci\u00f3n, el lenguaje, el habla, la audici\u00f3n y la degluci\u00f3n<span class=\"Apple-converted-space\">\u00a0 <\/span>repercutiendo as\u00ed de forma directa en la mejora de la calidad de vida de la persona.<\/span><\/p>\n\r\n\t\t<\/div>\r\n\t<\/div>\r\n<\/div><\/div><div class=\"m-auto vc_column_container col-md-6\"><div class=\"wpb_wrapper vc_column-inner\">\r\n\t<div class=\"wpb_single_image wpb_content_element vc_align_center wpb_content_element  vc_custom_1766505264521 wpb_custom_81a4f7ef9830bf958462581aa01150fb\"><div class=\"wpb_wrapper\">\r\n\t\t\t\r\n\t\t\t<div class=\"vc_single_image-wrapper   vc_box_border_grey\"><img loading=\"lazy\" decoding=\"async\" width=\"1024\" height=\"853\" src=\"https:\/\/www.aspanaex.org\/wp-content\/uploads\/2024\/03\/6490281-1024x853.jpg\" class=\"vc_single_image-img attachment-large\" alt=\"\" title=\"Logopedia-con-aspanaex\" srcset=\"https:\/\/www.aspanaex.org\/wp-content\/uploads\/2024\/03\/6490281-1024x853.jpg 1024w, https:\/\/www.aspanaex.org\/wp-content\/uploads\/2024\/03\/6490281-600x500.jpg 600w, https:\/\/www.aspanaex.org\/wp-content\/uploads\/2024\/03\/6490281-768x640.jpg 768w\" sizes=\"auto, (max-width: 1024px) 100vw, 1024px\" \/><\/div>\r\n\t\t<\/div>\r\n\t<\/div>\r\n<\/div><\/div><div class=\"vc_column_container col-md-12\"><div class=\"wpb_wrapper vc_column-inner\">\r\n\t<div class=\"wpb_text_column wpb_content_element wpb_animate_when_almost_visible wpb_fadeInUp fadeInUp lead mb-4 wpb_custom_7c91d232724f73626cc933bd95b25ff0\" >\r\n\t\t<div class=\"wpb_wrapper\">\r\n\t\t\t<p><b>Centro educativo<\/b>:<\/p>\n<p class=\"p2\">En el <b>Centro Educativo<\/b>, se trabaja de manera coordinada, tanto con los profesionales de la entidad como con los terapeutas externos, para apoyar el desarrollo del <b>lenguaje y la comunicaci\u00f3n<\/b> (mediante el uso de Sistemas de Comunicaci\u00f3n Aumentativa, SAAC). Adem\u00e1s se eval\u00faa y se interviene, en los casos en los que se requiere, para asegurar una alimentaci\u00f3n e hidrataci\u00f3n segura. Tambi\u00e9n se presta apoyo al entorno familiar del alumnado orientando y asesorando tanto para maximizar la consecuci\u00f3n de los objetivos como para dar respuesta a las diferentes situaciones que se vayan dando en el desarrollo de los menores.<\/p>\n<p><b>Centro de d\u00eda:<\/b><\/p>\n<p class=\"p3\">En el <b>Centro de D\u00eda<\/b>, se trabaja para mejorar<span class=\"Apple-converted-space\">\u00a0 <\/span>y conservar las capacidades comunicativas<span class=\"Apple-converted-space\">\u00a0 <\/span>facilitando as\u00ed la participaci\u00f3n m\u00e1s activa de los\/las usuarios\/as<span class=\"Apple-converted-space\">\u00a0 <\/span>en las actividades diarias. Para ello se llevan a cabo tanto sesiones individuales como sesiones grupales. En \u00e9stas \u00faltimas se usa <b>la m\u00fasica<\/b> como herramienta ya sea<span class=\"Apple-converted-space\">\u00a0 <\/span>para atraer la atenci\u00f3n y el inter\u00e9s de la persona as\u00ed<span class=\"Apple-converted-space\">\u00a0 <\/span>como veh\u00edculo para la comunicaci\u00f3n (mediante el uso de Sistemas de Comunicaci\u00f3n Aumentativa, SAAC).<\/p>\n<p class=\"p3\">Adem\u00e1s, se presta especial atenci\u00f3n a la prevenci\u00f3n y tratamiento de dificultades relacionadas con la <b>degluci\u00f3n<\/b> (disfagia), un aspecto crucial para garantizar la salud y el bienestar de los\/las usuarios\/as.<\/p>\n<p><b>Centro Ocupacional:<\/b><\/p>\n<p class=\"p2\">En el <b>Centro Ocupacional<\/b>, las logopedas trabajan para mejorar las <b>habilidades de comunicaci\u00f3n<\/b>, tanto verbales como no verbales<span class=\"Apple-converted-space\">\u00a0 <\/span>y favorecer la autonom\u00eda en el \u00e1mbito laboral y social. Adem\u00e1s, se promueve la inclusi\u00f3n en el entorno comunitario, ayudando a los\/las usuarios\/as a desarrollar su capacidad para interactuar con otros y participar activamente en actividades que fomenten su desarrollo personal y profesional.<\/p>\n<p><b>Residencia: <\/b><\/p>\n<p class=\"p2\">Desde el servicio de logopedia, el trabajo se centra en la atenci\u00f3n integral de la persona, siendo los objetivos principales los relacionados con <b>el \u00e1rea de la degluci\u00f3n, la comunicaci\u00f3n y la motricidad orofacial<\/b>.<\/p>\n\r\n\t\t<\/div>\r\n\t<\/div>\r\n<div class=\"vc_btn3-container vc_btn3-inline vc_do_btn\" >\r\n\t<a class=\"vc_btn3 vc_btn3-shape-default wpb_custom_6687b26f39488ddbb85ddb3c1ce8e111 btn btn-modern btn-md btn-dark\" href=\"\/gl\/contacto\/\" title=\"\">contacta connosco<\/a>\t<\/div>\r\n<\/div><\/div><\/div><\/div><\/div><div class=\"vc_row wpb_row top-row call-to-action-in-footer vc_custom_1766465432914 vc_row-has-fill porto-inner-container wpb_custom_034b39d9bc6c6b310d69e39f0ccf274f\"><div class=\"porto-wrap-container container\"><div class=\"row\"><div class=\"vc_column_container col-md-8\"><div class=\"wpb_wrapper vc_column-inner\"><h3 style=\"font-size: 28px;color: var(--porto-light-color)\" class=\"vc_custom_heading vc_do_custom_heading mb-3 wpb_custom_aa365bd5046e8294520b4e73732b9d15 align-left\" >\u00bfNecesitas ayuda o quieres m\u00e1s informaci\u00f3n?<\/h3><\/div><\/div><div class=\"vc_column_container col-md-4\"><div class=\"wpb_wrapper vc_column-inner\"><div class=\"vc_btn3-container  mb-0 font-weight-semibold vc_btn3-inline vc_do_btn\" >\r\n\t<a class=\"vc_btn3 vc_btn3-shape-default wpb_custom_6687b26f39488ddbb85ddb3c1ce8e111 btn btn-lg btn-light\" style=\"letter-spacing:-.5px; padding:1.15em 1.75em;\" href=\"\/gl\/contacto\/\" title=\"\">Contacta Con Nosotros<\/a>\t<\/div>\r\n<\/div><\/div><\/div><\/div><\/div>\n<\/div>","protected":false},"excerpt":{"rendered":"Logopedia Inicio &gt; Servicios &gt; Logopedia Logopedia con Aspanaex El servicio de logopedia est\u00e1 formado por especialistas que atienden a alumnos\/as y\u00a0 usuarios\/as tanto del Centro Educativo, como del Centro de D\u00eda, el Centro Ocupacional y de la Residencia. Teniendo en cuenta las caracter\u00edsticas y necesidades de cada persona se dise\u00f1a un programa de intervenci\u00f3n [...]","protected":false},"author":5,"featured_media":0,"parent":67,"menu_order":0,"comment_status":"closed","ping_status":"closed","template":"","meta":{"footnotes":""},"class_list":["post-3466","page","type-page","status-publish","hentry"],"_links":{"self":[{"href":"https:\/\/www.aspanaex.org\/gl\/wp-json\/wp\/v2\/pages\/3466","targetHints":{"allow":["GET"]}}],"collection":[{"href":"https:\/\/www.aspanaex.org\/gl\/wp-json\/wp\/v2\/pages"}],"about":[{"href":"https:\/\/www.aspanaex.org\/gl\/wp-json\/wp\/v2\/types\/page"}],"author":[{"embeddable":true,"href":"https:\/\/www.aspanaex.org\/gl\/wp-json\/wp\/v2\/users\/5"}],"replies":[{"embeddable":true,"href":"https:\/\/www.aspanaex.org\/gl\/wp-json\/wp\/v2\/comments?post=3466"}],"version-history":[{"count":9,"href":"https:\/\/www.aspanaex.org\/gl\/wp-json\/wp\/v2\/pages\/3466\/revisions"}],"predecessor-version":[{"id":4471,"href":"https:\/\/www.aspanaex.org\/gl\/wp-json\/wp\/v2\/pages\/3466\/revisions\/4471"}],"up":[{"embeddable":true,"href":"https:\/\/www.aspanaex.org\/gl\/wp-json\/wp\/v2\/pages\/67"}],"wp:attachment":[{"href":"https:\/\/www.aspanaex.org\/gl\/wp-json\/wp\/v2\/media?parent=3466"}],"curies":[{"name":"wp","href":"https:\/\/api.w.org\/{rel}","templated":true}]}}