{"id":3472,"date":"2025-11-14T05:24:19","date_gmt":"2025-11-14T04:24:19","guid":{"rendered":"https:\/\/www.aspanaex.org\/services\/logopedia-2\/"},"modified":"2025-12-30T11:36:16","modified_gmt":"2025-12-30T10:36:16","slug":"marcha-aspanaex","status":"publish","type":"page","link":"https:\/\/www.aspanaex.org\/gl\/servicios\/marcha-aspanaex\/","title":{"rendered":"Marcha Aspanaex"},"content":{"rendered":"<div class=\"wpb-content-wrapper\"><div class=\"vc_row wpb_row row top-row vc_custom_1766503694637 porto_stretch_css stretch_row_content_css vc_row-has-fill wpb_custom_034b39d9bc6c6b310d69e39f0ccf274f\"><div class=\"vc_column_container col-md-12 vc_custom_1766410138838\"><div class=\"wpb_wrapper vc_column-inner\"><div class=\"porto-ibanner interactive-banner-wrap-07dd21040fa50768c9d370ae74e47015 vc_custom_1766507260878\" style=\"min-height:250px;\"><img loading=\"lazy\" decoding=\"async\" alt=\"\" width=\"1760\" height=\"825\" class=\"porto-ibanner-img\" src=\"https:\/\/www.aspanaex.org\/wp-content\/uploads\/2025\/12\/marcha-banner.webp\" srcset=\"https:\/\/www.aspanaex.org\/wp-content\/uploads\/2025\/12\/marcha-banner.webp 1760w, https:\/\/www.aspanaex.org\/wp-content\/uploads\/2025\/12\/marcha-banner-1024x480.webp 1024w, https:\/\/www.aspanaex.org\/wp-content\/uploads\/2025\/12\/marcha-banner-768x360.webp 768w, https:\/\/www.aspanaex.org\/wp-content\/uploads\/2025\/12\/marcha-banner-1536x720.webp 1536w, https:\/\/www.aspanaex.org\/wp-content\/uploads\/2025\/12\/marcha-banner-640x300.webp 640w, https:\/\/www.aspanaex.org\/wp-content\/uploads\/2025\/12\/marcha-banner-600x281.webp 600w\" sizes=\"auto, (max-width: 1760px) 100vw, 1760px\"><div class=\"porto-ibanner-desc no-padding d-flex\"><div class=\"porto-ibanner-layer wpb_custom_2c5109c031829f9c54153ed0e6239ff6 banner-pos-f6356757d4f73384a3f5bc65723ae83a\" style=\"width:100%;\"><h1 style=\"font-size: 3.24em;color: var(--porto-light-color);line-height: 1.1;text-align: center;font-weight:700;letter-spacing:-.5px\" class=\"vc_custom_heading vc_do_custom_heading wpb_custom_aa365bd5046e8294520b4e73732b9d15\" >Marcha Aspanaex<\/h1><style>.banner-pos-f6356757d4f73384a3f5bc65723ae83a {left: 50%;right: unset;top: 50%;bottom: unset;transform: translate(-50%, -50%);}<\/style><\/div><\/div><\/div><\/div><\/div><\/div><div class=\"vc_row wpb_row top-row vc_custom_1766427468062 porto-inner-container wpb_custom_034b39d9bc6c6b310d69e39f0ccf274f\"><div class=\"porto-wrap-container container\"><div class=\"row\"><div class=\"vc_column_container col-md-6\"><div class=\"wpb_wrapper vc_column-inner\">\r\n\t<div class=\"wpb_text_column wpb_content_element wpb_custom_7c91d232724f73626cc933bd95b25ff0\" >\r\n\t\t<div class=\"wpb_wrapper\">\r\n\t\t\t<p><a href=\"\/gl\/\">Inicio<\/a> &gt; <a href=\"\/gl\/servicios\/\">Servizos<\/a> &gt; <a href=\"\/gl\/servicios\/marcha-aspanaex\/\">Marcha Aspanaex<\/a><\/p>\n\r\n\t\t<\/div>\r\n\t<\/div>\r\n<h2 style=\"font-size: 28px\" class=\"vc_custom_heading vc_do_custom_heading mb-3 wpb_custom_aa365bd5046e8294520b4e73732b9d15 align-left\" >Marcha <b>con Aspanaex<\/b><\/h2><div class=\"porto-separator\"><hr class=\"separator-line  wpb_content_element align_center solid\" style=\"background-color:grey;\"><\/div>\r\n\t<div class=\"wpb_text_column wpb_content_element wpb_animate_when_almost_visible wpb_fadeInUp fadeInUp lead mb-4 wpb_custom_7c91d232724f73626cc933bd95b25ff0\" >\r\n\t\t<div class=\"wpb_wrapper\">\r\n\t\t\t<p>Buscar la solidaridad\u00a0 de los Ciudadanos de Vigo y\u00a0 comarca realizando una caminata de 9 Km por las calles de la Ciudad de Vigo, para que se hagan efectivos los\u00a0 Derechos de\u00a0 las Personas con Discapacidad Intelectual, a mayores de solicitar\u00a0 una\u00a0 ayuda econ\u00f3mica que permita\u00a0 mantener y crear nuevos servicios para dar respuesta a las necesidades de cada persona atendida.<\/p>\n<p>Este evento lo\u00a0 lleva\u00a0 organizando ASPANAEX desde el a\u00f1o 1.984 el primer domingo de octubre.<\/p>\n<p>Este a\u00f1o,\u00a0<strong>para participar hay que adquirir un DORSAL<\/strong>. Se podr\u00e1 hacer a trav\u00e9s de:<\/p>\n<ul>\n<li>Ataquilla.com\u00a0 o\u00a0\u00a0<a href=\"http:\/\/www.aspanaex.org\/gl\/\">www.aspanaex.org<\/a>\u00a0 (<u><strong>ten\u00e9is el enlace en la parte derecha de la pantalla)<\/strong><\/u><\/li>\n<li>En el Centro Comercial\u00a0\u00a0GRAN VIA, en EL\u00a0CORTE INGLES, y el Centro Comercial A LAXE\u00a0el d\u00eda\u00a04 de octubre de 17 a 22 h y el dia\u00a05 de 10 a 22 h.<\/li>\n<\/ul>\n\r\n\t\t<\/div>\r\n\t<\/div>\r\n<\/div><\/div><div class=\"m-auto vc_column_container col-md-6\"><div class=\"wpb_wrapper vc_column-inner\">\r\n\t<div class=\"wpb_single_image wpb_content_element vc_align_center wpb_content_element  vc_custom_1766507383585 wpb_custom_81a4f7ef9830bf958462581aa01150fb\"><div class=\"wpb_wrapper\">\r\n\t\t\t\r\n\t\t\t<div class=\"vc_single_image-wrapper vc_box_rounded  vc_box_border_grey\"><img loading=\"lazy\" decoding=\"async\" width=\"1024\" height=\"951\" src=\"https:\/\/www.aspanaex.org\/wp-content\/uploads\/2024\/03\/GRacias-caminar-a-nuestro-lado-e1710162321224-1024x951.png\" class=\"vc_single_image-img attachment-large\" alt=\"\" title=\"marcha-aspanaex\" srcset=\"https:\/\/www.aspanaex.org\/wp-content\/uploads\/2024\/03\/GRacias-caminar-a-nuestro-lado-e1710162321224-1024x951.png 1024w, https:\/\/www.aspanaex.org\/wp-content\/uploads\/2024\/03\/GRacias-caminar-a-nuestro-lado-e1710162321224-600x557.png 600w, https:\/\/www.aspanaex.org\/wp-content\/uploads\/2024\/03\/GRacias-caminar-a-nuestro-lado-e1710162321224-768x713.png 768w\" sizes=\"auto, (max-width: 1024px) 100vw, 1024px\" \/><\/div>\r\n\t\t<\/div>\r\n\t<\/div>\r\n<\/div><\/div><div class=\"vc_column_container col-md-12\"><div class=\"wpb_wrapper vc_column-inner\">\r\n\t<div class=\"wpb_text_column wpb_content_element wpb_animate_when_almost_visible wpb_fadeInUp fadeInUp lead mb-4 wpb_custom_7c91d232724f73626cc933bd95b25ff0\" >\r\n\t\t<div class=\"wpb_wrapper\">\r\n\t\t\t<p><u><strong>El importe del dorsal es de 3 euros para ni\u00f1os menores de 10 a\u00f1os o personas con Discapacidad y de 5 euros para el resto de las personas.<\/strong><\/u>\u00a0Cada participante tiene un regalo por participar y entra en el sorteo de otros regalos donados por empresas y comercios de nuestra ciudad. Tambi\u00e9n se le entregar\u00e1 un bocadillo y bebida a la llegada. Durante el recorrido habr\u00e1 otras sorpresas.<\/p>\n<p>En el caso de querer adquirir los dorsales en el mismo dia de la Marcha,el coste ser\u00e1 de 7 euros y los conseguir\u00e0s en el auditorio del Parque de Castrelos<\/p>\n<p><strong>Los dorsales se entregar\u00e1n en el Centro Comercial GRAN VIA, en el \u00a0CORTE INGLES\u00a0de Vigo y en el Centro Comercial de A LAXE<\/strong><\/p>\n<p>El\u00a0 DOMINGO DIA\u00a06\u00a0\u00a0de octubre de 2019 a las 10,00 h.\u00a0en el\u00a0 AUDITORIO DEL PARQUE DE CASTRELOS\u00a0habr\u00e1 un calentamiento previo a la salida. \u00a0El horario es el siguiente:<\/p>\n<ul>\n<li>10,00 h\u00a0 &#8211;\u00a0\u00a0 Llegada de participantes<\/li>\n<li>10,15 h. &#8211;\u00a0\u00a0 Calentamiento<\/li>\n<li>10,30 h. &#8211;\u00a0\u00a0 Salida de la\u00a0 36 EDICION DE LA MARCHA SOLIDARIA ASPANAEX<\/li>\n<\/ul>\n<p>El recorrido ser\u00e1 el mismo que los a\u00f1os anteriores: Auditorio del Parque de Castrelos, Avenida de Castrelos, Plaza Am\u00e9rica, Camelias, Venezuela , Gran V\u00eda, Urzaiz, Pr\u00edncipe, Puerta del Sol, Elduayen, Pi y Margall, Plaza Am\u00e9rica, Avenida de Castrelos, Auditorio del Parque de Castrelos. ( Recorrido de 9 Km)<\/p>\n<p>La organizaci\u00f3n contar\u00e1 con la colaboraci\u00f3n de Cruz Roja, Protecci\u00f3n Civil y un servicio medico.<\/p>\n<p>ASPANAEX, dispondr\u00e1 de un seguro de Responsabilidad Civil. Los participantes deben de encontrarse f\u00edsicamente aptos para la prueba y su participaci\u00f3n est\u00e1 bajo su responsabilidad.<\/p>\n<p>La organizaci\u00f3n declina toda responsabilidad de los da\u00f1os que los participantes puedan causarse durante la prueba.<\/p>\n<p>No se trata de correr ni de llegar el primero, se trata de participar caminando junto a Personas con Discapacidad Intelectual y sus familias.<\/p>\n<p><strong>Organiza ASPANAEX\u00a0con el patrocinio de DELIKIA FRESH \u00a0<\/strong>y la colaboraci\u00f3n de\u00a0 el\u00a0 Concello de Vigo, Polic\u00eda Local, Cruz Roja, Protecci\u00f3n Civil, Vitrasa,\u00a0Colegios, Medios de Comunicaci\u00f3n y distintas empresas de nuestra ciudad.<\/p>\n<p>Si lo desean pueden aportar una ayuda econ\u00f3mica\u00a0en la cuenta corriente\u00a0de\u00a0 \/\/ABANCA\u00a0 &#8211;\u00a0 ES66 2080 5073 0730 4000 9876. Tambi\u00e9n existe una Fila 0, en Ataquilla.com.<\/p>\n<p><u><strong>La ayuda econ\u00f3mica ir\u00e1 destinada a la construcci\u00f3n de la\u00a0futura residencia de ASPANAEX.<\/strong><\/u><\/p>\n<p><strong><u>A partir del d\u00eda\u00a016\u00a0\u00a0de septiembre<\/u><\/strong>, podr\u00e1s realizar la inscripci\u00f3n en la p\u00e1gina de Ataquilla.com. Tienes el enlace para entrar a la derecha de la pantalla.<\/p>\n\r\n\t\t<\/div>\r\n\t<\/div>\r\n\r\n\t<div class=\"wpb_text_column wpb_content_element wpb_animate_when_almost_visible wpb_fadeInUp fadeInUp lead mb-4 wpb_custom_7c91d232724f73626cc933bd95b25ff0\" >\r\n\t\t<div class=\"wpb_wrapper\">\r\n\t\t\t<p>La marcha Aspanaex se convoca todos los a\u00f1os el\u00a0<strong>1\u00ba domingo de octubre<\/strong>. Es una caminata de 9 Km. por las calles de la ciudad de Vigo.<\/p>\n<p>Su finalidad es\u00a0<strong>concienciar sobre los derechos<\/strong>\u00a0de las personas con Discapacidad Intelectual y\u00a0<strong>solicitar una ayuda econ\u00f3mica<\/strong>\u00a0para mantener y crear nuevos servicios de la Asociaci\u00f3n.<\/p>\n\r\n\t\t<\/div>\r\n\t<\/div>\r\n<div class=\"vc_btn3-container vc_btn3-inline vc_do_btn\" >\r\n\t<a class=\"vc_btn3 vc_btn3-shape-default wpb_custom_6687b26f39488ddbb85ddb3c1ce8e111 btn btn-modern btn-md btn-dark\" href=\"\/gl\/contacto\/\" title=\"\">contacta connosco<\/a>\t<\/div>\r\n<\/div><\/div><\/div><\/div><\/div><div class=\"vc_row wpb_row top-row call-to-action-in-footer vc_custom_1766465432914 vc_row-has-fill porto-inner-container wpb_custom_034b39d9bc6c6b310d69e39f0ccf274f\"><div class=\"porto-wrap-container container\"><div class=\"row\"><div class=\"vc_column_container col-md-8\"><div class=\"wpb_wrapper vc_column-inner\"><h3 style=\"font-size: 28px;color: var(--porto-light-color)\" class=\"vc_custom_heading vc_do_custom_heading mb-3 wpb_custom_aa365bd5046e8294520b4e73732b9d15 align-left\" >\u00bfNecesitas ayuda o quieres m\u00e1s informaci\u00f3n?<\/h3><\/div><\/div><div class=\"vc_column_container col-md-4\"><div class=\"wpb_wrapper vc_column-inner\"><div class=\"vc_btn3-container  mb-0 font-weight-semibold vc_btn3-inline vc_do_btn\" >\r\n\t<a class=\"vc_btn3 vc_btn3-shape-default wpb_custom_6687b26f39488ddbb85ddb3c1ce8e111 btn btn-lg btn-light\" style=\"letter-spacing:-.5px; padding:1.15em 1.75em;\" href=\"\/gl\/contacto\/\" title=\"\">Contacta Con Nosotros<\/a>\t<\/div>\r\n<\/div><\/div><\/div><\/div><\/div>\n<\/div>","protected":false},"excerpt":{"rendered":"Marcha Aspanaex Inicio &gt; Servicios &gt; Marcha Aspanaex Marcha con Aspanaex Buscar la solidaridad\u00a0 de los Ciudadanos de Vigo y\u00a0 comarca realizando una caminata de 9 Km por las calles de la Ciudad de Vigo, para que se hagan efectivos los\u00a0 Derechos de\u00a0 las Personas con Discapacidad Intelectual, a mayores de solicitar\u00a0 una\u00a0 ayuda econ\u00f3mica [...]","protected":false},"author":5,"featured_media":0,"parent":67,"menu_order":0,"comment_status":"closed","ping_status":"closed","template":"","meta":{"footnotes":""},"class_list":["post-3472","page","type-page","status-publish","hentry"],"_links":{"self":[{"href":"https:\/\/www.aspanaex.org\/gl\/wp-json\/wp\/v2\/pages\/3472","targetHints":{"allow":["GET"]}}],"collection":[{"href":"https:\/\/www.aspanaex.org\/gl\/wp-json\/wp\/v2\/pages"}],"about":[{"href":"https:\/\/www.aspanaex.org\/gl\/wp-json\/wp\/v2\/types\/page"}],"author":[{"embeddable":true,"href":"https:\/\/www.aspanaex.org\/gl\/wp-json\/wp\/v2\/users\/5"}],"replies":[{"embeddable":true,"href":"https:\/\/www.aspanaex.org\/gl\/wp-json\/wp\/v2\/comments?post=3472"}],"version-history":[{"count":12,"href":"https:\/\/www.aspanaex.org\/gl\/wp-json\/wp\/v2\/pages\/3472\/revisions"}],"predecessor-version":[{"id":4472,"href":"https:\/\/www.aspanaex.org\/gl\/wp-json\/wp\/v2\/pages\/3472\/revisions\/4472"}],"up":[{"embeddable":true,"href":"https:\/\/www.aspanaex.org\/gl\/wp-json\/wp\/v2\/pages\/67"}],"wp:attachment":[{"href":"https:\/\/www.aspanaex.org\/gl\/wp-json\/wp\/v2\/media?parent=3472"}],"curies":[{"name":"wp","href":"https:\/\/api.w.org\/{rel}","templated":true}]}}