{"id":3487,"date":"2025-11-14T05:24:19","date_gmt":"2025-11-14T04:24:19","guid":{"rendered":"https:\/\/www.aspanaex.org\/services\/marcha-aspanaex-2\/"},"modified":"2025-12-30T11:36:30","modified_gmt":"2025-12-30T10:36:30","slug":"psicologia","status":"publish","type":"page","link":"https:\/\/www.aspanaex.org\/gl\/servicios\/psicologia\/","title":{"rendered":"Psicolog\u00eda"},"content":{"rendered":"<div class=\"wpb-content-wrapper\"><div class=\"vc_row wpb_row row top-row vc_custom_1766503694637 porto_stretch_css stretch_row_content_css vc_row-has-fill wpb_custom_034b39d9bc6c6b310d69e39f0ccf274f\"><div class=\"vc_column_container col-md-12 vc_custom_1766410138838\"><div class=\"wpb_wrapper vc_column-inner\"><div class=\"porto-ibanner interactive-banner-wrap-07dd21040fa50768c9d370ae74e47015 vc_custom_1766505735146\" style=\"min-height:250px;\"><img loading=\"lazy\" decoding=\"async\" alt=\"\" width=\"1760\" height=\"825\" class=\"porto-ibanner-img\" src=\"https:\/\/www.aspanaex.org\/wp-content\/uploads\/2025\/12\/psicologia-banner.webp\" srcset=\"https:\/\/www.aspanaex.org\/wp-content\/uploads\/2025\/12\/psicologia-banner.webp 1760w, https:\/\/www.aspanaex.org\/wp-content\/uploads\/2025\/12\/psicologia-banner-1024x480.webp 1024w, https:\/\/www.aspanaex.org\/wp-content\/uploads\/2025\/12\/psicologia-banner-768x360.webp 768w, https:\/\/www.aspanaex.org\/wp-content\/uploads\/2025\/12\/psicologia-banner-1536x720.webp 1536w, https:\/\/www.aspanaex.org\/wp-content\/uploads\/2025\/12\/psicologia-banner-640x300.webp 640w, https:\/\/www.aspanaex.org\/wp-content\/uploads\/2025\/12\/psicologia-banner-600x281.webp 600w\" sizes=\"auto, (max-width: 1760px) 100vw, 1760px\"><div class=\"porto-ibanner-desc no-padding d-flex\"><div class=\"porto-ibanner-layer wpb_custom_2c5109c031829f9c54153ed0e6239ff6 banner-pos-f6356757d4f73384a3f5bc65723ae83a\" style=\"width:100%;\"><h1 style=\"font-size: 3.24em;color: var(--porto-light-color);line-height: 1.1;text-align: center;font-weight:700;letter-spacing:-.5px\" class=\"vc_custom_heading vc_do_custom_heading wpb_custom_aa365bd5046e8294520b4e73732b9d15\" >Psicolog\u00eda<\/h1><style>.banner-pos-f6356757d4f73384a3f5bc65723ae83a {left: 50%;right: unset;top: 50%;bottom: unset;transform: translate(-50%, -50%);}<\/style><\/div><\/div><\/div><\/div><\/div><\/div><div class=\"vc_row wpb_row top-row vc_custom_1766427468062 porto-inner-container wpb_custom_034b39d9bc6c6b310d69e39f0ccf274f\"><div class=\"porto-wrap-container container\"><div class=\"row\"><div class=\"vc_column_container col-md-6\"><div class=\"wpb_wrapper vc_column-inner\">\r\n\t<div class=\"wpb_text_column wpb_content_element wpb_custom_7c91d232724f73626cc933bd95b25ff0\" >\r\n\t\t<div class=\"wpb_wrapper\">\r\n\t\t\t<p><a href=\"\/gl\/\">Inicio<\/a> &gt; <a href=\"\/gl\/servicios\/\">Servizos<\/a> &gt; <a href=\"\/gl\/servicios\/psicologia\/\">Psicolog\u00eda<\/a><\/p>\n\r\n\t\t<\/div>\r\n\t<\/div>\r\n<h2 style=\"font-size: 28px\" class=\"vc_custom_heading vc_do_custom_heading mb-3 wpb_custom_aa365bd5046e8294520b4e73732b9d15 align-left\" >Psicolog\u00eda <b>con Aspanaex<\/b><\/h2><div class=\"porto-separator\"><hr class=\"separator-line  wpb_content_element align_center solid\" style=\"background-color:grey;\"><\/div><h3 style=\"font-size: 28px\" class=\"vc_custom_heading vc_do_custom_heading mb-3 wpb_custom_aa365bd5046e8294520b4e73732b9d15 align-left\" >El servicio de psicolog\u00eda lo forman 2 especialistas.<\/h3>\r\n\t<div class=\"wpb_text_column wpb_content_element wpb_animate_when_almost_visible wpb_fadeInUp fadeInUp lead mb-4 wpb_custom_7c91d232724f73626cc933bd95b25ff0\" >\r\n\t\t<div class=\"wpb_wrapper\">\r\n\t\t\t<p>Se trabaja con las Personas con Discapacidad Intelectual, con las familias y con los profesionales. Los objetivos se orientan a lograr un conocimiento integral de cada persona, prestar apoyo psicoterap\u00e9utico, elaboraci\u00f3n de programas de atenci\u00f3n individual, asesorar a las familias y apoyar y buscar soluciones en situaciones problem\u00e1ticas, etc.<\/p>\n<p>El servicio de psicolog\u00eda est\u00e1 formado por\u00a0<strong>dos psic\u00f3logos<\/strong>\u00a0que atienden a los\u00a0<a href=\"\/gl\/aspanaex\/alumnos-usuarios\/\" target=\"_blank\" rel=\"noopener\">alumnos\/as y usuarios\/as<\/a>\u00a0de los tres centros de la asociaci\u00f3n.<\/p>\n<p>El trabajo que llevamos a cabo implica a las\u00a0<strong>Personas con Discapacidad Intelectual, a sus familias, a los\u00a0profesionales y\u00a0voluntarios.\u00a0<\/strong><\/p>\n<p>Los\u00a0 objetivos de este trabajo en equipo son:<\/p>\n\r\n\t\t<\/div>\r\n\t<\/div>\r\n<\/div><\/div><div class=\"m-auto vc_column_container col-md-6\"><div class=\"wpb_wrapper vc_column-inner\">\r\n\t<div class=\"wpb_single_image wpb_content_element vc_align_center wpb_content_element  vc_custom_1766505564808 wpb_custom_81a4f7ef9830bf958462581aa01150fb\"><div class=\"wpb_wrapper\">\r\n\t\t\t\r\n\t\t\t<div class=\"vc_single_image-wrapper vc_box_rounded  vc_box_border_grey\"><img loading=\"lazy\" decoding=\"async\" width=\"1024\" height=\"683\" src=\"https:\/\/www.aspanaex.org\/wp-content\/uploads\/2024\/03\/20943593-1024x683.jpg\" class=\"vc_single_image-img attachment-large\" alt=\"\" title=\"psicologia-con-aspanaex\" srcset=\"https:\/\/www.aspanaex.org\/wp-content\/uploads\/2024\/03\/20943593-1024x683.jpg 1024w, https:\/\/www.aspanaex.org\/wp-content\/uploads\/2024\/03\/20943593-scaled-600x400.jpg 600w, https:\/\/www.aspanaex.org\/wp-content\/uploads\/2024\/03\/20943593-768x512.jpg 768w\" sizes=\"auto, (max-width: 1024px) 100vw, 1024px\" \/><\/div>\r\n\t\t<\/div>\r\n\t<\/div>\r\n<\/div><\/div><div class=\"vc_column_container col-md-12\"><div class=\"wpb_wrapper vc_column-inner\">\r\n\t<div class=\"wpb_text_column wpb_content_element wpb_animate_when_almost_visible wpb_fadeInUp fadeInUp lead mb-4 wpb_custom_7c91d232724f73626cc933bd95b25ff0\" >\r\n\t\t<div class=\"wpb_wrapper\">\r\n\t\t\t<p><strong>Con las\u00a0 Personas\u00a0 con Discapacidad Intelectual:<\/strong><\/p>\n<ul>\n<li>Lograr un conocimiento integral \u00a0de las\u00a0 personas\u00a0 con\u00a0 discapacidad\u00a0 intelectual a trav\u00e9s de una valoraci\u00f3n de sus necesidades de apoyo, caracter\u00edsticas\u00a0 psicol\u00f3gicas,\u00a0 aptitudinales y\u00a0 de\u00a0 desarrollo, que nos permitan la realizaci\u00f3n\u00a0 de\u00a0\u00a0 Programas de Atenci\u00f3n Individualizada (PAI)\u00a0realistas\u00a0 y\u00a0 personalizados de acuerdo a sus necesidades.<\/li>\n<li>Prestar\u00a0 apoyo psicoterap\u00e9utico a las\u00a0 personas\u00a0 con discapacidad\u00a0 intelectual,\u00a0 as\u00ed como\u00a0 apoyar, orientar y abordar los problemas y preocupaciones diarias de los alumnos\/as y usuarios\/as.<\/li>\n<li>Favorecer, desarrollar y mejorar la calidad de vida de todas las personas con\u00a0 discapacidad\u00a0 intelectual.<\/li>\n<\/ul>\n<p><strong>Con las\u00a0 familias:<\/strong><\/p>\n<ul>\n<li>Apoyar, abordar y\u00a0 buscar soluciones\u00a0 de\u00a0\u00a0 forma\u00a0 coordinada\u00a0 y\u00a0 conjunta,\u00a0 a la\u00a0 problem\u00e1tica\u00a0 que\u00a0 pueda\u00a0 plantearse (conductual, relacional-social, personal, etc.) en las diferentes\u00a0 etapas de la vida \u00a0de las\u00a0 personas con discapacidad intelectual.<\/li>\n<li>Asesorar,\u00a0 orientar y apoyar a las familias en pro del logro de la mejora de la calidad\u00a0\u00a0 de\u00a0 vida de todos los \u00a0componentes de la\u00a0 familia.<\/li>\n<\/ul>\n<p><strong>Con los\u00a0 profesionales:<\/strong><\/p>\n<ul>\n<li>Trabajar de \u00a0forma coordinada y en equipo en la elaboraci\u00f3n, y puesta\u00a0 en\u00a0 pr\u00e1ctica\u00a0 de\u00a0 los\u00a0 programas \u00a0de\u00a0 atenci\u00f3n individualizada\u00a0 y\u00a0 las \u00a0adaptaciones curriculares necesarias.<\/li>\n<li>Apoyar y orientar a los\u00a0 profesionales en el seguimiento del quehacer diario de los usuarios\/as y alumnos\/as con el fin de lograr una atenci\u00f3n centrada en las necesidades\u00a0 individuales\u00a0 y\u00a0 caracter\u00edsticas \u00a0de la persona con discapacidad intelectual.<\/li>\n<\/ul>\n\r\n\t\t<\/div>\r\n\t<\/div>\r\n<div class=\"vc_btn3-container vc_btn3-inline vc_do_btn\" >\r\n\t<a class=\"vc_btn3 vc_btn3-shape-default wpb_custom_6687b26f39488ddbb85ddb3c1ce8e111 btn btn-modern btn-md btn-dark\" href=\"\/gl\/contacto\/\" title=\"\">contacta connosco<\/a>\t<\/div>\r\n<\/div><\/div><\/div><\/div><\/div><div class=\"vc_row wpb_row top-row call-to-action-in-footer vc_custom_1766465432914 vc_row-has-fill porto-inner-container wpb_custom_034b39d9bc6c6b310d69e39f0ccf274f\"><div class=\"porto-wrap-container container\"><div class=\"row\"><div class=\"vc_column_container col-md-8\"><div class=\"wpb_wrapper vc_column-inner\"><h3 style=\"font-size: 28px;color: var(--porto-light-color)\" class=\"vc_custom_heading vc_do_custom_heading mb-3 wpb_custom_aa365bd5046e8294520b4e73732b9d15 align-left\" >\u00bfNecesitas ayuda o quieres m\u00e1s informaci\u00f3n?<\/h3><\/div><\/div><div class=\"vc_column_container col-md-4\"><div class=\"wpb_wrapper vc_column-inner\"><div class=\"vc_btn3-container  mb-0 font-weight-semibold vc_btn3-inline vc_do_btn\" >\r\n\t<a class=\"vc_btn3 vc_btn3-shape-default wpb_custom_6687b26f39488ddbb85ddb3c1ce8e111 btn btn-lg btn-light\" style=\"letter-spacing:-.5px; padding:1.15em 1.75em;\" href=\"\/gl\/contacto\/\" title=\"\">Contacta Con Nosotros<\/a>\t<\/div>\r\n<\/div><\/div><\/div><\/div><\/div>\n<\/div>","protected":false},"excerpt":{"rendered":"Psicolog\u00eda Inicio &gt; Servicios &gt; Psicolog\u00eda Psicolog\u00eda con AspanaexEl servicio de psicolog\u00eda lo forman 2 especialistas. Se trabaja con las Personas con Discapacidad Intelectual, con las familias y con los profesionales. Los objetivos se orientan a lograr un conocimiento integral de cada persona, prestar apoyo psicoterap\u00e9utico, elaboraci\u00f3n de programas de atenci\u00f3n individual, asesorar a las [...]","protected":false},"author":5,"featured_media":0,"parent":67,"menu_order":0,"comment_status":"closed","ping_status":"closed","template":"","meta":{"footnotes":""},"class_list":["post-3487","page","type-page","status-publish","hentry"],"_links":{"self":[{"href":"https:\/\/www.aspanaex.org\/gl\/wp-json\/wp\/v2\/pages\/3487","targetHints":{"allow":["GET"]}}],"collection":[{"href":"https:\/\/www.aspanaex.org\/gl\/wp-json\/wp\/v2\/pages"}],"about":[{"href":"https:\/\/www.aspanaex.org\/gl\/wp-json\/wp\/v2\/types\/page"}],"author":[{"embeddable":true,"href":"https:\/\/www.aspanaex.org\/gl\/wp-json\/wp\/v2\/users\/5"}],"replies":[{"embeddable":true,"href":"https:\/\/www.aspanaex.org\/gl\/wp-json\/wp\/v2\/comments?post=3487"}],"version-history":[{"count":10,"href":"https:\/\/www.aspanaex.org\/gl\/wp-json\/wp\/v2\/pages\/3487\/revisions"}],"predecessor-version":[{"id":4474,"href":"https:\/\/www.aspanaex.org\/gl\/wp-json\/wp\/v2\/pages\/3487\/revisions\/4474"}],"up":[{"embeddable":true,"href":"https:\/\/www.aspanaex.org\/gl\/wp-json\/wp\/v2\/pages\/67"}],"wp:attachment":[{"href":"https:\/\/www.aspanaex.org\/gl\/wp-json\/wp\/v2\/media?parent=3487"}],"curies":[{"name":"wp","href":"https:\/\/api.w.org\/{rel}","templated":true}]}}