{"id":3505,"date":"2025-11-14T05:24:19","date_gmt":"2025-11-14T04:24:19","guid":{"rendered":"https:\/\/www.aspanaex.org\/services\/ocio-2\/"},"modified":"2025-12-30T11:35:39","modified_gmt":"2025-12-30T10:35:39","slug":"comedor","status":"publish","type":"page","link":"https:\/\/www.aspanaex.org\/gl\/servicios\/comedor\/","title":{"rendered":"Comedor"},"content":{"rendered":"<div class=\"wpb-content-wrapper\"><div class=\"vc_row wpb_row row top-row vc_custom_1766503694637 porto_stretch_css stretch_row_content_css vc_row-has-fill wpb_custom_034b39d9bc6c6b310d69e39f0ccf274f\"><div class=\"vc_column_container col-md-12 vc_custom_1766410138838\"><div class=\"wpb_wrapper vc_column-inner\"><div class=\"porto-ibanner interactive-banner-wrap-07dd21040fa50768c9d370ae74e47015 vc_custom_1766506965476\" style=\"min-height:250px;\"><img loading=\"lazy\" decoding=\"async\" alt=\"\" width=\"1760\" height=\"825\" class=\"porto-ibanner-img\" src=\"https:\/\/www.aspanaex.org\/wp-content\/uploads\/2025\/12\/comedor-banner.webp\" srcset=\"https:\/\/www.aspanaex.org\/wp-content\/uploads\/2025\/12\/comedor-banner.webp 1760w, https:\/\/www.aspanaex.org\/wp-content\/uploads\/2025\/12\/comedor-banner-1024x480.webp 1024w, https:\/\/www.aspanaex.org\/wp-content\/uploads\/2025\/12\/comedor-banner-768x360.webp 768w, https:\/\/www.aspanaex.org\/wp-content\/uploads\/2025\/12\/comedor-banner-1536x720.webp 1536w, https:\/\/www.aspanaex.org\/wp-content\/uploads\/2025\/12\/comedor-banner-640x300.webp 640w, https:\/\/www.aspanaex.org\/wp-content\/uploads\/2025\/12\/comedor-banner-600x281.webp 600w\" sizes=\"auto, (max-width: 1760px) 100vw, 1760px\"><div class=\"porto-ibanner-desc no-padding d-flex\"><div class=\"porto-ibanner-layer wpb_custom_2c5109c031829f9c54153ed0e6239ff6 banner-pos-f6356757d4f73384a3f5bc65723ae83a\" style=\"width:100%;\"><h1 style=\"font-size: 3.24em;color: var(--porto-light-color);line-height: 1.1;text-align: center;font-weight:700;letter-spacing:-.5px\" class=\"vc_custom_heading vc_do_custom_heading wpb_custom_aa365bd5046e8294520b4e73732b9d15\" >Comedor<\/h1><style>.banner-pos-f6356757d4f73384a3f5bc65723ae83a {left: 50%;right: unset;top: 50%;bottom: unset;transform: translate(-50%, -50%);}<\/style><\/div><\/div><\/div><\/div><\/div><\/div><div class=\"vc_row wpb_row top-row vc_custom_1766427468062 porto-inner-container wpb_custom_034b39d9bc6c6b310d69e39f0ccf274f\"><div class=\"porto-wrap-container container\"><div class=\"row\"><div class=\"vc_column_container col-md-6\"><div class=\"wpb_wrapper vc_column-inner\">\r\n\t<div class=\"wpb_text_column wpb_content_element wpb_custom_7c91d232724f73626cc933bd95b25ff0\" >\r\n\t\t<div class=\"wpb_wrapper\">\r\n\t\t\t<p><a href=\"\/gl\/\">Inicio<\/a> &gt; <a href=\"\/gl\/servicios\/\">Servizos<\/a> &gt; <a href=\"\/gl\/servicios\/comedor\/\">Comedor<\/a><\/p>\n\r\n\t\t<\/div>\r\n\t<\/div>\r\n<h2 style=\"font-size: 28px\" class=\"vc_custom_heading vc_do_custom_heading mb-3 wpb_custom_aa365bd5046e8294520b4e73732b9d15 align-left\" >Comedor <b>con Aspanaex<\/b><\/h2><div class=\"porto-separator\"><hr class=\"separator-line  wpb_content_element align_center solid\" style=\"background-color:grey;\"><\/div>\r\n\t<div class=\"wpb_text_column wpb_content_element wpb_animate_when_almost_visible wpb_fadeInUp fadeInUp lead mb-4 wpb_custom_7c91d232724f73626cc933bd95b25ff0\" >\r\n\t\t<div class=\"wpb_wrapper\">\r\n\t\t\t<p>El comedor es un servicio abierto a todos los alumnos\/as y usuarios\/as que lo deseen. Si\u00a0finalidad es ofrecer una\u00a0<strong>comida sana, saludable<\/strong>\u00a0y favorecer el\u00a0<strong>aprendizaje de h\u00e1bitos<\/strong>\u00a0en la mesa. Los men\u00fas, avalados por una nutricionista, se adaptan a las personas seg\u00fan el r\u00e9gimen, intolerancias o problemas de salud.<\/p>\n<p>ASPANAEX, cuenta con un servicio de comedor\u00a0 abierto a\u00a0 los alumnos\/as y usuarios\/as \u00a0que lo desean.<\/p>\n<p>El objetivo que persigue es ofrecer aprendizaje de h\u00e1bitos en la mesa, utilizaci\u00f3n adecuada de los cubiertos en funci\u00f3n de la necesidad de apoyos de cada persona y disfrutar de\u00a0 una alimentaci\u00f3n sana y equilibrada.<\/p>\n<p>El men\u00fa es propuesto por la\u00a0<strong>Nutricionista<\/strong>\u00a0de la Empresa que gestiona el servicio de\u00a0cocina (<a href=\"http:\/\/www.serunion.es\/Paginas\/default.aspx\" target=\"_blank\" rel=\"noopener nofollow\"><strong>SERUNI\u00d3N<\/strong><\/a>), ofreci\u00e9ndose men\u00fas alternativos por intolerancia a alg\u00fan alimento o por problemas de salud.<\/p>\n\r\n\t\t<\/div>\r\n\t<\/div>\r\n<\/div><\/div><div class=\"m-auto vc_column_container col-md-6\"><div class=\"wpb_wrapper vc_column-inner\">\r\n\t<div class=\"wpb_single_image wpb_content_element vc_align_center wpb_content_element  vc_custom_1766506829137 wpb_custom_81a4f7ef9830bf958462581aa01150fb\"><div class=\"wpb_wrapper\">\r\n\t\t\t\r\n\t\t\t<div class=\"vc_single_image-wrapper vc_box_rounded  vc_box_border_grey\"><img loading=\"lazy\" decoding=\"async\" width=\"1024\" height=\"952\" src=\"https:\/\/www.aspanaex.org\/wp-content\/uploads\/2024\/03\/Comwdor-1024x952.png\" class=\"vc_single_image-img attachment-large\" alt=\"\" title=\"comedor-con-aspanaex\" srcset=\"https:\/\/www.aspanaex.org\/wp-content\/uploads\/2024\/03\/Comwdor-1024x952.png 1024w, https:\/\/www.aspanaex.org\/wp-content\/uploads\/2024\/03\/Comwdor-600x558.png 600w, https:\/\/www.aspanaex.org\/wp-content\/uploads\/2024\/03\/Comwdor-768x714.png 768w\" sizes=\"auto, (max-width: 1024px) 100vw, 1024px\" \/><\/div>\r\n\t\t<\/div>\r\n\t<\/div>\r\n<\/div><\/div><div class=\"vc_column_container col-md-12\"><div class=\"wpb_wrapper vc_column-inner\">\r\n\t<div class=\"wpb_text_column wpb_content_element wpb_animate_when_almost_visible wpb_fadeInUp fadeInUp lead mb-4 wpb_custom_7c91d232724f73626cc933bd95b25ff0\" >\r\n\t\t<div class=\"wpb_wrapper\">\r\n\t\t\t<p>As\u00ed hablamos de men\u00fa:<\/p>\n<ul>\n<li><strong>Normal<\/strong><\/li>\n<li><strong>R\u00e9gimen,<\/strong><\/li>\n<li><strong>Triturado<\/strong><\/li>\n<li><strong>Semitriturado<\/strong><\/li>\n<li><strong>Al\u00e9rgico al vacuno,<\/strong><\/li>\n<li><strong>Al\u00e9rgico al huevo, etc.\u2026<\/strong><\/li>\n<\/ul>\n<p>A finales de mes, cada familia recibe la informaci\u00f3n del men\u00fa\u00a0 que contempla lo que comer\u00e1 el alumno\/a o usuario\/a el mes siguiente.<\/p>\n<p>Para facilitar informaci\u00f3n\u00a0 a los alumnos\/as y usuarios\/as que carecen de la capacidad lectora, se expone en un panel el\u00a0<strong>men\u00fa diario<\/strong>\u00a0a trav\u00e9s de fotograf\u00edas y pictogramas.<\/p>\n\r\n\t\t<\/div>\r\n\t<\/div>\r\n<div class=\"vc_btn3-container vc_btn3-inline vc_do_btn\" >\r\n\t<a class=\"vc_btn3 vc_btn3-shape-default wpb_custom_6687b26f39488ddbb85ddb3c1ce8e111 btn btn-modern btn-md btn-dark\" href=\"\/gl\/contacto\/\" title=\"\">contacta connosco<\/a>\t<\/div>\r\n<\/div><\/div><\/div><\/div><\/div><div class=\"vc_row wpb_row top-row call-to-action-in-footer vc_custom_1766465432914 vc_row-has-fill porto-inner-container wpb_custom_034b39d9bc6c6b310d69e39f0ccf274f\"><div class=\"porto-wrap-container container\"><div class=\"row\"><div class=\"vc_column_container col-md-8\"><div class=\"wpb_wrapper vc_column-inner\"><h3 style=\"font-size: 28px;color: var(--porto-light-color)\" class=\"vc_custom_heading vc_do_custom_heading mb-3 wpb_custom_aa365bd5046e8294520b4e73732b9d15 align-left\" >\u00bfNecesitas ayuda o quieres m\u00e1s informaci\u00f3n?<\/h3><\/div><\/div><div class=\"vc_column_container col-md-4\"><div class=\"wpb_wrapper vc_column-inner\"><div class=\"vc_btn3-container  mb-0 font-weight-semibold vc_btn3-inline vc_do_btn\" >\r\n\t<a class=\"vc_btn3 vc_btn3-shape-default wpb_custom_6687b26f39488ddbb85ddb3c1ce8e111 btn btn-lg btn-light\" style=\"letter-spacing:-.5px; padding:1.15em 1.75em;\" href=\"\/gl\/contacto\/\" title=\"\">Contacta Con Nosotros<\/a>\t<\/div>\r\n<\/div><\/div><\/div><\/div><\/div>\n<\/div>","protected":false},"excerpt":{"rendered":"Comedor Inicio &gt; Servicios &gt; Comedor Comedor con Aspanaex El comedor es un servicio abierto a todos los alumnos\/as y usuarios\/as que lo deseen. Si\u00a0finalidad es ofrecer una\u00a0comida sana, saludable\u00a0y favorecer el\u00a0aprendizaje de h\u00e1bitos\u00a0en la mesa. Los men\u00fas, avalados por una nutricionista, se adaptan a las personas seg\u00fan el r\u00e9gimen, intolerancias o problemas de salud. [...]","protected":false},"author":5,"featured_media":0,"parent":67,"menu_order":0,"comment_status":"closed","ping_status":"closed","template":"","meta":{"footnotes":""},"class_list":["post-3505","page","type-page","status-publish","hentry"],"_links":{"self":[{"href":"https:\/\/www.aspanaex.org\/gl\/wp-json\/wp\/v2\/pages\/3505","targetHints":{"allow":["GET"]}}],"collection":[{"href":"https:\/\/www.aspanaex.org\/gl\/wp-json\/wp\/v2\/pages"}],"about":[{"href":"https:\/\/www.aspanaex.org\/gl\/wp-json\/wp\/v2\/types\/page"}],"author":[{"embeddable":true,"href":"https:\/\/www.aspanaex.org\/gl\/wp-json\/wp\/v2\/users\/5"}],"replies":[{"embeddable":true,"href":"https:\/\/www.aspanaex.org\/gl\/wp-json\/wp\/v2\/comments?post=3505"}],"version-history":[{"count":8,"href":"https:\/\/www.aspanaex.org\/gl\/wp-json\/wp\/v2\/pages\/3505\/revisions"}],"predecessor-version":[{"id":4469,"href":"https:\/\/www.aspanaex.org\/gl\/wp-json\/wp\/v2\/pages\/3505\/revisions\/4469"}],"up":[{"embeddable":true,"href":"https:\/\/www.aspanaex.org\/gl\/wp-json\/wp\/v2\/pages\/67"}],"wp:attachment":[{"href":"https:\/\/www.aspanaex.org\/gl\/wp-json\/wp\/v2\/media?parent=3505"}],"curies":[{"name":"wp","href":"https:\/\/api.w.org\/{rel}","templated":true}]}}