{"id":3564,"date":"2025-11-30T05:06:21","date_gmt":"2025-11-30T04:06:21","guid":{"rendered":"https:\/\/www.aspanaex.org\/centros\/centro-educativo-2\/"},"modified":"2025-12-30T11:39:54","modified_gmt":"2025-12-30T10:39:54","slug":"centro-ocupacional","status":"publish","type":"page","link":"https:\/\/www.aspanaex.org\/gl\/centros\/centro-ocupacional\/","title":{"rendered":"Centro Ocupacional"},"content":{"rendered":"<div class=\"wpb-content-wrapper\"><div class=\"vc_row wpb_row row top-row porto_stretch_css stretch_row_content_css wpb_custom_034b39d9bc6c6b310d69e39f0ccf274f\"><div class=\"vc_column_container col-md-12 vc_custom_1766410138838\"><div class=\"wpb_wrapper vc_column-inner\"><div class=\"porto-ibanner interactive-banner-wrap-07dd21040fa50768c9d370ae74e47015 vc_custom_1766512303108\" style=\"min-height:250px;\"><img loading=\"lazy\" decoding=\"async\" alt=\"\" width=\"1760\" height=\"825\" class=\"porto-ibanner-img\" src=\"https:\/\/www.aspanaex.org\/wp-content\/uploads\/2025\/12\/centro-ocupacional-banner.webp\" srcset=\"https:\/\/www.aspanaex.org\/wp-content\/uploads\/2025\/12\/centro-ocupacional-banner.webp 1760w, https:\/\/www.aspanaex.org\/wp-content\/uploads\/2025\/12\/centro-ocupacional-banner-1024x480.webp 1024w, https:\/\/www.aspanaex.org\/wp-content\/uploads\/2025\/12\/centro-ocupacional-banner-768x360.webp 768w, https:\/\/www.aspanaex.org\/wp-content\/uploads\/2025\/12\/centro-ocupacional-banner-1536x720.webp 1536w, https:\/\/www.aspanaex.org\/wp-content\/uploads\/2025\/12\/centro-ocupacional-banner-640x300.webp 640w, https:\/\/www.aspanaex.org\/wp-content\/uploads\/2025\/12\/centro-ocupacional-banner-600x281.webp 600w\" sizes=\"auto, (max-width: 1760px) 100vw, 1760px\"><div class=\"porto-ibanner-desc no-padding d-flex\"><div class=\"porto-ibanner-layer wpb_custom_2c5109c031829f9c54153ed0e6239ff6 banner-pos-f6356757d4f73384a3f5bc65723ae83a\" style=\"width:100%;\"><h1 style=\"font-size: 3.24em;color: var(--porto-light-color);line-height: 1.1;text-align: center;font-weight:700;letter-spacing:-.5px\" class=\"vc_custom_heading vc_do_custom_heading wpb_custom_aa365bd5046e8294520b4e73732b9d15\" >Centro Ocupacional<\/h1><style>.banner-pos-f6356757d4f73384a3f5bc65723ae83a {left: 50%;right: unset;top: 50%;bottom: unset;transform: translate(-50%, -50%);}<\/style><\/div><\/div><\/div><\/div><\/div><\/div><div class=\"vc_row wpb_row top-row vc_custom_1766427468062 porto-inner-container wpb_custom_034b39d9bc6c6b310d69e39f0ccf274f\"><div class=\"porto-wrap-container container\"><div class=\"row\"><div class=\"vc_column_container col-md-6\"><div class=\"wpb_wrapper vc_column-inner\">\r\n\t<div class=\"wpb_text_column wpb_content_element wpb_custom_7c91d232724f73626cc933bd95b25ff0\" >\r\n\t\t<div class=\"wpb_wrapper\">\r\n\t\t\t<p><a href=\"\/gl\/\">Inicio<\/a> &gt; <a href=\"\/gl\/centros\/\">Centros<\/a> &gt; <a href=\"\/gl\/centros\/centro-ocupacional\/\">Centro Ocupacional<\/a><\/p>\n\r\n\t\t<\/div>\r\n\t<\/div>\r\n<h2 style=\"font-size: 28px\" class=\"vc_custom_heading vc_do_custom_heading mb-3 wpb_custom_aa365bd5046e8294520b4e73732b9d15 align-left\" >Servicio de Atenci\u00f3n Diurna Ocupacional: Centro Ocupacional<\/h2><div class=\"porto-separator\"><hr class=\"separator-line  wpb_content_element align_center solid\" style=\"background-color:grey;\"><\/div>\r\n\t<div class=\"wpb_text_column wpb_content_element wpb_animate_when_almost_visible wpb_fadeInUp fadeInUp lead mb-4 wpb_custom_7c91d232724f73626cc933bd95b25ff0\" >\r\n\t\t<div class=\"wpb_wrapper\">\r\n\t\t\t<div class=\"lectura_facil\">\n<p>Tiene como finalidad el desarrollo de las competencias necesarias para que cada persona lleve a cabo su proyecto de vida individual que le permita la integraci\u00f3n personal, social y laboral, atendiendo a las dimensiones de calidad de bienestar emocional, relaciones interpersonales, bienestar material, desarrollo personal, bienestar f\u00edsico, autodeterminaci\u00f3n, inclusi\u00f3n social, derechos. Este servicio mantiene un concierto Social con la Conseller\u00eda de Pol\u00edtica Social de 57 plazas.<\/p>\n<p class=\"p1\">Para la consecuci\u00f3n de los objetivos, los Usuarios\/as desarrollan una serie de actividades de <b>TERAPIA OCUPACIONAL<\/b>, encaminados a la formaci\u00f3n para el empleo y de <b>AJUSTE PERSONAL Y SOCIAL<\/b><\/p>\n<\/div>\n\r\n\t\t<\/div>\r\n\t<\/div>\r\n<\/div><\/div><div class=\"m-auto vc_column_container col-md-6\"><div class=\"wpb_wrapper vc_column-inner\">\r\n\t<div class=\"wpb_single_image wpb_content_element vc_align_center wpb_content_element   m-display-none wpb_custom_81a4f7ef9830bf958462581aa01150fb\"><div class=\"wpb_wrapper\">\r\n\t\t\t\r\n\t\t\t<a class=\"porto-vc-zoom\" data-gallery=\"false\" data-title=\"\" href=\"https:\/\/www.aspanaex.org\/wp-content\/uploads\/2025\/12\/16-13-38-59.admin_.colar-collar-fleco-borlas-abelorios-fimo-aspanaex-plena-inclusion-galicia.png\" target=\"_self\" aria-label=\"Zoom the image\"><div class=\"vc_single_image-wrapper vc_box_rounded  vc_box_border_grey\"><img loading=\"lazy\" decoding=\"async\" width=\"450\" height=\"338\" src=\"https:\/\/www.aspanaex.org\/wp-content\/uploads\/2025\/12\/16-13-38-59.admin_.colar-collar-fleco-borlas-abelorios-fimo-aspanaex-plena-inclusion-galicia.png\" class=\"vc_single_image-img attachment-full\" alt=\"\" title=\"centro-ocupacional-aspanaex\" srcset=\"https:\/\/www.aspanaex.org\/wp-content\/uploads\/2025\/12\/16-13-38-59.admin_.colar-collar-fleco-borlas-abelorios-fimo-aspanaex-plena-inclusion-galicia.png 450w, https:\/\/www.aspanaex.org\/wp-content\/uploads\/2025\/12\/16-13-38-59.admin_.colar-collar-fleco-borlas-abelorios-fimo-aspanaex-plena-inclusion-galicia-400x300.png 400w, https:\/\/www.aspanaex.org\/wp-content\/uploads\/2025\/12\/16-13-38-59.admin_.colar-collar-fleco-borlas-abelorios-fimo-aspanaex-plena-inclusion-galicia-367x276.png 367w\" sizes=\"auto, (max-width: 450px) 100vw, 450px\" \/><div class=\"zoom-icon\"><\/div><\/div><\/a>\r\n\t\t<\/div>\r\n\t<\/div>\r\n<\/div><\/div><div class=\"vc_column_container col-md-12 vc_custom_1766511077470\"><div class=\"wpb_wrapper vc_column-inner\"><h3 style=\"font-size: 28px\" class=\"vc_custom_heading vc_do_custom_heading mb-3 wpb_custom_aa365bd5046e8294520b4e73732b9d15 align-left\" >Talleres de Terapia Ocupacional<\/h3>\r\n\t<div class=\"wpb_text_column wpb_content_element wpb_animate_when_almost_visible wpb_fadeInUp fadeInUp lead mb-4 wpb_custom_7c91d232724f73626cc933bd95b25ff0\" >\r\n\t\t<div class=\"wpb_wrapper\">\r\n\t\t\t<div class=\"lectura_facil\">\n<p><b>Taller de Jardiner\u00eda: <\/b><\/p>\n<p class=\"p2\">Nos encargamos de mantener las zonas verdes, tanto las del centro de adultos y educativo como las de la residencia. Adem\u00e1s, producimos planta que destinamos a la venta, para ello contamos con dos invernaderos; en uno de ellos producimos planta ornamental en maceta y en el otro, planta de huerta, plantando directamente en el suelo. En ning\u00fan caso utilizamos productos qu\u00edmicos, ni fertilizantes, ni pesticidas.<\/p>\n<\/div>\n\r\n\t\t<\/div>\r\n\t<\/div>\r\n\r\n\t<div class=\"wpb_text_column wpb_content_element wpb_animate_when_almost_visible wpb_fadeInUp fadeInUp lead mb-4 wpb_custom_7c91d232724f73626cc933bd95b25ff0\" >\r\n\t\t<div class=\"wpb_wrapper\">\r\n\t\t\t<div class=\"lectura_facil\">\n<p><b>Taller de Fimo:<\/b><\/p>\n<p class=\"p2\">El Fimo es la marca comercial de<span class=\"Apple-converted-space\">\u00a0 <\/span>una arcilla polim\u00e9rica modelable que se endurece con la cocci\u00f3n. Con ella<span class=\"Apple-converted-space\">\u00a0 <\/span>trabajamos el color, las formas geom\u00e9tricas, el uso de moldes de corte, de relleno y el modelado.<span class=\"Apple-converted-space\">\u00a0 <\/span>Se aplican diferentes t\u00e9cnicas: degradado, murrinas,<span class=\"Apple-converted-space\">\u00a0 <\/span>millefiori, etc., fomentando el desarrollo de la creatividad y el trabajo en equipo. Se elaboran distintos art\u00edculos de bisuter\u00eda: colgantes, pendientes, pulseras, anillos, llaveros, etc. as\u00ed como art\u00edculos de navidad. Realizamos tambi\u00e9n art\u00edculos de costura y de bordado como bolsas, mu\u00f1ecos, etc. de forma m\u00e1s espor\u00e1dica<\/p>\n<p class=\"p2\">En este Taller tambi\u00e9n se realiza la confecci\u00f3n de una bolsa de tela para<span class=\"Apple-converted-space\">\u00a0 <\/span>A Caixa de Benvida de la Xunta de Galicia.<\/p>\n<\/div>\n\r\n\t\t<\/div>\r\n\t<\/div>\r\n\r\n\t<div class=\"wpb_text_column wpb_content_element wpb_animate_when_almost_visible wpb_fadeInUp fadeInUp lead mb-4 wpb_custom_7c91d232724f73626cc933bd95b25ff0\" >\r\n\t\t<div class=\"wpb_wrapper\">\r\n\t\t\t<div class=\"lectura_facil\">\n<p><b>Taller de decoraci\u00f3n:<\/b><\/p>\n<p class=\"p2\">Partimos de una amplia variedad de materiales, en su mayor\u00eda reciclados (madera, papel, tela, cera\u2026), para la elaboraci\u00f3n de objetos decorativos. Una de las actividades<span class=\"Apple-converted-space\">\u00a0 <\/span>principales del taller es la creaci\u00f3n de figuras de pasta de papel.<\/p>\n<p class=\"p2\">Las piezas que se fabrican suelen ser una combinaci\u00f3n de componentes y t\u00e9cnicas de manualidades variadas, por eso es importante el apoyo que nos proporcionan las ayudas y adaptaciones que se dise\u00f1an para facilitar las distintas tareas.<\/p>\n<p class=\"p2\">Otra de nuestras labores fundamentales es el trabajo en coordinaci\u00f3n con otros talleres o la decoraci\u00f3n de piezas que nos llegan de los mismos.<\/p>\n<\/div>\n\r\n\t\t<\/div>\r\n\t<\/div>\r\n\r\n\t<div class=\"wpb_text_column wpb_content_element wpb_animate_when_almost_visible wpb_fadeInUp fadeInUp lead mb-4 wpb_custom_7c91d232724f73626cc933bd95b25ff0\" >\r\n\t\t<div class=\"wpb_wrapper\">\r\n\t\t\t<div class=\"lectura_facil\">\n<p><b>Taller art\u00edstico:<\/b><\/p>\n<p class=\"p2\">Es un espacio pensado para que cada PCDI explore el arte a su propio ritmo y desde sus capacidades. Se trata de disfrutar del proceso creativo mientras se desarrollan habilidades de expresi\u00f3n, comunicaci\u00f3n y autonom\u00eda a trav\u00e9s del uso de materiales art\u00edsticos.<\/p>\n<p class=\"p2\">Trabajamos elementos b\u00e1sicos del dibujo y la pintura: La l\u00ednea, las formas o el color. Se utilizan materiales f\u00e1ciles de manejar como l\u00e1pices, acuarelas o pintura acr\u00edlica. Se proponen actividades claras, guiadas y adaptadas a las necesidades<b> <\/b>de cada persona, acompa\u00f1\u00e1ndolas con apoyo individual cuando sea necesario. M\u00e1s que buscar resultados perfectos, nos centramos en el disfrute dela arte, respetando siempre los tiempos y estilos de cada Usuario (a).<\/p>\n<\/div>\n\r\n\t\t<\/div>\r\n\t<\/div>\r\n\r\n\t<div class=\"wpb_text_column wpb_content_element wpb_animate_when_almost_visible wpb_fadeInUp fadeInUp lead mb-4 wpb_custom_7c91d232724f73626cc933bd95b25ff0\" >\r\n\t\t<div class=\"wpb_wrapper\">\r\n\t\t\t<div class=\"lectura_facil\">\n<p><b>Taller de papel reciclado:<\/b><\/p>\n<p class=\"p2\">Elaboramos nuestro propio papel con el que creamos diversos\u00a0art\u00edculos,\u00a0\u00fanicos y sostenibles como\u00a0Invitaciones de\u00a0Boda,\u00a0Recordatorios de\u00a0Comuni\u00f3n,\u00a0Marcap\u00e1ginas, Tarjetas\u00a0de\u00a0Navidad,\u00a0Bisuter\u00eda (collares, pendientes, pulseras), l\u00e1mparas, etc.<\/p>\n<p class=\"p2\">Tambi\u00e9n\u00a0en colaboraci\u00f3n con\u00a0los otros\u00a0talleres realizamos trabajos en otros materiales,\u00a0encargados por empresas y particulares.<\/p>\n<p class=\"p2\">Nuestro objetivo es que<span class=\"Apple-converted-space\">\u00a0 <\/span>el taller sea un espacio en el que se fomente el aprendizaje en un entorno colaborativo donde todos\u00a0puedan\u00a0disfrutar y aprender a su propio ritmo.<\/p>\n<p class=\"p2\">Para\u00a0ello trabajamos\u00a0en adaptar las actividades a las capacidades de las personas, promoviendo\u00a0el trabajo en equipo.<\/p>\n<\/div>\n\r\n\t\t<\/div>\r\n\t<\/div>\r\n\r\n\t<div class=\"wpb_text_column wpb_content_element wpb_animate_when_almost_visible wpb_fadeInUp fadeInUp lead mb-4 wpb_custom_7c91d232724f73626cc933bd95b25ff0\" >\r\n\t\t<div class=\"wpb_wrapper\">\r\n\t\t\t<p><b>Taller de cester\u00eda:<\/b><\/p>\n<p class=\"p2\">La cester\u00eda es el arte de entretejer fibras naturales flexibles para crear recipientes y objetos diversos. Es un trabajo que se realiza predominantemente a mano, a menudo con la ayuda de herramientas manuales sencillas, donde la habilidad y la contribuci\u00f3n directa de la persona son fundamentales. El proceso implica la preparaci\u00f3n de las fibras (mimbre, medula, rafia) y el uso de diversas t\u00e9cnicas de tejido y trenzado para dar forma y estructura a las piezas<\/p>\n<p class=\"p2\">Centrados en la cester\u00eda decorativa nuestras piezas combinan t\u00e9cnicas tradicionales<span class=\"Apple-converted-space\">\u00a0 <\/span>con una visi\u00f3n moderna y contempor\u00e1nea. En nuestro taller realizamos cestos funcionales a la vez que creativos y est\u00e9ticos. Son piezas que ofrecen una soluci\u00f3n diferente y natural para el almacenaje y la decoraci\u00f3n del hogar, adem\u00e1s de cestos cotidianos renovados.<\/p>\n\r\n\t\t<\/div>\r\n\t<\/div>\r\n<h3 style=\"font-size: 28px\" class=\"vc_custom_heading vc_do_custom_heading mb-3 wpb_custom_aa365bd5046e8294520b4e73732b9d15 align-left\" >Talleres de Ajuste Personal y Social<\/h3>\r\n\t<div class=\"wpb_text_column wpb_content_element wpb_animate_when_almost_visible wpb_fadeInUp fadeInUp lead mb-4 wpb_custom_7c91d232724f73626cc933bd95b25ff0\" >\r\n\t\t<div class=\"wpb_wrapper\">\r\n\t\t\t<p><b>Desarrollo personal:<\/b><\/p>\n<p class=\"p2\">Trabajamos el desarrollo de las habilidades acad\u00e9micas b\u00e1sicas: lectura, escritura, razonamiento l\u00f3gico matem\u00e1tico, manejo del dinero y conocimiento del entorno pr\u00f3ximo.<\/p>\n\r\n\t\t<\/div>\r\n\t<\/div>\r\n\r\n\t<div class=\"wpb_text_column wpb_content_element wpb_animate_when_almost_visible wpb_fadeInUp fadeInUp lead mb-4 wpb_custom_7c91d232724f73626cc933bd95b25ff0\" >\r\n\t\t<div class=\"wpb_wrapper\">\r\n\t\t\t<p><b>Autogestores: <\/b><\/p>\n<p class=\"p2\">Es un<span class=\"Apple-converted-space\">\u00a0 <\/span>grupo de trabajo donde aprendemos a gestionar y tomar paras<span class=\"Apple-converted-space\">\u00a0 <\/span>ser los protagonistas de<span class=\"Apple-converted-space\">\u00a0 <\/span>nuestra vida y a defender nuestros derechos como ciudadanos de pleno derecho.<\/p>\n\r\n\t\t<\/div>\r\n\t<\/div>\r\n\r\n\t<div class=\"wpb_text_column wpb_content_element wpb_animate_when_almost_visible wpb_fadeInUp fadeInUp lead mb-4 wpb_custom_7c91d232724f73626cc933bd95b25ff0\" >\r\n\t\t<div class=\"wpb_wrapper\">\r\n\t\t\t<p><b>Vida independiente:<\/b><\/p>\n<p class=\"p2\">Ofrece experiencias pr\u00e1cticas para ganar autonom\u00eda. En la cocina aprenden tareas b\u00e1sicas y seguras desde seguir recetas sencillas hasta preparar platos propios. Las salidas por la comunidad permiten comparas y orientaci\u00f3n en distintos entornos que refuerza la confianza y la independencia de cada participante.<\/p>\n\r\n\t\t<\/div>\r\n\t<\/div>\r\n\r\n\t<div class=\"wpb_text_column wpb_content_element wpb_animate_when_almost_visible wpb_fadeInUp fadeInUp lead mb-4 wpb_custom_7c91d232724f73626cc933bd95b25ff0\" >\r\n\t\t<div class=\"wpb_wrapper\">\r\n\t\t\t<p><b>Estimulaci\u00f3n cognitiva:<\/b><\/p>\n<p class=\"p2\">Es un conjunto de actividades y ejercicios dise\u00f1ados para mantener y mejorar las capacidades mentales, como la memoria, la atenci\u00f3n, el lenguaje y el razonamiento.<\/p>\n<p class=\"p2\">En el \u00e1mbito de la discapacidad se adapta de forma individualizada y grupal, respetando el ritmo, las capacidades y las necesidades de cada persona.<\/p>\n\r\n\t\t<\/div>\r\n\t<\/div>\r\n\r\n\t<div class=\"wpb_text_column wpb_content_element wpb_animate_when_almost_visible wpb_fadeInUp fadeInUp lead mb-4 wpb_custom_7c91d232724f73626cc933bd95b25ff0\" >\r\n\t\t<div class=\"wpb_wrapper\">\r\n\t\t\t<p><b>Salidas por la comunidad:<\/b><\/p>\n<p class=\"p2\">El objetivo es favorecer la integraci\u00f3n social de las PCDI en entornos distintos de la comunidad, buscando que la participaci\u00f3n sea lo m\u00e1s inclusiva posible.<\/p>\n\r\n\t\t<\/div>\r\n\t<\/div>\r\n\r\n\t<div class=\"wpb_text_column wpb_content_element wpb_animate_when_almost_visible wpb_fadeInUp fadeInUp lead mb-4 wpb_custom_7c91d232724f73626cc933bd95b25ff0\" >\r\n\t\t<div class=\"wpb_wrapper\">\r\n\t\t\t<p><b>Fiestas y actuaciones:<\/b><\/p>\n<p class=\"p2\">Se realizan durante la din\u00e1mica del centro, aprovechando los diferentes momentos del a\u00f1o significativos de nuestra entorno, como son: la Navidad, Carnavales, fiesta de verano, etc. las mismas son adaptadas y accesibles para que todas las personas, teniendo en cuenta su autodeterminaci\u00f3n, puedan participar y disfrutarlas, desempe\u00f1ando un papel destacado en la Calidad de vida de las PCDI.<\/p>\n\r\n\t\t<\/div>\r\n\t<\/div>\r\n\r\n\t<div class=\"wpb_text_column wpb_content_element wpb_animate_when_almost_visible wpb_fadeInUp fadeInUp lead mb-4 wpb_custom_7c91d232724f73626cc933bd95b25ff0\" >\r\n\t\t<div class=\"wpb_wrapper\">\r\n\t\t\t<p><b>Ocio y tiempo libre:<\/b><\/p>\n<p class=\"p2\">Actividades que les brindan a las personas satisfacci\u00f3n y bienestar, el ocio no solo estructura el tiempo, sino tambi\u00e9n contribuye a la salud mental y emocional, las actividades de ocio pueden incluir desde juegos y deportes hasta actividades creativas y art\u00edsticas, son claves para el desarrollo personal y social de las PCDI.<\/p>\n\r\n\t\t<\/div>\r\n\t<\/div>\r\n\r\n\t<div class=\"wpb_text_column wpb_content_element wpb_animate_when_almost_visible wpb_fadeInUp fadeInUp lead mb-4 wpb_custom_7c91d232724f73626cc933bd95b25ff0\" >\r\n\t\t<div class=\"wpb_wrapper\">\r\n\t\t\t<p><b>Autonom\u00eda personal:<\/b><\/p>\n<p class=\"p2\">Capacidad que tiene la persona, para llevar a cabo actividades de la vida diaria, teniendo en cuenta sus necesidades de apoyo, buscando la mayor independencia en dichas tareas, como: el vestido y desvestido, destrezas motrices en contextos como el comedor, etc.<\/p>\n\r\n\t\t<\/div>\r\n\t<\/div>\r\n<div class=\"vc_row wpb_row vc_inner row\"><div class=\"vc_column_container col-md-12\"><div class=\"wpb_wrapper vc_column-inner\"><div class=\"vc_btn3-container vc_btn3-inline vc_custom_1766512392307 vc_do_btn\" >\r\n\t<a class=\"vc_btn3 vc_btn3-shape-default wpb_custom_6687b26f39488ddbb85ddb3c1ce8e111 btn btn-modern btn-md btn-dark\" href=\"\/wp-content\/uploads\/2025\/12\/30-11-6-57.admin_.Autorizacion_C.O._Aspanaex.pdf\" title=\"\" target=\"_blank\" rel=\"nofollow\">Autorizaci\u00f3n funcionamiento C.O.<\/a>\t<\/div>\r\n<div class=\"vc_btn3-container vc_btn3-inline vc_do_btn\" >\r\n\t<a class=\"vc_btn3 vc_btn3-shape-default wpb_custom_6687b26f39488ddbb85ddb3c1ce8e111 btn btn-modern btn-md btn-dark\" href=\"https:\/\/www.youtube.com\/watch?v=q12M10DX8Ng\" title=\"\" target=\"_blank\" rel=\"nofollow noopener\">V\u00eddeo Con Otros<\/a>\t<\/div>\r\n<\/div><\/div><\/div><\/div><\/div><div class=\"vc_column_container col-md-12\"><div class=\"wpb_wrapper vc_column-inner\"><div class=\"vc_row wpb_row vc_inner row vc_custom_1766511120182\"><div class=\"vc_column_container col-md-3\"><div class=\"wpb_wrapper vc_column-inner\"><div class=\"porto-sicon-box  wpb_custom_1efe903570d178ff0a9b7bfa5febd3a4 style_1 left-icon\"><div class=\"porto-sicon-left\"><div class=\"porto-just-icon-wrapper porto-icon none\" style=\"color:var(--porto-primary-color);font-size:28px;\"><i class=\"far fa-calendar\"><\/i><\/div><\/div><div class=\"porto-sicon-body\"><div class=\"porto-sicon-header\"><h3 class=\"porto-sicon-title\" style=\"font-weight:700;font-size:16.8px;\">Programas<\/h3><\/div> <!-- header --><div class=\"porto-sicon-description\" style=\"\">\n<div>\n<table id=\"box-table-jrp\" class=\"sizeFull\">\n<tbody>\n<tr>\n<td>Talleres de Terapia Ocupacional<\/td>\n<\/tr>\n<tr>\n<td>Talleres de Ajuste Personal y Social<\/td>\n<\/tr>\n<\/tbody>\n<\/table>\n<\/div>\n<p><\/div> <!-- description --><\/div><\/div><!-- porto-sicon-box --><\/div><\/div><div class=\"vc_column_container col-md-3\"><div class=\"wpb_wrapper vc_column-inner\"><div class=\"porto-sicon-box  wpb_custom_1efe903570d178ff0a9b7bfa5febd3a4 style_1 left-icon\"><div class=\"porto-sicon-left\"><div class=\"porto-just-icon-wrapper porto-icon none\" style=\"color:var(--porto-primary-color);font-size:28px;\"><i class=\"fas fa-running\"><\/i><\/div><\/div><div class=\"porto-sicon-body\"><div class=\"porto-sicon-header\"><h3 class=\"porto-sicon-title\" style=\"font-weight:700;font-size:16.8px;\">Actividades<\/h3><\/div> <!-- header --><div class=\"porto-sicon-description\" style=\"\">\n<div>\n<table id=\"box-table-jrp\" class=\"sizeFull\">\n<tbody>\n<tr>\n<td>Intercentros<\/td>\n<\/tr>\n<tr>\n<td>Salidas<\/td>\n<\/tr>\n<tr>\n<td>Fiestas y celebraciones<\/td>\n<\/tr>\n<\/tbody>\n<\/table>\n<\/div>\n<p><\/div> <!-- description --><\/div><\/div><!-- porto-sicon-box --><\/div><\/div><div class=\"vc_column_container col-md-6\"><div class=\"wpb_wrapper vc_column-inner\"><div class=\"porto-sicon-box  wpb_custom_1efe903570d178ff0a9b7bfa5febd3a4 style_1 left-icon\"><div class=\"porto-sicon-left\"><div class=\"porto-just-icon-wrapper porto-icon none\" style=\"color:var(--porto-primary-color);font-size:28px;\"><i class=\"fas fa-cog\"><\/i><\/div><\/div><div class=\"porto-sicon-body\"><div class=\"porto-sicon-header\"><h3 class=\"porto-sicon-title\" style=\"font-weight:700;font-size:16.8px;\">Servizos<\/h3><\/div> <!-- header --><div class=\"porto-sicon-description\" style=\"\">As\u00ed mismo, y de acuerdo con las valoraciones y necesidades individuales, participan en los siguientes SERVICIOS: Actividades f\u00edsico-deportivas, Fisioterapia, Logopedia, Psicolog\u00eda, Trabajo social, Ocio, Comedor y Transporte.<\/div> <!-- description --><\/div><\/div><!-- porto-sicon-box --><\/div><\/div><\/div><\/div><\/div><\/div><\/div><\/div><div class=\"vc_row wpb_row top-row call-to-action-in-footer vc_custom_1766465432914 vc_row-has-fill porto-inner-container wpb_custom_034b39d9bc6c6b310d69e39f0ccf274f\"><div class=\"porto-wrap-container container\"><div class=\"row\"><div class=\"vc_column_container col-md-8\"><div class=\"wpb_wrapper vc_column-inner\"><h3 style=\"font-size: 28px;color: var(--porto-light-color)\" class=\"vc_custom_heading vc_do_custom_heading mb-3 wpb_custom_aa365bd5046e8294520b4e73732b9d15 align-left\" >\u00bfNecesitas ayuda o quieres m\u00e1s informaci\u00f3n?<\/h3><\/div><\/div><div class=\"vc_column_container col-md-4\"><div class=\"wpb_wrapper vc_column-inner\"><div class=\"vc_btn3-container  mb-0 font-weight-semibold vc_btn3-inline vc_do_btn\" >\r\n\t<a class=\"vc_btn3 vc_btn3-shape-default wpb_custom_6687b26f39488ddbb85ddb3c1ce8e111 btn btn-lg btn-light\" style=\"letter-spacing:-.5px; padding:1.15em 1.75em;\" href=\"\/gl\/contacto\/\" title=\"\">Contacta Con Nosotros<\/a>\t<\/div>\r\n<\/div><\/div><\/div><\/div><\/div>\n<\/div>","protected":false},"excerpt":{"rendered":"Centro Ocupacional Inicio &gt; Centros &gt; Centro Ocupacional Servicio de Atenci\u00f3n Diurna Ocupacional: Centro Ocupacional Tiene como finalidad el desarrollo de las competencias necesarias para que cada persona lleve a cabo su proyecto de vida individual que le permita la integraci\u00f3n personal, social y laboral, atendiendo a las dimensiones de calidad de bienestar emocional, relaciones [...]","protected":false},"author":5,"featured_media":0,"parent":70,"menu_order":0,"comment_status":"closed","ping_status":"closed","template":"","meta":{"footnotes":""},"class_list":["post-3564","page","type-page","status-publish","hentry"],"_links":{"self":[{"href":"https:\/\/www.aspanaex.org\/gl\/wp-json\/wp\/v2\/pages\/3564","targetHints":{"allow":["GET"]}}],"collection":[{"href":"https:\/\/www.aspanaex.org\/gl\/wp-json\/wp\/v2\/pages"}],"about":[{"href":"https:\/\/www.aspanaex.org\/gl\/wp-json\/wp\/v2\/types\/page"}],"author":[{"embeddable":true,"href":"https:\/\/www.aspanaex.org\/gl\/wp-json\/wp\/v2\/users\/5"}],"replies":[{"embeddable":true,"href":"https:\/\/www.aspanaex.org\/gl\/wp-json\/wp\/v2\/comments?post=3564"}],"version-history":[{"count":11,"href":"https:\/\/www.aspanaex.org\/gl\/wp-json\/wp\/v2\/pages\/3564\/revisions"}],"predecessor-version":[{"id":3566,"href":"https:\/\/www.aspanaex.org\/gl\/wp-json\/wp\/v2\/pages\/3564\/revisions\/3566"}],"up":[{"embeddable":true,"href":"https:\/\/www.aspanaex.org\/gl\/wp-json\/wp\/v2\/pages\/70"}],"wp:attachment":[{"href":"https:\/\/www.aspanaex.org\/gl\/wp-json\/wp\/v2\/media?parent=3564"}],"curies":[{"name":"wp","href":"https:\/\/api.w.org\/{rel}","templated":true}]}}