{"id":3571,"date":"2025-11-30T05:06:21","date_gmt":"2025-11-30T04:06:21","guid":{"rendered":"https:\/\/www.aspanaex.org\/centros\/centro-ocupacional-2\/"},"modified":"2025-12-30T11:40:03","modified_gmt":"2025-12-30T10:40:03","slug":"centro-de-dia","status":"publish","type":"page","link":"https:\/\/www.aspanaex.org\/gl\/centros\/centro-de-dia\/","title":{"rendered":"Centro de D\u00eda"},"content":{"rendered":"<div class=\"wpb-content-wrapper\"><div class=\"vc_row wpb_row row top-row porto_stretch_css stretch_row_content_css wpb_custom_034b39d9bc6c6b310d69e39f0ccf274f\"><div class=\"vc_column_container col-md-12 vc_custom_1766410138838\"><div class=\"wpb_wrapper vc_column-inner\"><div class=\"porto-ibanner interactive-banner-wrap-07dd21040fa50768c9d370ae74e47015 vc_custom_1766517564363\" style=\"min-height:250px;\"><img loading=\"lazy\" decoding=\"async\" alt=\"\" width=\"1760\" height=\"825\" class=\"porto-ibanner-img\" src=\"https:\/\/www.aspanaex.org\/wp-content\/uploads\/2025\/12\/centro-de-dia-aspanaex-banner.webp\" srcset=\"https:\/\/www.aspanaex.org\/wp-content\/uploads\/2025\/12\/centro-de-dia-aspanaex-banner.webp 1760w, https:\/\/www.aspanaex.org\/wp-content\/uploads\/2025\/12\/centro-de-dia-aspanaex-banner-1024x480.webp 1024w, https:\/\/www.aspanaex.org\/wp-content\/uploads\/2025\/12\/centro-de-dia-aspanaex-banner-768x360.webp 768w, https:\/\/www.aspanaex.org\/wp-content\/uploads\/2025\/12\/centro-de-dia-aspanaex-banner-1536x720.webp 1536w, https:\/\/www.aspanaex.org\/wp-content\/uploads\/2025\/12\/centro-de-dia-aspanaex-banner-640x300.webp 640w, https:\/\/www.aspanaex.org\/wp-content\/uploads\/2025\/12\/centro-de-dia-aspanaex-banner-600x281.webp 600w\" sizes=\"auto, (max-width: 1760px) 100vw, 1760px\"><div class=\"porto-ibanner-desc no-padding d-flex\"><div class=\"porto-ibanner-layer wpb_custom_2c5109c031829f9c54153ed0e6239ff6 banner-pos-f6356757d4f73384a3f5bc65723ae83a\" style=\"width:100%;\"><h1 style=\"font-size: 3.24em;color: var(--porto-light-color);line-height: 1.1;text-align: center;font-weight:700;letter-spacing:-.5px\" class=\"vc_custom_heading vc_do_custom_heading wpb_custom_aa365bd5046e8294520b4e73732b9d15\" >Centro de D\u00eda<\/h1><style>.banner-pos-f6356757d4f73384a3f5bc65723ae83a {left: 50%;right: unset;top: 50%;bottom: unset;transform: translate(-50%, -50%);}<\/style><\/div><\/div><\/div><\/div><\/div><\/div><div class=\"vc_row wpb_row top-row vc_custom_1766427468062 porto-inner-container wpb_custom_034b39d9bc6c6b310d69e39f0ccf274f\"><div class=\"porto-wrap-container container\"><div class=\"row\"><div class=\"vc_column_container col-md-6\"><div class=\"wpb_wrapper vc_column-inner\">\r\n\t<div class=\"wpb_text_column wpb_content_element wpb_custom_7c91d232724f73626cc933bd95b25ff0\" >\r\n\t\t<div class=\"wpb_wrapper\">\r\n\t\t\t<p><a href=\"\/gl\/\">Inicio<\/a> &gt; <a href=\"\/gl\/centros\/\">Centros<\/a> &gt; <a href=\"\/gl\/centros\/centro-de-dia\/\">Centro De D\u00eda<\/a><\/p>\n\r\n\t\t<\/div>\r\n\t<\/div>\r\n<h2 style=\"font-size: 28px\" class=\"vc_custom_heading vc_do_custom_heading mb-3 wpb_custom_aa365bd5046e8294520b4e73732b9d15 align-left\" >Servicio de Atenci\u00f3n Diurna Terape\u00fatica: Centro de D\u00eda<\/h2><div class=\"porto-separator\"><hr class=\"separator-line  wpb_content_element align_center solid\" style=\"background-color:grey;\"><\/div>\r\n\t<div class=\"wpb_text_column wpb_content_element wpb_animate_when_almost_visible wpb_fadeInUp fadeInUp lead mb-4 wpb_custom_7c91d232724f73626cc933bd95b25ff0\" >\r\n\t\t<div class=\"wpb_wrapper\">\r\n\t\t\t<p class=\"p1\">Es un servicio diurno que conlleva una serie de actuaciones encaminadas a ofrecer una atenci\u00f3n integral con el objetivo de desarrollar las competencias necesarias para que cada persona lleve a cabo su proyecto de vida individual que le permita la m\u00e1xima integraci\u00f3n personal y social atendiendo a las dimensiones de Calidad de vida. Es un servicio que mantiene un<span class=\"Apple-converted-space\">\u00a0 <\/span><a href=\"\/gl\/aspanex\/colaboradores\/\">Concierto Social con la Conseller\u00eda<span class=\"Apple-converted-space\">\u00a0 <\/span>de Pol\u00edtica Social<\/a>, siendo el n\u00famero de plazas de 35.<\/p>\n\r\n\t\t<\/div>\r\n\t<\/div>\r\n<\/div><\/div><div class=\"m-auto vc_column_container col-md-6\"><div class=\"wpb_wrapper vc_column-inner\">\r\n\t<div class=\"wpb_single_image wpb_content_element vc_align_center wpb_content_element   m-display-none wpb_custom_81a4f7ef9830bf958462581aa01150fb\"><div class=\"wpb_wrapper\">\r\n\t\t\t\r\n\t\t\t<a class=\"porto-vc-zoom\" data-gallery=\"false\" data-title=\"\" href=\"https:\/\/www.aspanaex.org\/wp-content\/uploads\/2025\/12\/4-17-0-44.admin_.C_D_Excursion.jpg\" target=\"_self\" aria-label=\"Zoom the image\"><div class=\"vc_single_image-wrapper vc_box_rounded  vc_box_border_grey\"><img loading=\"lazy\" decoding=\"async\" width=\"510\" height=\"354\" src=\"https:\/\/www.aspanaex.org\/wp-content\/uploads\/2025\/12\/4-17-0-44.admin_.C_D_Excursion.jpg\" class=\"vc_single_image-img attachment-full\" alt=\"\" title=\"centro-de-dia-aspanaex\" srcset=\"https:\/\/www.aspanaex.org\/wp-content\/uploads\/2025\/12\/4-17-0-44.admin_.C_D_Excursion.jpg 510w, https:\/\/www.aspanaex.org\/wp-content\/uploads\/2025\/12\/4-17-0-44.admin_.C_D_Excursion-400x278.jpg 400w, https:\/\/www.aspanaex.org\/wp-content\/uploads\/2025\/12\/4-17-0-44.admin_.C_D_Excursion-367x255.jpg 367w\" sizes=\"auto, (max-width: 510px) 100vw, 510px\" \/><div class=\"zoom-icon\"><\/div><\/div><\/a>\r\n\t\t<\/div>\r\n\t<\/div>\r\n<\/div><\/div><div class=\"vc_column_container col-md-12 vc_custom_1766511077470\"><div class=\"wpb_wrapper vc_column-inner\"><h3 style=\"font-size: 28px\" class=\"vc_custom_heading vc_do_custom_heading mb-3 wpb_custom_aa365bd5046e8294520b4e73732b9d15 align-left\" >Taller Ocupacional<\/h3>\r\n\t<div class=\"wpb_text_column wpb_content_element wpb_animate_when_almost_visible wpb_fadeInUp fadeInUp lead mb-4 wpb_custom_7c91d232724f73626cc933bd95b25ff0\" >\r\n\t\t<div class=\"wpb_wrapper\">\r\n\t\t\t<p><b>Manualidades: <\/b><\/p>\n<p class=\"p2\">Actividades que pueden surgir de trabajos de empresas externas a trav\u00e9s de la realizaci\u00f3n de tareas sencillas, o de la preparaci\u00f3n de los diferentes elementos decorativos del centro o de las fiestas,..<\/p>\n<p class=\"p2\">Fomentando entre otros aspectos la creatividad, la sociabilidad y mejorando habilidades, como la coordinaci\u00f3n, la memoria, as\u00ed como la reducci\u00f3n del estr\u00e9s.<\/p>\n\r\n\t\t<\/div>\r\n\t<\/div>\r\n<h3 style=\"font-size: 28px\" class=\"vc_custom_heading vc_do_custom_heading mb-3 wpb_custom_aa365bd5046e8294520b4e73732b9d15 align-left\" >Taller Ajuste Personal y Social<\/h3>\r\n\t<div class=\"wpb_text_column wpb_content_element wpb_animate_when_almost_visible wpb_fadeInUp fadeInUp lead mb-4 wpb_custom_7c91d232724f73626cc933bd95b25ff0\" >\r\n\t\t<div class=\"wpb_wrapper\">\r\n\t\t\t<p><b>Masajes y relajaci\u00f3n:<\/b><\/p>\n<p class=\"p2\">Ofrecemos t\u00e9cnicas suaves de masaje, respiraci\u00f3n, y relajaci\u00f3n adaptadas a cada necesidad. Pretendemos aliviar tensiones, promover el bienestar f\u00edsico, fomentando un momento de calma y cuidado personal.<\/p>\n\r\n\t\t<\/div>\r\n\t<\/div>\r\n\r\n\t<div class=\"wpb_text_column wpb_content_element wpb_animate_when_almost_visible wpb_fadeInUp fadeInUp lead mb-4 wpb_custom_7c91d232724f73626cc933bd95b25ff0\" >\r\n\t\t<div class=\"wpb_wrapper\">\r\n\t\t\t<p><b>Aula sensorial:<\/b><\/p>\n<p class=\"p2\">Entre los diferentes objetivos que se trabajan destacan el de estimular los sentidos de forma controlada y segura. Integra elementos\u00a0visuales, auditivos, t\u00e1ctiles, olfativos y propioceptivos\u00a0que permiten a la PCDI explorar, relajarse, activar su atenci\u00f3n o regular sus emociones, favoreciendo el aprendizaje desde la experiencia.<\/p>\n\r\n\t\t<\/div>\r\n\t<\/div>\r\n\r\n\t<div class=\"wpb_text_column wpb_content_element wpb_animate_when_almost_visible wpb_fadeInUp fadeInUp lead mb-4 wpb_custom_7c91d232724f73626cc933bd95b25ff0\" >\r\n\t\t<div class=\"wpb_wrapper\">\r\n\t\t\t<p><b>Estimulaci\u00f3n cognitiva:<\/b><\/p>\n<p class=\"p2\">Es un conjunto de actividades y ejercicios dise\u00f1ados para mantener y mejorar las capacidades mentales, como la memoria, la atenci\u00f3n, el lenguaje y el razonamiento.<\/p>\n<p class=\"p2\">En el \u00e1mbito de la discapacidad se adapta de forma individualizada y grupal, respetando el ritmo, las capacidades y las necesidades de cada persona.<\/p>\n\r\n\t\t<\/div>\r\n\t<\/div>\r\n\r\n\t<div class=\"wpb_text_column wpb_content_element wpb_animate_when_almost_visible wpb_fadeInUp fadeInUp lead mb-4 wpb_custom_7c91d232724f73626cc933bd95b25ff0\" >\r\n\t\t<div class=\"wpb_wrapper\">\r\n\t\t\t<p><b>Paseos:<\/b><\/p>\n<p class=\"p2\">Aumentar la actividad f\u00edsica de las PCDI para prevenir problemas f\u00edsicos<\/p>\n\r\n\t\t<\/div>\r\n\t<\/div>\r\n\r\n\t<div class=\"wpb_text_column wpb_content_element wpb_animate_when_almost_visible wpb_fadeInUp fadeInUp lead mb-4 wpb_custom_7c91d232724f73626cc933bd95b25ff0\" >\r\n\t\t<div class=\"wpb_wrapper\">\r\n\t\t\t<p><b>Salidas por la comunidad:<\/b><\/p>\n<p class=\"p2\">El objetivo es favorecer la integraci\u00f3n social de las PCDI en entornos distintos de la comunidad, buscando que la participaci\u00f3n sea lo m\u00e1s inclusiva posible.<\/p>\n\r\n\t\t<\/div>\r\n\t<\/div>\r\n\r\n\t<div class=\"wpb_text_column wpb_content_element wpb_animate_when_almost_visible wpb_fadeInUp fadeInUp lead mb-4 wpb_custom_7c91d232724f73626cc933bd95b25ff0\" >\r\n\t\t<div class=\"wpb_wrapper\">\r\n\t\t\t<p><b>Fiestas y actuaciones:<\/b><\/p>\n<p class=\"p2\">Se realizan durante la din\u00e1mica del centro, aprovechando los diferentes momentos del a\u00f1o significativos de nuestra entorno, como son: la Navidad, Carnavales, fiesta de verano, etc. las mismas son adaptadas y accesibles para que todas las personas, teniendo en cuenta su autodeterminaci\u00f3n, puedan participar y disfrutarlas, desempe\u00f1ando un papel destacado en la Calidad de vida de las PCDI.<\/p>\n\r\n\t\t<\/div>\r\n\t<\/div>\r\n\r\n\t<div class=\"wpb_text_column wpb_content_element wpb_animate_when_almost_visible wpb_fadeInUp fadeInUp lead mb-4 wpb_custom_7c91d232724f73626cc933bd95b25ff0\" >\r\n\t\t<div class=\"wpb_wrapper\">\r\n\t\t\t<p><b>Ocio y tiempo libre:<\/b><\/p>\n<p class=\"p2\">Actividades que les brindan a las personas satisfacci\u00f3n y bienestar, el ocio no solo estructura el tiempo, sino tambi\u00e9n contribuye a la salud mental y emocional, las actividades de ocio pueden incluir desde juegos y deportes hasta actividades creativas y art\u00edsticas, son claves para el desarrollo personal y social de las PCDI.<\/p>\n\r\n\t\t<\/div>\r\n\t<\/div>\r\n\r\n\t<div class=\"wpb_text_column wpb_content_element wpb_animate_when_almost_visible wpb_fadeInUp fadeInUp lead mb-4 wpb_custom_7c91d232724f73626cc933bd95b25ff0\" >\r\n\t\t<div class=\"wpb_wrapper\">\r\n\t\t\t<p><b>Autonom\u00eda personal:<\/b><\/p>\n<p class=\"p2\">Capacidad que tiene la persona, para llevar a cabo actividades de la vida diaria, teniendo en cuenta sus necesidades de apoyo, buscando la mayor independencia en dichas tareas, como: el vestido y desvestido, destrezas motrices en contextos como el comedor, etc.<\/p>\n\r\n\t\t<\/div>\r\n\t<\/div>\r\n<div class=\"vc_row wpb_row vc_inner row\"><div class=\"vc_column_container col-md-12\"><div class=\"wpb_wrapper vc_column-inner\"><div class=\"vc_btn3-container vc_btn3-inline vc_do_btn\" >\r\n\t<a class=\"vc_btn3 vc_btn3-shape-default wpb_custom_6687b26f39488ddbb85ddb3c1ce8e111 btn btn-modern btn-md btn-dark\" href=\"https:\/\/www.youtube.com\/watch?v=fwqKSPuuyMA\" title=\"\" target=\"_blank\" rel=\"nofollow noopener\">V\u00eddeo La Isla del Tesoro<\/a>\t<\/div>\r\n<div class=\"vc_btn3-container vc_btn3-inline vc_do_btn\" >\r\n\t<a class=\"vc_btn3 vc_btn3-shape-default wpb_custom_6687b26f39488ddbb85ddb3c1ce8e111 btn btn-modern btn-md btn-dark\" href=\"http:\/\/youtu.be\/DUBN8XbSLos\" title=\"\" target=\"_blank\" rel=\"nofollow noopener\">V\u00eddeo La Isla del Tesoro II<\/a>\t<\/div>\r\n<div class=\"vc_btn3-container vc_btn3-inline vc_do_btn\" >\r\n\t<a class=\"vc_btn3 vc_btn3-shape-default wpb_custom_6687b26f39488ddbb85ddb3c1ce8e111 btn btn-modern btn-md btn-dark\" href=\"http:\/\/youtu.be\/GPTjOHxEZko\" title=\"\" target=\"_blank\" rel=\"nofollow noopener\">V\u00eddeo La Isla del Tesoro III<\/a>\t<\/div>\r\n<\/div><\/div><\/div><\/div><\/div><div class=\"vc_column_container col-md-12\"><div class=\"wpb_wrapper vc_column-inner\"><div class=\"vc_row wpb_row vc_inner row vc_custom_1766511120182\"><div class=\"vc_column_container col-md-3\"><div class=\"wpb_wrapper vc_column-inner\"><div class=\"porto-sicon-box  wpb_custom_1efe903570d178ff0a9b7bfa5febd3a4 style_1 left-icon\"><div class=\"porto-sicon-left\"><div class=\"porto-just-icon-wrapper porto-icon none\" style=\"color:var(--porto-primary-color);font-size:28px;\"><i class=\"far fa-calendar\"><\/i><\/div><\/div><div class=\"porto-sicon-body\"><div class=\"porto-sicon-header\"><h3 class=\"porto-sicon-title\" style=\"font-weight:700;font-size:16.8px;\">Programas<\/h3><\/div> <!-- header --><div class=\"porto-sicon-description\" style=\"\">\n<div>\n<table id=\"box-table-jrp\" class=\"sizeFull\">\n<tbody>\n<tr>\n<td>Estimulaci\u00f3n Multisensorial<\/td>\n<\/tr>\n<tr>\n<td>Psicomotricidad<\/td>\n<\/tr>\n<tr>\n<td>Taller de Cocina<\/td>\n<\/tr>\n<\/tbody>\n<\/table>\n<\/div>\n<p><\/div> <!-- description --><\/div><\/div><!-- porto-sicon-box --><\/div><\/div><div class=\"vc_column_container col-md-3\"><div class=\"wpb_wrapper vc_column-inner\"><div class=\"porto-sicon-box  wpb_custom_1efe903570d178ff0a9b7bfa5febd3a4 style_1 left-icon\"><div class=\"porto-sicon-left\"><div class=\"porto-just-icon-wrapper porto-icon none\" style=\"color:var(--porto-primary-color);font-size:28px;\"><i class=\"fas fa-running\"><\/i><\/div><\/div><div class=\"porto-sicon-body\"><div class=\"porto-sicon-header\"><h3 class=\"porto-sicon-title\" style=\"font-weight:700;font-size:16.8px;\">Actividades<\/h3><\/div> <!-- header --><div class=\"porto-sicon-description\" style=\"\">\n<div>\n<table id=\"box-table-jrp\" class=\"sizeFull\">\n<tbody>\n<tr>\n<td>Intercentros<\/td>\n<\/tr>\n<tr>\n<td>Salidas<\/td>\n<\/tr>\n<tr>\n<td>Fiestas y celebraciones<\/td>\n<\/tr>\n<\/tbody>\n<\/table>\n<\/div>\n<p><\/div> <!-- description --><\/div><\/div><!-- porto-sicon-box --><\/div><\/div><div class=\"vc_column_container col-md-6\"><div class=\"wpb_wrapper vc_column-inner\"><div class=\"porto-sicon-box  wpb_custom_1efe903570d178ff0a9b7bfa5febd3a4 style_1 left-icon\"><div class=\"porto-sicon-left\"><div class=\"porto-just-icon-wrapper porto-icon none\" style=\"color:var(--porto-primary-color);font-size:28px;\"><i class=\"fas fa-cog\"><\/i><\/div><\/div><div class=\"porto-sicon-body\"><div class=\"porto-sicon-header\"><h3 class=\"porto-sicon-title\" style=\"font-weight:700;font-size:16.8px;\">Servizos<\/h3><\/div> <!-- header --><div class=\"porto-sicon-description\" style=\"\">As\u00ed mismo, y de acuerdo con las valoraciones y necesidades individuales, participan en los siguientes SERVICIOS: Actividades f\u00edsico-deportivas, Fisioterapia, Logopedia, Psicolog\u00eda, Trabajo social, Ocio, Comedor y Transporte.<\/div> <!-- description --><\/div><\/div><!-- porto-sicon-box --><\/div><\/div><\/div><\/div><\/div><\/div><\/div><\/div><div class=\"vc_row wpb_row top-row call-to-action-in-footer vc_custom_1766465432914 vc_row-has-fill porto-inner-container wpb_custom_034b39d9bc6c6b310d69e39f0ccf274f\"><div class=\"porto-wrap-container container\"><div class=\"row\"><div class=\"vc_column_container col-md-8\"><div class=\"wpb_wrapper vc_column-inner\"><h3 style=\"font-size: 28px;color: var(--porto-light-color)\" class=\"vc_custom_heading vc_do_custom_heading mb-3 wpb_custom_aa365bd5046e8294520b4e73732b9d15 align-left\" >\u00bfNecesitas ayuda o quieres m\u00e1s informaci\u00f3n?<\/h3><\/div><\/div><div class=\"vc_column_container col-md-4\"><div class=\"wpb_wrapper vc_column-inner\"><div class=\"vc_btn3-container  mb-0 font-weight-semibold vc_btn3-inline vc_do_btn\" >\r\n\t<a class=\"vc_btn3 vc_btn3-shape-default wpb_custom_6687b26f39488ddbb85ddb3c1ce8e111 btn btn-lg btn-light\" style=\"letter-spacing:-.5px; padding:1.15em 1.75em;\" href=\"\/gl\/contacto\/\" title=\"\">Contacta Con Nosotros<\/a>\t<\/div>\r\n<\/div><\/div><\/div><\/div><\/div>\n<\/div>","protected":false},"excerpt":{"rendered":"Centro de D\u00eda Inicio &gt; Centros &gt; Centro De D\u00eda Servicio de Atenci\u00f3n Diurna Terape\u00fatica: Centro de D\u00eda Es un servicio diurno que conlleva una serie de actuaciones encaminadas a ofrecer una atenci\u00f3n integral con el objetivo de desarrollar las competencias necesarias para que cada persona lleve a cabo su proyecto de vida individual que [...]","protected":false},"author":5,"featured_media":0,"parent":70,"menu_order":0,"comment_status":"closed","ping_status":"closed","template":"","meta":{"footnotes":""},"class_list":["post-3571","page","type-page","status-publish","hentry"],"_links":{"self":[{"href":"https:\/\/www.aspanaex.org\/gl\/wp-json\/wp\/v2\/pages\/3571","targetHints":{"allow":["GET"]}}],"collection":[{"href":"https:\/\/www.aspanaex.org\/gl\/wp-json\/wp\/v2\/pages"}],"about":[{"href":"https:\/\/www.aspanaex.org\/gl\/wp-json\/wp\/v2\/types\/page"}],"author":[{"embeddable":true,"href":"https:\/\/www.aspanaex.org\/gl\/wp-json\/wp\/v2\/users\/5"}],"replies":[{"embeddable":true,"href":"https:\/\/www.aspanaex.org\/gl\/wp-json\/wp\/v2\/comments?post=3571"}],"version-history":[{"count":5,"href":"https:\/\/www.aspanaex.org\/gl\/wp-json\/wp\/v2\/pages\/3571\/revisions"}],"predecessor-version":[{"id":4444,"href":"https:\/\/www.aspanaex.org\/gl\/wp-json\/wp\/v2\/pages\/3571\/revisions\/4444"}],"up":[{"embeddable":true,"href":"https:\/\/www.aspanaex.org\/gl\/wp-json\/wp\/v2\/pages\/70"}],"wp:attachment":[{"href":"https:\/\/www.aspanaex.org\/gl\/wp-json\/wp\/v2\/media?parent=3571"}],"curies":[{"name":"wp","href":"https:\/\/api.w.org\/{rel}","templated":true}]}}