{"id":3576,"date":"2025-11-30T05:06:21","date_gmt":"2025-11-30T04:06:21","guid":{"rendered":"https:\/\/www.aspanaex.org\/centros\/centro-de-dia-2\/"},"modified":"2025-12-30T11:40:07","modified_gmt":"2025-12-30T10:40:07","slug":"residencia","status":"publish","type":"page","link":"https:\/\/www.aspanaex.org\/gl\/centros\/residencia\/","title":{"rendered":"Residencia"},"content":{"rendered":"<div class=\"wpb-content-wrapper\"><div class=\"vc_row wpb_row row top-row porto_stretch_css stretch_row_content_css wpb_custom_034b39d9bc6c6b310d69e39f0ccf274f\"><div class=\"vc_column_container col-md-12 vc_custom_1766410138838\"><div class=\"wpb_wrapper vc_column-inner\"><div class=\"porto-ibanner interactive-banner-wrap-07dd21040fa50768c9d370ae74e47015 vc_custom_1766518168391\" style=\"min-height:250px;\"><img loading=\"lazy\" decoding=\"async\" alt=\"\" width=\"1760\" height=\"825\" class=\"porto-ibanner-img\" src=\"https:\/\/www.aspanaex.org\/wp-content\/uploads\/2025\/12\/aspanaex-banner.webp\" srcset=\"https:\/\/www.aspanaex.org\/wp-content\/uploads\/2025\/12\/aspanaex-banner.webp 1760w, https:\/\/www.aspanaex.org\/wp-content\/uploads\/2025\/12\/aspanaex-banner-1024x480.webp 1024w, https:\/\/www.aspanaex.org\/wp-content\/uploads\/2025\/12\/aspanaex-banner-768x360.webp 768w, https:\/\/www.aspanaex.org\/wp-content\/uploads\/2025\/12\/aspanaex-banner-1536x720.webp 1536w, https:\/\/www.aspanaex.org\/wp-content\/uploads\/2025\/12\/aspanaex-banner-640x300.webp 640w, https:\/\/www.aspanaex.org\/wp-content\/uploads\/2025\/12\/aspanaex-banner-600x281.webp 600w\" sizes=\"auto, (max-width: 1760px) 100vw, 1760px\"><div class=\"porto-ibanner-desc no-padding d-flex\"><div class=\"porto-ibanner-layer wpb_custom_2c5109c031829f9c54153ed0e6239ff6 banner-pos-f6356757d4f73384a3f5bc65723ae83a\" style=\"width:100%;\"><h1 style=\"font-size: 3.24em;color: var(--porto-light-color);line-height: 1.1;text-align: center;font-weight:700;letter-spacing:-.5px\" class=\"vc_custom_heading vc_do_custom_heading wpb_custom_aa365bd5046e8294520b4e73732b9d15\" >Residencia<\/h1><style>.banner-pos-f6356757d4f73384a3f5bc65723ae83a {left: 50%;right: unset;top: 50%;bottom: unset;transform: translate(-50%, -50%);}<\/style><\/div><\/div><\/div><\/div><\/div><\/div><div class=\"vc_row wpb_row top-row vc_custom_1766427468062 porto-inner-container wpb_custom_034b39d9bc6c6b310d69e39f0ccf274f\"><div class=\"porto-wrap-container container\"><div class=\"row\"><div class=\"vc_column_container col-md-6\"><div class=\"wpb_wrapper vc_column-inner\">\r\n\t<div class=\"wpb_text_column wpb_content_element wpb_custom_7c91d232724f73626cc933bd95b25ff0\" >\r\n\t\t<div class=\"wpb_wrapper\">\r\n\t\t\t<p><a href=\"\/gl\/\">Inicio<\/a> &gt; <a href=\"\/gl\/centros\/\">Centros<\/a> &gt; <a href=\"\/gl\/centros\/residencia\/\">Residencia<\/a><\/p>\n\r\n\t\t<\/div>\r\n\t<\/div>\r\n<h2 style=\"font-size: 28px\" class=\"vc_custom_heading vc_do_custom_heading mb-3 wpb_custom_aa365bd5046e8294520b4e73732b9d15 align-left\" >Residencia<\/h2><div class=\"porto-separator\"><hr class=\"separator-line  wpb_content_element align_center solid\" style=\"background-color:grey;\"><\/div>\r\n\t<div class=\"wpb_text_column wpb_content_element wpb_animate_when_almost_visible wpb_fadeInUp fadeInUp lead mb-4 wpb_custom_7c91d232724f73626cc933bd95b25ff0\" >\r\n\t\t<div class=\"wpb_wrapper\">\r\n\t\t\t<p class=\"p1\">Uno de los proyectos m\u00e1s relevantes<span class=\"Apple-converted-space\">\u00a0 <\/span>en los \u00faltimos a\u00f1os de la Entidad,<span class=\"Apple-converted-space\">\u00a0 <\/span>ha sido la creaci\u00f3n del Servicio de Atenci\u00f3n Residencial,<span class=\"Apple-converted-space\">\u00a0 <\/span>que abre sus puertas en mayo de 2025 para atender<span class=\"Apple-converted-space\">\u00a0 <\/span>a personas con discapacidad intelectual que, por diversas circunstancias familiares, sociales o personales, requieren apoyos continuados en su vida diaria.<\/p>\n<p class=\"p1\">Gracias a las ayudas destinadas por parte de la Xunta de Galicia para la creaci\u00f3n de nuevos centros sociales, as\u00ed como el apoyo de numerosas personas, familias, profesionales y empresas, ha sido posible acondicionar el inmueble situado en la calle Porri\u00f1o n\u00ba 5 (Vigo) para ofrecer 29 plazas de Servicio de Atenci\u00f3n Residencial Terap\u00e9utico y 21 plazas de Servicio de Atenci\u00f3n Residencial Terap\u00e9utico Ocupacional.<\/p>\n\r\n\t\t<\/div>\r\n\t<\/div>\r\n<\/div><\/div><div class=\"m-auto vc_column_container col-md-6\"><div class=\"wpb_wrapper vc_column-inner\">\r\n\t<div class=\"wpb_single_image wpb_content_element vc_align_center wpb_content_element   m-display-none wpb_custom_81a4f7ef9830bf958462581aa01150fb\"><div class=\"wpb_wrapper\">\r\n\t\t\t\r\n\t\t\t<a class=\"porto-vc-zoom\" data-gallery=\"false\" data-title=\"\" href=\"https:\/\/www.aspanaex.org\/wp-content\/uploads\/2024\/04\/MArcha-2022-Residencia-Globos-11-e1712316214546-1024x523.jpg\" target=\"_self\" aria-label=\"Zoom the image\"><div class=\"vc_single_image-wrapper vc_box_rounded  vc_box_border_grey\"><img loading=\"lazy\" decoding=\"async\" width=\"2037\" height=\"1041\" src=\"https:\/\/www.aspanaex.org\/wp-content\/uploads\/2024\/04\/MArcha-2022-Residencia-Globos-11-e1712316214546.jpg\" class=\"vc_single_image-img attachment-full\" alt=\"\" title=\"MArcha 2022 Residencia Globos 11\" srcset=\"https:\/\/www.aspanaex.org\/wp-content\/uploads\/2024\/04\/MArcha-2022-Residencia-Globos-11-e1712316214546.jpg 2037w, https:\/\/www.aspanaex.org\/wp-content\/uploads\/2024\/04\/MArcha-2022-Residencia-Globos-11-e1712316214546-600x307.jpg 600w, https:\/\/www.aspanaex.org\/wp-content\/uploads\/2024\/04\/MArcha-2022-Residencia-Globos-11-e1712316214546-1024x523.jpg 1024w, https:\/\/www.aspanaex.org\/wp-content\/uploads\/2024\/04\/MArcha-2022-Residencia-Globos-11-e1712316214546-768x392.jpg 768w, https:\/\/www.aspanaex.org\/wp-content\/uploads\/2024\/04\/MArcha-2022-Residencia-Globos-11-e1712316214546-1536x785.jpg 1536w\" sizes=\"auto, (max-width: 2037px) 100vw, 2037px\" \/><div class=\"zoom-icon\"><\/div><\/div><\/a>\r\n\t\t<\/div>\r\n\t<\/div>\r\n<\/div><\/div><div class=\"vc_column_container col-md-12 vc_custom_1766511077470\"><div class=\"wpb_wrapper vc_column-inner\">\r\n\t<div class=\"wpb_text_column wpb_content_element wpb_animate_when_almost_visible wpb_fadeInUp fadeInUp lead mb-4 wpb_custom_7c91d232724f73626cc933bd95b25ff0\" >\r\n\t\t<div class=\"wpb_wrapper\">\r\n\t\t\t<p class=\"p1\">En la primera fase la Xunta de Galicia a trav\u00e9s de la Conseller\u00eda<span class=\"Apple-converted-space\">\u00a0 <\/span>de pol\u00edtica Social, ha concertado con ASPANAEX 35 plazas, de las cuales 15 son para Personas con Discapacidad Intelectual con grandes necesidades de apoyo y 20 plazas para personas m\u00e1s aut\u00f3nomas.<\/p>\n<p class=\"p1\">Nuestra \u201c Casa Grande\u201d se encuentra en un entorno urbano accesible y bien comunicado, que favorece la integraci\u00f3n y la participaci\u00f3n en la vida del barrio. Ofrecemos apoyos personalizados orientados a promover el bienestar f\u00edsico, emocional y social de las personas residentes, garantizando su calidad de vida y fomentando la m\u00e1xima autonom\u00eda posible.<\/p>\n\r\n\t\t<\/div>\r\n\t<\/div>\r\n\r\n\t<div class=\"wpb_text_column wpb_content_element wpb_animate_when_almost_visible wpb_fadeInUp fadeInUp lead mb-4 wpb_custom_7c91d232724f73626cc933bd95b25ff0\" >\r\n\t\t<div class=\"wpb_wrapper\">\r\n\t\t\t<p class=\"p1\"><b>LA RESIDENCIA CUENTA CON:<\/b><\/p>\n<ul class=\"ul1\">\n<li class=\"li1\">Habitaciones dobles e individuales con ba\u00f1o<\/li>\n<li class=\"li1\">Salas de convivencia en las diferentes plantas, equipadas con TV<\/li>\n<li class=\"li1\">Gimnasio<\/li>\n<li class=\"li1\">Salas de actividades<\/li>\n<li class=\"li1\">Terraza exterior<\/li>\n<li class=\"li1\">Cocina<\/li>\n<li class=\"li1\">Lavander\u00eda<\/li>\n<li class=\"li1\">Conexi\u00f3n WIFI en todas las instalaciones<\/li>\n<li class=\"li1\">Servicio interno de comunicaci\u00f3n y petici\u00f3n de apoyo entre residentes y profesionales<\/li>\n<li class=\"li1\">Registro de seguimientos digitalizado<\/li>\n<\/ul>\n\r\n\t\t<\/div>\r\n\t<\/div>\r\n<\/div><\/div><div class=\"vc_column_container col-md-12\"><div class=\"wpb_wrapper vc_column-inner\"><div class=\"vc_row wpb_row vc_inner row vc_custom_1766511120182\"><div class=\"vc_column_container col-md-6\"><div class=\"wpb_wrapper vc_column-inner\"><div class=\"porto-sicon-box  wpb_custom_1efe903570d178ff0a9b7bfa5febd3a4 style_1 left-icon\"><div class=\"porto-sicon-left\"><div class=\"porto-just-icon-wrapper porto-icon none\" style=\"color:var(--porto-primary-color);font-size:28px;\"><i class=\"fas fa-cog\"><\/i><\/div><\/div><div class=\"porto-sicon-body\"><div class=\"porto-sicon-header\"><h3 class=\"porto-sicon-title\" style=\"font-weight:700;font-size:16.8px;\">Servizos<\/h3><\/div> <!-- header --><div class=\"porto-sicon-description\" style=\"\">As\u00ed mismo, y de acuerdo con las valoraciones y necesidades individuales, participan en los siguientes SERVICIOS: Actividades f\u00edsico-deportivas, Fisioterapia, Logopedia, Psicolog\u00eda, Trabajo social, Ocio, Comedor y Transporte.<\/div> <!-- description --><\/div><\/div><!-- porto-sicon-box --><\/div><\/div><\/div><\/div><\/div><\/div><\/div><\/div><div class=\"vc_row wpb_row top-row call-to-action-in-footer vc_custom_1766465432914 vc_row-has-fill porto-inner-container wpb_custom_034b39d9bc6c6b310d69e39f0ccf274f\"><div class=\"porto-wrap-container container\"><div class=\"row\"><div class=\"vc_column_container col-md-8\"><div class=\"wpb_wrapper vc_column-inner\"><h3 style=\"font-size: 28px;color: var(--porto-light-color)\" class=\"vc_custom_heading vc_do_custom_heading mb-3 wpb_custom_aa365bd5046e8294520b4e73732b9d15 align-left\" >\u00bfNecesitas ayuda o quieres m\u00e1s informaci\u00f3n?<\/h3><\/div><\/div><div class=\"vc_column_container col-md-4\"><div class=\"wpb_wrapper vc_column-inner\"><div class=\"vc_btn3-container  mb-0 font-weight-semibold vc_btn3-inline vc_do_btn\" >\r\n\t<a class=\"vc_btn3 vc_btn3-shape-default wpb_custom_6687b26f39488ddbb85ddb3c1ce8e111 btn btn-lg btn-light\" style=\"letter-spacing:-.5px; padding:1.15em 1.75em;\" href=\"\/gl\/contacto\/\" title=\"\">Contacta Con Nosotros<\/a>\t<\/div>\r\n<\/div><\/div><\/div><\/div><\/div>\n<p>&nbsp;<\/p>\n<\/div>","protected":false},"excerpt":{"rendered":"<p>&nbsp;<\/p>","protected":false},"author":5,"featured_media":0,"parent":70,"menu_order":0,"comment_status":"closed","ping_status":"closed","template":"","meta":{"footnotes":""},"class_list":["post-3576","page","type-page","status-publish","hentry"],"_links":{"self":[{"href":"https:\/\/www.aspanaex.org\/gl\/wp-json\/wp\/v2\/pages\/3576","targetHints":{"allow":["GET"]}}],"collection":[{"href":"https:\/\/www.aspanaex.org\/gl\/wp-json\/wp\/v2\/pages"}],"about":[{"href":"https:\/\/www.aspanaex.org\/gl\/wp-json\/wp\/v2\/types\/page"}],"author":[{"embeddable":true,"href":"https:\/\/www.aspanaex.org\/gl\/wp-json\/wp\/v2\/users\/5"}],"replies":[{"embeddable":true,"href":"https:\/\/www.aspanaex.org\/gl\/wp-json\/wp\/v2\/comments?post=3576"}],"version-history":[{"count":7,"href":"https:\/\/www.aspanaex.org\/gl\/wp-json\/wp\/v2\/pages\/3576\/revisions"}],"predecessor-version":[{"id":4457,"href":"https:\/\/www.aspanaex.org\/gl\/wp-json\/wp\/v2\/pages\/3576\/revisions\/4457"}],"up":[{"embeddable":true,"href":"https:\/\/www.aspanaex.org\/gl\/wp-json\/wp\/v2\/pages\/70"}],"wp:attachment":[{"href":"https:\/\/www.aspanaex.org\/gl\/wp-json\/wp\/v2\/media?parent=3576"}],"curies":[{"name":"wp","href":"https:\/\/api.w.org\/{rel}","templated":true}]}}