{"id":3675,"date":"2025-11-29T10:13:00","date_gmt":"2025-11-29T09:13:00","guid":{"rendered":"https:\/\/www.aspanaex.org\/transparencia-2\/"},"modified":"2025-12-30T11:37:59","modified_gmt":"2025-12-30T10:37:59","slug":"que-es","status":"publish","type":"page","link":"https:\/\/www.aspanaex.org\/gl\/que-es\/","title":{"rendered":"Qu\u00e9 es&#8230;?"},"content":{"rendered":"<div class=\"wpb-content-wrapper\"><div class=\"vc_row wpb_row row top-row vc_custom_1766503694637 porto_stretch_css stretch_row_content_css vc_row-has-fill wpb_custom_034b39d9bc6c6b310d69e39f0ccf274f\"><div class=\"vc_column_container col-md-12 vc_custom_1766410138838\"><div class=\"wpb_wrapper vc_column-inner\"><div class=\"porto-ibanner interactive-banner-wrap-07dd21040fa50768c9d370ae74e47015 vc_custom_1766520573219\" style=\"min-height:250px;\"><img loading=\"lazy\" decoding=\"async\" alt=\"\" width=\"1760\" height=\"825\" class=\"porto-ibanner-img\" src=\"https:\/\/www.aspanaex.org\/wp-content\/uploads\/2025\/12\/46.webp\" srcset=\"https:\/\/www.aspanaex.org\/wp-content\/uploads\/2025\/12\/46.webp 1760w, https:\/\/www.aspanaex.org\/wp-content\/uploads\/2025\/12\/46-1024x480.webp 1024w, https:\/\/www.aspanaex.org\/wp-content\/uploads\/2025\/12\/46-768x360.webp 768w, https:\/\/www.aspanaex.org\/wp-content\/uploads\/2025\/12\/46-1536x720.webp 1536w, https:\/\/www.aspanaex.org\/wp-content\/uploads\/2025\/12\/46-640x300.webp 640w, https:\/\/www.aspanaex.org\/wp-content\/uploads\/2025\/12\/46-600x281.webp 600w\" sizes=\"auto, (max-width: 1760px) 100vw, 1760px\"><div class=\"porto-ibanner-desc no-padding d-flex\"><div class=\"porto-ibanner-layer wpb_custom_2c5109c031829f9c54153ed0e6239ff6 banner-pos-f6356757d4f73384a3f5bc65723ae83a\" style=\"width:100%;\"><h1 style=\"font-size: 3.24em;color: var(--porto-light-color);line-height: 1.1;text-align: center;font-weight:700;letter-spacing:-.5px\" class=\"vc_custom_heading vc_do_custom_heading wpb_custom_aa365bd5046e8294520b4e73732b9d15\" >\u00bfQue es...?<\/h1><style>.banner-pos-f6356757d4f73384a3f5bc65723ae83a {left: 50%;right: unset;top: 50%;bottom: unset;transform: translate(-50%, -50%);}<\/style><\/div><\/div><\/div><\/div><\/div><\/div><div class=\"vc_row wpb_row top-row vc_custom_1766427468062 porto-inner-container wpb_custom_034b39d9bc6c6b310d69e39f0ccf274f\"><div class=\"porto-wrap-container container\"><div class=\"row\"><div class=\"vc_column_container col-md-6\"><div class=\"wpb_wrapper vc_column-inner\">\r\n\t<div class=\"wpb_text_column wpb_content_element wpb_custom_7c91d232724f73626cc933bd95b25ff0\" >\r\n\t\t<div class=\"wpb_wrapper\">\r\n\t\t\t<p><a href=\"\/gl\/\">Inicio<\/a> &gt; <a href=\"\/gl\/que-es\/\">Qu\u00e9 Es&#8230;<\/a><\/p>\n\r\n\t\t<\/div>\r\n\t<\/div>\r\n<h2 style=\"font-size: 28px\" class=\"vc_custom_heading vc_do_custom_heading mb-3 wpb_custom_aa365bd5046e8294520b4e73732b9d15 align-left\" >Preguntas Frequentes <b>con Aspanaex<\/b><\/h2><div class=\"porto-separator\"><hr class=\"separator-line  wpb_content_element align_center solid\" style=\"background-color:grey;\"><\/div>\r\n\t<div class=\"wpb_text_column wpb_content_element wpb_animate_when_almost_visible wpb_fadeInUp fadeInUp vc_custom_1766456703538 featured lead wpb_custom_643a9752c5c533c328bfa78f5467e024\" >\r\n\t\t<div class=\"wpb_wrapper\">\r\n\t\t\t<div class=\"lectura_facil\">\n<div>Inf\u00f3rmate sobre t\u00e9rminos\u00a0usuales\u00a0que se utilizan en nuestro colectivo\u00a0y que son imprescindibles en el mundo de la Discapacidad Intelectual.<\/div>\n<div><\/div>\n<div><strong><a href=\"http:\/\/www.aspanaex.org\/index.php?V_dir=MSC&amp;V_mod=showart&amp;id=163\" target=\"_blank\" rel=\"noopener\">Discapacidad Intelectual<\/a><\/strong>,\u00a0<strong><a href=\"http:\/\/www.aspanaex.org\/index.php?V_dir=MSC&amp;V_mod=showart&amp;id=164\" target=\"_blank\" rel=\"noopener\">Apoyos<\/a><\/strong>,\u00a0<strong><a href=\"http:\/\/www.aspanaex.org\/index.php?V_dir=MSC&amp;V_mod=showart&amp;id=176\" target=\"_blank\" rel=\"noopener\">Calidad de Vida<\/a><\/strong>,\u00a0<strong><a href=\"http:\/\/www.aspanaex.org\/index.php?V_dir=MSC&amp;V_mod=showart&amp;id=177\" target=\"_blank\" rel=\"noopener\">Dimensiones de Calidad<\/a><\/strong>,\u00a0<strong><a href=\"http:\/\/www.aspanaex.org\/index.php?V_dir=MSC&amp;V_mod=showart&amp;id=178\" target=\"_blank\" rel=\"noopener\">Calidad FEAPS<\/a><\/strong>,\u00a0<strong><a href=\"http:\/\/www.aspanaex.org\/index.php?V_dir=MSC&amp;V_mod=showart&amp;id=170\" target=\"_blank\" rel=\"noopener\">Lectura F\u00e1cil<\/a><\/strong>.\u00a0Si te interesa saber m\u00e1s de cada uno, puedes consultarlos por separado y tendr\u00e1s\u00a0adem\u00e1s documentaci\u00f3n adjunta\u00a0interesante, que sirva como complemento.<\/div>\n<\/div>\n\r\n\t\t<\/div>\r\n\t<\/div>\r\n<\/div><\/div><div class=\"m-auto vc_column_container col-md-6\"><div class=\"wpb_wrapper vc_column-inner\">\r\n\t<div class=\"wpb_single_image wpb_content_element vc_align_center wpb_content_element  vc_custom_1766522615975 wpb_custom_81a4f7ef9830bf958462581aa01150fb\"><div class=\"wpb_wrapper\">\r\n\t\t\t\r\n\t\t\t<div class=\"vc_single_image-wrapper vc_box_rounded  vc_box_border_grey\"><img loading=\"lazy\" decoding=\"async\" width=\"800\" height=\"450\" src=\"https:\/\/www.aspanaex.org\/wp-content\/uploads\/2025\/12\/20-14-20-54.admin_.marcapaxinas-papel-reciclado-pedro-cristina.webp\" class=\"vc_single_image-img attachment-large\" alt=\"\" title=\"preguntas-frequentes-con-aspanaex\" srcset=\"https:\/\/www.aspanaex.org\/wp-content\/uploads\/2025\/12\/20-14-20-54.admin_.marcapaxinas-papel-reciclado-pedro-cristina.webp 800w, https:\/\/www.aspanaex.org\/wp-content\/uploads\/2025\/12\/20-14-20-54.admin_.marcapaxinas-papel-reciclado-pedro-cristina-768x432.webp 768w, https:\/\/www.aspanaex.org\/wp-content\/uploads\/2025\/12\/20-14-20-54.admin_.marcapaxinas-papel-reciclado-pedro-cristina-640x360.webp 640w, https:\/\/www.aspanaex.org\/wp-content\/uploads\/2025\/12\/20-14-20-54.admin_.marcapaxinas-papel-reciclado-pedro-cristina-400x225.webp 400w, https:\/\/www.aspanaex.org\/wp-content\/uploads\/2025\/12\/20-14-20-54.admin_.marcapaxinas-papel-reciclado-pedro-cristina-367x206.webp 367w, https:\/\/www.aspanaex.org\/wp-content\/uploads\/2025\/12\/20-14-20-54.admin_.marcapaxinas-papel-reciclado-pedro-cristina-600x338.webp 600w\" sizes=\"auto, (max-width: 800px) 100vw, 800px\" \/><\/div>\r\n\t\t<\/div>\r\n\t<\/div>\r\n<\/div><\/div><div class=\"vc_column_container col-md-12\"><div class=\"wpb_wrapper vc_column-inner\"><div class=\"vc_row wpb_row vc_inner row vc_custom_1766511120182\"><div class=\"vc_column_container col-md-4\"><div class=\"wpb_wrapper vc_column-inner\"><a aria-label=\"\u00bfQue es la discpacidad intelectual?\" class=\"porto-sicon-box-link\" href=\"\/gl\/que-es\/que-es-la-discapacidad-intelectual\/\"><div class=\"porto-sicon-box  wpb_custom_1efe903570d178ff0a9b7bfa5febd3a4 style_1 left-icon\"><div class=\"porto-sicon-left\"><div class=\"porto-just-icon-wrapper porto-icon none\" style=\"color:var(--porto-primary-color);font-size:28px;\"><i class=\"fas fa-question-circle\"><\/i><\/div><\/div><div class=\"porto-sicon-body\"><div class=\"porto-sicon-header\"><h3 class=\"porto-sicon-title\" style=\"font-weight:700;font-size:16.8px;\">\u00bfQue es la discpacidad intelectual?<\/h3><\/div> <!-- header --><\/div><\/div><!-- porto-sicon-box --><\/a><\/div><\/div><div class=\"vc_column_container col-md-4\"><div class=\"wpb_wrapper vc_column-inner\"><a aria-label=\"\u00bfQu\u00e9 es la Calidad de Vida?\" class=\"porto-sicon-box-link\" href=\"\/gl\/que-es\/que-es-la-calidad-de-vida\/\"><div class=\"porto-sicon-box  wpb_custom_1efe903570d178ff0a9b7bfa5febd3a4 style_1 left-icon\"><div class=\"porto-sicon-left\"><div class=\"porto-just-icon-wrapper porto-icon none\" style=\"color:var(--porto-primary-color);font-size:28px;\"><i class=\"fas fa-question-circle\"><\/i><\/div><\/div><div class=\"porto-sicon-body\"><div class=\"porto-sicon-header\"><h3 class=\"porto-sicon-title\" style=\"font-weight:700;font-size:16.8px;\">\u00bfQu\u00e9 es la Calidad de Vida?<\/h3><\/div> <!-- header --><\/div><\/div><!-- porto-sicon-box --><\/a><\/div><\/div><div class=\"vc_column_container col-md-4\"><div class=\"wpb_wrapper vc_column-inner\"><a aria-label=\"\u00bfQu\u00e9 es la Calidad FEAPS?\" class=\"porto-sicon-box-link\" href=\"\/gl\/que-es\/que-es-la-calidad-feaps\/\"><div class=\"porto-sicon-box  wpb_custom_1efe903570d178ff0a9b7bfa5febd3a4 style_1 left-icon\"><div class=\"porto-sicon-left\"><div class=\"porto-just-icon-wrapper porto-icon none\" style=\"color:var(--porto-primary-color);font-size:28px;\"><i class=\"fas fa-question-circle\"><\/i><\/div><\/div><div class=\"porto-sicon-body\"><div class=\"porto-sicon-header\"><h3 class=\"porto-sicon-title\" style=\"font-weight:700;font-size:16.8px;\">\u00bfQu\u00e9 es la Calidad FEAPS?<\/h3><\/div> <!-- header --><\/div><\/div><!-- porto-sicon-box --><\/a><\/div><\/div><\/div><div class=\"vc_row wpb_row vc_inner row vc_custom_1766511120182\"><div class=\"vc_column_container col-md-4\"><div class=\"wpb_wrapper vc_column-inner\"><a aria-label=\"\u00bfQu\u00e9 es la Lectura F\u00e1cil?\" class=\"porto-sicon-box-link\" href=\"\/gl\/que-es\/que-es-la-lectura-facil\/\"><div class=\"porto-sicon-box  wpb_custom_1efe903570d178ff0a9b7bfa5febd3a4 style_1 left-icon\"><div class=\"porto-sicon-left\"><div class=\"porto-just-icon-wrapper porto-icon none\" style=\"color:var(--porto-primary-color);font-size:28px;\"><i class=\"fas fa-question-circle\"><\/i><\/div><\/div><div class=\"porto-sicon-body\"><div class=\"porto-sicon-header\"><h3 class=\"porto-sicon-title\" style=\"font-weight:700;font-size:16.8px;\">\u00bfQu\u00e9 es la Lectura F\u00e1cil?<\/h3><\/div> <!-- header --><\/div><\/div><!-- porto-sicon-box --><\/a><\/div><\/div><div class=\"vc_column_container col-md-4\"><div class=\"wpb_wrapper vc_column-inner\"><a aria-label=\"\u00bfQu\u00e9 son las Dimensiones de Calidad?\" class=\"porto-sicon-box-link\" href=\"\/gl\/que-es\/que-son-las-dimensiones-de-calidad\/\"><div class=\"porto-sicon-box  wpb_custom_1efe903570d178ff0a9b7bfa5febd3a4 style_1 left-icon\"><div class=\"porto-sicon-left\"><div class=\"porto-just-icon-wrapper porto-icon none\" style=\"color:var(--porto-primary-color);font-size:28px;\"><i class=\"fas fa-question-circle\"><\/i><\/div><\/div><div class=\"porto-sicon-body\"><div class=\"porto-sicon-header\"><h3 class=\"porto-sicon-title\" style=\"font-weight:700;font-size:16.8px;\">\u00bfQu\u00e9 son las Dimensiones de Calidad?<\/h3><\/div> <!-- header --><\/div><\/div><!-- porto-sicon-box --><\/a><\/div><\/div><div class=\"vc_column_container col-md-4\"><div class=\"wpb_wrapper vc_column-inner\"><a aria-label=\"\u00bfQu\u00e9 son los Apoyos?\" class=\"porto-sicon-box-link\" href=\"\/gl\/que-es\/que-son-los-apoyos\/\"><div class=\"porto-sicon-box  wpb_custom_1efe903570d178ff0a9b7bfa5febd3a4 style_1 left-icon\"><div class=\"porto-sicon-left\"><div class=\"porto-just-icon-wrapper porto-icon none\" style=\"color:var(--porto-primary-color);font-size:28px;\"><i class=\"fas fa-question-circle\"><\/i><\/div><\/div><div class=\"porto-sicon-body\"><div class=\"porto-sicon-header\"><h3 class=\"porto-sicon-title\" style=\"font-weight:700;font-size:16.8px;\">\u00bfQu\u00e9 son los Apoyos?<\/h3><\/div> <!-- header --><\/div><\/div><!-- porto-sicon-box --><\/a><\/div><\/div><\/div><\/div><\/div><\/div><\/div><\/div><div class=\"vc_row wpb_row top-row call-to-action-in-footer vc_custom_1766465432914 vc_row-has-fill porto-inner-container wpb_custom_034b39d9bc6c6b310d69e39f0ccf274f\"><div class=\"porto-wrap-container container\"><div class=\"row\"><div class=\"vc_column_container col-md-8\"><div class=\"wpb_wrapper vc_column-inner\"><h3 style=\"font-size: 28px;color: var(--porto-light-color)\" class=\"vc_custom_heading vc_do_custom_heading mb-3 wpb_custom_aa365bd5046e8294520b4e73732b9d15 align-left\" >\u00bfNecesitas ayuda o quieres m\u00e1s informaci\u00f3n?<\/h3><\/div><\/div><div class=\"vc_column_container col-md-4\"><div class=\"wpb_wrapper vc_column-inner\"><div class=\"vc_btn3-container  mb-0 font-weight-semibold vc_btn3-inline vc_do_btn\" >\r\n\t<a class=\"vc_btn3 vc_btn3-shape-default wpb_custom_6687b26f39488ddbb85ddb3c1ce8e111 btn btn-lg btn-light\" style=\"letter-spacing:-.5px; padding:1.15em 1.75em;\" href=\"\/gl\/contacto\/\" title=\"\">Contacta Con Nosotros<\/a>\t<\/div>\r\n<\/div><\/div><\/div><\/div><\/div>\n<\/div>","protected":false},"excerpt":{"rendered":"\u00bfQue es...? Inicio &gt; Qu\u00e9 Es... Preguntas Frequentes con Aspanaex Inf\u00f3rmate sobre t\u00e9rminos\u00a0usuales\u00a0que se utilizan en nuestro colectivo\u00a0y que son imprescindibles en el mundo de la Discapacidad Intelectual. Discapacidad Intelectual,\u00a0Apoyos,\u00a0Calidad de Vida,\u00a0Dimensiones de Calidad,\u00a0Calidad FEAPS,\u00a0Lectura F\u00e1cil.\u00a0Si te interesa saber m\u00e1s de cada uno, puedes consultarlos por separado y tendr\u00e1s\u00a0adem\u00e1s documentaci\u00f3n adjunta\u00a0interesante, que sirva como complemento. [...]","protected":false},"author":5,"featured_media":0,"parent":0,"menu_order":0,"comment_status":"closed","ping_status":"closed","template":"","meta":{"footnotes":""},"class_list":["post-3675","page","type-page","status-publish","hentry"],"_links":{"self":[{"href":"https:\/\/www.aspanaex.org\/gl\/wp-json\/wp\/v2\/pages\/3675","targetHints":{"allow":["GET"]}}],"collection":[{"href":"https:\/\/www.aspanaex.org\/gl\/wp-json\/wp\/v2\/pages"}],"about":[{"href":"https:\/\/www.aspanaex.org\/gl\/wp-json\/wp\/v2\/types\/page"}],"author":[{"embeddable":true,"href":"https:\/\/www.aspanaex.org\/gl\/wp-json\/wp\/v2\/users\/5"}],"replies":[{"embeddable":true,"href":"https:\/\/www.aspanaex.org\/gl\/wp-json\/wp\/v2\/comments?post=3675"}],"version-history":[{"count":30,"href":"https:\/\/www.aspanaex.org\/gl\/wp-json\/wp\/v2\/pages\/3675\/revisions"}],"predecessor-version":[{"id":4459,"href":"https:\/\/www.aspanaex.org\/gl\/wp-json\/wp\/v2\/pages\/3675\/revisions\/4459"}],"wp:attachment":[{"href":"https:\/\/www.aspanaex.org\/gl\/wp-json\/wp\/v2\/media?parent=3675"}],"curies":[{"name":"wp","href":"https:\/\/api.w.org\/{rel}","templated":true}]}}