{"id":4153,"date":"2025-11-29T10:13:00","date_gmt":"2025-11-29T09:13:00","guid":{"rendered":"https:\/\/www.aspanaex.org\/que-es-2\/"},"modified":"2025-12-30T11:39:43","modified_gmt":"2025-12-30T10:39:43","slug":"que-es-la-discapacidad-intelectual","status":"publish","type":"page","link":"https:\/\/www.aspanaex.org\/gl\/que-es\/que-es-la-discapacidad-intelectual\/","title":{"rendered":"\u00bfQu\u00e9 es la Discapacidad Intelectual?"},"content":{"rendered":"<div class=\"wpb-content-wrapper\"><div class=\"vc_row wpb_row row top-row vc_custom_1766503694637 porto_stretch_css stretch_row_content_css vc_row-has-fill wpb_custom_034b39d9bc6c6b310d69e39f0ccf274f\"><div class=\"vc_column_container col-md-12 vc_custom_1766410138838\"><div class=\"wpb_wrapper vc_column-inner\"><div class=\"porto-ibanner interactive-banner-wrap-07dd21040fa50768c9d370ae74e47015 vc_custom_1766522856815\" style=\"min-height:250px;\"><img loading=\"lazy\" decoding=\"async\" alt=\"\" width=\"1760\" height=\"825\" class=\"porto-ibanner-img\" src=\"https:\/\/www.aspanaex.org\/wp-content\/uploads\/2025\/12\/41.webp\" srcset=\"https:\/\/www.aspanaex.org\/wp-content\/uploads\/2025\/12\/41.webp 1760w, https:\/\/www.aspanaex.org\/wp-content\/uploads\/2025\/12\/41-1024x480.webp 1024w, https:\/\/www.aspanaex.org\/wp-content\/uploads\/2025\/12\/41-768x360.webp 768w, https:\/\/www.aspanaex.org\/wp-content\/uploads\/2025\/12\/41-1536x720.webp 1536w, https:\/\/www.aspanaex.org\/wp-content\/uploads\/2025\/12\/41-640x300.webp 640w, https:\/\/www.aspanaex.org\/wp-content\/uploads\/2025\/12\/41-600x281.webp 600w\" sizes=\"auto, (max-width: 1760px) 100vw, 1760px\"><div class=\"porto-ibanner-desc no-padding d-flex\"><div class=\"porto-ibanner-layer wpb_custom_2c5109c031829f9c54153ed0e6239ff6 banner-pos-f6356757d4f73384a3f5bc65723ae83a\" style=\"width:100%;\"><h1 style=\"font-size: 3.24em;color: var(--porto-light-color);line-height: 1.1;text-align: center;font-weight:700;letter-spacing:-.5px\" class=\"vc_custom_heading vc_do_custom_heading wpb_custom_aa365bd5046e8294520b4e73732b9d15\" >\u00bfQue es la discpacidad intelectual?<\/h1><style>.banner-pos-f6356757d4f73384a3f5bc65723ae83a {left: 50%;right: unset;top: 50%;bottom: unset;transform: translate(-50%, -50%);}<\/style><\/div><\/div><\/div><\/div><\/div><\/div><div class=\"vc_row wpb_row top-row vc_custom_1766427468062 porto-inner-container wpb_custom_034b39d9bc6c6b310d69e39f0ccf274f\"><div class=\"porto-wrap-container container\"><div class=\"row\"><div class=\"vc_column_container col-md-6\"><div class=\"wpb_wrapper vc_column-inner\">\r\n\t<div class=\"wpb_text_column wpb_content_element wpb_custom_7c91d232724f73626cc933bd95b25ff0\" >\r\n\t\t<div class=\"wpb_wrapper\">\r\n\t\t\t<p><a href=\"\/gl\/\">Inicio<\/a> &gt; <a href=\"\/gl\/que-es\/\">Qu\u00e9 Es&#8230;<\/a> &gt; <a href=\"https:\/\/www.aspanaex.org\/gl\/que-es\/que-es-la-discapacidad-intelectual\/\">\u00bfQu\u00e9 es la discapacidad intelectual?<\/a><\/p>\n\r\n\t\t<\/div>\r\n\t<\/div>\r\n<h3 style=\"font-size: 1.4em;color: var(--porto-dark-color);line-height: 26px;font-weight:600;letter-spacing:-.5px\" class=\"vc_custom_heading vc_do_custom_heading d-inline mb-0 m-r-xs wpb_custom_aa365bd5046e8294520b4e73732b9d15 align-left\" >\u00bfQu\u00e9 es la Discapacidad Intelectual?<\/h3><div class=\"porto-separator\"><hr class=\"separator-line  wpb_content_element align_center solid\" style=\"background-color:grey;\"><\/div>\r\n\t<div class=\"wpb_text_column wpb_content_element wpb_animate_when_almost_visible wpb_fadeInUp fadeInUp vc_custom_1766456341785 featured lead wpb_custom_643a9752c5c533c328bfa78f5467e024\" >\r\n\t\t<div class=\"wpb_wrapper\">\r\n\t\t\t<div class=\"lectura_facil\">Seg\u00fan la Asociaci\u00f3n Americana\u00a0de Discapacidad Intelectual y del Desarrollo (AAIDD)\u00a0se caracteriza por\u00a0<strong>limitaciones significativas<\/strong>\u00a0tanto en el\u00a0<strong>funcionamiento intelectua<\/strong>l como en la\u00a0<strong>conducta adaptativa<\/strong>\u00a0expresada en las habilidades adaptativas conceptuales, sociales y pr\u00e1cticas (comunicaci\u00f3n, cuidado propio, vida en el hogar, habilidades sociales, uso de la comunidad, autodirecci\u00f3n, salud-seguridad, contenidos escolares funcionales, ocio y trabajo).\u00a0Hoy vemos a la Persona con Discapacidad Intelectual como una\u00a0<strong>PERSONA<\/strong>, como un ciudadano m\u00e1s, en su entorno, con sus capacidades y sus limitaciones y con posibilidades de progresar si le dan \u00a0los apoyos adecuados.<\/div>\n\r\n\t\t<\/div>\r\n\t<\/div>\r\n<\/div><\/div><div class=\"m-auto vc_column_container col-md-6\"><div class=\"wpb_wrapper vc_column-inner\">\r\n\t<div class=\"wpb_single_image wpb_content_element vc_align_center wpb_content_element  vc_custom_1766522615975 wpb_custom_81a4f7ef9830bf958462581aa01150fb\"><div class=\"wpb_wrapper\">\r\n\t\t\t\r\n\t\t\t<div class=\"vc_single_image-wrapper vc_box_rounded  vc_box_border_grey\"><img loading=\"lazy\" decoding=\"async\" width=\"800\" height=\"450\" src=\"https:\/\/www.aspanaex.org\/wp-content\/uploads\/2025\/12\/20-14-20-54.admin_.marcapaxinas-papel-reciclado-pedro-cristina.webp\" class=\"vc_single_image-img attachment-large\" alt=\"\" title=\"preguntas-frequentes-con-aspanaex\" srcset=\"https:\/\/www.aspanaex.org\/wp-content\/uploads\/2025\/12\/20-14-20-54.admin_.marcapaxinas-papel-reciclado-pedro-cristina.webp 800w, https:\/\/www.aspanaex.org\/wp-content\/uploads\/2025\/12\/20-14-20-54.admin_.marcapaxinas-papel-reciclado-pedro-cristina-768x432.webp 768w, https:\/\/www.aspanaex.org\/wp-content\/uploads\/2025\/12\/20-14-20-54.admin_.marcapaxinas-papel-reciclado-pedro-cristina-640x360.webp 640w, https:\/\/www.aspanaex.org\/wp-content\/uploads\/2025\/12\/20-14-20-54.admin_.marcapaxinas-papel-reciclado-pedro-cristina-400x225.webp 400w, https:\/\/www.aspanaex.org\/wp-content\/uploads\/2025\/12\/20-14-20-54.admin_.marcapaxinas-papel-reciclado-pedro-cristina-367x206.webp 367w, https:\/\/www.aspanaex.org\/wp-content\/uploads\/2025\/12\/20-14-20-54.admin_.marcapaxinas-papel-reciclado-pedro-cristina-600x338.webp 600w\" sizes=\"auto, (max-width: 800px) 100vw, 800px\" \/><\/div>\r\n\t\t<\/div>\r\n\t<\/div>\r\n<\/div><\/div><div class=\"vc_column_container col-md-12\"><div class=\"wpb_wrapper vc_column-inner\"><div class=\"vc_row wpb_row vc_inner row\"><div class=\"vc_column_container col-md-12\"><div class=\"wpb_wrapper vc_column-inner\">\r\n\t<div class=\"wpb_text_column wpb_content_element wpb_animate_when_almost_visible wpb_fadeInUp fadeInUp vc_custom_1766456360396 featured lead wpb_custom_643a9752c5c533c328bfa78f5467e024\" >\r\n\t\t<div class=\"wpb_wrapper\">\r\n\t\t\t<div class=\"lectura_facil\">\n<p>La Asociaci\u00f3n Americana de Discapacidad Intelectual y del Desarrollo, AAIDD (anteriormente denominada Asociaci\u00f3n sobre Retraso Mental, AAMR), fundada en 1876, manifiesta:<\/p>\n<p>La Discapacidad Intelectual se caracteriza por\u00a0<strong>limitaciones significativas\u00a0<\/strong>tanto en el\u00a0<strong>funcionamiento intelectual\u00a0<\/strong>como en la\u00a0<strong>conducta adaptativa\u00a0<\/strong>expresada en las habilidades\u00a0adaptativas conceptuales, sociales y pr\u00e1cticas (comunicaci\u00f3n, cuidado propio, vida en el hogar, habilidades sociales, uso de la comunidad, autodirecci\u00f3n, salud-seguridad, contenidos escolares funcionales, ocio y trabajo). Es decir, implica una limitaci\u00f3n\u00a0en las habilidades que la persona aprende para funcionar en su vida diaria y que le permiten responder en distintas situaciones y en lugares (contextos) diferentes.<\/p>\n<p>La Discapacidad\u00a0 Intelectual se expresa cuando una persona con limitaciones significativas interact\u00faa con el entorno. Por tanto, depende tanto de la propia persona como de las barreras u obst\u00e1culos que tiene el entorno. Seg\u00fan sea un entorno m\u00e1s o menos facilitador, la discapacidad se expresar\u00e1 de manera diferente.<\/p>\n<p>A las personas con Discapacidad Intelectual les cuesta m\u00e1s que a los dem\u00e1s aprender, comprender y comunicarse.<\/p>\n<p>La Discapacidad Intelectual generalmente es permanente, es decir, para toda la vida, y tiene un impacto importante en la vida de la persona y de su familia.<\/p>\n<p>La Discapacidad Intelectual\u00a0<strong>NO ES UNA ENFERMEDAD MENTAL.<\/strong><\/p>\n<p>Hoy vemos a la Persona con Discapacidad Intelectual:<\/p>\n<ul>\n<li>Como\u00a0<strong>PERSONA,\u00a0<\/strong>como un ciudadano m\u00e1s.<\/li>\n<li>A cada persona en su entorno, con sus capacidades y sus limitaciones<\/li>\n<li>Con posibilidades de progresar si le damos los apoyos adecuados<\/li>\n<\/ul>\n<p>Hay muchos tipos y causas diferentes de Discapacidad Intelectual. Algunos se originan antes de que un beb\u00e9 nazca, otros durante el parto y otros a causa de una enfermedad grave en la infancia.\u00a0<strong>Pero siempre antes de los 18 a\u00f1os.<\/strong><\/p>\n<p>Las personas con discapacidad grave y m\u00faltiple (limitaciones muy importantes y presencia de m\u00e1s de una discapacidad) necesitan apoyo todo el tiempo en muchos aspectos de sus vidas: para comer, beber, asearse, peinarse, vestirse, etc&#8230;<\/p>\n<p>Una parte importante de las personas con Discapacidad Intelectual tienen necesidades de apoyo que son consideradas de car\u00e1cter limitado o intermitente.<\/p>\n<p>En Espa\u00f1a hay casi 300.000 personas con Discapacidad Intelectual. Como cualquiera de nosotros, son personas con necesidades, actitudes, capacidades y gustos particulares, que por tanto, quieren cosas diferentes en sus vidas y necesitan tambi\u00e9n\u00a0<strong>diferentes apoyos.<\/strong><\/p>\n<p><strong>CONCLUSI\u00d3N:<\/strong><\/p>\n<p>La Discapacidad Intelectual NO es una enfermedad sino que, en algunos casos, es una consecuencia de una enfermedad. No es algo que \u00abse cure\u00bb. Se refiere a una limitaci\u00f3n importante en el funcionamiento de la persona, no a la limitaci\u00f3n de la persona. Y la limitaci\u00f3n en el funcionamiento es consecuencia de la interacci\u00f3n\u00a0 de las capacidades limitadas de la persona con el medio en el que vive. La Discapacidad Intelectual adem\u00e1s no es algo est\u00e1tico, pues con los apoyos adecuados una persona mejorar\u00e1\u00a0 en su funcionamiento y su ajuste al contexto social, f\u00edsico y cultural en que vive.<\/p>\n<p><u><strong>\u00bfCUALES SON LAS CAUSAS QUE LA PUEDEN ORIGINAR?<\/strong><\/u><\/p>\n<p><strong>PRENATAL<\/strong><\/p>\n<ul>\n<li>Biom\u00e9dico: Alteraciones cromos\u00f3micas, alteraciones metab\u00f3licas, infecciones placentarias (rubeola, herpes, sida, etc&#8230;), exposici\u00f3n a toxinas o terat\u00f3genos (alcohol, plomo, mercurio, etc&#8230;), malnutrici\u00f3n (deficiencia materna de y\u00f3dica), como el S\u00edndrome de X Fr\u00e1gil, la fenilcetonuria, el S\u00edndrome de Lesch-Nyhan, S\u00edndrome de Down, S\u00edndrome de Prader-Willi y el S\u00edndrome de Angelman.<\/li>\n<li>Social: Pobreza, malnutrici\u00f3n materna, violencia dom\u00e9stica, falta de cuidado prenatal.<\/li>\n<li>Conductual: Uso de drogas por los padres, inmadurez parental.<\/li>\n<li>Educativo: Padres con discapacidad sin apoyos, falta de oportunidades educativas.<\/li>\n<\/ul>\n<p><strong>PERINATAL<\/strong><\/p>\n<ul>\n<li>Biom\u00e9dico: Prematuridad, da\u00f1o cerebral, hipoxia, alteraciones neonatales, incompatibilidad del factor rhesus (Rh).<\/li>\n<li>Social:\u00a0 Carencia de acceso a cuidados en el nacimiento<\/li>\n<li>Conductual: Rechazo parental de cuidados, abandono parental del ni\u00f1o\/a.<\/li>\n<li>Educativo: Falta de derivaci\u00f3n hacia servicios de intervenci\u00f3n tras el alta m\u00e9dica.<\/li>\n<\/ul>\n<p><strong>POSTNATAL<\/strong><\/p>\n<ul>\n<li>Biom\u00e9dico: Da\u00f1o cerebral traum\u00e1tico, malnutrici\u00f3n, trastornos degenerativos\/ataques, toxinas.<\/li>\n<li>Social: Falta de estimulaci\u00f3n adecuada, pobreza familiar, enfermedad cr\u00f3nica, institucionalizaci\u00f3n.<\/li>\n<li>Conductual. Abuso y abandono infantil, violencia dom\u00e9stica, conductas de ni\u00f1os\/as dif\u00edciles.<\/li>\n<li>Educativo: Retraso diagn\u00f3stico, intervenci\u00f3n temprana inadecuada, servicios de educaci\u00f3n especial inadecuados, apoyo familiar inadecuado.<\/li>\n<\/ul>\n<\/div>\n\r\n\t\t<\/div>\r\n\t<\/div>\r\n<a aria-label=\"FEAPS - Discapacidad Intelectual\" class=\"porto-sicon-box-link\" href=\"\/wp-content\/uploads\/2025\/12\/25-11-14-32.admin_.DISCAPACIDADE_INTELECTUAL.pdf\"><div class=\"porto-sicon-box d-inline-block mb-0  wpb_custom_92de89900200be95b29d1b8cc117da59 style_1 left-icon\"><div class=\"porto-sicon-body\"><div class=\"porto-sicon-header\"><h3 class=\"porto-sicon-title\" style=\"font-weight:700;\">FEAPS - Discapacidad Intelectual<\/h3><\/div> <!-- header --><\/div><\/div><!-- porto-sicon-box --><\/a><a aria-label=\"Concepto de Personas con D.I.- SIGLO CERO\" class=\"porto-sicon-box-link\" href=\"\/wp-content\/uploads\/2025\/12\/11-10-38-58.admin_.CONCEPTO_DE_PERSONA_CON_dISCAPACIDAD_INTELECTUAL-vERDUGO_2010.pdf\"><div class=\"porto-sicon-box d-inline-block mb-0  wpb_custom_92de89900200be95b29d1b8cc117da59 style_1 left-icon\"><div class=\"porto-sicon-body\"><div class=\"porto-sicon-header\"><h3 class=\"porto-sicon-title\" style=\"font-weight:700;\">Concepto de Personas con D.I.- SIGLO CERO<\/h3><\/div> <!-- header --><\/div><\/div><!-- porto-sicon-box --><\/a><a aria-label=\"Historia de las denominaciones de Discapacidad - SIGLO CERO\" class=\"porto-sicon-box-link\" href=\"\/wp-content\/uploads\/2025\/12\/11-10-50-17.admin_.historia_clasificacion_internacional_funcionamiento_discapacidad_y_salud.pdf\"><div class=\"porto-sicon-box d-inline-block mb-0  wpb_custom_92de89900200be95b29d1b8cc117da59 style_1 left-icon\"><div class=\"porto-sicon-body\"><div class=\"porto-sicon-header\"><h3 class=\"porto-sicon-title\" style=\"font-weight:700;\">Historia de las denominaciones de Discapacidad - SIGLO CERO<\/h3><\/div> <!-- header --><\/div><\/div><!-- porto-sicon-box --><\/a><\/div><\/div><\/div><\/div><\/div><\/div><\/div><\/div><div class=\"vc_row wpb_row top-row call-to-action-in-footer vc_custom_1766465432914 vc_row-has-fill porto-inner-container wpb_custom_034b39d9bc6c6b310d69e39f0ccf274f\"><div class=\"porto-wrap-container container\"><div class=\"row\"><div class=\"vc_column_container col-md-8\"><div class=\"wpb_wrapper vc_column-inner\"><h3 style=\"font-size: 28px;color: var(--porto-light-color)\" class=\"vc_custom_heading vc_do_custom_heading mb-3 wpb_custom_aa365bd5046e8294520b4e73732b9d15 align-left\" >\u00bfNecesitas ayuda o quieres m\u00e1s informaci\u00f3n?<\/h3><\/div><\/div><div class=\"vc_column_container col-md-4\"><div class=\"wpb_wrapper vc_column-inner\"><div class=\"vc_btn3-container  mb-0 font-weight-semibold vc_btn3-inline vc_do_btn\" >\r\n\t<a class=\"vc_btn3 vc_btn3-shape-default wpb_custom_6687b26f39488ddbb85ddb3c1ce8e111 btn btn-lg btn-light\" style=\"letter-spacing:-.5px; padding:1.15em 1.75em;\" href=\"\/gl\/contacto\/\" title=\"\">Contacta Con Nosotros<\/a>\t<\/div>\r\n<\/div><\/div><\/div><\/div><\/div>\n<\/div>","protected":false},"excerpt":{"rendered":"\u00bfQue es la discpacidad intelectual? Inicio &gt; Qu\u00e9 Es... &gt; \u00bfQu\u00e9 es la discapacidad intelectual? \u00bfQu\u00e9 es la Discapacidad Intelectual? Seg\u00fan la Asociaci\u00f3n Americana\u00a0de Discapacidad Intelectual y del Desarrollo (AAIDD)\u00a0se caracteriza por\u00a0limitaciones significativas\u00a0tanto en el\u00a0funcionamiento intelectual como en la\u00a0conducta adaptativa\u00a0expresada en las habilidades adaptativas conceptuales, sociales y pr\u00e1cticas (comunicaci\u00f3n, cuidado propio, vida en el hogar, [...]","protected":false},"author":5,"featured_media":0,"parent":3675,"menu_order":0,"comment_status":"closed","ping_status":"closed","template":"","meta":{"footnotes":""},"class_list":["post-4153","page","type-page","status-publish","hentry"],"_links":{"self":[{"href":"https:\/\/www.aspanaex.org\/gl\/wp-json\/wp\/v2\/pages\/4153","targetHints":{"allow":["GET"]}}],"collection":[{"href":"https:\/\/www.aspanaex.org\/gl\/wp-json\/wp\/v2\/pages"}],"about":[{"href":"https:\/\/www.aspanaex.org\/gl\/wp-json\/wp\/v2\/types\/page"}],"author":[{"embeddable":true,"href":"https:\/\/www.aspanaex.org\/gl\/wp-json\/wp\/v2\/users\/5"}],"replies":[{"embeddable":true,"href":"https:\/\/www.aspanaex.org\/gl\/wp-json\/wp\/v2\/comments?post=4153"}],"version-history":[{"count":8,"href":"https:\/\/www.aspanaex.org\/gl\/wp-json\/wp\/v2\/pages\/4153\/revisions"}],"predecessor-version":[{"id":4462,"href":"https:\/\/www.aspanaex.org\/gl\/wp-json\/wp\/v2\/pages\/4153\/revisions\/4462"}],"up":[{"embeddable":true,"href":"https:\/\/www.aspanaex.org\/gl\/wp-json\/wp\/v2\/pages\/3675"}],"wp:attachment":[{"href":"https:\/\/www.aspanaex.org\/gl\/wp-json\/wp\/v2\/media?parent=4153"}],"curies":[{"name":"wp","href":"https:\/\/api.w.org\/{rel}","templated":true}]}}