{"id":4159,"date":"2025-11-29T10:13:00","date_gmt":"2025-11-29T09:13:00","guid":{"rendered":"https:\/\/www.aspanaex.org\/que-es\/que-es-la-discapacidad-mental-2\/"},"modified":"2025-12-30T11:39:50","modified_gmt":"2025-12-30T10:39:50","slug":"que-son-los-apoyos","status":"publish","type":"page","link":"https:\/\/www.aspanaex.org\/gl\/que-es\/que-son-los-apoyos\/","title":{"rendered":"\u00bfQu\u00e9 son los Apoyos?"},"content":{"rendered":"<div class=\"wpb-content-wrapper\"><div class=\"vc_row wpb_row row top-row vc_custom_1766503694637 porto_stretch_css stretch_row_content_css vc_row-has-fill wpb_custom_034b39d9bc6c6b310d69e39f0ccf274f\"><div class=\"vc_column_container col-md-12 vc_custom_1766410138838\"><div class=\"wpb_wrapper vc_column-inner\"><div class=\"porto-ibanner interactive-banner-wrap-07dd21040fa50768c9d370ae74e47015 vc_custom_1766599824228\" style=\"min-height:250px;\"><img loading=\"lazy\" decoding=\"async\" alt=\"\" width=\"1760\" height=\"825\" class=\"porto-ibanner-img\" src=\"https:\/\/www.aspanaex.org\/wp-content\/uploads\/2025\/12\/40.webp\" srcset=\"https:\/\/www.aspanaex.org\/wp-content\/uploads\/2025\/12\/40.webp 1760w, https:\/\/www.aspanaex.org\/wp-content\/uploads\/2025\/12\/40-1024x480.webp 1024w, https:\/\/www.aspanaex.org\/wp-content\/uploads\/2025\/12\/40-768x360.webp 768w, https:\/\/www.aspanaex.org\/wp-content\/uploads\/2025\/12\/40-1536x720.webp 1536w, https:\/\/www.aspanaex.org\/wp-content\/uploads\/2025\/12\/40-640x300.webp 640w, https:\/\/www.aspanaex.org\/wp-content\/uploads\/2025\/12\/40-600x281.webp 600w\" sizes=\"auto, (max-width: 1760px) 100vw, 1760px\"><div class=\"porto-ibanner-desc no-padding d-flex\"><div class=\"porto-ibanner-layer wpb_custom_2c5109c031829f9c54153ed0e6239ff6 banner-pos-f6356757d4f73384a3f5bc65723ae83a\" style=\"width:100%;\"><h1 style=\"font-size: 3.24em;color: var(--porto-light-color);line-height: 1.1;text-align: center;font-weight:700;letter-spacing:-.5px\" class=\"vc_custom_heading vc_do_custom_heading wpb_custom_aa365bd5046e8294520b4e73732b9d15\" >\u00bfQu\u00e9 son los Apoyos?<\/h1><style>.banner-pos-f6356757d4f73384a3f5bc65723ae83a {left: 50%;right: unset;top: 50%;bottom: unset;transform: translate(-50%, -50%);}<\/style><\/div><\/div><\/div><\/div><\/div><\/div><div class=\"vc_row wpb_row top-row vc_custom_1766427468062 porto-inner-container wpb_custom_034b39d9bc6c6b310d69e39f0ccf274f\"><div class=\"porto-wrap-container container\"><div class=\"row\"><div class=\"m-auto vc_column_container col-md-6\"><div class=\"wpb_wrapper vc_column-inner\">\r\n\t<div class=\"wpb_text_column wpb_content_element wpb_custom_7c91d232724f73626cc933bd95b25ff0\" >\r\n\t\t<div class=\"wpb_wrapper\">\r\n\t\t\t<p><a href=\"\/gl\/\">Inicio<\/a> &gt; <a href=\"\/gl\/que-es\/\">Qu\u00e9 Es&#8230;<\/a> &gt; <a href=\"https:\/\/www.aspanaex.org\/gl\/que-es\/que-son-los-apoyos\/\">\u00bfQu\u00e9 son los apoyos?<\/a><\/p>\n\r\n\t\t<\/div>\r\n\t<\/div>\r\n<h3 style=\"font-size: 1.4em;color: var(--porto-dark-color);line-height: 26px;font-weight:600;letter-spacing:-.5px\" class=\"vc_custom_heading vc_do_custom_heading d-inline mb-0 m-r-xs wpb_custom_aa365bd5046e8294520b4e73732b9d15 align-left\" >\u00bfQu\u00e9 son los Apoyos?<\/h3><div class=\"porto-separator\"><hr class=\"separator-line  wpb_content_element align_center solid\" style=\"background-color:grey;\"><\/div>\r\n\t<div class=\"wpb_text_column wpb_content_element wpb_animate_when_almost_visible wpb_fadeInUp fadeInUp vc_custom_1766523071014 featured lead wpb_custom_643a9752c5c533c328bfa78f5467e024\" >\r\n\t\t<div class=\"wpb_wrapper\">\r\n\t\t\t<div class=\"lectura_facil\">Son los recursos y estrategias para promover el desarrollo, la educaci\u00f3n, los intereses y el bienestar de una persona y mejorar su funcionamiento individual. Los apoyos pueden variar seg\u00fan su duraci\u00f3n e intensidad.<\/div>\n\r\n\t\t<\/div>\r\n\t<\/div>\r\n<\/div><\/div><div class=\"m-auto vc_column_container col-md-6\"><div class=\"wpb_wrapper vc_column-inner\">\r\n\t<div class=\"wpb_single_image wpb_content_element vc_align_center wpb_content_element  vc_custom_1766522982030 wpb_custom_81a4f7ef9830bf958462581aa01150fb\"><div class=\"wpb_wrapper\">\r\n\t\t\t\r\n\t\t\t<div class=\"vc_single_image-wrapper vc_box_rounded  vc_box_border_grey\"><img loading=\"lazy\" decoding=\"async\" width=\"800\" height=\"600\" src=\"https:\/\/www.aspanaex.org\/wp-content\/uploads\/2025\/12\/17-14-11-41.admin_.salida-fundacion-barrie-8.webp\" class=\"vc_single_image-img attachment-large\" alt=\"\" title=\"que-son-los-apoyos\" srcset=\"https:\/\/www.aspanaex.org\/wp-content\/uploads\/2025\/12\/17-14-11-41.admin_.salida-fundacion-barrie-8.webp 800w, https:\/\/www.aspanaex.org\/wp-content\/uploads\/2025\/12\/17-14-11-41.admin_.salida-fundacion-barrie-8-768x576.webp 768w, https:\/\/www.aspanaex.org\/wp-content\/uploads\/2025\/12\/17-14-11-41.admin_.salida-fundacion-barrie-8-463x348.webp 463w, https:\/\/www.aspanaex.org\/wp-content\/uploads\/2025\/12\/17-14-11-41.admin_.salida-fundacion-barrie-8-640x480.webp 640w, https:\/\/www.aspanaex.org\/wp-content\/uploads\/2025\/12\/17-14-11-41.admin_.salida-fundacion-barrie-8-400x300.webp 400w, https:\/\/www.aspanaex.org\/wp-content\/uploads\/2025\/12\/17-14-11-41.admin_.salida-fundacion-barrie-8-367x275.webp 367w, https:\/\/www.aspanaex.org\/wp-content\/uploads\/2025\/12\/17-14-11-41.admin_.salida-fundacion-barrie-8-600x450.webp 600w\" sizes=\"auto, (max-width: 800px) 100vw, 800px\" \/><\/div>\r\n\t\t<\/div>\r\n\t<\/div>\r\n<\/div><\/div><div class=\"vc_column_container col-md-12\"><div class=\"wpb_wrapper vc_column-inner\"><div class=\"vc_row wpb_row vc_inner row vc_custom_1766523042018\"><div class=\"vc_column_container col-md-12\"><div class=\"wpb_wrapper vc_column-inner\">\r\n\t<div class=\"wpb_text_column wpb_content_element wpb_animate_when_almost_visible wpb_fadeInUp fadeInUp vc_custom_1766523086555 featured lead wpb_custom_643a9752c5c533c328bfa78f5467e024\" >\r\n\t\t<div class=\"wpb_wrapper\">\r\n\t\t\t<div class=\"lectura_facil\">\n<div class=\"lectura_facil\">\n<p><strong>Hay quatro tipos de apoyos: <\/strong><\/p>\n<p><strong>APOYOS INTERMITENTES<\/strong>: se proporcionan cuando se necesitan, en momentos determinados<br \/>\n<strong>APOYOS LIMITADOS<\/strong>: se dan en un tiempo limitado pero ni de froma intermitente, sino continua.<br \/>\n<strong>APOYOS EXTENSOS<\/strong>: son los que se ofrecen de forma continua y regular en relaci\u00f3n a algunos entornos y sin l\u00edmite de tiempo.<br \/>\n<strong>APOYOS GENERALIZADOS<\/strong>: son constantes y de alta intensidad.\u00a0 Se proporciona en distintos entornos y son para toda la vida.<\/p>\n<\/div>\n<\/div>\n\r\n\t\t<\/div>\r\n\t<\/div>\r\n\r\n\t<div class=\"wpb_text_column wpb_content_element wpb_animate_when_almost_visible wpb_fadeInUp fadeInUp vc_custom_1766456402218 featured lead wpb_custom_643a9752c5c533c328bfa78f5467e024\" >\r\n\t\t<div class=\"wpb_wrapper\">\r\n\t\t\t<div class=\"lectura_facil\">\n<div class=\"lectura_facil\">\n<p>Son\u00a0<strong>recursos y estragegias<\/strong>\u00a0con el objetivo de promover el desarrollo, la educaci\u00f3n, los intereses y el bienestar de una persona y mejorar el funcionamiento individual.<\/p>\n<p>Se clasifican en base a la\u00a0<strong>intensidad<\/strong>\u00a0de los apoyos que la persona necesita para poder desenvolvese con normalidad en su entorno. Esta depende de distintas circunstancias en relaci\u00f3n a las personas concretas, las situaciones y etapas de la vida. Los apoyos pueden variar en duraci\u00f3n e intensidad.<\/p>\n<p>Hay cuatro tipos de intensidad de los apoyos:<\/p>\n<ul>\n<li><strong>INTERMITENTE<\/strong>.- Los apoyos se proporcionan cuando se necesitan. Esto significa que no son siempre necesarios o que solo son necesarios durante per\u00edodos cortos que coinciden con las transiciones de la vida.<\/li>\n<li><strong>LIMITADO<\/strong>.- Esta intensidad de apoyo se caracteriza por su consistencia en el tiempo, por un tiempo limitado pero no intermitente. Puede exigir un coste inferior y menos personal que otros niveles mas intensos de apoyo.<\/li>\n<li><strong>EXTENSO<\/strong>.- Se defiene por la implicaci\u00f3n continua y regular. Por ejemplo cada dia, en relaci\u00f3n a algunos entornos y sin l\u00edmite de tiempo.<\/li>\n<li><strong>GENERALIZADO<\/strong>.- La constancia y alta intensidad coaracterizan este tipo de apoyo. Se proporciona en distintos entornos y son, potencialmente, para toda la vida.<\/li>\n<\/ul>\n<\/div>\n<\/div>\n\r\n\t\t<\/div>\r\n\t<\/div>\r\n<a aria-label=\"Nueva Definici\u00f3n de Apoyos - Miguel Angel Verdugo (V\u00eddeo)\" class=\"porto-sicon-box-link\" href=\"http:\/\/www.youtube.com\/watch?v=VyhifLjYj_Y\" target=\"_blank\" rel=\"nofollow noopener\"><div class=\"porto-sicon-box d-inline-block mb-0  wpb_custom_92de89900200be95b29d1b8cc117da59 style_1 left-icon\"><div class=\"porto-sicon-body\"><div class=\"porto-sicon-header\"><h3 class=\"porto-sicon-title\" style=\"font-weight:700;\">Nueva Definici\u00f3n de Apoyos - Miguel Angel Verdugo (V\u00eddeo)<\/h3><\/div> <!-- header --><\/div><\/div><!-- porto-sicon-box --><\/a><a aria-label=\"Modelo de Apoyos (Verdugo - Shalock)\" class=\"porto-sicon-box-link\" href=\"\/wp-content\/uploads\/2025\/12\/30-9-24-6.admin_.Modelo_de_Apoyos_Verdugo_-_Schalock.pdf\" target='_blank' rel='nofollow'><div class=\"porto-sicon-box d-inline-block mb-0  wpb_custom_92de89900200be95b29d1b8cc117da59 style_1 left-icon\"><div class=\"porto-sicon-body\"><div class=\"porto-sicon-header\"><h3 class=\"porto-sicon-title\" style=\"font-weight:700;\">Modelo de Apoyos (Verdugo - Shalock)<\/h3><\/div> <!-- header --><\/div><\/div><!-- porto-sicon-box --><\/a><\/div><\/div><\/div><\/div><\/div><\/div><\/div><\/div><div class=\"vc_row wpb_row top-row call-to-action-in-footer vc_custom_1766465432914 vc_row-has-fill porto-inner-container wpb_custom_034b39d9bc6c6b310d69e39f0ccf274f\"><div class=\"porto-wrap-container container\"><div class=\"row\"><div class=\"vc_column_container col-md-8\"><div class=\"wpb_wrapper vc_column-inner\"><h3 style=\"font-size: 28px;color: var(--porto-light-color)\" class=\"vc_custom_heading vc_do_custom_heading mb-3 wpb_custom_aa365bd5046e8294520b4e73732b9d15 align-left\" >\u00bfNecesitas ayuda o quieres m\u00e1s informaci\u00f3n?<\/h3><\/div><\/div><div class=\"vc_column_container col-md-4\"><div class=\"wpb_wrapper vc_column-inner\"><div class=\"vc_btn3-container  mb-0 font-weight-semibold vc_btn3-inline vc_do_btn\" >\r\n\t<a class=\"vc_btn3 vc_btn3-shape-default wpb_custom_6687b26f39488ddbb85ddb3c1ce8e111 btn btn-lg btn-light\" style=\"letter-spacing:-.5px; padding:1.15em 1.75em;\" href=\"\/gl\/contacto\/\" title=\"\">Contacta Con Nosotros<\/a>\t<\/div>\r\n<\/div><\/div><\/div><\/div><\/div>\n<\/div>","protected":false},"excerpt":{"rendered":"\u00bfQu\u00e9 son los Apoyos? Inicio &gt; Qu\u00e9 Es... &gt; \u00bfQu\u00e9 son los apoyos? \u00bfQu\u00e9 son los Apoyos? Son los recursos y estrategias para promover el desarrollo, la educaci\u00f3n, los intereses y el bienestar de una persona y mejorar su funcionamiento individual. Los apoyos pueden variar seg\u00fan su duraci\u00f3n e intensidad. Hay quatro tipos de apoyos: [...]","protected":false},"author":5,"featured_media":0,"parent":3675,"menu_order":0,"comment_status":"closed","ping_status":"closed","template":"","meta":{"footnotes":""},"class_list":["post-4159","page","type-page","status-publish","hentry"],"_links":{"self":[{"href":"https:\/\/www.aspanaex.org\/gl\/wp-json\/wp\/v2\/pages\/4159","targetHints":{"allow":["GET"]}}],"collection":[{"href":"https:\/\/www.aspanaex.org\/gl\/wp-json\/wp\/v2\/pages"}],"about":[{"href":"https:\/\/www.aspanaex.org\/gl\/wp-json\/wp\/v2\/types\/page"}],"author":[{"embeddable":true,"href":"https:\/\/www.aspanaex.org\/gl\/wp-json\/wp\/v2\/users\/5"}],"replies":[{"embeddable":true,"href":"https:\/\/www.aspanaex.org\/gl\/wp-json\/wp\/v2\/comments?post=4159"}],"version-history":[{"count":7,"href":"https:\/\/www.aspanaex.org\/gl\/wp-json\/wp\/v2\/pages\/4159\/revisions"}],"predecessor-version":[{"id":4198,"href":"https:\/\/www.aspanaex.org\/gl\/wp-json\/wp\/v2\/pages\/4159\/revisions\/4198"}],"up":[{"embeddable":true,"href":"https:\/\/www.aspanaex.org\/gl\/wp-json\/wp\/v2\/pages\/3675"}],"wp:attachment":[{"href":"https:\/\/www.aspanaex.org\/gl\/wp-json\/wp\/v2\/media?parent=4159"}],"curies":[{"name":"wp","href":"https:\/\/api.w.org\/{rel}","templated":true}]}}