{"id":4172,"date":"2025-11-29T10:13:00","date_gmt":"2025-11-29T09:13:00","guid":{"rendered":"https:\/\/www.aspanaex.org\/que-es\/que-es-la-calidad-de-vida-2\/"},"modified":"2025-12-30T11:39:29","modified_gmt":"2025-12-30T10:39:29","slug":"que-son-las-dimensiones-de-calidad","status":"publish","type":"page","link":"https:\/\/www.aspanaex.org\/gl\/que-es\/que-son-las-dimensiones-de-calidad\/","title":{"rendered":"\u00bfQu\u00e9 son las Dimensiones de Calidad?"},"content":{"rendered":"<div class=\"wpb-content-wrapper\"><div class=\"vc_row wpb_row row top-row vc_custom_1766503694637 porto_stretch_css stretch_row_content_css vc_row-has-fill wpb_custom_034b39d9bc6c6b310d69e39f0ccf274f\"><div class=\"vc_column_container col-md-12 vc_custom_1766410138838\"><div class=\"wpb_wrapper vc_column-inner\"><div class=\"porto-ibanner interactive-banner-wrap-07dd21040fa50768c9d370ae74e47015 vc_custom_1766523390725\" style=\"min-height:250px;\"><img loading=\"lazy\" decoding=\"async\" alt=\"\" width=\"1760\" height=\"825\" class=\"porto-ibanner-img\" src=\"https:\/\/www.aspanaex.org\/wp-content\/uploads\/2025\/12\/39.webp\" srcset=\"https:\/\/www.aspanaex.org\/wp-content\/uploads\/2025\/12\/39.webp 1760w, https:\/\/www.aspanaex.org\/wp-content\/uploads\/2025\/12\/39-1024x480.webp 1024w, https:\/\/www.aspanaex.org\/wp-content\/uploads\/2025\/12\/39-768x360.webp 768w, https:\/\/www.aspanaex.org\/wp-content\/uploads\/2025\/12\/39-1536x720.webp 1536w, https:\/\/www.aspanaex.org\/wp-content\/uploads\/2025\/12\/39-640x300.webp 640w, https:\/\/www.aspanaex.org\/wp-content\/uploads\/2025\/12\/39-600x281.webp 600w\" sizes=\"auto, (max-width: 1760px) 100vw, 1760px\"><div class=\"porto-ibanner-desc no-padding d-flex\"><div class=\"porto-ibanner-layer wpb_custom_2c5109c031829f9c54153ed0e6239ff6 banner-pos-f6356757d4f73384a3f5bc65723ae83a\" style=\"width:100%;\"><h1 style=\"font-size: 3.24em;color: var(--porto-light-color);line-height: 1.1;text-align: center;font-weight:700;letter-spacing:-.5px\" class=\"vc_custom_heading vc_do_custom_heading wpb_custom_aa365bd5046e8294520b4e73732b9d15\" >\u00bfQu\u00e9 son las Dimensiones de Calidad?<\/h1><style>.banner-pos-f6356757d4f73384a3f5bc65723ae83a {left: 50%;right: unset;top: 50%;bottom: unset;transform: translate(-50%, -50%);}<\/style><\/div><\/div><\/div><\/div><\/div><\/div><div class=\"vc_row wpb_row top-row vc_custom_1766427468062 porto-inner-container wpb_custom_034b39d9bc6c6b310d69e39f0ccf274f\"><div class=\"porto-wrap-container container\"><div class=\"row\"><div class=\"m-auto vc_column_container col-md-6\"><div class=\"wpb_wrapper vc_column-inner\">\r\n\t<div class=\"wpb_text_column wpb_content_element wpb_custom_7c91d232724f73626cc933bd95b25ff0\" >\r\n\t\t<div class=\"wpb_wrapper\">\r\n\t\t\t<p><a href=\"\/gl\/\">Inicio<\/a> &gt; <a href=\"\/gl\/que-es\/\">Qu\u00e9 Es&#8230;<\/a> &gt; <a href=\"https:\/\/www.aspanaex.org\/gl\/que-es\/que-son-las-dimensiones-de-calidad\/\">\u00bfQu\u00e9 son las Dimensiones de Calidad?<\/a><\/p>\n\r\n\t\t<\/div>\r\n\t<\/div>\r\n<h3 style=\"font-size: 1.4em;color: var(--porto-dark-color);line-height: 26px;font-weight:600;letter-spacing:-.5px\" class=\"vc_custom_heading vc_do_custom_heading d-inline mb-0 m-r-xs wpb_custom_aa365bd5046e8294520b4e73732b9d15 align-left\" >\u00bfQu\u00e9 son las Dimensiones de Calidad?<\/h3><div class=\"porto-separator\"><hr class=\"separator-line  wpb_content_element align_center solid\" style=\"background-color:grey;\"><\/div>\r\n\t<div class=\"wpb_text_column wpb_content_element wpb_animate_when_almost_visible wpb_fadeInUp fadeInUp vc_custom_1766456612345 featured lead wpb_custom_643a9752c5c533c328bfa78f5467e024\" >\r\n\t\t<div class=\"wpb_wrapper\">\r\n\t\t\t<div class=\"lectura_facil\">\n<div class=\"lectura_facil\">Robert Schalock, experto en el estudio de la discapacidad intelectual,\u00a0 sostiene\u00a0 que hay ocho dimensiones centrales que constituyen una vida de calidad: Bienestar emocional, Relaciones Interpersonales, Bienestar Material, Desarrollo Personal, Bienestar F\u00edsico, Autodeterminaci\u00f3n, Inclusi\u00f3n Social y Derechos. Todas estas dimensiones siempre tienen posibilidad de mejorar. Y pueden mejorar en cualquier persona y en cualquier momento de su vida, tenga o no, retraso mental o una necesidad de apoyo m\u00e1s o menos generalizado.<\/div>\n<\/div>\n\r\n\t\t<\/div>\r\n\t<\/div>\r\n<\/div><\/div><div class=\"m-auto vc_column_container col-md-6\"><div class=\"wpb_wrapper vc_column-inner\">\r\n\t<div class=\"wpb_single_image wpb_content_element vc_align_center wpb_content_element  vc_custom_1766523351865 wpb_custom_81a4f7ef9830bf958462581aa01150fb\"><div class=\"wpb_wrapper\">\r\n\t\t\t\r\n\t\t\t<div class=\"vc_single_image-wrapper vc_box_rounded  vc_box_border_grey\"><img loading=\"lazy\" decoding=\"async\" width=\"442\" height=\"332\" src=\"https:\/\/www.aspanaex.org\/wp-content\/uploads\/2025\/12\/25-22-51-17.admin_.TAP_3.webp\" class=\"vc_single_image-img attachment-large\" alt=\"\" title=\"que-son-las-dimensiones-de-calidad\" srcset=\"https:\/\/www.aspanaex.org\/wp-content\/uploads\/2025\/12\/25-22-51-17.admin_.TAP_3.webp 442w, https:\/\/www.aspanaex.org\/wp-content\/uploads\/2025\/12\/25-22-51-17.admin_.TAP_3-400x300.webp 400w, https:\/\/www.aspanaex.org\/wp-content\/uploads\/2025\/12\/25-22-51-17.admin_.TAP_3-367x276.webp 367w\" sizes=\"auto, (max-width: 442px) 100vw, 442px\" \/><\/div>\r\n\t\t<\/div>\r\n\t<\/div>\r\n<\/div><\/div><div class=\"vc_column_container col-md-12\"><div class=\"wpb_wrapper vc_column-inner\"><div class=\"vc_row wpb_row vc_inner row vc_custom_1766523405313\"><div class=\"vc_column_container col-md-12\"><div class=\"wpb_wrapper vc_column-inner\">\r\n\t<div class=\"wpb_text_column wpb_content_element wpb_animate_when_almost_visible wpb_fadeInUp fadeInUp vc_custom_1766456621065 featured lead wpb_custom_643a9752c5c533c328bfa78f5467e024\" >\r\n\t\t<div class=\"wpb_wrapper\">\r\n\t\t\t<div class=\"lectura_facil\">\n<div class=\"lectura_facil\">\n<p>El modelo propuesto por\u00a0<strong>Schalock\u00a0<\/strong>plantea\u00a0<strong>OCHO DIMENSIONES<\/strong>\u00a0centrales que constituyen una vida de calidad. Todas y cada una de estas ocho dimensiones tienen posibilidad de mejora en cualquier persona, independientemente de que les acompa\u00f1e o no la condici\u00f3n de retraso mental con una necesidad de apoyo m\u00e1s o menos generalizado<\/p>\n<ol>\n<li>Bienestar Emocional<\/li>\n<li>Relaciones Interpersonales<\/li>\n<li>Bienestar Material<\/li>\n<li>Desarrollo Personal<\/li>\n<li>Bienestar F\u00edsico<\/li>\n<li>Autodeterminaci\u00f3n<\/li>\n<li>Inclusi\u00f3n Social<\/li>\n<li>Derechos<\/li>\n<\/ol>\n<p>En definitiva, la calidad de vida de las personas con discapacidad intelectual\u00a0<strong>no ha de ser diferente<\/strong>\u00a0de la de quienes no tienen discapacidades en su desarrollo. La calidad de vida de cada uno es relevante para la del resto y la del resto es importante para la de cada persona. Por tanto, luchar y perseguir la mejora de la calidad de vida de las personas con discapacidad intelectual y sus familias es avanzar en la mejora de\u00a0la calidad de vida de la sociedad a la que pertenecemos.<\/p>\n<\/div>\n<\/div>\n\r\n\t\t<\/div>\r\n\t<\/div>\r\n<a aria-label=\"Ocho Dimensiones de Calidad\" class=\"porto-sicon-box-link\" href=\"\/wp-content\/uploads\/2025\/12\/30-14-21-36.admin_.DIMENSIONES_CALIDAD_VIDA.pdf\"><div class=\"porto-sicon-box d-inline-block mb-0  wpb_custom_92de89900200be95b29d1b8cc117da59 style_1 left-icon\"><div class=\"porto-sicon-body\"><div class=\"porto-sicon-header\"><h3 class=\"porto-sicon-title\" style=\"font-weight:700;\">Ocho Dimensiones de Calidad<\/h3><\/div> <!-- header --><\/div><\/div><!-- porto-sicon-box --><\/a><\/div><\/div><\/div><\/div><\/div><\/div><\/div><\/div><div class=\"vc_row wpb_row top-row call-to-action-in-footer vc_custom_1766465432914 vc_row-has-fill porto-inner-container wpb_custom_034b39d9bc6c6b310d69e39f0ccf274f\"><div class=\"porto-wrap-container container\"><div class=\"row\"><div class=\"vc_column_container col-md-8\"><div class=\"wpb_wrapper vc_column-inner\"><h3 style=\"font-size: 28px;color: var(--porto-light-color)\" class=\"vc_custom_heading vc_do_custom_heading mb-3 wpb_custom_aa365bd5046e8294520b4e73732b9d15 align-left\" >\u00bfNecesitas ayuda o quieres m\u00e1s informaci\u00f3n?<\/h3><\/div><\/div><div class=\"vc_column_container col-md-4\"><div class=\"wpb_wrapper vc_column-inner\"><div class=\"vc_btn3-container  mb-0 font-weight-semibold vc_btn3-inline vc_do_btn\" >\r\n\t<a class=\"vc_btn3 vc_btn3-shape-default wpb_custom_6687b26f39488ddbb85ddb3c1ce8e111 btn btn-lg btn-light\" style=\"letter-spacing:-.5px; padding:1.15em 1.75em;\" href=\"\/gl\/contacto\/\" title=\"\">Contacta Con Nosotros<\/a>\t<\/div>\r\n<\/div><\/div><\/div><\/div><\/div>\n<\/div>","protected":false},"excerpt":{"rendered":"\u00bfQu\u00e9 son las Dimensiones de Calidad? Inicio &gt; Qu\u00e9 Es... &gt; \u00bfQu\u00e9 son las Dimensiones de Calidad? \u00bfQu\u00e9 son las Dimensiones de Calidad? Robert Schalock, experto en el estudio de la discapacidad intelectual,\u00a0 sostiene\u00a0 que hay ocho dimensiones centrales que constituyen una vida de calidad: Bienestar emocional, Relaciones Interpersonales, Bienestar Material, Desarrollo Personal, Bienestar F\u00edsico, [...]","protected":false},"author":5,"featured_media":0,"parent":3675,"menu_order":0,"comment_status":"closed","ping_status":"closed","template":"","meta":{"footnotes":""},"class_list":["post-4172","page","type-page","status-publish","hentry"],"_links":{"self":[{"href":"https:\/\/www.aspanaex.org\/gl\/wp-json\/wp\/v2\/pages\/4172","targetHints":{"allow":["GET"]}}],"collection":[{"href":"https:\/\/www.aspanaex.org\/gl\/wp-json\/wp\/v2\/pages"}],"about":[{"href":"https:\/\/www.aspanaex.org\/gl\/wp-json\/wp\/v2\/types\/page"}],"author":[{"embeddable":true,"href":"https:\/\/www.aspanaex.org\/gl\/wp-json\/wp\/v2\/users\/5"}],"replies":[{"embeddable":true,"href":"https:\/\/www.aspanaex.org\/gl\/wp-json\/wp\/v2\/comments?post=4172"}],"version-history":[{"count":5,"href":"https:\/\/www.aspanaex.org\/gl\/wp-json\/wp\/v2\/pages\/4172\/revisions"}],"predecessor-version":[{"id":4465,"href":"https:\/\/www.aspanaex.org\/gl\/wp-json\/wp\/v2\/pages\/4172\/revisions\/4465"}],"up":[{"embeddable":true,"href":"https:\/\/www.aspanaex.org\/gl\/wp-json\/wp\/v2\/pages\/3675"}],"wp:attachment":[{"href":"https:\/\/www.aspanaex.org\/gl\/wp-json\/wp\/v2\/media?parent=4172"}],"curies":[{"name":"wp","href":"https:\/\/api.w.org\/{rel}","templated":true}]}}