{"id":4412,"date":"2025-11-29T10:13:00","date_gmt":"2025-11-29T09:13:00","guid":{"rendered":"https:\/\/www.aspanaex.org\/transparencia-2\/"},"modified":"2025-12-30T11:33:46","modified_gmt":"2025-12-30T10:33:46","slug":"accesibilidad","status":"publish","type":"page","link":"https:\/\/www.aspanaex.org\/gl\/accesibilidad\/","title":{"rendered":"Accesibilidad"},"content":{"rendered":"<div class=\"wpb-content-wrapper\"><div class=\"vc_row wpb_row row top-row porto_stretch_css stretch_row_content_css wpb_custom_034b39d9bc6c6b310d69e39f0ccf274f\"><div class=\"vc_column_container col-md-12 vc_custom_1766410138838\"><div class=\"wpb_wrapper vc_column-inner\"><div class=\"porto-ibanner interactive-banner-wrap-07dd21040fa50768c9d370ae74e47015 vc_custom_1766703620509\" style=\"background:var(--porto-primary-color);min-height:350px;\"><div class=\"porto-ibanner-desc no-padding d-flex\"><div class=\"porto-ibanner-layer wpb_custom_2c5109c031829f9c54153ed0e6239ff6 banner-pos-f6356757d4f73384a3f5bc65723ae83a\" style=\"width:100%;\"><h1 style=\"font-size: 3.24em;color: var(--porto-light-color);line-height: 1.1;text-align: center;font-weight:700;letter-spacing:-.5px\" class=\"vc_custom_heading vc_do_custom_heading wpb_custom_aa365bd5046e8294520b4e73732b9d15\" >Accesibilidad<\/h1><style>.banner-pos-f6356757d4f73384a3f5bc65723ae83a {left: 50%;right: unset;top: 50%;bottom: unset;transform: translate(-50%, -50%);}<\/style><\/div><\/div><\/div><\/div><\/div><\/div><div class=\"vc_row wpb_row top-row p-t-xxl row-align-items-center porto-inner-container wpb_custom_034b39d9bc6c6b310d69e39f0ccf274f\"><div class=\"porto-wrap-container container\"><div class=\"row\"><div class=\"vc_column_container col-md-12\"><div class=\"wpb_wrapper vc_column-inner\"><div class=\"vc_row wpb_row vc_inner row\"><div class=\"vc_column_container col-md-12\"><div class=\"wpb_wrapper vc_column-inner\">\r\n\t<div class=\"wpb_text_column wpb_content_element wpb_custom_7c91d232724f73626cc933bd95b25ff0\" >\r\n\t\t<div class=\"wpb_wrapper\">\r\n\t\t\t<div class=\"lectura_facil\">\n<p><a href=\"\/gl\/\">Inicio<\/a> &gt; <a href=\"\/gl\/accesibilidad\/\">Accesibilidad<\/a><\/p>\n<\/div>\n\r\n\t\t<\/div>\r\n\t<\/div>\r\n<h2 style=\"font-size: 25px;line-height: 1\" class=\"vc_custom_heading vc_do_custom_heading mb-3 wpb_custom_aa365bd5046e8294520b4e73732b9d15 align-left\" >Accesibilidad<\/h2><\/div><\/div><\/div><div class=\"vc_row wpb_row vc_inner row vc_custom_1766703596002\"><div class=\"vc_column_container col-md-12\"><div class=\"wpb_wrapper vc_column-inner\">\r\n\t<div class=\"wpb_text_column wpb_content_element wpb_animate_when_almost_visible wpb_fadeInUp fadeInUp vc_custom_1766703560738 featured lead wpb_custom_643a9752c5c533c328bfa78f5467e024\" >\r\n\t\t<div class=\"wpb_wrapper\">\r\n\t\t\t<div class=\"lectura_facil\">\n<p>Nuestra p\u00e1gina WEB ha adquirido el compromiso de garantizar la accesibilidad de sus contenidos a todos los\/as ciudadanos\/as en cumplimiento de lo dispuesto por la Ley de Servicios de la Sociedad de la Informaci\u00f3n y Comercio Electr\u00f3nico, respetando as\u00ed mismo las pautas proporcionadas por la WAI (Web Accesibility Initiative), organismo creado por el W3C (World Wide Web Consortium) para informar, investigar y fomentar el trabajo en accesibilidad WEB.<\/p>\n<p>La WAI establece tres niveles de accesibilidad: \u00abA\u00bb, doble \u00abA\u00bb y triple \u00abA\u201d. Cada uno de estos niveles requiere el cumplimiento de unas determinadas pautas o principios.<\/p>\n<p>En la actualidad, nuestra p\u00e1gina ha alcanzado el nivel doble \u201cA\u201d de accesibilidad en sus contenidos. La comprobaci\u00f3n se ha realizado con el programa TAW (Test de Accesibilidad Web) de las p\u00e1ginas de la WEB.<\/p>\n<p>Logros:<\/p>\n<ul>\n<li><strong>Estructura de la p\u00e1gina:&nbsp;<\/strong>se ha dise\u00f1ado con el formato com\u00fan para las p\u00e1ginas de contenidos, zona de cabecera y zona de pie de p\u00e1gina, facilitando as\u00ed la familiarizaci\u00f3n con la presentaci\u00f3n de la informaci\u00f3n y la navegaci\u00f3n a trav\u00e9s de una estructura clara y ordenada.<\/li>\n<li><strong>Accesibilidad en los contenidos textuales:<\/strong>&nbsp;todas las plantillas donde se recogen los contenidos de la WEB han sido creadas bajo los criterios de accesibilidad de la WAI.<\/li>\n<li><strong>Im\u00e1genes:<\/strong>&nbsp;se ha establecido un nivel de contraste suficiente entre el fondo y las im\u00e1genes, a trav\u00e9s de la utilizaci\u00f3n de las combinaciones de color adecuadas. Se han incorporado textos alternativos a las im\u00e1genes, para que los lectores de pantalla permitan a quienes los utilizan interpretar dichas im\u00e1genes (esta funcionalidad es igualmente \u00fatil para aquellas personas que tengan deshabilitada de su navegador la visualizaci\u00f3n de im\u00e1genes).<\/li>\n<li><strong>Atajos de teclado:<\/strong>&nbsp;se han habilitado unas combinaciones especiales de teclas a modo de atajos de teclado, para que quienes utilicen el teclado como medio de navegaci\u00f3n lo hagan m\u00e1s r\u00e1pidamente.<\/li>\n<li><strong>Identificaci\u00f3n de idioma:<\/strong>&nbsp;en las p\u00e1ginas y documentos insertados que procede, se identifica el idioma.<\/li>\n<li><strong>C\u00f3digo Javascript:&nbsp;<\/strong>las p\u00e1ginas que contienen c\u00f3digo Javascript han sido creadas seg\u00fan las pautas de accesibilidad, para lograr su correcta visualizaci\u00f3n.<\/li>\n<li><strong>Tablas:<\/strong>&nbsp;se ha incorporado a todas las tablas existentes en el sitio WEB el c\u00f3digo necesario para su adecuada interpretaci\u00f3n por los navegadores de voz y su correcta lectura en l\u00ednea.<\/li>\n<li><strong>Publicaci\u00f3n de archivos PDF accesibles:<\/strong>&nbsp;los PDF que se incorporan a la WEB son objeto de revisi\u00f3n conforme a los est\u00e1ndares de accesibilidad.<\/li>\n<li><strong>Cumplimiento de los est\u00e1ndares:<\/strong>&nbsp;este portal se ha desarrollado cumpliendo los est\u00e1ndares de accesibilidad t\u00e9cnica W3C XHTML 1.0 y CSS3<\/li>\n<\/ul>\n<\/div>\n\r\n\t\t<\/div>\r\n\t<\/div>\r\n<\/div><\/div><\/div><\/div><\/div><\/div><\/div><\/div>\n<\/div>","protected":false},"excerpt":{"rendered":"Accesibilidad Inicio &gt; Accesibilidad Accesibilidad Nuestra p\u00e1gina WEB ha adquirido el compromiso de garantizar la accesibilidad de sus contenidos a todos los\/as ciudadanos\/as en cumplimiento de lo dispuesto por la Ley de Servicios de la Sociedad de la Informaci\u00f3n y Comercio Electr\u00f3nico, respetando as\u00ed mismo las pautas proporcionadas por la WAI (Web Accesibility Initiative), organismo [...]","protected":false},"author":5,"featured_media":0,"parent":0,"menu_order":0,"comment_status":"closed","ping_status":"closed","template":"","meta":{"footnotes":""},"class_list":["post-4412","page","type-page","status-publish","hentry"],"_links":{"self":[{"href":"https:\/\/www.aspanaex.org\/gl\/wp-json\/wp\/v2\/pages\/4412","targetHints":{"allow":["GET"]}}],"collection":[{"href":"https:\/\/www.aspanaex.org\/gl\/wp-json\/wp\/v2\/pages"}],"about":[{"href":"https:\/\/www.aspanaex.org\/gl\/wp-json\/wp\/v2\/types\/page"}],"author":[{"embeddable":true,"href":"https:\/\/www.aspanaex.org\/gl\/wp-json\/wp\/v2\/users\/5"}],"replies":[{"embeddable":true,"href":"https:\/\/www.aspanaex.org\/gl\/wp-json\/wp\/v2\/comments?post=4412"}],"version-history":[{"count":3,"href":"https:\/\/www.aspanaex.org\/gl\/wp-json\/wp\/v2\/pages\/4412\/revisions"}],"predecessor-version":[{"id":4415,"href":"https:\/\/www.aspanaex.org\/gl\/wp-json\/wp\/v2\/pages\/4412\/revisions\/4415"}],"wp:attachment":[{"href":"https:\/\/www.aspanaex.org\/gl\/wp-json\/wp\/v2\/media?parent=4412"}],"curies":[{"name":"wp","href":"https:\/\/api.w.org\/{rel}","templated":true}]}}