{"id":4416,"date":"2025-11-29T10:13:00","date_gmt":"2025-11-29T09:13:00","guid":{"rendered":"https:\/\/www.aspanaex.org\/accesibilidad-2\/"},"modified":"2025-12-30T11:38:44","modified_gmt":"2025-12-30T10:38:44","slug":"aviso-legal","status":"publish","type":"page","link":"https:\/\/www.aspanaex.org\/gl\/aviso-legal\/","title":{"rendered":"Aviso Legal"},"content":{"rendered":"<div class=\"wpb-content-wrapper\"><div class=\"vc_row wpb_row row top-row porto_stretch_css stretch_row_content_css wpb_custom_034b39d9bc6c6b310d69e39f0ccf274f\"><div class=\"vc_column_container col-md-12 vc_custom_1766410138838\"><div class=\"wpb_wrapper vc_column-inner\"><div class=\"porto-ibanner interactive-banner-wrap-07dd21040fa50768c9d370ae74e47015 vc_custom_1766703620509\" style=\"background:var(--porto-primary-color);min-height:350px;\"><div class=\"porto-ibanner-desc no-padding d-flex\"><div class=\"porto-ibanner-layer wpb_custom_2c5109c031829f9c54153ed0e6239ff6 banner-pos-f6356757d4f73384a3f5bc65723ae83a\" style=\"width:100%;\"><h1 style=\"font-size: 3.24em;color: var(--porto-light-color);line-height: 1.1;text-align: center;font-weight:700;letter-spacing:-.5px\" class=\"vc_custom_heading vc_do_custom_heading wpb_custom_aa365bd5046e8294520b4e73732b9d15\" >Aviso Legal<\/h1><style>.banner-pos-f6356757d4f73384a3f5bc65723ae83a {left: 50%;right: unset;top: 50%;bottom: unset;transform: translate(-50%, -50%);}<\/style><\/div><\/div><\/div><\/div><\/div><\/div><div class=\"vc_row wpb_row top-row p-t-xxl row-align-items-center porto-inner-container wpb_custom_034b39d9bc6c6b310d69e39f0ccf274f\"><div class=\"porto-wrap-container container\"><div class=\"row\"><div class=\"vc_column_container col-md-12\"><div class=\"wpb_wrapper vc_column-inner\"><div class=\"vc_row wpb_row vc_inner row\"><div class=\"vc_column_container col-md-12\"><div class=\"wpb_wrapper vc_column-inner\">\r\n\t<div class=\"wpb_text_column wpb_content_element wpb_custom_7c91d232724f73626cc933bd95b25ff0\" >\r\n\t\t<div class=\"wpb_wrapper\">\r\n\t\t\t<div class=\"lectura_facil\">\n<p><a href=\"\/gl\/\">Inicio<\/a> &gt; <a href=\"\/gl\/aviso-legal\/\">Aviso Legal<\/a><\/p>\n<\/div>\n\r\n\t\t<\/div>\r\n\t<\/div>\r\n<h2 style=\"font-size: 25px;line-height: 1\" class=\"vc_custom_heading vc_do_custom_heading mb-3 wpb_custom_aa365bd5046e8294520b4e73732b9d15 align-left\" >Aviso Legal<\/h2><\/div><\/div><\/div><div class=\"vc_row wpb_row vc_inner row vc_custom_1766703596002\"><div class=\"vc_column_container col-md-12\"><div class=\"wpb_wrapper vc_column-inner\">\r\n\t<div class=\"wpb_text_column wpb_content_element wpb_animate_when_almost_visible wpb_fadeInUp fadeInUp vc_custom_1766703708477 featured lead wpb_custom_643a9752c5c533c328bfa78f5467e024\" >\r\n\t\t<div class=\"wpb_wrapper\">\r\n\t\t\t<div class=\"lectura_facil\">\n<p>ASPANAEX, en cumplimiento de la Ley 34\/2002, de 11 de julio, de Servicios de la Sociedad de la Informaci\u00f3n y de Comercio Electr\u00f3nico, le informa de que:<\/p>\n<p>&#8211; Su raz\u00f3n social es ASOCIACION EN FAVOR DE LAS PERSONAS CON DISCAPACIDAD INTELECTUAL DE LA PROVINCIA DE PONTEVEDRA.<br \/>\n&#8211; Su NIF es G36605905.<br \/>\n&#8211; Su domicilio se ubica en R\u00faa Maestro Goldar, 18, 36213, Vigo (Pontevedra) Espa\u00f1a.<br \/>\n&#8211; Su tel\u00e9fono de contacto es 986208395.<br \/>\n&#8211; Est\u00e1 inscrita en el Registro de Asociaciones NN\/1261 (nacional) &#8211; NP\/46 (provincial).<br \/>\n&#8211; Y dispone de la siguiente direcci\u00f3n de correo electr\u00f3nico de contacto administracion@aspanaex.org.<\/p>\n<\/div>\n\r\n\t\t<\/div>\r\n\t<\/div>\r\n<\/div><\/div><\/div><\/div><\/div><\/div><\/div><\/div>\n<\/div>","protected":false},"excerpt":{"rendered":"Aviso Legal Inicio &gt; Aviso Legal Aviso Legal ASPANAEX, en cumplimiento de la Ley 34\/2002, de 11 de julio, de Servicios de la Sociedad de la Informaci\u00f3n y de Comercio Electr\u00f3nico, le informa de que: - Su raz\u00f3n social es ASOCIACION EN FAVOR DE LAS PERSONAS CON DISCAPACIDAD INTELECTUAL DE LA PROVINCIA DE PONTEVEDRA. - [...]","protected":false},"author":5,"featured_media":0,"parent":0,"menu_order":0,"comment_status":"closed","ping_status":"closed","template":"","meta":{"footnotes":""},"class_list":["post-4416","page","type-page","status-publish","hentry"],"_links":{"self":[{"href":"https:\/\/www.aspanaex.org\/gl\/wp-json\/wp\/v2\/pages\/4416","targetHints":{"allow":["GET"]}}],"collection":[{"href":"https:\/\/www.aspanaex.org\/gl\/wp-json\/wp\/v2\/pages"}],"about":[{"href":"https:\/\/www.aspanaex.org\/gl\/wp-json\/wp\/v2\/types\/page"}],"author":[{"embeddable":true,"href":"https:\/\/www.aspanaex.org\/gl\/wp-json\/wp\/v2\/users\/5"}],"replies":[{"embeddable":true,"href":"https:\/\/www.aspanaex.org\/gl\/wp-json\/wp\/v2\/comments?post=4416"}],"version-history":[{"count":2,"href":"https:\/\/www.aspanaex.org\/gl\/wp-json\/wp\/v2\/pages\/4416\/revisions"}],"predecessor-version":[{"id":4418,"href":"https:\/\/www.aspanaex.org\/gl\/wp-json\/wp\/v2\/pages\/4416\/revisions\/4418"}],"wp:attachment":[{"href":"https:\/\/www.aspanaex.org\/gl\/wp-json\/wp\/v2\/media?parent=4416"}],"curies":[{"name":"wp","href":"https:\/\/api.w.org\/{rel}","templated":true}]}}