{"id":4419,"date":"2025-11-29T10:13:00","date_gmt":"2025-11-29T09:13:00","guid":{"rendered":"https:\/\/www.aspanaex.org\/accesibilidad-2\/"},"modified":"2025-12-30T11:38:39","modified_gmt":"2025-12-30T10:38:39","slug":"politica-de-privacidad","status":"publish","type":"page","link":"https:\/\/www.aspanaex.org\/gl\/politica-de-privacidad\/","title":{"rendered":"Pol\u00edtica de Privacidad"},"content":{"rendered":"<div class=\"wpb-content-wrapper\"><div class=\"vc_row wpb_row row top-row porto_stretch_css stretch_row_content_css wpb_custom_034b39d9bc6c6b310d69e39f0ccf274f\"><div class=\"vc_column_container col-md-12 vc_custom_1766410138838\"><div class=\"wpb_wrapper vc_column-inner\"><div class=\"porto-ibanner interactive-banner-wrap-07dd21040fa50768c9d370ae74e47015 vc_custom_1766703620509\" style=\"background:var(--porto-primary-color);min-height:350px;\"><div class=\"porto-ibanner-desc no-padding d-flex\"><div class=\"porto-ibanner-layer wpb_custom_2c5109c031829f9c54153ed0e6239ff6 banner-pos-f6356757d4f73384a3f5bc65723ae83a\" style=\"width:100%;\"><h1 style=\"font-size: 3.24em;color: var(--porto-light-color);line-height: 1.1;text-align: center;font-weight:700;letter-spacing:-.5px\" class=\"vc_custom_heading vc_do_custom_heading wpb_custom_aa365bd5046e8294520b4e73732b9d15\" >Pol\u00edtica de Privacidad<\/h1><style>.banner-pos-f6356757d4f73384a3f5bc65723ae83a {left: 50%;right: unset;top: 50%;bottom: unset;transform: translate(-50%, -50%);}<\/style><\/div><\/div><\/div><\/div><\/div><\/div><div class=\"vc_row wpb_row top-row p-t-xxl row-align-items-center porto-inner-container wpb_custom_034b39d9bc6c6b310d69e39f0ccf274f\"><div class=\"porto-wrap-container container\"><div class=\"row\"><div class=\"vc_column_container col-md-12\"><div class=\"wpb_wrapper vc_column-inner\"><div class=\"vc_row wpb_row vc_inner row\"><div class=\"vc_column_container col-md-12\"><div class=\"wpb_wrapper vc_column-inner\">\r\n\t<div class=\"wpb_text_column wpb_content_element wpb_custom_7c91d232724f73626cc933bd95b25ff0\" >\r\n\t\t<div class=\"wpb_wrapper\">\r\n\t\t\t<div class=\"lectura_facil\">\n<p><a href=\"\/gl\/\">Inicio<\/a> &gt; <a href=\"\/gl\/politica-de-privacidad\/\">Pol\u00edtica de Privacidad<\/a><\/p>\n<\/div>\n\r\n\t\t<\/div>\r\n\t<\/div>\r\n<h2 style=\"font-size: 25px;line-height: 1\" class=\"vc_custom_heading vc_do_custom_heading mb-3 wpb_custom_aa365bd5046e8294520b4e73732b9d15 align-left\" >Pol\u00edtica de Privacidad<\/h2><\/div><\/div><\/div><div class=\"vc_row wpb_row vc_inner row vc_custom_1766703596002\"><div class=\"vc_column_container col-md-12\"><div class=\"wpb_wrapper vc_column-inner\">\r\n\t<div class=\"wpb_text_column wpb_content_element wpb_animate_when_almost_visible wpb_fadeInUp fadeInUp vc_custom_1766703792986 featured lead wpb_custom_643a9752c5c533c328bfa78f5467e024\" >\r\n\t\t<div class=\"wpb_wrapper\">\r\n\t\t\t<div class=\"lectura_facil\">\n<p>Los datos personales vinculados a esta p\u00e1gina web respetan las exigencias del Reglamento (UE) 2016\/679 del Parlamento Europeo y del Consejo de 27 de abril de 2016 relativo a la protecci\u00f3n de las personas f\u00edsicas en lo que respecta al tratamiento de datos personales y a la libre circulaci\u00f3n de estos datos, la Ley Org\u00e1nica 3\/2018, de 5 de diciembre, de Protecci\u00f3n de Datos Personales y garant\u00eda de los derechos digitales y dem\u00e1s legislaci\u00f3n vigente en materia de protecci\u00f3n de datos.<\/p>\n<h2>\u00bfQui\u00e9n es el responsable del tratamiento?<\/h2>\n<p>El responsable del tratamiento de sus datos es ASOCIACION EN FAVOR DE LAS PERSONAS CON DISCAPACIDAD INTELECTUAL DE LA PROVINCIA DE PONTEVEDRA, con NIF G36605905, domicilio en R\u00faa Maestro Goldar, 18, 36213, Vigo (Pontevedra) Espa\u00f1a, tel\u00e9fono 986208395 y correo electr\u00f3nico de contacto administracion@aspanaex.org.<\/p>\n<h2>\u00bfC\u00f3mo puede ponerse en contacto con nuestro Delegado de Protecci\u00f3n de Datos?<\/h2>\n<p>Puede ponerse en contacto con nuestro Delegado de Protecci\u00f3n de Datos a trav\u00e9s de protecciondatos@aspanaex.org.<\/p>\n<h2>\u00bfCu\u00e1l es la finalidad y legitimaci\u00f3n con las que tratamos sus datos y durante cu\u00e1nto tiempo los conservamos?<\/h2>\n<p>1. Datos de las personas que contactan a trav\u00e9s del formulario y del resto de medios indicados en el apartado de \u00abContacta\u00bb. Tratamos sus datos para gestionar sus solicitudes de informaci\u00f3n, dudas, consultas o quejas. Podemos tratar sus datos con esta finalidad porque tenemos un inter\u00e9s leg\u00edtimo en atender a las comunicaciones necesarias para llevar a cabo nuestra actividad y los conservaremos mientras subsista.<\/p>\n<p>2. Datos de las personas solicitan darse de alta como socio a trav\u00e9s de la secci\u00f3n habilitada al efecto en el apartado de \u00abColabora\u00bb. Tratamos sus datos para gestionar la relaci\u00f3n precontractual. Podemos tratar sus datos con esta finalidad porque existe un precontrato y un inter\u00e9s leg\u00edtimo en su formalizaci\u00f3n y los conservaremos durante el tiempo necesario para tramitarlo.<\/p>\n<p>3. Datos de las personas solicitan darse de alta como voluntarios a trav\u00e9s de la secci\u00f3n habilitada al efecto en el apartado de \u00abColabora\u00bb. Tratamos sus datos para gestionar la relaci\u00f3n precontractual. Podemos tratar sus datos con esta finalidad porque existe un precontrato y un inter\u00e9s leg\u00edtimo en su formalizaci\u00f3n y los conservaremos durante el tiempo necesario para tramitarlo.<\/p>\n<p>4. Datos de las personas que realizan una donaci\u00f3n a trav\u00e9s de la secci\u00f3n habilitada al efecto en el apartado de \u00abColabora\u00bb:<\/p>\n<p>4.1 Gesti\u00f3n de la relaci\u00f3n contractual. Podemos tratar sus datos con esta finalidad porque existe un precontrato y un inter\u00e9s leg\u00edtimo en su ejecuci\u00f3n.<\/p>\n<p>4.2 Gesti\u00f3n contable. Podemos tratar sus datos con esta finalidad porque existe una obligaci\u00f3n legal establecida en la Ley Org\u00e1nica 1\/2002, de 22 de marzo, reguladora del Derecho de Asociaci\u00f3n y dem\u00e1s legislaci\u00f3n aplicable.<\/p>\n<p>4.3 Gesti\u00f3n fiscal. Podemos tratar sus datos con esta finalidad porque existe una obligaci\u00f3n legal establecida en la Ley 58\/2003, de 17 de diciembre, General Tributaria y dem\u00e1s legislaci\u00f3n aplicable.<\/p>\n<p>Sus datos se conservar\u00e1n durante el tiempo necesario para alcanzar las finalidades indicadas y, debidamente bloqueados, durante el plazo de prescripci\u00f3n m\u00e1s amplio de conformidad con la legislaci\u00f3n aplicable.<\/p>\n<p>5. Datos de las personas que dan su consentimiento para el env\u00edo de la memoria de actividades y\/o de avisos de campa\u00f1a. Tratamos sus datos para promocionar y dar a conocer las actividades y eventos que organizamos, para hacerle part\u00edcipe de los nuestros progresos. Podemos tratar sus datos con esta finalidad porque nos ha dado su consentimiento y los conservaremos durante el tiempo necesario para alcanzar la finalidad indicada y, debidamente bloqueados, durante el plazo de prescripci\u00f3n m\u00e1s amplio de conformidad con la legislaci\u00f3n aplicable.<\/p>\n<h2>\u00bfEs obligatorio que nos facilite sus datos?<\/h2>\n<p>Los datos de las personas los de las personas que solicitan darse de alta como socios o como voluntarios y los de las personas que realizan una donaci\u00f3n son necesarios para poder formalizar la relaci\u00f3n, sin ellos no se podr\u00e1 celebrar ni ejecutar el correspondiente contrato.<\/p>\n<h2>\u00bfA qui\u00e9nes se comunicar\u00e1n sus datos?<\/h2>\n<p>1. Los datos de las personas de contacto, los de las personas que solicitan darse de alta como socios o como voluntarios y los de las personas que dan su consentimiento para el env\u00edo de informaci\u00f3n de la memoria de actividades y\/o de avisos de campa\u00f1a no se ceder\u00e1n a terceros. Se comunicar\u00e1n a nuestros encargados de tratamiento cuando sea necesario para la correcta prestaci\u00f3n de los servicios contratados a los mismos.<\/p>\n<p>2. Los datos de las personas que realizan una donaci\u00f3n se comunicar\u00e1n:<\/p>\n<p>a) A la Administraci\u00f3n Tributaria los datos que sean necesarios para dar cumplimiento a las obligaciones legales.<\/p>\n<p>b) A pasarelas de pago y entidades bancarias los datos que sean necesarios para realizar los ingresos.<\/p>\n<p>c) A compa\u00f1\u00edas aseguradoras y reaseguradoras, corredur\u00edas de seguros y reaseguros, abogados, procuradores, Juzgados y Tribunales, los datos que sean necesarios para el cobro\/abono de indemnizaciones o para la atenci\u00f3n, el ejercicio o defensa de reclamaciones.<\/p>\n<p>d) A nuestros encargados de tratamiento cuando sea necesario para la correcta prestaci\u00f3n de los servicios contratados a los mismos.<\/p>\n<h2>\u00bfSe realizar\u00e1n transferencias de sus datos a terceros pa\u00edses?<\/h2>\n<p>No se van a realizar transferencias internacionales de sus datos.<\/p>\n<h2>\u00bfCu\u00e1les son sus derechos cuando nos facilita sus datos?<\/h2>\n<p>&#8211; Acceso: derecho a obtener confirmaci\u00f3n sobre si estamos tratando datos personales suyos o no, a saber, cu\u00e1les son, para que se usan, cuanto tiempo se van a guardar, el origen de los mismos y si se han comunicado o se van a comunicar a un tercero.<\/p>\n<p>&#8211; Rectificaci\u00f3n: derecho a solicitar la rectificaci\u00f3n de los datos inexactos y a que se completen los datos personales incompletos.<\/p>\n<p>&#8211; Supresi\u00f3n: derecho a solicitar la supresi\u00f3n de los datos de car\u00e1cter personal cuando sean inadecuados, excesivos o ya no sean necesarios para los fines para los que fueron recogidos, incluido el derecho al olvido.<\/p>\n<p>&#8211; Oposici\u00f3n: derecho a oponerse, en determinadas circunstancias, a que se realice el tratamiento de sus datos personales o a solicitar que se cese en el tratamiento.<\/p>\n<p>&#8211; Limitaci\u00f3n del Tratamiento: derecho a solicitar, en las circunstancias establecidas legalmente, que no se traten sus datos m\u00e1s all\u00e1 de la mera conservaci\u00f3n de los mismos.<\/p>\n<p>&#8211; Portabilidad: derecho a recibir los datos de car\u00e1cter personal en un formato estructurado, de uso com\u00fan y lectura mec\u00e1nica, y poder transmitirlos a otro responsable, siempre que sea t\u00e9cnicamente posible.<\/p>\n<p>&#8211; Derecho a retirar el consentimiento: en caso de que la base de legitimaci\u00f3n para el tratamiento de sus datos sea su consentimiento, tiene derecho a retirarlo en cualquier momento. Si lo hace no se ver\u00e1n afectados los tratamientos de datos que se hayan podido realizar con anterioridad.<\/p>\n<h2>\u00bfD\u00f3nde podr\u00e1 ejercitar sus derechos?<\/h2>\n<p>El ejercicio de derechos deber\u00e1 efectuarse por escrito, dirigi\u00e9ndose a R\u00faa Maestro Goldar, 18, 36213, Vigo (Pontevedra) Espa\u00f1a o al correo electr\u00f3nico administracion@aspanaex.org. ASOCIACION EN FAVOR DE LAS PERSONAS CON DISCAPACIDAD INTELECTUAL DE LA PROVINCIA DE PONTEVEDRA pone a su disposici\u00f3n modelos para la realizaci\u00f3n del ejercicio de derechos que pueden obtenerse en la direcci\u00f3n o a trav\u00e9s del correo electr\u00f3nico indicado anteriormente. Para m\u00e1s informaci\u00f3n: www.aepd.es.<\/p>\n<h2>\u00bfTiene derecho a presentar una reclamaci\u00f3n ante la Autoridad de Control?<\/h2>\n<p>En el caso de que no se hayan respetado sus derechos puede presentar una reclamaci\u00f3n dirigi\u00e9ndose por escrito a la Agencia Espa\u00f1ola de Protecci\u00f3n de Datos sita en la calle Jorge Juan, 6-28001-Madrid o utilizar la sede electr\u00f3nica: https:\/\/sedeagpd.gob. En ambos casos, deber\u00e1 acompa\u00f1ar la documentaci\u00f3n pertinente.<\/p>\n<\/div>\n\r\n\t\t<\/div>\r\n\t<\/div>\r\n<\/div><\/div><\/div><\/div><\/div><\/div><\/div><\/div>\n<\/div>","protected":false},"excerpt":{"rendered":"Pol\u00edtica de Privacidad Inicio &gt; Pol\u00edtica de Privacidad Pol\u00edtica de Privacidad Los datos personales vinculados a esta p\u00e1gina web respetan las exigencias del Reglamento (UE) 2016\/679 del Parlamento Europeo y del Consejo de 27 de abril de 2016 relativo a la protecci\u00f3n de las personas f\u00edsicas en lo que respecta al tratamiento de datos personales [...]","protected":false},"author":5,"featured_media":0,"parent":0,"menu_order":0,"comment_status":"closed","ping_status":"closed","template":"","meta":{"footnotes":""},"class_list":["post-4419","page","type-page","status-publish","hentry"],"_links":{"self":[{"href":"https:\/\/www.aspanaex.org\/gl\/wp-json\/wp\/v2\/pages\/4419","targetHints":{"allow":["GET"]}}],"collection":[{"href":"https:\/\/www.aspanaex.org\/gl\/wp-json\/wp\/v2\/pages"}],"about":[{"href":"https:\/\/www.aspanaex.org\/gl\/wp-json\/wp\/v2\/types\/page"}],"author":[{"embeddable":true,"href":"https:\/\/www.aspanaex.org\/gl\/wp-json\/wp\/v2\/users\/5"}],"replies":[{"embeddable":true,"href":"https:\/\/www.aspanaex.org\/gl\/wp-json\/wp\/v2\/comments?post=4419"}],"version-history":[{"count":2,"href":"https:\/\/www.aspanaex.org\/gl\/wp-json\/wp\/v2\/pages\/4419\/revisions"}],"predecessor-version":[{"id":4421,"href":"https:\/\/www.aspanaex.org\/gl\/wp-json\/wp\/v2\/pages\/4419\/revisions\/4421"}],"wp:attachment":[{"href":"https:\/\/www.aspanaex.org\/gl\/wp-json\/wp\/v2\/media?parent=4419"}],"curies":[{"name":"wp","href":"https:\/\/api.w.org\/{rel}","templated":true}]}}