{"id":4422,"date":"2025-11-29T10:13:00","date_gmt":"2025-11-29T09:13:00","guid":{"rendered":"https:\/\/www.aspanaex.org\/accesibilidad-2\/"},"modified":"2025-12-30T11:38:34","modified_gmt":"2025-12-30T10:38:34","slug":"politica-de-cookies","status":"publish","type":"page","link":"https:\/\/www.aspanaex.org\/gl\/politica-de-cookies\/","title":{"rendered":"Pol\u00edtica de Cookies"},"content":{"rendered":"<div class=\"wpb-content-wrapper\"><div class=\"vc_row wpb_row row top-row porto_stretch_css stretch_row_content_css wpb_custom_034b39d9bc6c6b310d69e39f0ccf274f\"><div class=\"vc_column_container col-md-12 vc_custom_1766410138838\"><div class=\"wpb_wrapper vc_column-inner\"><div class=\"porto-ibanner interactive-banner-wrap-07dd21040fa50768c9d370ae74e47015 vc_custom_1766703620509\" style=\"background:var(--porto-primary-color);min-height:350px;\"><div class=\"porto-ibanner-desc no-padding d-flex\"><div class=\"porto-ibanner-layer wpb_custom_2c5109c031829f9c54153ed0e6239ff6 banner-pos-f6356757d4f73384a3f5bc65723ae83a\" style=\"width:100%;\"><h1 style=\"font-size: 3.24em;color: var(--porto-light-color);line-height: 1.1;text-align: center;font-weight:700;letter-spacing:-.5px\" class=\"vc_custom_heading vc_do_custom_heading wpb_custom_aa365bd5046e8294520b4e73732b9d15\" >Pol\u00edtica de Cookies<\/h1><style>.banner-pos-f6356757d4f73384a3f5bc65723ae83a {left: 50%;right: unset;top: 50%;bottom: unset;transform: translate(-50%, -50%);}<\/style><\/div><\/div><\/div><\/div><\/div><\/div><div class=\"vc_row wpb_row top-row p-t-xxl row-align-items-center porto-inner-container wpb_custom_034b39d9bc6c6b310d69e39f0ccf274f\"><div class=\"porto-wrap-container container\"><div class=\"row\"><div class=\"vc_column_container col-md-12\"><div class=\"wpb_wrapper vc_column-inner\"><div class=\"vc_row wpb_row vc_inner row\"><div class=\"vc_column_container col-md-12\"><div class=\"wpb_wrapper vc_column-inner\">\r\n\t<div class=\"wpb_text_column wpb_content_element wpb_custom_7c91d232724f73626cc933bd95b25ff0\" >\r\n\t\t<div class=\"wpb_wrapper\">\r\n\t\t\t<div class=\"lectura_facil\">\n<p><a href=\"\/gl\/\">Inicio<\/a> &gt; <a href=\"\/gl\/politica-de-cookies\/\">Pol\u00edtica de Cookies<\/a><\/p>\n<\/div>\n\r\n\t\t<\/div>\r\n\t<\/div>\r\n<h2 style=\"font-size: 25px;line-height: 1\" class=\"vc_custom_heading vc_do_custom_heading mb-3 wpb_custom_aa365bd5046e8294520b4e73732b9d15 align-left\" >Pol\u00edtica de Cookies<\/h2><\/div><\/div><\/div><div class=\"vc_row wpb_row vc_inner row vc_custom_1766703596002\"><div class=\"vc_column_container col-md-12\"><div class=\"wpb_wrapper vc_column-inner\">\r\n\t<div class=\"wpb_text_column wpb_content_element wpb_animate_when_almost_visible wpb_fadeInUp fadeInUp vc_custom_1766703928745 featured lead wpb_custom_643a9752c5c533c328bfa78f5467e024\" >\r\n\t\t<div class=\"wpb_wrapper\">\r\n\t\t\t<div class=\"lectura_facil\">\n<p>El Sitio Web utiliza cookies cuando un USUARIO\/A navega por los sitios y p\u00e1ginas web del Sitio Web.<\/p>\n<p>El\/la USUARIO\/A tiene la posibilidad de configurar su navegador para ser avisado en pantalla de la recepci\u00f3n de cookies y para impedir su instalaci\u00f3n en su disco duro.<\/p>\n<p>Por favor, consulte las instrucciones y manuales de su navegador para ampliar \u00e9sta informaci\u00f3n. Para utilizar el SITIO WEB, no resulta necesario que el\/la USUARIO\/A permita la instalaci\u00f3n de las cookies enviadas por el sitio web, sin perjuicio de que en tal caso ser\u00e1 necesario que el Usuario\/a se registre como usuario de cada uno de los servicios cuya prestaci\u00f3n requiera el previo registro.<\/p>\n<p>La utilizaci\u00f3n de cookies y otras tecnolog\u00edas de seguimiento se encuentra estandarizada en todos los sitios web y aplicaciones mediante las cuales se recopila informaci\u00f3n sobre sus actividades en l\u00ednea a trav\u00e9s de aplicaciones, sitios web, redes sociales u otros servicios.<\/p>\n<p>A continuaci\u00f3n, le proporcionamos m\u00e1s informaci\u00f3n sobre c\u00f3mo utilizamos las cookies y tecnolog\u00edas similares y sobre c\u00f3mo puede controlar y administras las cookies.<\/p>\n<h2><strong>1.- \u00bfQu\u00e9 es una cookie?<\/strong><\/h2>\n<p>Una Cookie es un fichero que se descarga en su ordenador al acceder a determinadas p\u00e1ginas web. Las cookies permiten a una p\u00e1gina web, entre otras, almacenar y recuperar informaci\u00f3n sobre los h\u00e1bitos de navegaci\u00f3n de un usuario o de su equipo y, dependiendo de la informaci\u00f3n que contengan y de la forma que se utilice su equipo, pueden utilizarse para reconocer al usuario. El navegador del usuario memoriza cookies en el disco duro solamente durante la sesi\u00f3n actual, ocupando un espacio de memoria m\u00ednimo y no perjudicando al ordenador. Las cookies no contienen ninguna clase de informaci\u00f3n personal espec\u00edfica, y la mayor\u00eda de las mismas se borran del disco duro al finalizar la sesi\u00f3n de navegador (las denominadas cookies de sesi\u00f3n).<\/p>\n<p>La mayor\u00eda de los navegadores aceptan como est\u00e1ndar a las cookies y, con independencia de las mismas, permiten o impiden en los ajustes de seguridad las cookies temporales o memorizadas.<\/p>\n<h2><strong>2.- \u00bfPor qu\u00e9 este Sitio Web utiliza Cookies?<\/strong><\/h2>\n<p>Se utilizan cookies con el objetivo de mejorar su experiencia como usuario, por lo tanto, son una parte importante de c\u00f3mo funciona nuestro Sitio Web. Entre otras finalidades, pueden ser utilizadas para recordar el idioma que utiliza durante la navegaci\u00f3n y en futuras visitas.<\/p>\n<h2><strong>3.- \u00bfQu\u00e9 informaci\u00f3n almacena una cookie?<\/strong><\/h2>\n<p>Las cookies utilizadas por sitio web se asocian \u00fanicamente con un USUARIO\/A an\u00f3nimo y su ordenador y no proporcionan por s\u00ed el nombre y apellidos del USUARIO. Gracias a las cookies, resulta posible reconocer a los\/las USUARIOS\/AS registrados despu\u00e9s de que \u00e9stos se hayan registrado por primera vez, sin que tengan que registrarse en cada visita para acceder a las \u00e1reas y servicios reservados exclusivamente a ellos. Las cookies utilizadas no pueden leer datos de su disco duro ni leer los archivos cookie creados por otros proveedores. Los datos identificativos de la persona USUARIA son cifrados para mayor seguridad.<\/p>\n<p>De igual manera, nuestros servidores web detectan de manera autom\u00e1tica la direcci\u00f3n IP y el nombre de dominio utilizados por el usuario\/a. Toda esta informaci\u00f3n es registrada en un fichero de actividad del servidor que permite el posterior procesamiento de los datos con el fin de obtener mediciones estad\u00edsticas que nos permitan conocer el n\u00famero de impresiones de p\u00e1ginas, el n\u00famero de visitas realizadas a nuestros servicios web, etc.<\/p>\n<h2><strong>4.- \u00bfQu\u00e9 tipos de cookies existen?<\/strong><\/h2>\n<ul>\n<li><strong>Cookies t\u00e9cnicas:&nbsp;<\/strong>Son aqu\u00e9llas que permiten al usuario la navegaci\u00f3n a trav\u00e9s de la p\u00e1gina web o aplicaci\u00f3n y la utilizaci\u00f3n de las diferentes opciones o servicios que en ella existen. Por ejemplo, controlar el tr\u00e1fico y la comunicaci\u00f3n de datos, identificar la sesi\u00f3n, acceder a las partes web de acceso restringido, recordar los elementos que integran un pedido, realizar la solicitud de inscripci\u00f3n o participaci\u00f3n en un evento, utilizar elementos de seguridad durante la navegaci\u00f3n y almacenar contenidos para la difusi\u00f3n de videos o sonido<\/li>\n<li><strong>Cookies anal\u00edticas:&nbsp;<\/strong>Son aqu\u00e9llas que permiten realizar el seguimiento y an\u00e1lisis del comportamiento de los usuarios en los sitios web. La informaci\u00f3n recogida mediante este tipo de \u2018cookies\u2019 se utiliza en la medici\u00f3n de la actividad de los sitios web, aplicaci\u00f3n o plataforma y para la elaboraci\u00f3n de perfiles de navegaci\u00f3n de los usuarios de dichos sitios, con el fin de introducir mejoras en el servicio en funci\u00f3n de los datos de uso que hacen los usuarios.<\/li>\n<li><strong>Cookies de personalizaci\u00f3n:&nbsp;<\/strong>Son aqu\u00e9llas que permiten al usuario acceder al servicio con algunas caracter\u00edsticas de car\u00e1cter general predefinidas en su terminal o que el propio usuario defina. Por ejemplo, el idioma, el tipo de navegador a trav\u00e9s del cual accede al servicio, el dise\u00f1o de contenidos seleccionado, geolocalizaci\u00f3n del terminal y la configuraci\u00f3n regional desde donde se accede al servicio.<\/li>\n<li><strong>Cookies sociales:&nbsp;<\/strong>Las necesarias para enlazar el sitio web con sus redes sociales<\/li>\n<li><strong>Cookies de Publicidad y preferencias:&nbsp;<\/strong>Son aqu\u00e9llas que permiten la gesti\u00f3n eficaz de los espacios publicitarios que se han incluido en la p\u00e1gina web o aplicaci\u00f3n desde la que se presta el servicio. Permiten adecuar el contenido de la publicidad para que esta sea relevante para el usuario y para evitar mostrar anuncios que el usuario ya haya visto<\/li>\n<li><strong>Cookies de Afiliados:&nbsp;<\/strong>Permiten saber de d\u00f3nde proceden las visitas al sitio web<\/li>\n<li><strong>Cookies de terceros:&nbsp;<\/strong>En algunas p\u00e1ginas web se pueden instalar \u2018cookies\u2019 de terceros que permiten gestionar y mejorar los servicios ofrecidos. Como por ejemplo, servicios estad\u00edsticos de Google Analytics y Comscore.<\/li>\n<\/ul>\n<p>En funci\u00f3n de su durabilidad pueden ser:<\/p>\n<ul>\n<li><strong>Cookies de sesi\u00f3n:&nbsp;<\/strong>Su vigencia expira al cerrar el navegador<\/li>\n<li><strong>Cookies permanentes:&nbsp;<\/strong>Su vigencia puede ser variable, una vez que han cumplido el objetivo que motiv\u00f3 su instalaci\u00f3n o cuando el usuario procede a su borrado manual.<\/li>\n<\/ul>\n<h2><strong>5.- Puede permitir, rechazar o bloquear las cookies<\/strong><\/h2>\n<p>El usuario podr\u00e1 en cualquier momento- elegir qu\u00e9 cookies quiere que funcionen en este sitio web mediante la configuraci\u00f3n del navegador. Para m\u00e1s informaci\u00f3n busque \u201cgestionar cookies\u201d en su navegador, la siguiente informaci\u00f3n es a modo de ejemplo ya que puede variar.<\/p>\n<ul>\n<li>Configuraci\u00f3n de cookies en&nbsp;<a href=\"http:\/\/windows.microsoft.com\/es-es\/internet-explorer\/delete-manage-cookies#ie=ie-10\" target=\"_blank\" rel=\"nofollow noopener\">Internet Explorer 10<\/a>.<\/li>\n<li>Configuraci\u00f3n de cookies en&nbsp;<a href=\"http:\/\/windows.microsoft.com\/es-es\/internet-explorer\/delete-manage-cookies#ie=ie-11\" target=\"_blank\" rel=\"nofollow noopener\">Internet Explorer 11<\/a>.<\/li>\n<li>Configuraci\u00f3n de cookies en&nbsp;<a href=\"http:\/\/support.apple.com\/kb\/HT1677?viewlocale=es_ES\" target=\"_blank\" rel=\"nofollow noopener\">Safari<\/a>.<\/li>\n<li>Configuraci\u00f3n de cookies en&nbsp;<a href=\"https:\/\/support.google.com\/chrome\/answer\/95647?hl=es&amp;hlrm=en\" target=\"_blank\" rel=\"nofollow noopener\">Google Chrome<\/a>.<\/li>\n<li>Configuraci\u00f3n de cookies en&nbsp;<a href=\"http:\/\/support.mozilla.org\/es\/kb\/cookies-informacion-que-los-sitios-web-guardan-en-?redirectlocale=en-US&amp;redirectslug=Cookies\" target=\"_blank\" rel=\"nofollow noopener\">Firefox Mozilla<\/a>.<\/li>\n<li>Configuraci\u00f3n de cookies en&nbsp;<a href=\"http:\/\/help.opera.com\/Windows\/11.50\/es-ES\/cookies.html\" target=\"_blank\" rel=\"nofollow noopener\">Opera<\/a>.<\/li>\n<li>Configuraci\u00f3n de cookies en&nbsp;<a href=\"https:\/\/support.google.com\/android\/?hl=es\" target=\"_blank\" rel=\"nofollow noopener\">Android<\/a>.<\/li>\n<li>Configuraci\u00f3n de cookies en&nbsp;<a href=\"http:\/\/www.windowsphone.com\/es-ES\/how-to\/wp7\/web\/changing-privacy-and-other-browser-settings\" target=\"_blank\" rel=\"nofollow noopener\">Windows Phone<\/a>.<\/li>\n<\/ul>\n<p><strong>Existen herramientas de terceros, disponibles on line, que permiten a los usuarios detectar las cookies en cada sitio web que visita y gestionar su desactivaci\u00f3n.<\/strong><\/p>\n<p>Seg\u00fan directiva de la UE, las cookies que requieren el consentimiento informado y expreso por parte del usuario son las cookies de anal\u00edticas, publicidad y afiliaci\u00f3n.<\/p>\n<p>Quedan exceptuadas aquellas que sean de car\u00e1cter t\u00e9cnico y necesario para el funcionamiento del sitio web o la prestaci\u00f3n de servicios expresamente solicitados por el usuario.<\/p>\n<h2><strong>&nbsp;<\/strong><strong>6.- Actualizaciones y cambios en la Pol\u00edtica de cookies.<\/strong><\/h2>\n<p>El responsable puede modificar esta Pol\u00edtica de Cookies en funci\u00f3n de cambios en el uso de Cookies en su sitio web, de nuevas exigencias legislativas, reglamentarias, o con la finalidad de adaptar dicha pol\u00edtica a las instrucciones dictadas por las autoridades de control, en concreto, la Agencia Espa\u00f1ola de Protecci\u00f3n de Datos.<span id=\"more-97023\"><\/span><\/p>\n<p>Es posible por tanto que se produzcan cambios significativos en esta Pol\u00edtica de Cookies los cuales ser\u00e1n publicados en la misma. Pero ser\u00e1 responsabilidad del Usuario acceder a esta Pol\u00edtica de forma peri\u00f3dica para conocer cualquier cambio, sin perjuicio de la posibilidad de comunicar a los usuarios del sitio web dichos cambios mediante un aviso informativo en nuestro sitio web y\/o a trav\u00e9s de otros medios.<\/p>\n<h2><strong>7.- \u00bfQu\u00e9 cookies se utilizan en este sitio web?<\/strong><\/h2>\n<h3><strong>Cookies necesarias<\/strong><\/h3>\n<p>Las cookies necesarias son cruciales para las funciones b\u00e1sicas del sitio web y el sitio web no funcionar\u00e1 de la forma prevista sin ellas.Estas cookies no almacenan ning\u00fan dato de identificaci\u00f3n personal.<\/p>\n<ul>\n<li><strong>CookieScriptConsent<\/strong> | www.aspanaex.org | 1 mes. El servicio Cookie-Script.com utiliza esta cookie para recordar las preferencias de consentimiento de cookies de los visitantes. Es necesario que el banner de cookies de Cookie-Script.com funcione correctamente.<\/li>\n<\/ul>\n<h3><strong>Cookies funcionales<\/strong><\/h3>\n<p>Las cookies funcionales ayudan a realizar ciertas funcionalidades, como compartir el contenido del sitio web en plataformas de redes sociales, recopilar comentarios y otras caracter\u00edsticas de terceros.<\/p>\n<ul>\n<li><strong>wp-wpml_current_language<\/strong> | OnTheGoSystems Ltd. | www.aspanaex.org | Sesi\u00f3n. Almacena el idioma actual. De forma predeterminada, esta cookie est\u00e1 configurada solo para usuarios que han iniciado sesi\u00f3n. Si habilita la cookie de idioma para admitir el filtrado AJAX, esta cookie tambi\u00e9n se establecer\u00e1 para los usuarios que no hayan iniciado sesi\u00f3n.<\/li>\n<li><strong>porto_active_lang<\/strong> | www.aspanaex.org | 4 horas. Cookie personalizada que utiliza un sitio web para almacenar el idioma seleccionado por el usuario. Esta cookie permite que el sitio recuerde la preferencia de idioma y muestre el contenido en el idioma correcto para ese usuario, mejorando as\u00ed su experiencia de navegaci\u00f3n.<\/li>\n<\/ul>\n<h3><strong>Cookies anal\u00edticas \/ rendimiento<\/strong><\/h3>\n<p>Las cookies anal\u00edticas o de rendimiento se utilizan para comprender c\u00f3mo interact\u00faan los visitantes con el sitio web. Estas cookies ayudan a proporcionar informaci\u00f3n sobre m\u00e9tricas el n\u00famero de visitantes, el porcentaje de rebote, la fuente de tr\u00e1fico, etc.<\/p>\n<ul>\n<li><strong>_ga<\/strong> | Google LLC | .aspanaex.org | 1 a\u00f1o 1 mes. Este nombre de cookie est\u00e1 asociado con Google Universal Analytics, que es una actualizaci\u00f3n significativa del servicio de an\u00e1lisis de Google m\u00e1s utilizado. Esta cookie se utiliza para distinguir usuarios \u00fanicos asignando un n\u00famero generado aleatoriamente como identificador de cliente. Se incluye en cada solicitud de p\u00e1gina en un sitio y se utiliza para calcular los datos de visitantes, sesiones y campa\u00f1as para los informes de an\u00e1lisis de sitios.<\/li>\n<li><strong>_ga_3SQEYDMMY0<\/strong> | .aspanaex.org | 1 a\u00f1o 1 mes. Google Analytics utiliza esta cookie para mantener el estado de la sesi\u00f3n.<\/li>\n<\/ul>\n<h3><strong>Cookies de rendimiento<\/strong><\/h3>\n<p>Las cookies de rendimiento se utilizan para comprender y analizar los \u00edndices de rendimiento clave del sitio web, lo que ayuda a proporcionar una mejor experiencia de usuario para los visitantes.<\/p>\n<p>No las utilizamos en el portal.<\/p>\n<h3><strong>Cookies de anuncio (publicidad)<\/strong><\/h3>\n<p>Las cookies publicitarias se utilizan para entregar a los visitantes anuncios personalizados basados \u200b\u200ben las p\u00e1ginas que visitaron antes y analizar la efectividad de la campa\u00f1a publicitaria.<\/p>\n<p>No las utilizamos en el portal.<\/p>\n<h3><strong>Cookies sin categorizar<\/strong><\/h3>\n<p>No las utilizamos en el portal.<\/p>\n<\/div>\n\r\n\t\t<\/div>\r\n\t<\/div>\r\n<\/div><\/div><\/div><\/div><\/div><\/div><\/div><\/div>\n<\/div>","protected":false},"excerpt":{"rendered":"Pol\u00edtica de Cookies Inicio &gt; Pol\u00edtica de Cookies Pol\u00edtica de Cookies El Sitio Web utiliza cookies cuando un USUARIO\/A navega por los sitios y p\u00e1ginas web del Sitio Web. El\/la USUARIO\/A tiene la posibilidad de configurar su navegador para ser avisado en pantalla de la recepci\u00f3n de cookies y para impedir su instalaci\u00f3n en su [...]","protected":false},"author":5,"featured_media":0,"parent":0,"menu_order":0,"comment_status":"closed","ping_status":"closed","template":"","meta":{"footnotes":""},"class_list":["post-4422","page","type-page","status-publish","hentry"],"_links":{"self":[{"href":"https:\/\/www.aspanaex.org\/gl\/wp-json\/wp\/v2\/pages\/4422","targetHints":{"allow":["GET"]}}],"collection":[{"href":"https:\/\/www.aspanaex.org\/gl\/wp-json\/wp\/v2\/pages"}],"about":[{"href":"https:\/\/www.aspanaex.org\/gl\/wp-json\/wp\/v2\/types\/page"}],"author":[{"embeddable":true,"href":"https:\/\/www.aspanaex.org\/gl\/wp-json\/wp\/v2\/users\/5"}],"replies":[{"embeddable":true,"href":"https:\/\/www.aspanaex.org\/gl\/wp-json\/wp\/v2\/comments?post=4422"}],"version-history":[{"count":3,"href":"https:\/\/www.aspanaex.org\/gl\/wp-json\/wp\/v2\/pages\/4422\/revisions"}],"predecessor-version":[{"id":4425,"href":"https:\/\/www.aspanaex.org\/gl\/wp-json\/wp\/v2\/pages\/4422\/revisions\/4425"}],"wp:attachment":[{"href":"https:\/\/www.aspanaex.org\/gl\/wp-json\/wp\/v2\/media?parent=4422"}],"curies":[{"name":"wp","href":"https:\/\/api.w.org\/{rel}","templated":true}]}}