{"id":4426,"date":"2025-11-29T10:13:00","date_gmt":"2025-11-29T09:13:00","guid":{"rendered":"https:\/\/www.aspanaex.org\/accesibilidad-2\/"},"modified":"2025-12-30T11:38:24","modified_gmt":"2025-12-30T10:38:24","slug":"mapa-web","status":"publish","type":"page","link":"https:\/\/www.aspanaex.org\/gl\/mapa-web\/","title":{"rendered":"Mapa Web"},"content":{"rendered":"<div class=\"wpb-content-wrapper\"><div class=\"vc_row wpb_row row top-row porto_stretch_css stretch_row_content_css wpb_custom_034b39d9bc6c6b310d69e39f0ccf274f\"><div class=\"vc_column_container col-md-12 vc_custom_1766410138838\"><div class=\"wpb_wrapper vc_column-inner\"><div class=\"porto-ibanner interactive-banner-wrap-07dd21040fa50768c9d370ae74e47015 vc_custom_1766703620509\" style=\"background:var(--porto-primary-color);min-height:350px;\"><div class=\"porto-ibanner-desc no-padding d-flex\"><div class=\"porto-ibanner-layer wpb_custom_2c5109c031829f9c54153ed0e6239ff6 banner-pos-f6356757d4f73384a3f5bc65723ae83a\" style=\"width:100%;\"><h1 style=\"font-size: 3.24em;color: var(--porto-light-color);line-height: 1.1;text-align: center;font-weight:700;letter-spacing:-.5px\" class=\"vc_custom_heading vc_do_custom_heading wpb_custom_aa365bd5046e8294520b4e73732b9d15\" >Mapa Web<\/h1><style>.banner-pos-f6356757d4f73384a3f5bc65723ae83a {left: 50%;right: unset;top: 50%;bottom: unset;transform: translate(-50%, -50%);}<\/style><\/div><\/div><\/div><\/div><\/div><\/div><div class=\"vc_row wpb_row top-row p-t-xxl row-align-items-center porto-inner-container wpb_custom_034b39d9bc6c6b310d69e39f0ccf274f\"><div class=\"porto-wrap-container container\"><div class=\"row\"><div class=\"vc_column_container col-md-12\"><div class=\"wpb_wrapper vc_column-inner\"><div class=\"vc_row wpb_row vc_inner row\"><div class=\"vc_column_container col-md-12\"><div class=\"wpb_wrapper vc_column-inner\">\r\n\t<div class=\"wpb_text_column wpb_content_element wpb_custom_7c91d232724f73626cc933bd95b25ff0\" >\r\n\t\t<div class=\"wpb_wrapper\">\r\n\t\t\t<div class=\"lectura_facil\">\n<p><a href=\"\/gl\/\">Inicio<\/a> &gt; <a href=\"\/gl\/mapa-web\/\">Mapa Web<\/a><\/p>\n<\/div>\n\r\n\t\t<\/div>\r\n\t<\/div>\r\n<h2 style=\"font-size: 25px;line-height: 1\" class=\"vc_custom_heading vc_do_custom_heading mb-3 wpb_custom_aa365bd5046e8294520b4e73732b9d15 align-left\" >Mapa Web<\/h2><\/div><\/div><\/div><div class=\"vc_row wpb_row vc_inner row vc_custom_1766703596002\"><div class=\"vc_column_container col-md-12\"><div class=\"wpb_wrapper vc_column-inner\">\r\n\t<div class=\"wpb_text_column wpb_content_element wpb_animate_when_almost_visible wpb_fadeInUp fadeInUp vc_custom_1766704808050 featured lead wpb_custom_643a9752c5c533c328bfa78f5467e024\" >\r\n\t\t<div class=\"wpb_wrapper\">\r\n\t\t\t<p><a href=\"\/gl\/\">Inicio<\/a><\/p>\n<p><a href=\"\/gl\/aspanaex\/\">Aspanaex<\/a><\/p>\n<ul>\n<li>\n<p class=\"p1\"><a href=\"\/gl\/aspanaex\/nuestra-organizacion\/\">A nosa organizaci\u00f3n<\/a><\/p>\n<\/li>\n<li>\n<p class=\"p1\"><a href=\"\/gl\/aspanaex\/nuestros-colaboradores\/\">Nuestros Colaboradores<\/a><\/p>\n<\/li>\n<li>\n<p class=\"p1\"><a href=\"\/gl\/aspanaex\/politica-de-calidad\/\">Pol\u00edtica de Calidad<\/a><\/p>\n<\/li>\n<li>\n<p class=\"p1\"><a href=\"\/gl\/colaborar\/\">Colaborar<\/a><\/p>\n<\/li>\n<li>\n<p class=\"p1\"><a href=\"\/gl\/aspanaex\/alumnos-usuarios\/\">Alumnos\/Usuarios<\/a><\/p>\n<\/li>\n<li>\n<p class=\"p1\"><a href=\"\/gl\/aspanaex\/base-social\/\">Base Social<\/a><\/p>\n<\/li>\n<li>\n<p class=\"p1\"><a href=\"\/gl\/aspanaex\/certificaciones-y-reconocimientos\/\">Certificaciones y reconocimientos<\/a><\/p>\n<\/li>\n<li>\n<p class=\"p1\"><a href=\"\/gl\/aspanaex\/normativa-aplicable\/\">Normativa aplicable<\/a><\/p>\n<\/li>\n<\/ul>\n<p><a href=\"\/gl\/centros\/\">Centros<\/a><\/p>\n<ul>\n<li>\n<p class=\"p1\"><a href=\"\/gl\/centros\/centro-educativo\/\">Centro Educativo<\/a><\/p>\n<\/li>\n<li>\n<p class=\"p1\"><a href=\"\/gl\/centros\/centro-ocupacional\/\">Centro Ocupacional<\/a><\/p>\n<\/li>\n<li>\n<p class=\"p1\"><a href=\"\/gl\/centros\/centro-de-dia\/\">Centro de D\u00eda<\/a><\/p>\n<\/li>\n<li>\n<p class=\"p1\"><a href=\"\/gl\/centros\/residencia\/\">Residencia<\/a><\/p>\n<\/li>\n<\/ul>\n<p><a href=\"\/gl\/servicios\/\">Servizos<\/a><\/p>\n<ul>\n<li>\n<p class=\"p1\"><a href=\"\/gl\/servicios\/fisioterapia\/\">Fisioterapia<\/a><\/p>\n<\/li>\n<li>\n<p class=\"p1\"><a href=\"\/gl\/servicios\/logopedia\/\">Logopedia<\/a><\/p>\n<\/li>\n<li>\n<p class=\"p1\"><a href=\"\/gl\/servicios\/psicologia\/\">Psicolog\u00eda<\/a><\/p>\n<\/li>\n<li>\n<p class=\"p1\"><a href=\"\/gl\/servicios\/atencion-a-familias-trabajo-social\/\">Atenci\u00f3n a Familias \/ Trabajo Social<\/a><\/p>\n<\/li>\n<li>\n<p class=\"p1\"><a href=\"\/gl\/servicios\/actividades-fisico-deportivas\/\">Actividades F\u00edsico-Deportivas<\/a><\/p>\n<\/li>\n<li>\n<p class=\"p1\"><a href=\"\/gl\/servicios\/ocio\/\">Ocio<\/a><\/p>\n<\/li>\n<li>\n<p class=\"p1\"><a href=\"\/gl\/servicios\/comedor\/\">Comedor<\/a><\/p>\n<\/li>\n<li>\n<p class=\"p1\"><a href=\"\/gl\/servicios\/transporte\/\">Transporte<\/a><\/p>\n<\/li>\n<li>\n<p class=\"p1\"><a href=\"\/gl\/servicios\/marcha-aspanaex\/\">Marcha Aspanaex<\/a><\/p>\n<\/li>\n<\/ul>\n<p><a href=\"\/gl\/transparencia\/\">Transparencia<\/a><\/p>\n<p><a href=\"\/gl\/que-es\/\">Qu\u00e9 es<\/a><\/p>\n<ul>\n<li>\n<p class=\"p1\"><a href=\"\/gl\/que-es\/que-es-la-discapacidad-intelectual\/\">\u00bfQu\u00e9 es la Discapacidad Intelectual?<\/a><\/p>\n<\/li>\n<li>\n<p class=\"p1\"><a href=\"\/gl\/que-es\/que-es-la-calidad-de-vida\/\">\u00bfQu\u00e9 es la Calidad de Vida?<\/a><\/p>\n<\/li>\n<li>\n<p class=\"p1\"><a href=\"\/gl\/que-es\/que-es-la-calidad-feaps\/\">\u00bfQu\u00e9 es la Calidad FEAPS?<\/a><\/p>\n<\/li>\n<li>\n<p class=\"p1\"><a href=\"\/gl\/que-es\/que-es-la-lectura-facil\/\">\u00bfQu\u00e9 es la Lectura F\u00e1cil?<\/a><\/p>\n<\/li>\n<li>\n<p class=\"p1\"><a href=\"\/gl\/que-es\/que-son-las-dimensiones-de-calidad\/\">\u00bfQu\u00e9 son las Dimensiones de Calidad?<\/a><\/p>\n<\/li>\n<li>\n<p class=\"p1\"><a href=\"\/gl\/que-es\/que-son-los-apoyos\/\">\u00bfQu\u00e9 son los Apoyos?<\/a><\/p>\n<\/li>\n<\/ul>\n<p><a href=\"\/gl\/contacto\/\">Contacto<\/a><\/p>\n<p><a href=\"\/gl\/accesibilidad\/\">Accesibilidad<\/a><\/p>\n<p><a href=\"\/gl\/aviso-legal\/\">Aviso Legal<\/a><\/p>\n<p><a href=\"\/gl\/politica-de-privacidad\/\">Pol\u00edtica de Privacidad<\/a><\/p>\n<p><a href=\"\/gl\/politica-de-cookies\/\">Pol\u00edtica de Cookies<\/a><\/p>\n\r\n\t\t<\/div>\r\n\t<\/div>\r\n<\/div><\/div><\/div><\/div><\/div><\/div><\/div><\/div>\n<\/div>","protected":false},"excerpt":{"rendered":"Mapa Web Inicio &gt; Mapa Web Mapa Web Inicio Aspanaex Nuestra Organizaci\u00f3n Nuestros Colaboradores Pol\u00edtica de Calidad Colaborar Alumnos\/Usuarios Base Social Certificaciones y reconocimientos Normativa aplicable Centros Centro Educativo Centro Ocupacional Centro de D\u00eda Residencia Servicios Fisioterapia Logopedia Psicolog\u00eda Atenci\u00f3n a Familias \/ Trabajo Social Actividades F\u00edsico-Deportivas Ocio Comedor Transporte Marcha Aspanaex Transparencia Qu\u00e9 es [...]","protected":false},"author":5,"featured_media":0,"parent":0,"menu_order":0,"comment_status":"closed","ping_status":"closed","template":"","meta":{"footnotes":""},"class_list":["post-4426","page","type-page","status-publish","hentry"],"_links":{"self":[{"href":"https:\/\/www.aspanaex.org\/gl\/wp-json\/wp\/v2\/pages\/4426","targetHints":{"allow":["GET"]}}],"collection":[{"href":"https:\/\/www.aspanaex.org\/gl\/wp-json\/wp\/v2\/pages"}],"about":[{"href":"https:\/\/www.aspanaex.org\/gl\/wp-json\/wp\/v2\/types\/page"}],"author":[{"embeddable":true,"href":"https:\/\/www.aspanaex.org\/gl\/wp-json\/wp\/v2\/users\/5"}],"replies":[{"embeddable":true,"href":"https:\/\/www.aspanaex.org\/gl\/wp-json\/wp\/v2\/comments?post=4426"}],"version-history":[{"count":3,"href":"https:\/\/www.aspanaex.org\/gl\/wp-json\/wp\/v2\/pages\/4426\/revisions"}],"predecessor-version":[{"id":4429,"href":"https:\/\/www.aspanaex.org\/gl\/wp-json\/wp\/v2\/pages\/4426\/revisions\/4429"}],"wp:attachment":[{"href":"https:\/\/www.aspanaex.org\/gl\/wp-json\/wp\/v2\/media?parent=4426"}],"curies":[{"name":"wp","href":"https:\/\/api.w.org\/{rel}","templated":true}]}}