{"id":68,"date":"2025-11-14T05:24:19","date_gmt":"2025-11-14T04:24:19","guid":{"rendered":"http:\/\/sw-themes.com\/porto_dummy\/?page_id=68"},"modified":"2025-12-30T11:36:01","modified_gmt":"2025-12-30T10:36:01","slug":"fisioterapia","status":"publish","type":"page","link":"https:\/\/www.aspanaex.org\/gl\/servicios\/fisioterapia\/","title":{"rendered":"Fisioterapia"},"content":{"rendered":"<div class=\"wpb-content-wrapper\"><div class=\"vc_row wpb_row row top-row vc_custom_1766503694637 porto_stretch_css stretch_row_content_css vc_row-has-fill wpb_custom_034b39d9bc6c6b310d69e39f0ccf274f\"><div class=\"vc_column_container col-md-12 vc_custom_1766410138838\"><div class=\"wpb_wrapper vc_column-inner\"><div class=\"porto-ibanner interactive-banner-wrap-07dd21040fa50768c9d370ae74e47015 vc_custom_1766504831507\" style=\"min-height:250px;\"><img loading=\"lazy\" decoding=\"async\" alt=\"\" width=\"1760\" height=\"825\" class=\"porto-ibanner-img\" src=\"https:\/\/www.aspanaex.org\/wp-content\/uploads\/2025\/12\/fisioterapia-banner.png\" srcset=\"https:\/\/www.aspanaex.org\/wp-content\/uploads\/2025\/12\/fisioterapia-banner.png 1760w, https:\/\/www.aspanaex.org\/wp-content\/uploads\/2025\/12\/fisioterapia-banner-1024x480.png 1024w, https:\/\/www.aspanaex.org\/wp-content\/uploads\/2025\/12\/fisioterapia-banner-768x360.png 768w, https:\/\/www.aspanaex.org\/wp-content\/uploads\/2025\/12\/fisioterapia-banner-1536x720.png 1536w, https:\/\/www.aspanaex.org\/wp-content\/uploads\/2025\/12\/fisioterapia-banner-640x300.png 640w, https:\/\/www.aspanaex.org\/wp-content\/uploads\/2025\/12\/fisioterapia-banner-600x281.png 600w\" sizes=\"auto, (max-width: 1760px) 100vw, 1760px\"><div class=\"porto-ibanner-desc no-padding d-flex\"><div class=\"porto-ibanner-layer wpb_custom_2c5109c031829f9c54153ed0e6239ff6 banner-pos-f6356757d4f73384a3f5bc65723ae83a\" style=\"width:100%;\"><h1 style=\"font-size: 3.24em;color: var(--porto-light-color);line-height: 1.1;text-align: center;font-weight:700;letter-spacing:-.5px\" class=\"vc_custom_heading vc_do_custom_heading wpb_custom_aa365bd5046e8294520b4e73732b9d15\" >Fisioterapia <\/h1><style>.banner-pos-f6356757d4f73384a3f5bc65723ae83a {left: 50%;right: unset;top: 50%;bottom: unset;transform: translate(-50%, -50%);}<\/style><\/div><\/div><\/div><\/div><\/div><\/div><div class=\"vc_row wpb_row top-row vc_custom_1766427468062 porto-inner-container wpb_custom_034b39d9bc6c6b310d69e39f0ccf274f\"><div class=\"porto-wrap-container container\"><div class=\"row\"><div class=\"vc_column_container col-md-6\"><div class=\"wpb_wrapper vc_column-inner\">\r\n\t<div class=\"wpb_text_column wpb_content_element wpb_custom_7c91d232724f73626cc933bd95b25ff0\" >\r\n\t\t<div class=\"wpb_wrapper\">\r\n\t\t\t<p><a href=\"\/gl\/\">Inicio<\/a> &gt; <a href=\"\/gl\/servicios\/\">Servizos<\/a> &gt; <a href=\"\/gl\/servicios\/fisioterapia\/\">Fisioterapia<\/a><\/p>\n\r\n\t\t<\/div>\r\n\t<\/div>\r\n<h2 style=\"font-size: 28px\" class=\"vc_custom_heading vc_do_custom_heading mb-3 wpb_custom_aa365bd5046e8294520b4e73732b9d15 align-left\" >Fisioterapia <b>con Aspanaex<\/b><\/h2><div class=\"porto-separator\"><hr class=\"separator-line  wpb_content_element align_center solid\" style=\"background-color:grey;\"><\/div>\r\n\t<div class=\"wpb_text_column wpb_content_element wpb_animate_when_almost_visible wpb_fadeInUp fadeInUp lead mb-4 wpb_custom_7c91d232724f73626cc933bd95b25ff0\" >\r\n\t\t<div class=\"wpb_wrapper\">\r\n\t\t\t<p class=\"p1\">El servicio de fisioterapia de ASPANAEX atiende a usuarios\/as y alumnos\/as del<span class=\"Apple-converted-space\">\u00a0 <\/span>Centro Educativo, Centro Ocupacional, Centro de D\u00eda\u00a0 y Servicio Residencial . El objetivo principal del servicio es\u00a0<b>mejorar y mantener las capacidades motrices<\/b> del sistema m\u00fasculo-esquel\u00e9tico y mitigar o aliviar las molestias corporales que en cada caso\u00a0 puedan aparecer para conseguir el m\u00e1ximo bienestar y la mayor autonom\u00eda personal de las personas con discapacidad.<\/p>\n<p class=\"p1\">La fisioterapia es un eslab\u00f3n m\u00e1s de la cadena de servicios y actividades que forman el d\u00eda a d\u00eda en Aspanaex y que juntos contribuyen a mejorar la calidad de vida de las personas con discapacidad intelectual y de sus familias.<\/p>\n\r\n\t\t<\/div>\r\n\t<\/div>\r\n<div class=\"vc_btn3-container vc_btn3-inline vc_do_btn\" >\r\n\t<a class=\"vc_btn3 vc_btn3-shape-default wpb_custom_6687b26f39488ddbb85ddb3c1ce8e111 btn btn-modern btn-md btn-dark\" href=\"\/gl\/contacto\/\" title=\"\">contacta connosco<\/a>\t<\/div>\r\n<\/div><\/div><div class=\"vc_column_container col-md-6\"><div class=\"wpb_wrapper vc_column-inner\">\r\n\t<div class=\"wpb_single_image wpb_content_element vc_align_center wpb_content_element  vc_custom_1766504735683 wpb_custom_81a4f7ef9830bf958462581aa01150fb\"><div class=\"wpb_wrapper\">\r\n\t\t\t\r\n\t\t\t<div class=\"vc_single_image-wrapper   vc_box_border_grey\"><img loading=\"lazy\" decoding=\"async\" width=\"834\" height=\"927\" src=\"https:\/\/www.aspanaex.org\/wp-content\/uploads\/2024\/03\/Fisioterapia.png\" class=\"vc_single_image-img attachment-large\" alt=\"\" title=\"Fisioterapia-con-aspanaex\" srcset=\"https:\/\/www.aspanaex.org\/wp-content\/uploads\/2024\/03\/Fisioterapia.png 834w, https:\/\/www.aspanaex.org\/wp-content\/uploads\/2024\/03\/Fisioterapia-600x667.png 600w, https:\/\/www.aspanaex.org\/wp-content\/uploads\/2024\/03\/Fisioterapia-768x854.png 768w\" sizes=\"auto, (max-width: 834px) 100vw, 834px\" \/><\/div>\r\n\t\t<\/div>\r\n\t<\/div>\r\n<\/div><\/div><\/div><\/div><\/div><div class=\"vc_row wpb_row top-row call-to-action-in-footer vc_custom_1766465432914 vc_row-has-fill porto-inner-container wpb_custom_034b39d9bc6c6b310d69e39f0ccf274f\"><div class=\"porto-wrap-container container\"><div class=\"row\"><div class=\"vc_column_container col-md-8\"><div class=\"wpb_wrapper vc_column-inner\"><h3 style=\"font-size: 28px;color: var(--porto-light-color)\" class=\"vc_custom_heading vc_do_custom_heading mb-3 wpb_custom_aa365bd5046e8294520b4e73732b9d15 align-left\" >\u00bfNecesitas ayuda o quieres m\u00e1s informaci\u00f3n?<\/h3><\/div><\/div><div class=\"vc_column_container col-md-4\"><div class=\"wpb_wrapper vc_column-inner\"><div class=\"vc_btn3-container  mb-0 font-weight-semibold vc_btn3-inline vc_do_btn\" >\r\n\t<a class=\"vc_btn3 vc_btn3-shape-default wpb_custom_6687b26f39488ddbb85ddb3c1ce8e111 btn btn-lg btn-light\" style=\"letter-spacing:-.5px; padding:1.15em 1.75em;\" href=\"\/gl\/contacto\/\" title=\"\">Contacta Con Nosotros<\/a>\t<\/div>\r\n<\/div><\/div><\/div><\/div><\/div>\n<p>&nbsp;<\/p>\n<\/div>","protected":false},"excerpt":{"rendered":"<p>&nbsp;<\/p>","protected":false},"author":5,"featured_media":0,"parent":67,"menu_order":0,"comment_status":"closed","ping_status":"closed","template":"","meta":{"footnotes":""},"class_list":["post-68","page","type-page","status-publish","hentry"],"_links":{"self":[{"href":"https:\/\/www.aspanaex.org\/gl\/wp-json\/wp\/v2\/pages\/68","targetHints":{"allow":["GET"]}}],"collection":[{"href":"https:\/\/www.aspanaex.org\/gl\/wp-json\/wp\/v2\/pages"}],"about":[{"href":"https:\/\/www.aspanaex.org\/gl\/wp-json\/wp\/v2\/types\/page"}],"author":[{"embeddable":true,"href":"https:\/\/www.aspanaex.org\/gl\/wp-json\/wp\/v2\/users\/5"}],"replies":[{"embeddable":true,"href":"https:\/\/www.aspanaex.org\/gl\/wp-json\/wp\/v2\/comments?post=68"}],"version-history":[{"count":59,"href":"https:\/\/www.aspanaex.org\/gl\/wp-json\/wp\/v2\/pages\/68\/revisions"}],"predecessor-version":[{"id":4470,"href":"https:\/\/www.aspanaex.org\/gl\/wp-json\/wp\/v2\/pages\/68\/revisions\/4470"}],"up":[{"embeddable":true,"href":"https:\/\/www.aspanaex.org\/gl\/wp-json\/wp\/v2\/pages\/67"}],"wp:attachment":[{"href":"https:\/\/www.aspanaex.org\/gl\/wp-json\/wp\/v2\/media?parent=68"}],"curies":[{"name":"wp","href":"https:\/\/api.w.org\/{rel}","templated":true}]}}